{"id":10018,"date":"2020-03-04T15:55:04","date_gmt":"2020-03-04T14:55:04","guid":{"rendered":"http:\/\/www.wababbel.de\/ferdi\/?page_id=10018"},"modified":"2020-07-28T06:34:11","modified_gmt":"2020-07-28T05:34:11","slug":"k-l-v-knebel-philomela-in-tiefurt","status":"publish","type":"page","link":"https:\/\/verserzaehler.wababbel.de\/?page_id=10018","title":{"rendered":"K. L. v. Knebel: Philomela in Tiefurt"},"content":{"rendered":"<p><strong>Karl Ludwig von Knebel: Philomela in Tiefurt<\/strong><\/p>\n<p>Hast du die Klagen geh\u00f6rt, die j\u00fcngst vom einsamen Aste<br \/>\nAn den Ufern der Ilm Philomela t\u00f6nte? Mir kamen<br \/>\nEinige Laute davon; vernimm von ihnen den Nachhall! \u2014<\/p>\n<p>Wie so bl\u00e4tterlos ist der Hain! Wie leer das Gestr\u00e4uche!<br \/>\nKeine Stimm&#8216; ert\u00f6nt, als nur der Raben und Elstern<br \/>\nHeisres Geschrei. Es klettert und pfeift die diebische Meise<br \/>\nAn den Orten, die sonst nur meine Lieder erf\u00fcllen.<br \/>\nAch, wohin ist der Geist der Liebe geflohen? Wo ist er! \u2014<br \/>\nUnd wo soll ich ihn finden? Wer wird ihn wieder erwecken?<br \/>\n<strong>10<\/strong> Wenn wir umher im Kreise der schattigen Ilmen und Pappeln<br \/>\nSa\u00dfen und uns erweckten zu z\u00e4rtlichen Liedern: ein Ton sucht<br \/>\nLockend den andern; es schl\u00e4gt von der Brust antwortenden S\u00e4ngers<br \/>\nL\u00e4uter die Liebe zur\u00fcck ans Herz des Rufenden; wechselnd<br \/>\nStreitet im br\u00fcnstigen Zwist der Gesang: es schallet vom Felsen,<br \/>\nSchallt aus dem Haine zur\u00fcck: es hebt der hellere Bach sich<br \/>\nLiebeschwellend empor; von atmenden Bl\u00fcten und Zweigen<br \/>\nHaucht balsamischer Duft umher durch die L\u00fcfte, und leise<br \/>\nRegt sich die schweigende Nacht mit taubefeuchteten Schwingen.<br \/>\nAber der Menschen holdes Geschlecht; wie seh&#8216; ich sie traurig<br \/>\n<strong>20<\/strong> Jene Gefilde durchwandeln! \u2014 Wie fremd am Blick und von Ansehn!<br \/>\nWohin kehrt sich ihr tr\u00fcberes \u00c4ug&#8216;? Ach, hin zu den Szenen<br \/>\nVoll des Mordes und Bluts! \u2014 O ruft die Sinne zur\u00fccke!<br \/>\nWarum sie tauchen in Gr\u00e4ul und Elend der Menschen? Wer wird euch<br \/>\nK\u00fcnftig erwecken die Brust zu sanftern, holdern Gef\u00fchlen?<br \/>\nWird dann das beste Gl\u00fcck des Lebens, die Freiheit, so teuer,<br \/>\nSo mit Str\u00f6men des Bluts erkauft? Wer wird sie erkennen.<br \/>\nWer die schmalere Grenze, wo Recht sich scheidet vom Unrecht?<br \/>\nBlicke des Argwohns begegnen dem Freund aus dem Auge des Freundes;<br \/>\nJedes festere Band des Lebens kn\u00fcpfet und l\u00f6st sich<br \/>\n<strong>30<\/strong> Nur durch Unwill&#8216; und Wut. Ich sehe den stilleren Weisen<br \/>\nEinsam wandeln; sein Haupt deckt tr\u00fcber Tiefsinn; es h\u00e4nget<br \/>\nZitternd \u00fcber demselben das Schwert der Entscheidung; ihm t\u00f6nen<br \/>\nNicht mehr die Lieder ins Ohr der zarten Liebe, der Freundschaft,<br \/>\nDer erweckten Natur, des s\u00fc\u00dfen traulichen Umgangs.<br \/>\nUnd das bl\u00fchende M\u00e4dchen! Ihr Hauch belebte die W\u00fcste,<br \/>\nWenn die W\u00fcste beleben sich k\u00f6nnte. Von ihrem Gesange<br \/>\n\u00dcbersteigen die Strahlen die meinigen. W\u00e4re zur Blume<br \/>\nSie des Haines geschaffen, kein Bl\u00fcmchen glich ihr an Reize,<br \/>\nKeines an himmlischem Glanz noch Duft. Sie senket ihr Auge<br \/>\n<strong>40<\/strong> Nieder vom nackten Gipfel der hoch erhabenen Ulme<br \/>\nAuf das ver\u00f6dete Land, und in sich ersterben die Strahlen. \u2014<br \/>\nAlso sang vom schwankenden Ast weissagend der Vogel,<br \/>\nUnd der Nordwind verstummte; es nahten sich lindernde Weste.<br \/>\nAber es schwebt&#8216; in der H\u00f6h&#8216; mit ausgespreiteten Rudern,<br \/>\nUnd mit gierigem Aug&#8216; ein Geier, d\u00fcrstend nach Blute.<br \/>\nDieser ersah den lieblichen S\u00e4nger, und st\u00fcrzt von der H\u00f6he,<br \/>\nFasst und dr\u00fcckt ihn gewaltig mit krummgespitzeter Klaue,<br \/>\nRei\u00dft ihm die blutende Brust auf, und hackte begierig sein Leben.<br \/>\nNicht ein leiser wimmernder Laut ward weiter geh\u00f6ret;<br \/>\n<strong>50<\/strong> Es entfloh die Seele mit stiller Wehmut von dannen.<\/p>\n","protected":false},"excerpt":{"rendered":"<p>Karl Ludwig von Knebel: Philomela in Tiefurt Hast du die Klagen geh\u00f6rt, die j\u00fcngst vom einsamen Aste An den Ufern der Ilm Philomela t\u00f6nte? Mir kamen Einige Laute davon; vernimm von ihnen den Nachhall! \u2014 Wie so bl\u00e4tterlos ist der Hain! Wie leer das Gestr\u00e4uche! Keine Stimm&#8216; ert\u00f6nt, als nur der Raben und Elstern Heisres&#8230; <a class=\"more-link\" href=\"https:\/\/verserzaehler.wababbel.de\/?page_id=10018\">Read More <span class=\"screen-reader-text\"> in K. L. v. Knebel: Philomela in Tiefurt<\/span><\/a><\/p>\n","protected":false},"author":15,"featured_media":0,"parent":10226,"menu_order":0,"comment_status":"closed","ping_status":"closed","template":"","meta":{"footnotes":""},"class_list":["post-10018","page","type-page","status-publish","hentry"],"_links":{"self":[{"href":"https:\/\/verserzaehler.wababbel.de\/index.php?rest_route=\/wp\/v2\/pages\/10018","targetHints":{"allow":["GET"]}}],"collection":[{"href":"https:\/\/verserzaehler.wababbel.de\/index.php?rest_route=\/wp\/v2\/pages"}],"about":[{"href":"https:\/\/verserzaehler.wababbel.de\/index.php?rest_route=\/wp\/v2\/types\/page"}],"author":[{"embeddable":true,"href":"https:\/\/verserzaehler.wababbel.de\/index.php?rest_route=\/wp\/v2\/users\/15"}],"replies":[{"embeddable":true,"href":"https:\/\/verserzaehler.wababbel.de\/index.php?rest_route=%2Fwp%2Fv2%2Fcomments&post=10018"}],"version-history":[{"count":1,"href":"https:\/\/verserzaehler.wababbel.de\/index.php?rest_route=\/wp\/v2\/pages\/10018\/revisions"}],"predecessor-version":[{"id":10019,"href":"https:\/\/verserzaehler.wababbel.de\/index.php?rest_route=\/wp\/v2\/pages\/10018\/revisions\/10019"}],"up":[{"embeddable":true,"href":"https:\/\/verserzaehler.wababbel.de\/index.php?rest_route=\/wp\/v2\/pages\/10226"}],"wp:attachment":[{"href":"https:\/\/verserzaehler.wababbel.de\/index.php?rest_route=%2Fwp%2Fv2%2Fmedia&parent=10018"}],"curies":[{"name":"wp","href":"https:\/\/api.w.org\/{rel}","templated":true}]}}