{"id":10070,"date":"2020-03-27T18:14:43","date_gmt":"2020-03-27T17:14:43","guid":{"rendered":"http:\/\/www.wababbel.de\/ferdi\/?page_id=10070"},"modified":"2020-07-26T19:22:43","modified_gmt":"2020-07-26T18:22:43","slug":"l-g-kosegarten-hymne-an-die-schoenheit","status":"publish","type":"page","link":"https:\/\/verserzaehler.wababbel.de\/?page_id=10070","title":{"rendered":"L.G. Kosegarten: Hymne an die Sch\u00f6nheit"},"content":{"rendered":"<p><strong>Ludwig Gotthard Kosegarten: Hymne an die Sch\u00f6nheit<\/strong><\/p>\n<p>Sch\u00f6nheit, Amme der Kunst, des Dichters Braut und Gespielin,<br \/>\nSelige Tochter der Erd&#8216; und des erdumarmenden Himmels,<br \/>\nVon den Gedanken ges\u00e4ugt, und von der Empfindung erzogen;<br \/>\nDie du erschienst hienieden, ein mildobwaltender Schutzgeist,<br \/>\n<strong>5<\/strong> Friede zu stiften im hadernden Reiche der Kr\u00e4ft&#8216; und der Triebe;<br \/>\nDie du Gehorsam gelehrt das Element und den Atom,<br \/>\nBildung den Massen verliehst, aufriefst aus dem Chaos die Sch\u00f6pfung,<br \/>\nD\u00e4mpfest der T\u00f6ne Geschrill zu sanfeinschmeichelndem Wohllaut,<br \/>\nLeise verschmelztest der Farben Geschrei zu gef\u00e4lligem Einklang;<br \/>\n<strong>10<\/strong> Die du uns vielgestaltig ergreifst, und lauter und leiser,<br \/>\nIn der Bewegungen Schwung, im wellenschlagenden Umriss,<br \/>\nIn der Akkorde frohem Gew\u00fchl, im Rhythmus der Farben,<br \/>\nIn Aurorens Err\u00f6ten, im schwellenden Kelche der Rose,<br \/>\nIn der S\u00e4ule schlankem Gew\u00e4chs, in den Bogen des Domes,<br \/>\n<strong>15<\/strong> In der Nachtigall Lied, im seeleschmelzenden Liede,<br \/>\nIn der Jungfrau weicherem Reiz, in der Hoheit des Mannes:<br \/>\nDie du den Wilden bez\u00e4hmst, zum Menschen erziehst den Barbaren,<br \/>\nDie du den Rohen erweichst, und spannst die Sehnen des Schlaffen;<br \/>\nDie du den Zorn entwaffnest, die schnaubende Rache vers\u00f6hnest,<br \/>\n<strong>20<\/strong> Liebe den L\u00fcsternen lehrst, den Frevler kniende Andacht;<br \/>\nDie du schlichtest den feindlichen Kampf im Busen der Menschheit,<br \/>\nJegliche Fehd&#8216; austr\u00e4gst, und ausgleichst jegliche Zwietracht,<br \/>\nJegliche Pflicht verlieblichst und adelst jegliche Neigung,<br \/>\nSch\u00f6nheit, der Kunst Urbild, des Gesangs nie alternder Inhalt,<br \/>\n<strong>25<\/strong> Heitere Fr\u00f6hliche Freie Anmutige Bl\u00fchende Frische<br \/>\nReine Keusche Klare Gef\u00e4llige Spielende Leichte,<br \/>\nZweien Welten verwandt, und freundlich beide vermittelnd,<br \/>\nJ\u00fcngere Schwester, und anmutreichre der Tugend und Weisheit,<br \/>\nSei uns, Hehre, gegr\u00fc\u00dft! Sei uns gew\u00e4rtig, du Holde!<br \/>\n<strong>30<\/strong> Letze das lechzende Herz, beschw\u00f6re die St\u00fcrme des Innern,<br \/>\nF\u00fchr&#8216; an des Triebes schwellende Brust den ernsten Gedanken,<br \/>\nIn die Arme der Pflicht die leicht verlockende Neigung.<br \/>\nL\u00f6s&#8216;, o G\u00f6ttin, mit Huld und Milde das R\u00e4tsel des Daseins,<br \/>\nSteigre zum Menschen das Tier, und adle zum Heros den Menschen.<\/p>\n","protected":false},"excerpt":{"rendered":"<p>Ludwig Gotthard Kosegarten: Hymne an die Sch\u00f6nheit Sch\u00f6nheit, Amme der Kunst, des Dichters Braut und Gespielin, Selige Tochter der Erd&#8216; und des erdumarmenden Himmels, Von den Gedanken ges\u00e4ugt, und von der Empfindung erzogen; Die du erschienst hienieden, ein mildobwaltender Schutzgeist, 5 Friede zu stiften im hadernden Reiche der Kr\u00e4ft&#8216; und der Triebe; Die du Gehorsam&#8230; <a class=\"more-link\" href=\"https:\/\/verserzaehler.wababbel.de\/?page_id=10070\">Read More <span class=\"screen-reader-text\"> in L.G. Kosegarten: Hymne an die Sch\u00f6nheit<\/span><\/a><\/p>\n","protected":false},"author":15,"featured_media":0,"parent":10194,"menu_order":0,"comment_status":"closed","ping_status":"closed","template":"","meta":{"footnotes":""},"class_list":["post-10070","page","type-page","status-publish","hentry"],"_links":{"self":[{"href":"https:\/\/verserzaehler.wababbel.de\/index.php?rest_route=\/wp\/v2\/pages\/10070","targetHints":{"allow":["GET"]}}],"collection":[{"href":"https:\/\/verserzaehler.wababbel.de\/index.php?rest_route=\/wp\/v2\/pages"}],"about":[{"href":"https:\/\/verserzaehler.wababbel.de\/index.php?rest_route=\/wp\/v2\/types\/page"}],"author":[{"embeddable":true,"href":"https:\/\/verserzaehler.wababbel.de\/index.php?rest_route=\/wp\/v2\/users\/15"}],"replies":[{"embeddable":true,"href":"https:\/\/verserzaehler.wababbel.de\/index.php?rest_route=%2Fwp%2Fv2%2Fcomments&post=10070"}],"version-history":[{"count":1,"href":"https:\/\/verserzaehler.wababbel.de\/index.php?rest_route=\/wp\/v2\/pages\/10070\/revisions"}],"predecessor-version":[{"id":10071,"href":"https:\/\/verserzaehler.wababbel.de\/index.php?rest_route=\/wp\/v2\/pages\/10070\/revisions\/10071"}],"up":[{"embeddable":true,"href":"https:\/\/verserzaehler.wababbel.de\/index.php?rest_route=\/wp\/v2\/pages\/10194"}],"wp:attachment":[{"href":"https:\/\/verserzaehler.wababbel.de\/index.php?rest_route=%2Fwp%2Fv2%2Fmedia&parent=10070"}],"curies":[{"name":"wp","href":"https:\/\/api.w.org\/{rel}","templated":true}]}}