{"id":10072,"date":"2020-04-01T15:33:24","date_gmt":"2020-04-01T14:33:24","guid":{"rendered":"http:\/\/www.wababbel.de\/ferdi\/?page_id=10072"},"modified":"2020-04-01T15:33:54","modified_gmt":"2020-04-01T14:33:54","slug":"august-ferdinand-bernhardi-epischer-vers","status":"publish","type":"page","link":"https:\/\/verserzaehler.wababbel.de\/?page_id=10072","title":{"rendered":"August Ferdinand Bernhardi: Epischer Vers"},"content":{"rendered":"<p><strong>A. F. Bernhardi: Sprachlehre. Zweiter Teil: Angewandte Sprachlehre. Fr\u00f6lich, Berlin 1803.<\/strong><\/p>\n<p>Allein nicht genug, dass man eine lange und dieselbe Versart, sei sie nun rhythmisch oder strophisch, w\u00e4hle, um die L\u00e4nge des Epos und die Gleichheit des Tons in demselben zu charakterisieren, so muss auch der einzelne Vers au\u00dferordentlich harmonisch und gleichf\u00f6rmig gebildet sein. Allein daneben musste er wieder vieler Abwechslungen f\u00e4hig werden, um durch seine Einf\u00f6rmigkeit nicht zu erm\u00fcden.<\/p>\n<p>Keine epische Versart stellt das Wesen des Epos nach diesen Prinzipien so schon da als die klassische Form, der Hexameter. Der Grundrhythmus ist daktylisch, X x x , und demnach die Thesis der Arsis v\u00f6llig gleich und harmonisch. Es ist kein unruhiges Streben, es ist ein sanftes, gleichf\u00f6rmiges Fortschreiten, welches durch die Zusammenziehung der Thesis an W\u00fcrde gewinnt, und durch die nie vorkommende Aufl\u00f6sung der Arsis an Ernst nie verlieren kann. Dieser Grundrhythmus wird f\u00fcnfmal wiederholt und am Ende, um den Fall und Schluss zu bezeichnen, ein Troch\u00e4us hinzugef\u00fcgt. Dadurch wird der Vers zu einem betr\u00e4chtlichen Umfang erweitert, wodurch er an W\u00fcrde und Ernst zunimmt. Endlich ist er durch die mannigfaltige Lage der Z\u00e4sur einer au\u00dferordentlichen Abwechslung f\u00e4hig, und ob er gleich ruhig beginnt und, da er keine Anakrusis hat, anfangs gleichf\u00f6rmig fortschreitet: so kann er doch nach der Z\u00e4sur eine anap\u00e4stische oder iambische Anakrusis, und damit einen raschen, obgleich immer gleichf\u00f6rmigen Gang erhalten.<\/p>\n","protected":false},"excerpt":{"rendered":"<p>A. F. Bernhardi: Sprachlehre. Zweiter Teil: Angewandte Sprachlehre. Fr\u00f6lich, Berlin 1803. Allein nicht genug, dass man eine lange und dieselbe Versart, sei sie nun rhythmisch oder strophisch, w\u00e4hle, um die L\u00e4nge des Epos und die Gleichheit des Tons in demselben zu charakterisieren, so muss auch der einzelne Vers au\u00dferordentlich harmonisch und gleichf\u00f6rmig gebildet sein. Allein&#8230; <a class=\"more-link\" href=\"https:\/\/verserzaehler.wababbel.de\/?page_id=10072\">Read More <span class=\"screen-reader-text\"> in August Ferdinand Bernhardi: Epischer Vers<\/span><\/a><\/p>\n","protected":false},"author":15,"featured_media":0,"parent":4072,"menu_order":10,"comment_status":"closed","ping_status":"closed","template":"","meta":{"footnotes":""},"class_list":["post-10072","page","type-page","status-publish","hentry"],"_links":{"self":[{"href":"https:\/\/verserzaehler.wababbel.de\/index.php?rest_route=\/wp\/v2\/pages\/10072","targetHints":{"allow":["GET"]}}],"collection":[{"href":"https:\/\/verserzaehler.wababbel.de\/index.php?rest_route=\/wp\/v2\/pages"}],"about":[{"href":"https:\/\/verserzaehler.wababbel.de\/index.php?rest_route=\/wp\/v2\/types\/page"}],"author":[{"embeddable":true,"href":"https:\/\/verserzaehler.wababbel.de\/index.php?rest_route=\/wp\/v2\/users\/15"}],"replies":[{"embeddable":true,"href":"https:\/\/verserzaehler.wababbel.de\/index.php?rest_route=%2Fwp%2Fv2%2Fcomments&post=10072"}],"version-history":[{"count":1,"href":"https:\/\/verserzaehler.wababbel.de\/index.php?rest_route=\/wp\/v2\/pages\/10072\/revisions"}],"predecessor-version":[{"id":10073,"href":"https:\/\/verserzaehler.wababbel.de\/index.php?rest_route=\/wp\/v2\/pages\/10072\/revisions\/10073"}],"up":[{"embeddable":true,"href":"https:\/\/verserzaehler.wababbel.de\/index.php?rest_route=\/wp\/v2\/pages\/4072"}],"wp:attachment":[{"href":"https:\/\/verserzaehler.wababbel.de\/index.php?rest_route=%2Fwp%2Fv2%2Fmedia&parent=10072"}],"curies":[{"name":"wp","href":"https:\/\/api.w.org\/{rel}","templated":true}]}}