{"id":10194,"date":"2020-07-26T19:20:02","date_gmt":"2020-07-26T18:20:02","guid":{"rendered":"http:\/\/www.wababbel.de\/ferdi\/?page_id=10194"},"modified":"2020-08-09T00:47:39","modified_gmt":"2020-08-08T23:47:39","slug":"hymnen","status":"publish","type":"page","link":"https:\/\/verserzaehler.wababbel.de\/?page_id=10194","title":{"rendered":"Hymnen"},"content":{"rendered":"\n<p>Ludwig Gotthold Kosegarten: <a href=\"http:\/\/www.wababbel.de\/ferdi\/gesammeltes\/im-hexameter\/hymnen\/l-g-kosegarten-hymne-an-die-schoenheit\/\">Hymne an die Sch\u00f6nheit<\/a> (34 Verse)<\/p>\n\n\n\n<p>Friedrich H\u00f6lderlin: <a href=\"http:\/\/www.wababbel.de\/ferdi\/gesammeltes\/im-hexameter\/hymnen\/f-hoelderlin-an-den-aether\/\">An den \u00c4ther<\/a> (52 Verse)<\/p>\n\n\n\n<p>Michael Denis: <a href=\"http:\/\/www.wababbel.de\/ferdi\/gesammeltes\/im-hexameter\/hymnen\/m-denis-an-gott\/\">An Gott<\/a> (53 Verse)<\/p>\n\n\n\n<p>Jens Baggesen: <a href=\"http:\/\/www.wababbel.de\/ferdi\/gesammeltes\/im-hexameter\/hymnen\/j-baggesen-andachtshymne\/\">Andachtshymne, auf der Spitze des Gotthards<\/a> (56 Verse)<\/p>\n\n\n\n<p>Wilhelm Valerius Neubeck: <a href=\"http:\/\/www.wababbel.de\/ferdi\/gesammeltes\/im-hexameter\/hymnen\/w-v-neubeck-hymnus-an-nemesis\/\">Hymnus an Nemesis<\/a> (71 Verse)<\/p>\n\n\n\n<p>Friedrich Leopold von Stolberg: <a href=\"http:\/\/www.wababbel.de\/ferdi\/gesammeltes\/im-hexameter\/hymnen\/f-l-v-stolberg-an-die-sonne\/\">An die Sonne<\/a> (41 Verse)<\/p>\n\n\n\n<p>Karl Ludwig von Knebel: <a href=\"http:\/\/www.wababbel.de\/ferdi\/gesammeltes\/im-hexameter\/hymnen\/k-l-v-knebel-hymnus-an-selene\/\">An Selene<\/a> (59 Verse)<\/p>\n\n\n\n<p>Carl Philipp Conz: <a href=\"http:\/\/www.wababbel.de\/ferdi\/gesammeltes\/im-hexameter\/hymnen\/c-p-conz-sokrates-hymne-an-apollon\/\">Sokrates Hymne an Apollon, im Kerker<\/a> (62 Verse)<\/p>\n\n\n\n<p>Ludwig Christian Neuffer: <a href=\"http:\/\/www.wababbel.de\/ferdi\/gesammeltes\/im-hexameter\/hymnen\/l-c-neuffer-hymne-an-die-geschaeftigkeit\/\">Hymne an die Gesch\u00e4ftigkeit<\/a> (154 Verse)<\/p>\n\n\n\n<p>Gotthold Friedrich St\u00e4udlin: <a href=\"http:\/\/www.wababbel.de\/ferdi\/gesammeltes\/im-hexameter\/hymnen\/g-f-staeudlin-die-gletscher-bei-grindelwald\/\">Die Gletscher bei Grindelwald<\/a> (84 Verse)<\/p>\n\n\n\n<p>Christoph Martin Wieland: <a href=\"http:\/\/www.wababbel.de\/ferdi\/gesammeltes\/im-hexameter\/hymnen\/c-m-wieland-hymne-auf-gott\/\">Hymne auf Gott <\/a>(166 Verse)<br><\/p>\n","protected":false},"excerpt":{"rendered":"<p>Ludwig Gotthold Kosegarten: Hymne an die Sch\u00f6nheit (34 Verse) Friedrich H\u00f6lderlin: An den \u00c4ther (52 Verse) Michael Denis: An Gott (53 Verse) Jens Baggesen: Andachtshymne, auf der Spitze des Gotthards (56 Verse) Wilhelm Valerius Neubeck: Hymnus an Nemesis (71 Verse) Friedrich Leopold von Stolberg: An die Sonne (41 Verse) Karl Ludwig von Knebel: An Selene&#8230; <a class=\"more-link\" href=\"https:\/\/verserzaehler.wababbel.de\/?page_id=10194\">Read More <span class=\"screen-reader-text\"> in Hymnen<\/span><\/a><\/p>\n","protected":false},"author":15,"featured_media":0,"parent":4070,"menu_order":0,"comment_status":"closed","ping_status":"closed","template":"","meta":{"footnotes":""},"class_list":["post-10194","page","type-page","status-publish","hentry"],"_links":{"self":[{"href":"https:\/\/verserzaehler.wababbel.de\/index.php?rest_route=\/wp\/v2\/pages\/10194","targetHints":{"allow":["GET"]}}],"collection":[{"href":"https:\/\/verserzaehler.wababbel.de\/index.php?rest_route=\/wp\/v2\/pages"}],"about":[{"href":"https:\/\/verserzaehler.wababbel.de\/index.php?rest_route=\/wp\/v2\/types\/page"}],"author":[{"embeddable":true,"href":"https:\/\/verserzaehler.wababbel.de\/index.php?rest_route=\/wp\/v2\/users\/15"}],"replies":[{"embeddable":true,"href":"https:\/\/verserzaehler.wababbel.de\/index.php?rest_route=%2Fwp%2Fv2%2Fcomments&post=10194"}],"version-history":[{"count":13,"href":"https:\/\/verserzaehler.wababbel.de\/index.php?rest_route=\/wp\/v2\/pages\/10194\/revisions"}],"predecessor-version":[{"id":10298,"href":"https:\/\/verserzaehler.wababbel.de\/index.php?rest_route=\/wp\/v2\/pages\/10194\/revisions\/10298"}],"up":[{"embeddable":true,"href":"https:\/\/verserzaehler.wababbel.de\/index.php?rest_route=\/wp\/v2\/pages\/4070"}],"wp:attachment":[{"href":"https:\/\/verserzaehler.wababbel.de\/index.php?rest_route=%2Fwp%2Fv2%2Fmedia&parent=10194"}],"curies":[{"name":"wp","href":"https:\/\/api.w.org\/{rel}","templated":true}]}}