{"id":10217,"date":"2020-07-28T00:00:50","date_gmt":"2020-07-27T23:00:50","guid":{"rendered":"http:\/\/www.wababbel.de\/ferdi\/?page_id=10217"},"modified":"2020-08-29T22:43:19","modified_gmt":"2020-08-29T21:43:19","slug":"idyllen","status":"publish","type":"page","link":"https:\/\/verserzaehler.wababbel.de\/?page_id=10217","title":{"rendered":"Idyllen"},"content":{"rendered":"\n<p>Johann Heinrich Vo\u00df: <a href=\"http:\/\/www.wababbel.de\/ferdi\/gesammeltes\/im-hexameter\/idyllen\/j-h-voss-der-bezauberte-teufel\/\">Der bezauberte Teufel<\/a><\/p>\n\n\n\n<p>A. Peters: <a href=\"http:\/\/www.wababbel.de\/ferdi\/gesammeltes\/im-hexameter\/idyllen\/a-peters-hans-und-baerbel\/\">Hans und B\u00e4rbel<\/a><\/p>\n\n\n\n<p>G. A. von Halem: <a href=\"http:\/\/www.wababbel.de\/ferdi\/gesammeltes\/im-hexameter\/idyllen\/g-a-von-halem-der-guertel\/\">Der G\u00fcrtel<\/a><\/p>\n\n\n\n<p>August von Platen: <a href=\"http:\/\/www.wababbel.de\/ferdi\/gesammeltes\/im-hexameter\/idyllen\/a-v-platen-die-fischer-auf-capri\/\">Die Fischer auf Capri<\/a> (54 Verse)<\/p>\n\n\n\n<p>G. W. Starke: <a href=\"http:\/\/www.wababbel.de\/ferdi\/gesammeltes\/im-hexameter\/idyllen\/g-w-c-starke-der-dichter\/\">Der Dichter<\/a> (77 Verse)<\/p>\n\n\n\n<p>Ludwig Christian Heinrich H\u00f6lty: <a href=\"http:\/\/www.wababbel.de\/ferdi\/gesammeltes\/im-hexameter\/idyllen\/l-c-h-hoelty-der-arme-wilhelm\/\">Der arme Wilhelm<\/a> (25 \/ 23 Verse)<\/p>\n\n\n\n<p>Friedrich Leopold von Stolberg: <a href=\"http:\/\/www.wababbel.de\/ferdi\/gesammeltes\/im-hexameter\/idyllen\/f-l-stolberg-schuechterne-liebe\/\">Sch\u00fcchterne Liebe<\/a> (114 Verse)<\/p>\n","protected":false},"excerpt":{"rendered":"<p>Johann Heinrich Vo\u00df: Der bezauberte Teufel A. Peters: Hans und B\u00e4rbel G. A. von Halem: Der G\u00fcrtel August von Platen: Die Fischer auf Capri (54 Verse) G. W. Starke: Der Dichter (77 Verse) Ludwig Christian Heinrich H\u00f6lty: Der arme Wilhelm (25 \/ 23 Verse) Friedrich Leopold von Stolberg: Sch\u00fcchterne Liebe (114 Verse)<\/p>\n","protected":false},"author":15,"featured_media":0,"parent":4070,"menu_order":0,"comment_status":"closed","ping_status":"closed","template":"","meta":{"footnotes":""},"class_list":["post-10217","page","type-page","status-publish","hentry"],"_links":{"self":[{"href":"https:\/\/verserzaehler.wababbel.de\/index.php?rest_route=\/wp\/v2\/pages\/10217","targetHints":{"allow":["GET"]}}],"collection":[{"href":"https:\/\/verserzaehler.wababbel.de\/index.php?rest_route=\/wp\/v2\/pages"}],"about":[{"href":"https:\/\/verserzaehler.wababbel.de\/index.php?rest_route=\/wp\/v2\/types\/page"}],"author":[{"embeddable":true,"href":"https:\/\/verserzaehler.wababbel.de\/index.php?rest_route=\/wp\/v2\/users\/15"}],"replies":[{"embeddable":true,"href":"https:\/\/verserzaehler.wababbel.de\/index.php?rest_route=%2Fwp%2Fv2%2Fcomments&post=10217"}],"version-history":[{"count":8,"href":"https:\/\/verserzaehler.wababbel.de\/index.php?rest_route=\/wp\/v2\/pages\/10217\/revisions"}],"predecessor-version":[{"id":10341,"href":"https:\/\/verserzaehler.wababbel.de\/index.php?rest_route=\/wp\/v2\/pages\/10217\/revisions\/10341"}],"up":[{"embeddable":true,"href":"https:\/\/verserzaehler.wababbel.de\/index.php?rest_route=\/wp\/v2\/pages\/4070"}],"wp:attachment":[{"href":"https:\/\/verserzaehler.wababbel.de\/index.php?rest_route=%2Fwp%2Fv2%2Fmedia&parent=10217"}],"curies":[{"name":"wp","href":"https:\/\/api.w.org\/{rel}","templated":true}]}}