{"id":10223,"date":"2020-07-28T00:40:07","date_gmt":"2020-07-27T23:40:07","guid":{"rendered":"http:\/\/www.wababbel.de\/ferdi\/?page_id=10223"},"modified":"2020-07-28T00:40:28","modified_gmt":"2020-07-27T23:40:28","slug":"e-moerike-epistel","status":"publish","type":"page","link":"https:\/\/verserzaehler.wababbel.de\/?page_id=10223","title":{"rendered":"E. M\u00f6rike: Epistel"},"content":{"rendered":"<p><strong>Eduard M\u00f6rike: Epistel.<\/strong><br \/>\nIn: S\u00e4mtliche Werke in zwei B\u00e4nden. Band 1, M\u00fcnchen 1967, S. 757.<\/p>\n<p>Wie sich dein neuer Poet in unserem Kreise gefalle?<br \/>\nNicht zum besten. Er meint, man verst\u00fcnd&#8216; ihn eben auch hier nicht.<br \/>\nJetzo hat er ein griechisches Epos, h\u00f6r ich, die Argo-<br \/>\nNauten, heroische Form, auf dem Ambo\u00df. Segn&#8216; es der Gott ihm,<br \/>\n<strong>5<\/strong> Aber zu lesen begehr ich es nicht. Glaub mir, das ist auch so<br \/>\nEins von den sauren Genies, dergleichen wir mehrere kennen.<br \/>\nWortkarg streicht er den Schnurrbart sich, wie verstimmt und befangen,<br \/>\nWenn man des Trefflichsten irgend gedenkt von den Alten und Neuen;<br \/>\nOder er m\u00e4kelt daran mit kleinlichem Tadel, von fern erst,<br \/>\n<strong>10<\/strong> Bis er, hitziger werdend im Streit, Ma\u00dfloses daherschwatzt<br \/>\nUnd wie ein st\u00e4tischer Esel hinausschl\u00e4gt, wo es auch hintrifft.<br \/>\nDas sind schlimme Symptome. \u2013 Vernimm ein homerisches Gleichnis<br \/>\n(Pflegten wir doch vormals in parodischer Laune zuweilen<br \/>\nStundenlang nach der Weise des g\u00f6ttlichen Alten zu reden):<br \/>\n<strong>15<\/strong> Gleichwie die gelbliche Birne zur Herbstzeit, wenn sie gereifet<br \/>\nFiel vom Ast und im Fall von der dornigen Hecke verwundet<br \/>\nLiegt am Boden, alsbald mit schw\u00e4rmenden Wespen bedeckt ist,<br \/>\nWelche sie rings aush\u00f6hlen, die gierigen Kiefer bewegend:<br \/>\nAlso strotzet sein Herz von wilden Gedanken der Ehrsucht<br \/>\n<strong>20<\/strong> Und des verzehrenden Neids. Ihn blendete v\u00f6llig ein D\u00e4mon.<\/p>\n","protected":false},"excerpt":{"rendered":"<p>Eduard M\u00f6rike: Epistel. In: S\u00e4mtliche Werke in zwei B\u00e4nden. Band 1, M\u00fcnchen 1967, S. 757. Wie sich dein neuer Poet in unserem Kreise gefalle? Nicht zum besten. Er meint, man verst\u00fcnd&#8216; ihn eben auch hier nicht. Jetzo hat er ein griechisches Epos, h\u00f6r ich, die Argo- Nauten, heroische Form, auf dem Ambo\u00df. Segn&#8216; es der&#8230; <a class=\"more-link\" href=\"https:\/\/verserzaehler.wababbel.de\/?page_id=10223\">Read More <span class=\"screen-reader-text\"> in E. M\u00f6rike: Epistel<\/span><\/a><\/p>\n","protected":false},"author":15,"featured_media":0,"parent":10221,"menu_order":0,"comment_status":"closed","ping_status":"closed","template":"","meta":{"footnotes":""},"class_list":["post-10223","page","type-page","status-publish","hentry"],"_links":{"self":[{"href":"https:\/\/verserzaehler.wababbel.de\/index.php?rest_route=\/wp\/v2\/pages\/10223","targetHints":{"allow":["GET"]}}],"collection":[{"href":"https:\/\/verserzaehler.wababbel.de\/index.php?rest_route=\/wp\/v2\/pages"}],"about":[{"href":"https:\/\/verserzaehler.wababbel.de\/index.php?rest_route=\/wp\/v2\/types\/page"}],"author":[{"embeddable":true,"href":"https:\/\/verserzaehler.wababbel.de\/index.php?rest_route=\/wp\/v2\/users\/15"}],"replies":[{"embeddable":true,"href":"https:\/\/verserzaehler.wababbel.de\/index.php?rest_route=%2Fwp%2Fv2%2Fcomments&post=10223"}],"version-history":[{"count":1,"href":"https:\/\/verserzaehler.wababbel.de\/index.php?rest_route=\/wp\/v2\/pages\/10223\/revisions"}],"predecessor-version":[{"id":10224,"href":"https:\/\/verserzaehler.wababbel.de\/index.php?rest_route=\/wp\/v2\/pages\/10223\/revisions\/10224"}],"up":[{"embeddable":true,"href":"https:\/\/verserzaehler.wababbel.de\/index.php?rest_route=\/wp\/v2\/pages\/10221"}],"wp:attachment":[{"href":"https:\/\/verserzaehler.wababbel.de\/index.php?rest_route=%2Fwp%2Fv2%2Fmedia&parent=10223"}],"curies":[{"name":"wp","href":"https:\/\/api.w.org\/{rel}","templated":true}]}}