{"id":10229,"date":"2020-07-28T06:52:25","date_gmt":"2020-07-28T05:52:25","guid":{"rendered":"http:\/\/www.wababbel.de\/ferdi\/?page_id=10229"},"modified":"2020-07-28T07:00:59","modified_gmt":"2020-07-28T06:00:59","slug":"f-rueckert-koenig-siwi","status":"publish","type":"page","link":"https:\/\/verserzaehler.wababbel.de\/?page_id=10229","title":{"rendered":"F. R\u00fcckert: K\u00f6nig Siwi"},"content":{"rendered":"<p><strong>Friedrich R\u00fcckert: K\u00f6nig Siwi. Eine indische Legende<\/strong><br \/>\nIn: Liedertagebuch 1853, erschienen bei Wallstein<\/p>\n<p>Siwi den K\u00f6nig zu pr\u00fcfen, verwandelten einst sich die G\u00f6tter,<br \/>\nIndra zu fliehender Taube, zu jagendem Habichte Jama.<br \/>\nWie vorm Tode das Leben, so floh vorm Herren der Toten<br \/>\nScheu als Taube der Herr des Lebendigen, Indra vor Habicht<br \/>\n<strong>5<\/strong> Jama, dem unabl\u00e4ssig verfolgenden; aber die Taube<br \/>\nFl\u00fcchtete, rettete sich zum offenen Scho\u00dfe des K\u00f6nigs,<br \/>\nWo sie sich barg und schmiegte, vertrauensvoll. Aber von oben<br \/>\nSprach zum K\u00f6nig herab mit menschlicher Rede der Habicht:<br \/>\n\u201eGib mir heraus mein Futter! Ich hab ein Recht an der Taube;<br \/>\n<strong>10<\/strong> Vorenthalte mein Recht mir nicht, rechtliebender K\u00f6nig!\u201c<br \/>\nDoch ihm sagte darauf der sch\u00fctzlingssch\u00fctzende K\u00f6nig:<br \/>\n\u201eHabicht, fordre was anders von mir! Fleisch ist sie von meinem<br \/>\nEigenen Fleische geworden; vom eigenen Fleische dir lieber<br \/>\nWollt\u2018 ich geben dein Futter.\u201c \u201eWohlan!\u201c so sagte der Habicht,<br \/>\n<strong>15<\/strong> Und ihm schwebt\u2018 an der Klau\u2019n eine goldene Waage hernieder:<br \/>\n\u201eWillst du mir hier aufw\u00e4gen mit eigenem Fleische die Taube?\u201c<br \/>\n\u201eJa!\u201c sprach mutig der K\u00f6nig; er setzte die Taub in die eine<br \/>\nSchal\u2018, und legte soviel vom eignen Fleisch in die andre,<br \/>\nAls zum Gegengewichte der schm\u00e4chtigen schien zu gen\u00fcgen.<br \/>\n<strong>20<\/strong> Doch es gen\u00fcgete nicht: Schwer ward und schwerer die Taube,<br \/>\nUnd wog auf vom Fleische des K\u00f6niges, was er hinzutat;<br \/>\nBis er ganz in die Waage mit wuchtendem Leib sich legte:<br \/>\nDa zog nieder die Schale des K\u00f6niges. Aber der Habicht<br \/>\nSprach, zum Gotte gewandelt: \u201eZu leicht nicht bist du befunden,<br \/>\n<strong>25<\/strong> Heil dir, K\u00f6nig, im Leben; im Tode dir Heil, o K\u00f6nig!<br \/>\nDas ist Indra, der Hort des Lebendigen; Jama, der Toten<br \/>\nMeister bin ich; du bestandest die Prob\u2018 in der Waage des Todes.<br \/>\nIndra, besch\u00fctzt von dir, wird dich im Leben besch\u00fctzen,<br \/>\nUnd ich werde dir sein ein gn\u00e4diger Richter im Tode.\u201c<\/p>\n","protected":false},"excerpt":{"rendered":"<p>Friedrich R\u00fcckert: K\u00f6nig Siwi. Eine indische Legende In: Liedertagebuch 1853, erschienen bei Wallstein Siwi den K\u00f6nig zu pr\u00fcfen, verwandelten einst sich die G\u00f6tter, Indra zu fliehender Taube, zu jagendem Habichte Jama. Wie vorm Tode das Leben, so floh vorm Herren der Toten Scheu als Taube der Herr des Lebendigen, Indra vor Habicht 5 Jama, dem&#8230; <a class=\"more-link\" href=\"https:\/\/verserzaehler.wababbel.de\/?page_id=10229\">Read More <span class=\"screen-reader-text\"> in F. R\u00fcckert: K\u00f6nig Siwi<\/span><\/a><\/p>\n","protected":false},"author":15,"featured_media":0,"parent":10181,"menu_order":0,"comment_status":"closed","ping_status":"closed","template":"","meta":{"footnotes":""},"class_list":["post-10229","page","type-page","status-publish","hentry"],"_links":{"self":[{"href":"https:\/\/verserzaehler.wababbel.de\/index.php?rest_route=\/wp\/v2\/pages\/10229","targetHints":{"allow":["GET"]}}],"collection":[{"href":"https:\/\/verserzaehler.wababbel.de\/index.php?rest_route=\/wp\/v2\/pages"}],"about":[{"href":"https:\/\/verserzaehler.wababbel.de\/index.php?rest_route=\/wp\/v2\/types\/page"}],"author":[{"embeddable":true,"href":"https:\/\/verserzaehler.wababbel.de\/index.php?rest_route=\/wp\/v2\/users\/15"}],"replies":[{"embeddable":true,"href":"https:\/\/verserzaehler.wababbel.de\/index.php?rest_route=%2Fwp%2Fv2%2Fcomments&post=10229"}],"version-history":[{"count":1,"href":"https:\/\/verserzaehler.wababbel.de\/index.php?rest_route=\/wp\/v2\/pages\/10229\/revisions"}],"predecessor-version":[{"id":10230,"href":"https:\/\/verserzaehler.wababbel.de\/index.php?rest_route=\/wp\/v2\/pages\/10229\/revisions\/10230"}],"up":[{"embeddable":true,"href":"https:\/\/verserzaehler.wababbel.de\/index.php?rest_route=\/wp\/v2\/pages\/10181"}],"wp:attachment":[{"href":"https:\/\/verserzaehler.wababbel.de\/index.php?rest_route=%2Fwp%2Fv2%2Fmedia&parent=10229"}],"curies":[{"name":"wp","href":"https:\/\/api.w.org\/{rel}","templated":true}]}}