{"id":10238,"date":"2020-07-28T07:14:58","date_gmt":"2020-07-28T06:14:58","guid":{"rendered":"http:\/\/www.wababbel.de\/ferdi\/?page_id=10238"},"modified":"2020-07-28T07:15:29","modified_gmt":"2020-07-28T06:15:29","slug":"c-wagner-glueck-herrenloses","status":"publish","type":"page","link":"https:\/\/verserzaehler.wababbel.de\/?page_id=10238","title":{"rendered":"C. Wagner: Gl\u00fcck, herrenloses"},"content":{"rendered":"<p><strong>Christian Wagner: Gl\u00fcck, herrenloses<\/strong><\/p>\n<p>Gl\u00fcck begehr ich von Gott, doch herrenloses und nicht ein<br \/>\nAndern geh\u00f6riges Gl\u00fcck. \u2013 Denn niemals m\u00f6cht ich ein Gl\u00fcck, das<br \/>\nAndere kostet Verzicht; nur Gl\u00fcck aus dem Scho\u00dfe der Gottheit,<br \/>\nFernher kommend und sch\u00f6n, rotblumig gleich Oleander.<\/p>\n","protected":false},"excerpt":{"rendered":"<p>Christian Wagner: Gl\u00fcck, herrenloses Gl\u00fcck begehr ich von Gott, doch herrenloses und nicht ein Andern geh\u00f6riges Gl\u00fcck. \u2013 Denn niemals m\u00f6cht ich ein Gl\u00fcck, das Andere kostet Verzicht; nur Gl\u00fcck aus dem Scho\u00dfe der Gottheit, Fernher kommend und sch\u00f6n, rotblumig gleich Oleander.<\/p>\n","protected":false},"author":15,"featured_media":0,"parent":10228,"menu_order":0,"comment_status":"closed","ping_status":"closed","template":"","meta":{"footnotes":""},"class_list":["post-10238","page","type-page","status-publish","hentry"],"_links":{"self":[{"href":"https:\/\/verserzaehler.wababbel.de\/index.php?rest_route=\/wp\/v2\/pages\/10238","targetHints":{"allow":["GET"]}}],"collection":[{"href":"https:\/\/verserzaehler.wababbel.de\/index.php?rest_route=\/wp\/v2\/pages"}],"about":[{"href":"https:\/\/verserzaehler.wababbel.de\/index.php?rest_route=\/wp\/v2\/types\/page"}],"author":[{"embeddable":true,"href":"https:\/\/verserzaehler.wababbel.de\/index.php?rest_route=\/wp\/v2\/users\/15"}],"replies":[{"embeddable":true,"href":"https:\/\/verserzaehler.wababbel.de\/index.php?rest_route=%2Fwp%2Fv2%2Fcomments&post=10238"}],"version-history":[{"count":1,"href":"https:\/\/verserzaehler.wababbel.de\/index.php?rest_route=\/wp\/v2\/pages\/10238\/revisions"}],"predecessor-version":[{"id":10239,"href":"https:\/\/verserzaehler.wababbel.de\/index.php?rest_route=\/wp\/v2\/pages\/10238\/revisions\/10239"}],"up":[{"embeddable":true,"href":"https:\/\/verserzaehler.wababbel.de\/index.php?rest_route=\/wp\/v2\/pages\/10228"}],"wp:attachment":[{"href":"https:\/\/verserzaehler.wababbel.de\/index.php?rest_route=%2Fwp%2Fv2%2Fmedia&parent=10238"}],"curies":[{"name":"wp","href":"https:\/\/api.w.org\/{rel}","templated":true}]}}