{"id":10245,"date":"2020-07-28T23:22:22","date_gmt":"2020-07-28T22:22:22","guid":{"rendered":"http:\/\/www.wababbel.de\/ferdi\/?page_id=10245"},"modified":"2020-07-28T23:22:49","modified_gmt":"2020-07-28T22:22:49","slug":"a-kopisch-die-seligen-hyperboreer","status":"publish","type":"page","link":"https:\/\/verserzaehler.wababbel.de\/?page_id=10245","title":{"rendered":"A. Kopisch: Die seligen Hyperboreer"},"content":{"rendered":"<p><strong>August Kopisch: Die seligen Hyperboreer<\/strong><br \/>\nIn: Gesammelte Werke von August Kopisch, Band 3, Berlin, Weidmann 1856, Seite 163f.<\/p>\n<p>Kein Haus bauet ihr euch, gl\u00fcckselige Hyperboreer,<br \/>\nNiemals m\u00fchet ihr euch, mit dem Pfluge die Erde zu furchen,<br \/>\nNoch mit dem Schiff das Gewog, und der Sorgen beweget euch keine.<br \/>\nNein, am Saume der Erd&#8216; im dauernden sonnigen Tage,<br \/>\n<strong>5<\/strong> Dort in dem lieblichen Hain Apollons, wo es behaget,<br \/>\nLagert auf Blumen ihr euch, \u00fcberw\u00f6lbt von laubiger F\u00fclle.<br \/>\nNimmer erreicht von des Boreas Sturm, in duftigen Schatten<br \/>\nEsst ihr der Fruch, die gereift sich hernieder euch senkt zu den Lippen.<br \/>\nFriedliche Wonne bewohnet die Au&#8217;n, wo ihr weilet und singet,<br \/>\n<strong>10<\/strong> Wo hochwallender Tanz und Musik euch Jubel erwecket,<br \/>\nNimmer gest\u00f6rt von des Kriegs Mordschrei noch rasselnden Speeren.<br \/>\nLachen ist hier, und es weinet allein nur liebende Sehnsucht,<br \/>\nBis sie Erf\u00fcllung sodann, die im Scherz nur geweigerte, stillet.<br \/>\nRingen sie dort der J\u00fcnglinge Lust und Spiele der St\u00e4rke,<br \/>\n<strong>15<\/strong> Und sie ereilen den Hirsch im gefl\u00fcgelten Lauf, und entlassen<br \/>\nWieder den zitternden dann, den am sch\u00f6nen Geh\u00f6rn sie erhaschen:<br \/>\nDenn nichts t\u00f6test du Volk alleiniger Hyperboreer.<br \/>\nKrankheit schauest du nie, nie Streit, nie Leid, nie Kummer;<br \/>\nImmer erquickt dich der Strom, den frisch das Gebirge herabgie\u00dft.<br \/>\n<strong>20<\/strong> Doch naht einem von euch das Alter nach langem Genusse,<br \/>\nF\u00fchlt er vom Tanz sich ermattet, so kr\u00e4nzt man ihn festlich,<br \/>\nTr\u00e4gt in der singenden Schar der Jungfraun dann zu dem Fels ihn,<br \/>\nDer hoch \u00fcber die Strudel hin ragt an Okeanos Rande,<br \/>\nM\u00e4chtig get\u00fcrmt, wie zum Sturze geneigt mit ragendem Gipfel.<br \/>\n<strong>25<\/strong> Dorthin tritt er, man reicht ihm den sch\u00f6n gebildeten Goldkelch<br \/>\nVoll ambrosischen Weins, nachperlender s\u00fc\u00dfer Berauschung.<br \/>\nHat er den Becher geleert und zur\u00fcck ihn gereicht den Genossen,<br \/>\nDringet ihm Sehnen ins Herz nach der seligen Insel der Ahnen.<br \/>\nWie Zugv\u00f6gel in Herbst ihr Gefieder sch\u00fctteln in Unruh,<br \/>\n<strong>30<\/strong> Hebt er die Arm&#8216; und wirft sich hinaus in den labenden Meerhauch,<br \/>\nTief abst\u00fcrzend: ihm folgen gestreut viel Blumen und Kr\u00e4nze.<br \/>\nDoch eh der Leib noch erreicht das erwogende Haus der Delphine,<br \/>\nL\u00f6st sich die Seele bereits und entfliegt zu den Pforten des Ais,<br \/>\nZu Rhadamanthys Wies&#8216; und, dort unstr\u00e4flich befunden,<br \/>\n<strong>35<\/strong> \u00dcber den Lethe dahin zu der Seligen neuer Gemeinschaft.<\/p>\n","protected":false},"excerpt":{"rendered":"<p>August Kopisch: Die seligen Hyperboreer In: Gesammelte Werke von August Kopisch, Band 3, Berlin, Weidmann 1856, Seite 163f. Kein Haus bauet ihr euch, gl\u00fcckselige Hyperboreer, Niemals m\u00fchet ihr euch, mit dem Pfluge die Erde zu furchen, Noch mit dem Schiff das Gewog, und der Sorgen beweget euch keine. Nein, am Saume der Erd&#8216; im dauernden&#8230; <a class=\"more-link\" href=\"https:\/\/verserzaehler.wababbel.de\/?page_id=10245\">Read More <span class=\"screen-reader-text\"> in A. Kopisch: Die seligen Hyperboreer<\/span><\/a><\/p>\n","protected":false},"author":15,"featured_media":0,"parent":10226,"menu_order":0,"comment_status":"closed","ping_status":"closed","template":"","meta":{"footnotes":""},"class_list":["post-10245","page","type-page","status-publish","hentry"],"_links":{"self":[{"href":"https:\/\/verserzaehler.wababbel.de\/index.php?rest_route=\/wp\/v2\/pages\/10245","targetHints":{"allow":["GET"]}}],"collection":[{"href":"https:\/\/verserzaehler.wababbel.de\/index.php?rest_route=\/wp\/v2\/pages"}],"about":[{"href":"https:\/\/verserzaehler.wababbel.de\/index.php?rest_route=\/wp\/v2\/types\/page"}],"author":[{"embeddable":true,"href":"https:\/\/verserzaehler.wababbel.de\/index.php?rest_route=\/wp\/v2\/users\/15"}],"replies":[{"embeddable":true,"href":"https:\/\/verserzaehler.wababbel.de\/index.php?rest_route=%2Fwp%2Fv2%2Fcomments&post=10245"}],"version-history":[{"count":1,"href":"https:\/\/verserzaehler.wababbel.de\/index.php?rest_route=\/wp\/v2\/pages\/10245\/revisions"}],"predecessor-version":[{"id":10246,"href":"https:\/\/verserzaehler.wababbel.de\/index.php?rest_route=\/wp\/v2\/pages\/10245\/revisions\/10246"}],"up":[{"embeddable":true,"href":"https:\/\/verserzaehler.wababbel.de\/index.php?rest_route=\/wp\/v2\/pages\/10226"}],"wp:attachment":[{"href":"https:\/\/verserzaehler.wababbel.de\/index.php?rest_route=%2Fwp%2Fv2%2Fmedia&parent=10245"}],"curies":[{"name":"wp","href":"https:\/\/api.w.org\/{rel}","templated":true}]}}