{"id":10254,"date":"2020-07-28T23:50:02","date_gmt":"2020-07-28T22:50:02","guid":{"rendered":"http:\/\/www.wababbel.de\/ferdi\/?page_id=10254"},"modified":"2020-07-28T23:50:52","modified_gmt":"2020-07-28T22:50:52","slug":"f-l-v-stolberg-an-die-sonne","status":"publish","type":"page","link":"https:\/\/verserzaehler.wababbel.de\/?page_id=10254","title":{"rendered":"F. L. v. Stolberg: An die Sonne"},"content":{"rendered":"<p><strong>Friedrich Leopold von Stolberg: An die Sonne<\/strong><\/p>\n<p>Sonne, dir jauchzet, bei deinem Erwachen, der Erdkreis entgegen,<br \/>\nDir das Wogenger\u00e4usch des erdumg\u00fcrtenden Meeres!<br \/>\nFliehend rollet der Wagen der Nacht, in nichtige Wolken<br \/>\nEingeh\u00fcllet, und schwindet hinab in die schauernde Tiefe!<br \/>\n<strong>5<\/strong> Segnend strahlst du herauf, und br\u00e4utlich kr\u00e4nzet die Erde<br \/>\nDir die flammenden Schl\u00e4fen mit tauendem Purpurgew\u00f6lke!<br \/>\nAlles freuet sich dein! In schimmernde Feiergewande<br \/>\nKleidest du den Himmel, die Erd&#8216; und die Fluten des Meeres!<br \/>\nSiehe, du leitest am rosigen G\u00e4ngelbande den jungen<br \/>\n<strong>10<\/strong> Freundlichen Tag; er h\u00fcllt sich in deine Safrangewande:<br \/>\nAber, wie wachsen so schnell die Kr\u00e4fte des himmlischen J\u00fcnglings!<br \/>\nFeuriger blickt er, und greift nach deinem strahlenden K\u00f6cher,<br \/>\nUnd schon schnellt er vom goldenen Bogen flammende Pfeile!<br \/>\nZ\u00fcrne, Himmlischer, nicht! Und soll dein Bogen ert\u00f6nen,<\/p>\n<p><strong>15<\/strong> O, so richte dein furchtbar Geschoss auf des Ozeans Fluten,<br \/>\nAuf der schneeichten Alpen herunterschmelzende Gipfel,<br \/>\nUnd auf sandige W\u00fcsten, die L\u00f6wen und Tiger durchirren!<br \/>\nZ\u00fcrne, Himmlischer, nicht! Dir flehn der V\u00f6gel Ges\u00e4nge;<br \/>\nDir der s\u00e4uselnde Wald, und dir die duftende Blume!<\/p>\n<p><strong>20<\/strong> Wollest nicht des wehenden Zephyrs Fl\u00fcgel versengen!<br \/>\nWollest nicht austrinken das Labsal k\u00fchlender Quellen!<br \/>\nWollest vom zarten Gr\u00e4schen den kr\u00fcmmenden Tropfen nicht nehmen!<br \/>\nSonne, l\u00e4chle der Erd&#8216;, und geu\u00df aus strahlender Urne<br \/>\nLeben auf die Natur! Du hast die F\u00fclle des Lebens;<br \/>\n<strong>25<\/strong> Sch\u00f6pfest, n\u00e4her dem Himmel, aus himmlischen Quellen und d\u00fcrstest<br \/>\nSelber nimmer! Als Gott aus seiner g\u00fcrtenden Allmacht,<br \/>\nWie aus g\u00fcrtendem Schlauch ein S\u00e4mann, Sonnen dahinwarf,<br \/>\nMillionen auf einmal, jede mit Erden umkr\u00e4nzet;<br \/>\nRief er, Sonnen, euch zu: Verbreitet Leben und W\u00e4rme<br \/>\n<strong>30<\/strong> Auf die d\u00fcrftigen Erden! Erbarmt euch der D\u00fcrstenden, dass ich<br \/>\nMich am gro\u00dfen Abend des Himmels euer erbarme!<br \/>\nAlso rief er. Gedenke des, o Strahlende! Fr\u00fcher<br \/>\nOder sp\u00e4ter kommt der gro\u00dfe Abend des Himmels,<br \/>\nDa ihr alle, zahlloses Heer von m\u00e4chtigen Sonnen,<br \/>\n<strong>35<\/strong> Werdet, wie M\u00fccken am Sommerabend in Teiche sich st\u00fcrzen,<br \/>\nMit erbleichenden Strahlen herunterfallen vom Himmel!<br \/>\nEuer harren Gottes Gerichte, Gottes Erbarmung!<br \/>\nW\u00e4hne nicht zu vergehn! Der gro\u00dfe Geber des Lebens<br \/>\nWird gefallene M\u00fccken, gefallene Sonnen in neues<br \/>\n<strong>40<\/strong> Leben rufen! Wie du auf schw\u00e4rmende M\u00fccken herabschaust,<br \/>\nSchaut er ewig herab auf alle kreisenden Himmel!<\/p>\n","protected":false},"excerpt":{"rendered":"<p>Friedrich Leopold von Stolberg: An die Sonne Sonne, dir jauchzet, bei deinem Erwachen, der Erdkreis entgegen, Dir das Wogenger\u00e4usch des erdumg\u00fcrtenden Meeres! Fliehend rollet der Wagen der Nacht, in nichtige Wolken Eingeh\u00fcllet, und schwindet hinab in die schauernde Tiefe! 5 Segnend strahlst du herauf, und br\u00e4utlich kr\u00e4nzet die Erde Dir die flammenden Schl\u00e4fen mit tauendem&#8230; <a class=\"more-link\" href=\"https:\/\/verserzaehler.wababbel.de\/?page_id=10254\">Read More <span class=\"screen-reader-text\"> in F. L. v. Stolberg: An die Sonne<\/span><\/a><\/p>\n","protected":false},"author":15,"featured_media":0,"parent":10194,"menu_order":0,"comment_status":"closed","ping_status":"closed","template":"","meta":{"footnotes":""},"class_list":["post-10254","page","type-page","status-publish","hentry"],"_links":{"self":[{"href":"https:\/\/verserzaehler.wababbel.de\/index.php?rest_route=\/wp\/v2\/pages\/10254","targetHints":{"allow":["GET"]}}],"collection":[{"href":"https:\/\/verserzaehler.wababbel.de\/index.php?rest_route=\/wp\/v2\/pages"}],"about":[{"href":"https:\/\/verserzaehler.wababbel.de\/index.php?rest_route=\/wp\/v2\/types\/page"}],"author":[{"embeddable":true,"href":"https:\/\/verserzaehler.wababbel.de\/index.php?rest_route=\/wp\/v2\/users\/15"}],"replies":[{"embeddable":true,"href":"https:\/\/verserzaehler.wababbel.de\/index.php?rest_route=%2Fwp%2Fv2%2Fcomments&post=10254"}],"version-history":[{"count":1,"href":"https:\/\/verserzaehler.wababbel.de\/index.php?rest_route=\/wp\/v2\/pages\/10254\/revisions"}],"predecessor-version":[{"id":10255,"href":"https:\/\/verserzaehler.wababbel.de\/index.php?rest_route=\/wp\/v2\/pages\/10254\/revisions\/10255"}],"up":[{"embeddable":true,"href":"https:\/\/verserzaehler.wababbel.de\/index.php?rest_route=\/wp\/v2\/pages\/10194"}],"wp:attachment":[{"href":"https:\/\/verserzaehler.wababbel.de\/index.php?rest_route=%2Fwp%2Fv2%2Fmedia&parent=10254"}],"curies":[{"name":"wp","href":"https:\/\/api.w.org\/{rel}","templated":true}]}}