{"id":10257,"date":"2020-07-28T23:59:18","date_gmt":"2020-07-28T22:59:18","guid":{"rendered":"http:\/\/www.wababbel.de\/ferdi\/?page_id=10257"},"modified":"2020-07-28T23:59:42","modified_gmt":"2020-07-28T22:59:42","slug":"e-v-feuchtersleben-fragmentarisch","status":"publish","type":"page","link":"https:\/\/verserzaehler.wababbel.de\/?page_id=10257","title":{"rendered":"E. v. Feuchtersleben: Fragmentarisch"},"content":{"rendered":"<p>Euch, ihr Grazien! denkt der Moderne sich zierlich und schm\u00e4chtig,<br \/>\nKr\u00e4nklich, frivol, wie er selbst; und doch, beim Herkules! wart ihr<br \/>\n\u00dcppiger Form und kr\u00e4ftiger Bildung, wie\u2019s G\u00f6ttinnen ansteht!<\/p>\n","protected":false},"excerpt":{"rendered":"<p>Euch, ihr Grazien! denkt der Moderne sich zierlich und schm\u00e4chtig, Kr\u00e4nklich, frivol, wie er selbst; und doch, beim Herkules! wart ihr \u00dcppiger Form und kr\u00e4ftiger Bildung, wie\u2019s G\u00f6ttinnen ansteht!<\/p>\n","protected":false},"author":15,"featured_media":0,"parent":10228,"menu_order":0,"comment_status":"closed","ping_status":"closed","template":"","meta":{"footnotes":""},"class_list":["post-10257","page","type-page","status-publish","hentry"],"_links":{"self":[{"href":"https:\/\/verserzaehler.wababbel.de\/index.php?rest_route=\/wp\/v2\/pages\/10257","targetHints":{"allow":["GET"]}}],"collection":[{"href":"https:\/\/verserzaehler.wababbel.de\/index.php?rest_route=\/wp\/v2\/pages"}],"about":[{"href":"https:\/\/verserzaehler.wababbel.de\/index.php?rest_route=\/wp\/v2\/types\/page"}],"author":[{"embeddable":true,"href":"https:\/\/verserzaehler.wababbel.de\/index.php?rest_route=\/wp\/v2\/users\/15"}],"replies":[{"embeddable":true,"href":"https:\/\/verserzaehler.wababbel.de\/index.php?rest_route=%2Fwp%2Fv2%2Fcomments&post=10257"}],"version-history":[{"count":1,"href":"https:\/\/verserzaehler.wababbel.de\/index.php?rest_route=\/wp\/v2\/pages\/10257\/revisions"}],"predecessor-version":[{"id":10258,"href":"https:\/\/verserzaehler.wababbel.de\/index.php?rest_route=\/wp\/v2\/pages\/10257\/revisions\/10258"}],"up":[{"embeddable":true,"href":"https:\/\/verserzaehler.wababbel.de\/index.php?rest_route=\/wp\/v2\/pages\/10228"}],"wp:attachment":[{"href":"https:\/\/verserzaehler.wababbel.de\/index.php?rest_route=%2Fwp%2Fv2%2Fmedia&parent=10257"}],"curies":[{"name":"wp","href":"https:\/\/api.w.org\/{rel}","templated":true}]}}