{"id":10280,"date":"2020-08-03T07:28:24","date_gmt":"2020-08-03T06:28:24","guid":{"rendered":"http:\/\/www.wababbel.de\/ferdi\/?page_id=10280"},"modified":"2020-08-03T07:29:05","modified_gmt":"2020-08-03T06:29:05","slug":"liedertagebuch-1855","status":"publish","type":"page","link":"https:\/\/verserzaehler.wababbel.de\/?page_id=10280","title":{"rendered":"Liedertagebuch 1855"},"content":{"rendered":"<p><strong>1)<\/strong> Sieh, so sagte das W\u00fcrmchen in fr\u00fchreif fallender Pflaume:<br \/>\nDroben am Baum f\u00fcr dich sind tausende; willst du die eine<br \/>\nMir nicht g\u00f6nnen, die hier zum Bett und Grab ich erkoren?<br \/>\nWisst ihr, was ich dem Wurm antwortete? W\u00e4rest du einer<br \/>\nEiner allein, wie sollt&#8216; ich dir Grab und Bette verg\u00f6nnen?<br \/>\nWenn selbst aber nun auch sind tausende deiner Gesippen,<br \/>\nUnd sich betten in jeder ein jeglicher will und begraben;<br \/>\nBleibt von Fr\u00fcchten mir nichts als euere Gr\u00e4ber und Betten.<\/p>\n","protected":false},"excerpt":{"rendered":"<p>1) Sieh, so sagte das W\u00fcrmchen in fr\u00fchreif fallender Pflaume: Droben am Baum f\u00fcr dich sind tausende; willst du die eine Mir nicht g\u00f6nnen, die hier zum Bett und Grab ich erkoren? Wisst ihr, was ich dem Wurm antwortete? W\u00e4rest du einer Einer allein, wie sollt&#8216; ich dir Grab und Bette verg\u00f6nnen? Wenn selbst aber&#8230; <a class=\"more-link\" href=\"https:\/\/verserzaehler.wababbel.de\/?page_id=10280\">Read More <span class=\"screen-reader-text\"> in Liedertagebuch 1855<\/span><\/a><\/p>\n","protected":false},"author":15,"featured_media":0,"parent":10279,"menu_order":0,"comment_status":"closed","ping_status":"closed","template":"","meta":{"footnotes":""},"class_list":["post-10280","page","type-page","status-publish","hentry"],"_links":{"self":[{"href":"https:\/\/verserzaehler.wababbel.de\/index.php?rest_route=\/wp\/v2\/pages\/10280","targetHints":{"allow":["GET"]}}],"collection":[{"href":"https:\/\/verserzaehler.wababbel.de\/index.php?rest_route=\/wp\/v2\/pages"}],"about":[{"href":"https:\/\/verserzaehler.wababbel.de\/index.php?rest_route=\/wp\/v2\/types\/page"}],"author":[{"embeddable":true,"href":"https:\/\/verserzaehler.wababbel.de\/index.php?rest_route=\/wp\/v2\/users\/15"}],"replies":[{"embeddable":true,"href":"https:\/\/verserzaehler.wababbel.de\/index.php?rest_route=%2Fwp%2Fv2%2Fcomments&post=10280"}],"version-history":[{"count":1,"href":"https:\/\/verserzaehler.wababbel.de\/index.php?rest_route=\/wp\/v2\/pages\/10280\/revisions"}],"predecessor-version":[{"id":10282,"href":"https:\/\/verserzaehler.wababbel.de\/index.php?rest_route=\/wp\/v2\/pages\/10280\/revisions\/10282"}],"up":[{"embeddable":true,"href":"https:\/\/verserzaehler.wababbel.de\/index.php?rest_route=\/wp\/v2\/pages\/10279"}],"wp:attachment":[{"href":"https:\/\/verserzaehler.wababbel.de\/index.php?rest_route=%2Fwp%2Fv2%2Fmedia&parent=10280"}],"curies":[{"name":"wp","href":"https:\/\/api.w.org\/{rel}","templated":true}]}}