{"id":10284,"date":"2020-08-05T00:41:23","date_gmt":"2020-08-04T23:41:23","guid":{"rendered":"http:\/\/www.wababbel.de\/ferdi\/?page_id=10284"},"modified":"2020-08-05T00:43:43","modified_gmt":"2020-08-04T23:43:43","slug":"liedertagebuch-1856","status":"publish","type":"page","link":"https:\/\/verserzaehler.wababbel.de\/?page_id=10284","title":{"rendered":"Liedertagebuch 1856"},"content":{"rendered":"<p><strong>1)<\/strong> Geh nur hinaus und besieh dir dir Welt, und wann du von einem<br \/>\nEnde zum anderen bist, dann wirst du, was ich wei\u00df, wissen,<br \/>\nDass es die M\u00fch des Besehns nicht austr\u00e4gt: \u00fcberall anders,<br \/>\nDoch dasselb&#8216; \u00fcberall, ein wechsellos ewiger Wechsel.<br \/>\nIch will bleiben indes und die lange begangenen Pfade<br \/>\nL\u00e4nger begehn durch trautes Geheg und liebes Gel\u00e4nde,<br \/>\nWo auf Tritten und Schritten Erinnrungen aus dem Geb\u00fcsche<br \/>\nTreten heran, und schweben herab auf Wolken des Abends;<br \/>\nWo, mir selber begegnend, verloren geglaubtes ich finde,<br \/>\nWas ich gedacht und gef\u00fchlt und gehofft und getr\u00e4umt und gedichtet,<br \/>\nAlles hinuntergeschwommen den Zeitstrom. aber zugegen<br \/>\nAlles dem sinnenden Geist, auch was abweisen er m\u00f6chte.<\/p>\n","protected":false},"excerpt":{"rendered":"<p>1) Geh nur hinaus und besieh dir dir Welt, und wann du von einem Ende zum anderen bist, dann wirst du, was ich wei\u00df, wissen, Dass es die M\u00fch des Besehns nicht austr\u00e4gt: \u00fcberall anders, Doch dasselb&#8216; \u00fcberall, ein wechsellos ewiger Wechsel. Ich will bleiben indes und die lange begangenen Pfade L\u00e4nger begehn durch trautes&#8230; <a class=\"more-link\" href=\"https:\/\/verserzaehler.wababbel.de\/?page_id=10284\">Read More <span class=\"screen-reader-text\"> in Liedertagebuch 1856<\/span><\/a><\/p>\n","protected":false},"author":15,"featured_media":0,"parent":10279,"menu_order":0,"comment_status":"closed","ping_status":"closed","template":"","meta":{"footnotes":""},"class_list":["post-10284","page","type-page","status-publish","hentry"],"_links":{"self":[{"href":"https:\/\/verserzaehler.wababbel.de\/index.php?rest_route=\/wp\/v2\/pages\/10284","targetHints":{"allow":["GET"]}}],"collection":[{"href":"https:\/\/verserzaehler.wababbel.de\/index.php?rest_route=\/wp\/v2\/pages"}],"about":[{"href":"https:\/\/verserzaehler.wababbel.de\/index.php?rest_route=\/wp\/v2\/types\/page"}],"author":[{"embeddable":true,"href":"https:\/\/verserzaehler.wababbel.de\/index.php?rest_route=\/wp\/v2\/users\/15"}],"replies":[{"embeddable":true,"href":"https:\/\/verserzaehler.wababbel.de\/index.php?rest_route=%2Fwp%2Fv2%2Fcomments&post=10284"}],"version-history":[{"count":2,"href":"https:\/\/verserzaehler.wababbel.de\/index.php?rest_route=\/wp\/v2\/pages\/10284\/revisions"}],"predecessor-version":[{"id":10286,"href":"https:\/\/verserzaehler.wababbel.de\/index.php?rest_route=\/wp\/v2\/pages\/10284\/revisions\/10286"}],"up":[{"embeddable":true,"href":"https:\/\/verserzaehler.wababbel.de\/index.php?rest_route=\/wp\/v2\/pages\/10279"}],"wp:attachment":[{"href":"https:\/\/verserzaehler.wababbel.de\/index.php?rest_route=%2Fwp%2Fv2%2Fmedia&parent=10284"}],"curies":[{"name":"wp","href":"https:\/\/api.w.org\/{rel}","templated":true}]}}