{"id":10299,"date":"2020-08-09T22:32:52","date_gmt":"2020-08-09T21:32:52","guid":{"rendered":"http:\/\/www.wababbel.de\/ferdi\/?page_id=10299"},"modified":"2020-08-09T22:33:22","modified_gmt":"2020-08-09T21:33:22","slug":"j-c-lavater-denkzeilen","status":"publish","type":"page","link":"https:\/\/verserzaehler.wababbel.de\/?page_id=10299","title":{"rendered":"J. C. Lavater: Denkzeilen"},"content":{"rendered":"<p><em>In: Johann Caspar Lavater, Worte des Herzens, herausgegeben von C. W. Hufeland, Reclam, Leipzig 1871, S. 31<\/em><\/p>\n<p>Lerne t\u00e4glich mehr das nicht zu \u00c4ndernde tragen,<br \/>\nDas, was vor dir liegt, mit gegebenen Kr\u00e4ften benutzen,<br \/>\nWillig missen das, was dir zum Genuss nicht bestimmt ist,<br \/>\nFr\u00f6hlich alles tun, was Pflicht und Menschlichkeit tun hei\u00dft!<\/p>\n","protected":false},"excerpt":{"rendered":"<p>In: Johann Caspar Lavater, Worte des Herzens, herausgegeben von C. W. Hufeland, Reclam, Leipzig 1871, S. 31 Lerne t\u00e4glich mehr das nicht zu \u00c4ndernde tragen, Das, was vor dir liegt, mit gegebenen Kr\u00e4ften benutzen, Willig missen das, was dir zum Genuss nicht bestimmt ist, Fr\u00f6hlich alles tun, was Pflicht und Menschlichkeit tun hei\u00dft!<\/p>\n","protected":false},"author":15,"featured_media":0,"parent":10228,"menu_order":0,"comment_status":"closed","ping_status":"closed","template":"","meta":{"footnotes":""},"class_list":["post-10299","page","type-page","status-publish","hentry"],"_links":{"self":[{"href":"https:\/\/verserzaehler.wababbel.de\/index.php?rest_route=\/wp\/v2\/pages\/10299","targetHints":{"allow":["GET"]}}],"collection":[{"href":"https:\/\/verserzaehler.wababbel.de\/index.php?rest_route=\/wp\/v2\/pages"}],"about":[{"href":"https:\/\/verserzaehler.wababbel.de\/index.php?rest_route=\/wp\/v2\/types\/page"}],"author":[{"embeddable":true,"href":"https:\/\/verserzaehler.wababbel.de\/index.php?rest_route=\/wp\/v2\/users\/15"}],"replies":[{"embeddable":true,"href":"https:\/\/verserzaehler.wababbel.de\/index.php?rest_route=%2Fwp%2Fv2%2Fcomments&post=10299"}],"version-history":[{"count":1,"href":"https:\/\/verserzaehler.wababbel.de\/index.php?rest_route=\/wp\/v2\/pages\/10299\/revisions"}],"predecessor-version":[{"id":10300,"href":"https:\/\/verserzaehler.wababbel.de\/index.php?rest_route=\/wp\/v2\/pages\/10299\/revisions\/10300"}],"up":[{"embeddable":true,"href":"https:\/\/verserzaehler.wababbel.de\/index.php?rest_route=\/wp\/v2\/pages\/10228"}],"wp:attachment":[{"href":"https:\/\/verserzaehler.wababbel.de\/index.php?rest_route=%2Fwp%2Fv2%2Fmedia&parent=10299"}],"curies":[{"name":"wp","href":"https:\/\/api.w.org\/{rel}","templated":true}]}}