{"id":10313,"date":"2020-08-27T07:56:47","date_gmt":"2020-08-27T06:56:47","guid":{"rendered":"http:\/\/www.wababbel.de\/ferdi\/?page_id=10313"},"modified":"2020-08-27T07:57:22","modified_gmt":"2020-08-27T06:57:22","slug":"j-n-goetz-an-einen-vogelsteller","status":"publish","type":"page","link":"https:\/\/verserzaehler.wababbel.de\/?page_id=10313","title":{"rendered":"J. N. G\u00f6tz: An einen Vogelsteller"},"content":{"rendered":"<p><strong>Johann Nikolaus G\u00f6tz: An einen Vogelsteller<\/strong>. <em>In: Karl WIlhelm Ramler (Hrsg.), Vermischte Gedichte von Nikolaus G\u00f6tz, Erster Teil, Schwanische Hofbuchhandlung, Mannheim 1785, S. 73f.<\/em><\/p>\n<p>Vogelsteller, mein Freund! Lass, wenn du der Armut entgehn willst,<br \/>\nLass sie fliegen, die frommen V\u00f6gel, die Lerchen und Schnepfen;<br \/>\nLaur&#8216; auf einen allein, der Amor genannt wird. Er singet<br \/>\nArtig, wenn er nur will; nicht nur im Fr\u00fchling und Sommer,<br \/>\n<strong>5<\/strong> Auch im rauesten Winter. Kaum singet die Tochter Pandions,<br \/>\nPhilomele, so fein. Sein Singen st\u00f6ret die M\u00e4dchen<br \/>\nOft in lieblichem Schlaf. Doch wenn er am artigsten singet,<br \/>\nIst er am schlimmsten: Und nascht von den Kirschen, ehe sie reifen.<br \/>\nNeben verdorrenden Eichen und Buchen fliegt er vor\u00fcber,<br \/>\n<strong>10<\/strong> Setzt sich auf Aprikosenb\u00e4umchen, und stopft sich, und ruht nicht,<br \/>\nEh er die niedliche Frucht bis zu dem Kerne verderbt hat.<br \/>\nAlles picket er an; und schont nicht des G\u00e4rtchens der Nymphen.<br \/>\nTr\u00fcgest du diesen, mein Freund, durch Flecken und D\u00f6rfer, im K\u00e4fich<br \/>\nWohl verschlossen herum: mehr Speck und Butter und Eier<br \/>\n<strong>15<\/strong> Kriegtest du in den Tornister geschenkt, als ein J\u00e4ger geschenkt kriegt,<br \/>\nWelcher der W\u00e4lder Tyrann (man darf ihn nicht nennen) mit Pfeilen<br \/>\nAuf dem hohen Gebirg erschossen, und nun im Triumphe<br \/>\nDessen grauen langzottigen Perlz auf der Spitze der Stange<br \/>\nDurch Arkadien tr\u00e4gt, umjauchzet von Knaben und M\u00e4dchen.<\/p>\n","protected":false},"excerpt":{"rendered":"<p>Johann Nikolaus G\u00f6tz: An einen Vogelsteller. In: Karl WIlhelm Ramler (Hrsg.), Vermischte Gedichte von Nikolaus G\u00f6tz, Erster Teil, Schwanische Hofbuchhandlung, Mannheim 1785, S. 73f. Vogelsteller, mein Freund! Lass, wenn du der Armut entgehn willst, Lass sie fliegen, die frommen V\u00f6gel, die Lerchen und Schnepfen; Laur&#8216; auf einen allein, der Amor genannt wird. Er singet Artig,&#8230; <a class=\"more-link\" href=\"https:\/\/verserzaehler.wababbel.de\/?page_id=10313\">Read More <span class=\"screen-reader-text\"> in J. N. G\u00f6tz: An einen Vogelsteller<\/span><\/a><\/p>\n","protected":false},"author":15,"featured_media":0,"parent":10226,"menu_order":0,"comment_status":"closed","ping_status":"closed","template":"","meta":{"footnotes":""},"class_list":["post-10313","page","type-page","status-publish","hentry"],"_links":{"self":[{"href":"https:\/\/verserzaehler.wababbel.de\/index.php?rest_route=\/wp\/v2\/pages\/10313","targetHints":{"allow":["GET"]}}],"collection":[{"href":"https:\/\/verserzaehler.wababbel.de\/index.php?rest_route=\/wp\/v2\/pages"}],"about":[{"href":"https:\/\/verserzaehler.wababbel.de\/index.php?rest_route=\/wp\/v2\/types\/page"}],"author":[{"embeddable":true,"href":"https:\/\/verserzaehler.wababbel.de\/index.php?rest_route=\/wp\/v2\/users\/15"}],"replies":[{"embeddable":true,"href":"https:\/\/verserzaehler.wababbel.de\/index.php?rest_route=%2Fwp%2Fv2%2Fcomments&post=10313"}],"version-history":[{"count":1,"href":"https:\/\/verserzaehler.wababbel.de\/index.php?rest_route=\/wp\/v2\/pages\/10313\/revisions"}],"predecessor-version":[{"id":10314,"href":"https:\/\/verserzaehler.wababbel.de\/index.php?rest_route=\/wp\/v2\/pages\/10313\/revisions\/10314"}],"up":[{"embeddable":true,"href":"https:\/\/verserzaehler.wababbel.de\/index.php?rest_route=\/wp\/v2\/pages\/10226"}],"wp:attachment":[{"href":"https:\/\/verserzaehler.wababbel.de\/index.php?rest_route=%2Fwp%2Fv2%2Fmedia&parent=10313"}],"curies":[{"name":"wp","href":"https:\/\/api.w.org\/{rel}","templated":true}]}}