{"id":1680,"date":"2014-05-08T22:26:19","date_gmt":"2014-05-08T20:26:19","guid":{"rendered":"http:\/\/www.wababbel.de\/ferdi\/?page_id=1680"},"modified":"2015-10-28T10:09:54","modified_gmt":"2015-10-28T08:09:54","slug":"jacob-minor-ueber-av","status":"publish","type":"page","link":"https:\/\/verserzaehler.wababbel.de\/?page_id=1680","title":{"rendered":"Jacob Minor: Anap\u00e4stische Verse"},"content":{"rendered":"<p><strong>Jacob Minor: Neuhochdeutsche Metrik, 2. Aufl. 1902, S. 280<br \/>\n<\/strong><\/p>\n<p>Unter den anap\u00e4stischen Versen ist der h\u00e4ufigste der <strong>Dimeter<\/strong>, mit der Z\u00e4sur in der Mitte des Verses, und meistens auch mit dipodischer Gliederung. Das Schema ist also:<\/p>\n<p><span style=\"text-decoration: underline\">v v<\/span> \u2015&#8216; <span style=\"text-decoration: underline\">v v<\/span> \u2015&#8220; <span style=\"color: #ff0000\">||<\/span> <span style=\"text-decoration: underline\">v v<\/span> \u2015&#8216; <span style=\"text-decoration: underline\">v v<\/span> \u2015&#8220;<\/p>\n<p>Anstatt des Anap\u00e4st kann steigender Spondeus an allen Stellen des Verses eintreten; sinkender Spondeus ist auf den Verseingang und den dritten Fu\u00df (unmittelbar hinter der Z\u00e4sur) beschr\u00e4nkt.<\/p>\n<p><em>goldlockig das Haupt <span style=\"color: #ff0000\">||<\/span> in ambrosischem Duft;<\/em><br \/>\n<em> das der blumige Schatz <span style=\"color: #ff0000\">||<\/span> unschuldig beklagt.<\/em><\/p>\n<p>Hier findet nat\u00fcrlich schwebende Betonung statt. Im ersten Fu\u00df kommt sehr oft auch Jambus anstatt des Anap\u00e4st vor. Daktylus an Stelle des ersten Anap\u00e4st hat meistens den fallenden Rhythmus des ganzen Verses zur Folge:<\/p>\n<p><em>tr\u00e4umende | Wehmut, | hinschmachtender | Gram.<\/em><\/p>\n<p>Anap\u00e4stische Dimeter hat zuerst W. Schlegel (Jon) im Drama mit freien Z\u00e4suren angewendet, Goethe ist ihm in der Pandora gefolgt. Sp\u00e4ter hat sie Enk (1839) f\u00fcr leidenschaftliche Stellen des Trauerspiels empfohlen. Die Z\u00e4sur soll eingehalten, aber die gr\u00f6\u00dfte Mannigfaltigkeit der Versf\u00fc\u00dfe angestrebt werden, und die anap\u00e4stischen Dimeter sollen mit katalektischen Dimetern und Monometern abwechseln. Enks Sch\u00fcler Halm hat sich in der prophetischen Vision der Thusnelda dieses Versma\u00dfes bedient.<\/p>\n<p>Meistens wird eine Reihe von vier bis acht solchen anap\u00e4stischen Versen durch einen katalektischen Vers<\/p>\n<p><span style=\"text-decoration: underline\">v v<\/span> \u2015&#8216; v v \u2015&#8216; v v \u2015&#8216; <span style=\"text-decoration: underline\">v<\/span><\/p>\n<p><em>auf silberner Schwinge des Wohlklangs<\/em><\/p>\n<p>abgeschlossen; die ganze Versreihe bildet dann ein <em>Anap\u00e4stensystem<\/em>.<\/p>\n<p>In Platens Kom\u00f6dien kommt aber auch der katalektische anap\u00e4stische <strong>Tetrameter<\/strong> vor:<\/p>\n<p><span style=\"text-decoration: underline\">v v<\/span> \u2015&#8216; <span style=\"text-decoration: underline\">v v<\/span> \u2015&#8216; | <span style=\"text-decoration: underline\">v v<\/span> \u2015&#8216; <span style=\"text-decoration: underline\">v v<\/span> \u2015&#8216; <span style=\"color: #ff0000\">||<\/span> <span style=\"text-decoration: underline\">v v<\/span> \u2015&#8216; v v \u2015&#8216; | v v \u2015&#8216; v<\/p>\n<p><em>nicht wollte hinfort | in dem Lustspiel mehr | auftreten der ernst- | ere Dichter.<\/em><\/p>\n<p>Nach der zweiten Dipodie ist ein st\u00e4rkerer Versabschnitt Gesetz; in den meisten F\u00e4llen steht auch am Schlusse jeder Dipodie eine m\u00e4nnliche oder seltener eine weibliche Z\u00e4sur,<\/p>\n<p><em>und der wahre Gefallen <span style=\"color: #ff0000\">||<\/span> erfreut das Gem\u00fct<\/em><\/p>\n<p>oder es schlie\u00dft mit dem Versfu\u00df wenigstens der Wortfu\u00df.<\/p>\n<p>Die anap\u00e4stischen Verse geh\u00f6ren schon zu den gemischten Versarten, wo zweisilbige und dreisilbige Versf\u00fc\u00dfe nebeneinander stehen und die Taktdauer strenger genommen werden muss.<\/p>\n","protected":false},"excerpt":{"rendered":"<p>Jacob Minor: Neuhochdeutsche Metrik, 2. Aufl. 1902, S. 280 Unter den anap\u00e4stischen Versen ist der h\u00e4ufigste der Dimeter, mit der Z\u00e4sur in der Mitte des Verses, und meistens auch mit dipodischer Gliederung. Das Schema ist also: v v \u2015&#8216; v v \u2015&#8220; || v v \u2015&#8216; v v \u2015&#8220; Anstatt des Anap\u00e4st kann steigender Spondeus&#8230; <a class=\"more-link\" href=\"https:\/\/verserzaehler.wababbel.de\/?page_id=1680\">Read More <span class=\"screen-reader-text\"> in Jacob Minor: Anap\u00e4stische Verse<\/span><\/a><\/p>\n","protected":false},"author":15,"featured_media":0,"parent":779,"menu_order":0,"comment_status":"open","ping_status":"open","template":"","meta":{"footnotes":""},"class_list":["post-1680","page","type-page","status-publish","hentry"],"_links":{"self":[{"href":"https:\/\/verserzaehler.wababbel.de\/index.php?rest_route=\/wp\/v2\/pages\/1680","targetHints":{"allow":["GET"]}}],"collection":[{"href":"https:\/\/verserzaehler.wababbel.de\/index.php?rest_route=\/wp\/v2\/pages"}],"about":[{"href":"https:\/\/verserzaehler.wababbel.de\/index.php?rest_route=\/wp\/v2\/types\/page"}],"author":[{"embeddable":true,"href":"https:\/\/verserzaehler.wababbel.de\/index.php?rest_route=\/wp\/v2\/users\/15"}],"replies":[{"embeddable":true,"href":"https:\/\/verserzaehler.wababbel.de\/index.php?rest_route=%2Fwp%2Fv2%2Fcomments&post=1680"}],"version-history":[{"count":8,"href":"https:\/\/verserzaehler.wababbel.de\/index.php?rest_route=\/wp\/v2\/pages\/1680\/revisions"}],"predecessor-version":[{"id":5316,"href":"https:\/\/verserzaehler.wababbel.de\/index.php?rest_route=\/wp\/v2\/pages\/1680\/revisions\/5316"}],"up":[{"embeddable":true,"href":"https:\/\/verserzaehler.wababbel.de\/index.php?rest_route=\/wp\/v2\/pages\/779"}],"wp:attachment":[{"href":"https:\/\/verserzaehler.wababbel.de\/index.php?rest_route=%2Fwp%2Fv2%2Fmedia&parent=1680"}],"curies":[{"name":"wp","href":"https:\/\/api.w.org\/{rel}","templated":true}]}}