{"id":4037,"date":"2015-04-03T23:28:43","date_gmt":"2015-04-03T22:28:43","guid":{"rendered":"http:\/\/www.wababbel.de\/ferdi\/?page_id=4037"},"modified":"2020-07-27T23:31:43","modified_gmt":"2020-07-27T22:31:43","slug":"der-gesundbrunnen","status":"publish","type":"page","link":"https:\/\/verserzaehler.wababbel.de\/?page_id=4037","title":{"rendered":"V. W. Neubeck: Die Gesundbrunnen"},"content":{"rendered":"<p>Valerius Wilhelm Neubeck, geboren 1765, gestorben 1850, war von Beruf Arzt. Verse hat er auch gemacht, aber nicht viele; und &#8222;Die Gesundbrunnen&#8220;, ein allerdings umfangreiches Lehrgedicht in vier Ges\u00e4ngen, geschrieben in Hexametern, ist sein einziges wirklich bekannt gewordenes Werk.<\/p>\n<p>Und selbst das war nicht selbstverst\u00e4ndlich: Ver\u00f6ffentlicht 1795 blieb das Werk zwei Jahre lang g\u00e4nzlich unbeachtet, ehe August Wilhelm Schlegel es in der &#8222;Jenaer Allgemeinen Literaturzeitung&#8220; sehr wohlwollend besprach und so den Ansto\u00df gab f\u00fcr seine dann weite Verbreitung und hohe Wertsch\u00e4tzung. (Neben dem eigentlichen Gedicht gibt es beim Verserz\u00e4hler auch <a href=\"http:\/\/www.wababbel.de\/ferdi\/worum-es-geht\/gesammeltes\/im-hexameter\/der-gesundbrunnen\/rezension-a-w-schlegel\/\" target=\"_blank\" rel=\"noopener noreferrer\">die Besprechung <\/a>zu lesen!)<\/p>\n<p>Die hier vorgestellte Fassung ist die der 2. Auflage des Gedichts, die 1798 bei G\u00f6schen erschienen ist:<\/p>\n<p><a href=\"http:\/\/www.wababbel.de\/ferdi\/worum-es-geht\/gesammeltes\/im-hexameter\/der-gesundbrunnen\/erster-gesang\/\" target=\"_blank\" rel=\"noopener noreferrer\">Erster Gesang<\/a><\/p>\n<p><a href=\"http:\/\/www.wababbel.de\/ferdi\/worum-es-geht\/gesammeltes\/im-hexameter\/der-gesundbrunnen\/zweiter-gesang\/\" target=\"_blank\" rel=\"noopener noreferrer\">Zweiter Gesang<\/a><\/p>\n<p><a href=\"http:\/\/www.wababbel.de\/ferdi\/worum-es-geht\/gesammeltes\/im-hexameter\/der-gesundbrunnen\/dritter-gesang\/\" target=\"_blank\" rel=\"noopener noreferrer\">Dritter Gesang<\/a><\/p>\n<p><a href=\"http:\/\/www.wababbel.de\/ferdi\/worum-es-geht\/gesammeltes\/im-hexameter\/der-gesundbrunnen\/vierter-gesang\/\" target=\"_blank\" rel=\"noopener noreferrer\">Vierter Gesang<\/a><\/p>\n<p>Am Ende jedes Gesangs stehen die vom Verfasser beigegebenen &#8222;Erkl\u00e4rungen&#8220;; die erkl\u00e4rten Begriffe und Textstellen sind im Text<span style=\"color: #993366\"> farbig<\/span> hervorgehoben! Die Rechtschreibung und die Zeichensetzung habe ich nach bestem Wissen und Gewissen \u00fcberall da, wo es nicht in den Vortrag eingreift, den heutigen Gepflogenheiten angepasst.<\/p>\n<p>Warum aber sollte man heutzutage \u00fcberhaupt noch &#8222;Die Gesundbrunnen&#8220; lesen? Lehrgedichte sind g\u00e4nzlich au\u00dfer Gebrauch gekommen (beziehungsweise, wie auch Schlegel anmerkt: sind im Deutschen nie richtig in Gebrauch gekommen), und das in ihnen versammelte Wissen hat nach \u00fcber 200 Jahren ohnehin keinerlei Wert mehr!<\/p>\n<p>Neubeck war keinesfalls ein gro\u00dfer Dichter, doch die Art, wie er das Gedicht aufbaut, ist schon alleine einen Blick wert; n\u00e4mlich nicht als trockene Wissensvermittlung, sondern immer erz\u00e4hlend, nie den Blick f\u00fcr das Epische verlierend. Dieses Epische braucht der Hexameter, um lebendig werden zu k\u00f6nnen; und umgekehrt vermittelt sich das Erz\u00e4hlende gerade durch den Hexameter sehr nachdr\u00fccklich!<\/p>\n<p>Schaut man also unter die mythologische Verbr\u00e4mung, erkennt man trotz aller Nymphen und Najaden einen wirklich klug aufgebauten Text und bekommt auch einen Ansto\u00df, wie denn ein Lehrgedicht aufgebaut sein kann; wie es ihm gelingen kann, Lehre und Dichtung zugleich zu sein.<\/p>\n<p>F\u00fcr diejenigen, die sich mit dem Hexameter besch\u00e4ftigen, ist es gleichfalls ein sehr anregendes Gedicht. Neubeck schreibt einen sehr gepflegten, ausgewogenen Hexameter, und wenn ihm auch manchmal ein Vers missgl\u00fcckt (Selbst nach anl\u00e4sslich der zweiten Auflage erfolgten Verbesserungen findet sich noch macher solche Vers), so gibt es doch neben Strecken, die nur durchschnittliche Verskunst bieten, auch immer wieder lange Abschnitte, die zu lesen eine wahre Freude ist! Die Hexameter bewegen sich dann abwechslungsreich und sind kr\u00e4ftig und wohlklingend.<\/p>\n<p>Schlegel geht nur knapp auf den Vers des Gedichts ein, wer mag, kann seine Ausf\u00fchrungen vergleichen mit den <a href=\"http:\/\/www.wababbel.de\/ferdi\/worum-es-geht\/gesammeltes\/im-hexameter\/der-gesundbrunnen\/zu-neubecks-hexameter\/\" target=\"_blank\" rel=\"noopener noreferrer\">Anmerkungen<\/a>, die sich in der &#8222;Jenaischen Allgemeinen Literaturzeitung (Januar 1807)&#8220; finden anl\u00e4sslich einer Besprechung von &#8222;Rom&#8220;, einer schlegelschen Elegie!<\/p>\n","protected":false},"excerpt":{"rendered":"<p>Valerius Wilhelm Neubeck, geboren 1765, gestorben 1850, war von Beruf Arzt. Verse hat er auch gemacht, aber nicht viele; und &#8222;Die Gesundbrunnen&#8220;, ein allerdings umfangreiches Lehrgedicht in vier Ges\u00e4ngen, geschrieben in Hexametern, ist sein einziges wirklich bekannt gewordenes Werk. Und selbst das war nicht selbstverst\u00e4ndlich: Ver\u00f6ffentlicht 1795 blieb das Werk zwei Jahre lang g\u00e4nzlich unbeachtet,&#8230; <a class=\"more-link\" href=\"https:\/\/verserzaehler.wababbel.de\/?page_id=4037\">Read More <span class=\"screen-reader-text\"> in V. W. Neubeck: Die Gesundbrunnen<\/span><\/a><\/p>\n","protected":false},"author":15,"featured_media":0,"parent":10210,"menu_order":0,"comment_status":"open","ping_status":"closed","template":"","meta":{"footnotes":""},"class_list":["post-4037","page","type-page","status-publish","hentry"],"_links":{"self":[{"href":"https:\/\/verserzaehler.wababbel.de\/index.php?rest_route=\/wp\/v2\/pages\/4037","targetHints":{"allow":["GET"]}}],"collection":[{"href":"https:\/\/verserzaehler.wababbel.de\/index.php?rest_route=\/wp\/v2\/pages"}],"about":[{"href":"https:\/\/verserzaehler.wababbel.de\/index.php?rest_route=\/wp\/v2\/types\/page"}],"author":[{"embeddable":true,"href":"https:\/\/verserzaehler.wababbel.de\/index.php?rest_route=\/wp\/v2\/users\/15"}],"replies":[{"embeddable":true,"href":"https:\/\/verserzaehler.wababbel.de\/index.php?rest_route=%2Fwp%2Fv2%2Fcomments&post=4037"}],"version-history":[{"count":22,"href":"https:\/\/verserzaehler.wababbel.de\/index.php?rest_route=\/wp\/v2\/pages\/4037\/revisions"}],"predecessor-version":[{"id":10212,"href":"https:\/\/verserzaehler.wababbel.de\/index.php?rest_route=\/wp\/v2\/pages\/4037\/revisions\/10212"}],"up":[{"embeddable":true,"href":"https:\/\/verserzaehler.wababbel.de\/index.php?rest_route=\/wp\/v2\/pages\/10210"}],"wp:attachment":[{"href":"https:\/\/verserzaehler.wababbel.de\/index.php?rest_route=%2Fwp%2Fv2%2Fmedia&parent=4037"}],"curies":[{"name":"wp","href":"https:\/\/api.w.org\/{rel}","templated":true}]}}