{"id":4070,"date":"2015-04-03T23:21:47","date_gmt":"2015-04-03T21:21:47","guid":{"rendered":"http:\/\/www.wababbel.de\/ferdi\/?page_id=4070"},"modified":"2020-09-07T16:20:35","modified_gmt":"2020-09-07T15:20:35","slug":"im-hexameter","status":"publish","type":"page","link":"https:\/\/verserzaehler.wababbel.de\/?page_id=4070","title":{"rendered":"IM Hexameter"},"content":{"rendered":"<p>Hier versammeln sich verschiedene im Hexameter geschriebenen Texte, die mir aufgefallen sind und (noch) nicht ohne Schwierigkeiten im Netz verf\u00fcgbar sind. Sie geh\u00f6ren zu ganz verschiedenen Gattungen und sind daher \u00fcber die entsprechenden Unterseiten erreichbar:<\/p>\n<p><a href=\"http:\/\/www.wababbel.de\/ferdi\/gesammeltes\/im-hexameter\/epen\/\">Epen<\/a><\/p>\n<p><a href=\"http:\/\/www.wababbel.de\/ferdi\/gesammeltes\/im-hexameter\/epigramme\/\">Epigramme<\/a><\/p>\n<p><a href=\"http:\/\/www.wababbel.de\/ferdi\/gesammeltes\/im-hexameter\/episteln\/\">Episteln<\/a><\/p>\n<p><a href=\"http:\/\/www.wababbel.de\/ferdi\/gesammeltes\/im-hexameter\/hymnen\/\">Hymnen<\/a><\/p>\n<p><a href=\"http:\/\/www.wababbel.de\/ferdi\/gesammeltes\/im-hexameter\/idyllen\/\">Idyllen<\/a><\/p>\n<p><a href=\"http:\/\/www.wababbel.de\/ferdi\/gesammeltes\/im-hexameter\/legenden\/\">Legenden<\/a><\/p>\n<p><a href=\"http:\/\/www.wababbel.de\/ferdi\/gesammeltes\/im-hexameter\/lehrgedichte\/\">Lehrgedichte<\/a><\/p>\n<p><a href=\"http:\/\/www.wababbel.de\/ferdi\/gesammeltes\/im-hexameter\/verschiedenes\/\">Verschiedenes<\/a><\/p>\n\n\n<p><\/p>\n","protected":false},"excerpt":{"rendered":"<p>Hier versammeln sich verschiedene im Hexameter geschriebenen Texte, die mir aufgefallen sind und (noch) nicht ohne Schwierigkeiten im Netz verf\u00fcgbar sind. Sie geh\u00f6ren zu ganz verschiedenen Gattungen und sind daher \u00fcber die entsprechenden Unterseiten erreichbar: Epen Epigramme Episteln Hymnen Idyllen Legenden Lehrgedichte Verschiedenes<\/p>\n","protected":false},"author":15,"featured_media":0,"parent":777,"menu_order":0,"comment_status":"open","ping_status":"open","template":"","meta":{"footnotes":""},"class_list":["post-4070","page","type-page","status-publish","hentry"],"_links":{"self":[{"href":"https:\/\/verserzaehler.wababbel.de\/index.php?rest_route=\/wp\/v2\/pages\/4070","targetHints":{"allow":["GET"]}}],"collection":[{"href":"https:\/\/verserzaehler.wababbel.de\/index.php?rest_route=\/wp\/v2\/pages"}],"about":[{"href":"https:\/\/verserzaehler.wababbel.de\/index.php?rest_route=\/wp\/v2\/types\/page"}],"author":[{"embeddable":true,"href":"https:\/\/verserzaehler.wababbel.de\/index.php?rest_route=\/wp\/v2\/users\/15"}],"replies":[{"embeddable":true,"href":"https:\/\/verserzaehler.wababbel.de\/index.php?rest_route=%2Fwp%2Fv2%2Fcomments&post=4070"}],"version-history":[{"count":5,"href":"https:\/\/verserzaehler.wababbel.de\/index.php?rest_route=\/wp\/v2\/pages\/4070\/revisions"}],"predecessor-version":[{"id":10344,"href":"https:\/\/verserzaehler.wababbel.de\/index.php?rest_route=\/wp\/v2\/pages\/4070\/revisions\/10344"}],"up":[{"embeddable":true,"href":"https:\/\/verserzaehler.wababbel.de\/index.php?rest_route=\/wp\/v2\/pages\/777"}],"wp:attachment":[{"href":"https:\/\/verserzaehler.wababbel.de\/index.php?rest_route=%2Fwp%2Fv2%2Fmedia&parent=4070"}],"curies":[{"name":"wp","href":"https:\/\/api.w.org\/{rel}","templated":true}]}}