{"id":4072,"date":"2015-04-03T23:22:14","date_gmt":"2015-04-03T21:22:14","guid":{"rendered":"http:\/\/www.wababbel.de\/ferdi\/?page_id=4072"},"modified":"2020-01-26T23:06:14","modified_gmt":"2020-01-26T22:06:14","slug":"ueber-hexameter","status":"publish","type":"page","link":"https:\/\/verserzaehler.wababbel.de\/?page_id=4072","title":{"rendered":"\u00dcBER Hexameter"},"content":{"rendered":"<p>Warum &#8222;alte&#8220; Texte?! Einmal gibt es nicht viele heutige theoretische Schriften, die wirklich in die Tiefe gehen beim Versuch, den (heutigen) Hexameter zu verstehen und zu erkl\u00e4ren; und das wenige, was vorliegt, ist nicht in Hinblick auf das eigene Schreiben von Hexametern verfasst, sondern mit Hinblick auf seine N\u00fctzlichkeit bei der Auslegung von Gedichten.<\/p>\n<p>Die theoretischen Schriften des 18. und 19. Jahrhunderts dagegen haben immer das Schaffen von neuen Versen im Blick, und zudem sind sie mit Herzblut geschrieben; der Hexameter war ein Gegenstand von gewaltigem Interesse!<\/p>\n<p>Daf\u00fcr muss man dann die nicht mehr ganz zeitgem\u00e4\u00dfe Sprache in Kauf nehmen, im Besonderen eine andere \/ \u00e4ltere Art von Fachbegriffen; aber gerade letztere l\u00e4sst sich im allgemeinen verschmerzen und kommt auch gar nicht sooo h\u00e4ufig vor.<\/p>\n<p><strong>Die Texte:<\/strong><\/p>\n<p><a href=\"http:\/\/www.wababbel.de\/ferdi\/worum-es-geht\/gesammeltes\/ueber-hexameter\/j-minor-der-hexameter\/\" target=\"_blank\" rel=\"noopener noreferrer\">Der Hexameter<\/a> von Jacob Minor. Dieser Auszug aus Minors &#8222;Neuhochdeutscher Metrik&#8220; ist eine recht sp\u00e4te, umfangreiche Vorstellung des Hexameters. Eine sehr gute Grundlage f\u00fcr das Verst\u00e4ndnis des Verses wie f\u00fcr die weitere Besch\u00e4ftigung mit ihm!<\/p>\n<p><a href=\"http:\/\/www.wababbel.de\/ferdi\/worum-es-geht\/gesammeltes\/ueber-hexameter\/a-heusler-der-hexameter\/\" target=\"_blank\" rel=\"noopener noreferrer\">Der Hexameter<\/a> von Andreas Heusler. Hinter\u00a0diesem &#8211; zugegebenerma\u00dfen nicht sehr geistreichen &#8211; Oberbegriff versammeln sich einzelne Abschnitte \u00a0aus dem dritten Band von Heuslers &#8222;Deutscher Versgeschichte&#8220;. Ein ganz wichtiger Metriker, ein ganz wichtiges Buch; also kann man hier viel lernen, ist Heuslers Ausdrucksweise auch oft etwas gew\u00f6hnungsbed\u00fcrftig &#8230;<\/p>\n<p><a href=\"http:\/\/www.wababbel.de\/ferdi\/worum-es-geht\/gesammeltes\/ueber-hexameter\/einiges-ueber-goethes-vers\/\" target=\"_blank\" rel=\"noopener noreferrer\">Einiges zu Goethes Vers<\/a> von Victor Hehn. Hehn hat eine feste Meinung, und was der nicht entspricht, kommt nicht so gut weg. Aber das macht nichts, den er begr\u00fcndet gut und wissensreich, weswegen man auch viel mitnehmen kann, wenn man nicht seiner Meinung ist.<\/p>\n<p><a href=\"http:\/\/www.wababbel.de\/ferdi\/worum-es-geht\/gesammeltes\/ueber-hexameter\/zum-deutschen-hexameter-goetzinger\/\" target=\"_blank\" rel=\"noopener noreferrer\">Zum deutschen Hexameter<\/a>\u00a0Ernst G\u00f6tzinger schaut ausf\u00fchrlich auf die Verteilung von Daktylen und Troch\u00e4en bei verschiedensten Verfassern (Neue Jahrb\u00fccher f\u00fcr Philologie und P\u00e4dogogik, II. Abteilung, 1869, Heft 5).<\/p>\n<p><a href=\"http:\/\/www.wababbel.de\/ferdi\/worum-es-geht\/gesammeltes\/ueber-hexameter\/f-kauffmann-zum-hexameter\/\" target=\"_blank\" rel=\"noopener noreferrer\">F. Kauffmann zum Hexameter<\/a> Friedrich Kaufmann hat 1907 eine recht schmale, aber gar nicht schlechte &#8222;Deutsche Metrik&#8220; ver\u00f6ffentlicht; seine Gedanken zum Hexameter sind in jedem Fall lesenswert.<\/p>\n<p><a href=\"http:\/\/www.wababbel.de\/ferdi\/worum-es-geht\/gesammeltes\/ueber-hexameter\/j-h-voss-georgica-vorrede\/\" target=\"_blank\" rel=\"noopener noreferrer\">J. H. Voss: Georgica-Vorrede<\/a> Einer der klassischen theoretischen Texte zum Hexameter. Heute nicht mehr ganz auf dem Stand der Dinge, aber eben ein wichtiger Ausgangspunkt.<\/p>\n<p><a href=\"http:\/\/www.wababbel.de\/ferdi\/worum-es-geht\/gesammeltes\/ueber-hexameter\/j-g-herder-regeln-des-hexameters\/\" target=\"_blank\" rel=\"noopener noreferrer\">J. G. Herder: Regeln des Hexameters<\/a> Ein sehr kurzer, aber trotzdem alles auf den Punkt bringender Text; von einem, der sich nachweislich auskannte mit Versen und Literatur!<\/p>\n<p><a href=\"http:\/\/www.wababbel.de\/ferdi\/worum-es-geht\/gesammeltes\/ueber-hexameter\/die-zehn-tugenden\/\" target=\"_blank\" rel=\"noopener noreferrer\">Die zehn Tugenden<\/a> aus Friedrich Schmitthenners &#8222;Teutonia&#8220; bzw. aus August Apels &#8222;Metrik&#8220;. Kein gro\u00dfartig wichtiger Text, mehr ein Beispiel daf\u00fcr, bis in welche Randbereiche die Ansichten der Verfasser vordrangen.<\/p>\n<p><a href=\"http:\/\/www.wababbel.de\/ferdi\/worum-es-geht\/gesammeltes\/ueber-hexameter\/r-hamerling-der-hexameter-im-koenig-von-sion\/\" target=\"_blank\" rel=\"noopener noreferrer\">R. Hamerling: Der Hexameter im &#8222;K\u00f6nig von Sion&#8220;<\/a> Rudolf Hamerling war kein gro\u00dfer Dichter und der &#8222;K\u00f6nig von Sion&#8220; ist kein erstklassiges Werk; aber was Hamerling schreibt \u00fcber die Grundlagen, nach denen er den Hexameter seines Werkes gestaltet hat, meint: Welche Wirkungen er erzielen wollte und wie er daf\u00fcr an welchen Stellschrauben gedreht hat, liest sich doch aufschlussreich.<\/p>\n<p><a href=\"http:\/\/www.wababbel.de\/ferdi\/gesammeltes\/ueber-hexameter\/franz-ficker-der-heroische-vers\/\">Franz Ficker: Der heroische Vers<\/a> Eine kurze Erkl\u00e4rung des Hexameters ohne Beispiele, von daher eher f\u00fcr schon erfahrenere Hexametristen geeignet. Ficker w\u00e4hlt aus den M\u00f6glichkeiten des Verses aus &#8222;(richtig&#8220; \/ &#8222;falsch&#8220;), erreicht dabei aber eine geschlossene, nachvollziehbare Darstellung, der man folgen kann, aber nicht muss; einzelne Punkte sind dabei in jedem Fall bedenkenswert.<\/p>\n<p><a href=\"http:\/\/www.wababbel.de\/ferdi\/gesammeltes\/ueber-hexameter\/c-f-edler-der-hexameter\/\">C. F. Edler: Der Hexameter<\/a> Eine ausf\u00fchrliche Einf\u00fchrung in den Hexameter mit vielen Beispielversen, die das Dargestellte gut verdeutlichen. Etwas vorsichtig sollte man gegen\u00fcber den Ausf\u00fchrungen zur Z\u00e4sur sein, die nicht immer nachvollziehbar sind.<\/p>\n<p><a href=\"http:\/\/www.wababbel.de\/ferdi\/gesammeltes\/ueber-hexameter\/f-fergar-das-heroische-versmass\/\">F. Fergar: Das heroische Versma\u00df<\/a> Eine knappe, aber trotzdem vollst\u00e4ndige Einf\u00fchrung in den Hexameter, die die wichtigsten Punkte auch mit Beispielen verdeutlicht. Ein guter Einstieg!<\/p>\n","protected":false},"excerpt":{"rendered":"<p>Warum &#8222;alte&#8220; Texte?! Einmal gibt es nicht viele heutige theoretische Schriften, die wirklich in die Tiefe gehen beim Versuch, den (heutigen) Hexameter zu verstehen und zu erkl\u00e4ren; und das wenige, was vorliegt, ist nicht in Hinblick auf das eigene Schreiben von Hexametern verfasst, sondern mit Hinblick auf seine N\u00fctzlichkeit bei der Auslegung von Gedichten. Die&#8230; <a class=\"more-link\" href=\"https:\/\/verserzaehler.wababbel.de\/?page_id=4072\">Read More <span class=\"screen-reader-text\"> in \u00dcBER Hexameter<\/span><\/a><\/p>\n","protected":false},"author":15,"featured_media":0,"parent":777,"menu_order":1,"comment_status":"open","ping_status":"open","template":"","meta":{"footnotes":""},"class_list":["post-4072","page","type-page","status-publish","hentry"],"_links":{"self":[{"href":"https:\/\/verserzaehler.wababbel.de\/index.php?rest_route=\/wp\/v2\/pages\/4072","targetHints":{"allow":["GET"]}}],"collection":[{"href":"https:\/\/verserzaehler.wababbel.de\/index.php?rest_route=\/wp\/v2\/pages"}],"about":[{"href":"https:\/\/verserzaehler.wababbel.de\/index.php?rest_route=\/wp\/v2\/types\/page"}],"author":[{"embeddable":true,"href":"https:\/\/verserzaehler.wababbel.de\/index.php?rest_route=\/wp\/v2\/users\/15"}],"replies":[{"embeddable":true,"href":"https:\/\/verserzaehler.wababbel.de\/index.php?rest_route=%2Fwp%2Fv2%2Fcomments&post=4072"}],"version-history":[{"count":11,"href":"https:\/\/verserzaehler.wababbel.de\/index.php?rest_route=\/wp\/v2\/pages\/4072\/revisions"}],"predecessor-version":[{"id":9776,"href":"https:\/\/verserzaehler.wababbel.de\/index.php?rest_route=\/wp\/v2\/pages\/4072\/revisions\/9776"}],"up":[{"embeddable":true,"href":"https:\/\/verserzaehler.wababbel.de\/index.php?rest_route=\/wp\/v2\/pages\/777"}],"wp:attachment":[{"href":"https:\/\/verserzaehler.wababbel.de\/index.php?rest_route=%2Fwp%2Fv2%2Fmedia&parent=4072"}],"curies":[{"name":"wp","href":"https:\/\/api.w.org\/{rel}","templated":true}]}}