{"id":4251,"date":"2015-04-21T13:15:16","date_gmt":"2015-04-21T11:15:16","guid":{"rendered":"http:\/\/www.wababbel.de\/ferdi\/?page_id=4251"},"modified":"2015-10-03T19:18:13","modified_gmt":"2015-10-03T17:18:13","slug":"j-minor-der-hexameter","status":"publish","type":"page","link":"https:\/\/verserzaehler.wababbel.de\/?page_id=4251","title":{"rendered":"J. Minor: Der Hexameter"},"content":{"rendered":"<p>Diese Seite ist eine Unterseite zur Seite <a href=\"http:\/\/www.wababbel.de\/ferdi\/worum-es-geht\/gesammeltes\/ueber-hexameter\/\" target=\"_blank\">\u00dcber Hexameter<\/a>, auf der viele weitere Texte \u00fcber den Hexameter zu finden sind.<\/p>\n<p><strong>Aus: Jacob Minor, Neuhochdeutsche Metrik, 2. Auflage; Tr\u00fcbner 1902. Seite 281-311.<\/strong><\/p>\n<p>Jacob Minor gibt auf diesen drei\u00dfig Seiten einen umfangreichen Einblick in das Wesen und die M\u00f6glichkeiten des Hexameters. Angesichts der L\u00e4nge habe ich f\u00fcr die verschiedenen Inhalte Unterseiten angelegt, die auch \u00fcber die folgenden Links zu erreichen sind.<\/p>\n<p>Noch ein Wort zur metrischen Darstellung:\u00a0 <span style=\"color: #ff0000\">&#8222;<span class=\"postbody\">\u2014<\/span>\u00a0<\/span> meint eine lange, betonte Silbe, <span style=\"color: #ff0000\">&#8218;<span class=\"postbody\">\u2014<\/span><\/span> ist eine lange und nebenbetonte Silbe;\u00a0 <span style=\"color: #ff0000\"><span class=\"postbody\">\u2014<\/span><\/span> steht f\u00fcr eine lange Silbe ohne Betonung, und <span style=\"color: #ff0000\">v <\/span> kennzeichnet eine kurze (und unbetonte) Silbe!\u00a0 Die Z\u00e4sur und andere Verseinschnitte sind an einem <span style=\"color: #ff0000\">|<\/span> erkennbar. Im Wortlaut eine Verses wird die Hauptbetonung so: B<em>\u00fach<\/em>, die Nebenbetonung so: <em>Buchd\u00e8ckel <\/em>dargestellt.<\/p>\n<p>Ich beabsichtige, nach und nach einige Anmerkungen hinzuzuf\u00fcgen; auf sie weisen im Text Zahlen hin: <em>(1), (2) &#8230;<\/em>\u00a0 Sie folgen am Ende der Seite.<\/p>\n<p><a href=\"http:\/\/www.wababbel.de\/ferdi\/worum-es-geht\/gesammeltes\/ueber-hexameter\/j-minor-der-hexameter\/allgemeines\/\" target=\"_blank\">Allgemeines<\/a><\/p>\n<p><a href=\"http:\/\/www.wababbel.de\/ferdi\/worum-es-geht\/gesammeltes\/ueber-hexameter\/j-minor-der-hexameter\/der-versschluss\/\" target=\"_blank\">Der Versschluss<\/a><\/p>\n<p><a href=\"http:\/\/www.wababbel.de\/ferdi\/worum-es-geht\/gesammeltes\/ueber-hexameter\/j-minor-der-hexameter\/die-zaesur\/\" target=\"_blank\">Die Z\u00e4sur<\/a><\/p>\n<p><a href=\"http:\/\/www.wababbel.de\/ferdi\/worum-es-geht\/gesammeltes\/ueber-hexameter\/j-minor-der-hexameter\/die-wortfuesse\/\" target=\"_blank\">Die Wortf\u00fc\u00dfe<\/a><\/p>\n<p><a href=\"http:\/\/www.wababbel.de\/ferdi\/worum-es-geht\/gesammeltes\/ueber-hexameter\/j-minor-der-hexameter\/die-versfuesse\/\">Die Versf\u00fc\u00dfe<\/a><\/p>\n<p><a href=\"http:\/\/www.wababbel.de\/ferdi\/worum-es-geht\/gesammeltes\/ueber-hexameter\/j-minor-der-hexameter\/das-verhaeltnis-der-versfuesse\/\" target=\"_blank\">Das Verh\u00e4ltnis der Versf\u00fc\u00dfe<\/a><\/p>\n<p><a href=\"http:\/\/www.wababbel.de\/ferdi\/worum-es-geht\/gesammeltes\/ueber-hexameter\/j-minor-der-hexameter\/der-akzent\/\" target=\"_blank\">Der Akzent<\/a><\/p>\n<p><a href=\"http:\/\/www.wababbel.de\/ferdi\/worum-es-geht\/gesammeltes\/ueber-hexameter\/j-minor-der-hexameter\/die-taktdauer\/\" target=\"_blank\">Die Taktdauer<\/a><\/p>\n<p><a href=\"http:\/\/www.wababbel.de\/ferdi\/worum-es-geht\/gesammeltes\/ueber-hexameter\/j-minor-der-hexameter\/hexameter-und-knittel\/\" target=\"_blank\">Hexameter und Knittel<\/a><\/p>\n<p><a href=\"http:\/\/www.wababbel.de\/ferdi\/worum-es-geht\/gesammeltes\/ueber-hexameter\/j-minor-der-hexameter\/die-trochaeen\/\" target=\"_blank\">Die Troch\u00e4en<\/a><\/p>\n<p><a href=\"http:\/\/www.wababbel.de\/ferdi\/worum-es-geht\/gesammeltes\/ueber-hexameter\/j-minor-der-hexameter\/einfluss-auf-den-stil\/\" target=\"_blank\">Der Stil<\/a><\/p>\n<p><a href=\"http:\/\/www.wababbel.de\/ferdi\/worum-es-geht\/gesammeltes\/ueber-hexameter\/j-minor-der-hexameter\/geschichte\/\" target=\"_blank\">Geschichte<\/a><\/p>\n","protected":false},"excerpt":{"rendered":"<p>Diese Seite ist eine Unterseite zur Seite \u00dcber Hexameter, auf der viele weitere Texte \u00fcber den Hexameter zu finden sind. Aus: Jacob Minor, Neuhochdeutsche Metrik, 2. Auflage; Tr\u00fcbner 1902. Seite 281-311. Jacob Minor gibt auf diesen drei\u00dfig Seiten einen umfangreichen Einblick in das Wesen und die M\u00f6glichkeiten des Hexameters. Angesichts der L\u00e4nge habe ich f\u00fcr&#8230; <a class=\"more-link\" href=\"https:\/\/verserzaehler.wababbel.de\/?page_id=4251\">Read More <span class=\"screen-reader-text\"> in J. Minor: Der Hexameter<\/span><\/a><\/p>\n","protected":false},"author":15,"featured_media":0,"parent":4072,"menu_order":5,"comment_status":"open","ping_status":"open","template":"","meta":{"footnotes":""},"class_list":["post-4251","page","type-page","status-publish","hentry"],"_links":{"self":[{"href":"https:\/\/verserzaehler.wababbel.de\/index.php?rest_route=\/wp\/v2\/pages\/4251","targetHints":{"allow":["GET"]}}],"collection":[{"href":"https:\/\/verserzaehler.wababbel.de\/index.php?rest_route=\/wp\/v2\/pages"}],"about":[{"href":"https:\/\/verserzaehler.wababbel.de\/index.php?rest_route=\/wp\/v2\/types\/page"}],"author":[{"embeddable":true,"href":"https:\/\/verserzaehler.wababbel.de\/index.php?rest_route=\/wp\/v2\/users\/15"}],"replies":[{"embeddable":true,"href":"https:\/\/verserzaehler.wababbel.de\/index.php?rest_route=%2Fwp%2Fv2%2Fcomments&post=4251"}],"version-history":[{"count":43,"href":"https:\/\/verserzaehler.wababbel.de\/index.php?rest_route=\/wp\/v2\/pages\/4251\/revisions"}],"predecessor-version":[{"id":5188,"href":"https:\/\/verserzaehler.wababbel.de\/index.php?rest_route=\/wp\/v2\/pages\/4251\/revisions\/5188"}],"up":[{"embeddable":true,"href":"https:\/\/verserzaehler.wababbel.de\/index.php?rest_route=\/wp\/v2\/pages\/4072"}],"wp:attachment":[{"href":"https:\/\/verserzaehler.wababbel.de\/index.php?rest_route=%2Fwp%2Fv2%2Fmedia&parent=4251"}],"curies":[{"name":"wp","href":"https:\/\/api.w.org\/{rel}","templated":true}]}}