{"id":4387,"date":"2015-05-09T14:05:57","date_gmt":"2015-05-09T12:05:57","guid":{"rendered":"http:\/\/www.wababbel.de\/ferdi\/?page_id=4387"},"modified":"2015-05-09T14:05:57","modified_gmt":"2015-05-09T12:05:57","slug":"die-zaesur","status":"publish","type":"page","link":"https:\/\/verserzaehler.wababbel.de\/?page_id=4387","title":{"rendered":"Die Z\u00e4sur"},"content":{"rendered":"<p><strong>Die Z\u00e4sur<\/strong><\/p>\n<p>Der Hexameter gestattet die reichste Mannigfaltigkeit der Gliederung durch Abwechslung in den Z\u00e4suren. Es sind sechzehn Z\u00e4suren m\u00f6glich und f\u00fcr alle F\u00e4lle lie\u00dfen sich Beispiele anf\u00fchren. Da ferner neben der\u00a0 Hauptz\u00e4sur auch Nebenz\u00e4suren eintreten, kommen auch die Kombinationen in Betracht, die ins Un\u00fcbersehbare gehen. Ganz vermieden wird der Versabschnitt, im Griechischen sogar der Wortschluss, nach dem dritten Fu\u00df, durch den der Vers in zwei fast ganz gleiche Teile zerfiele; besonders anst\u00f6\u00dfig ist das folgende Beispiel:<\/p>\n<p>Sei du dann <span style=\"color: #ff0000\">|<\/span> h\u00fclfreich dem <span style=\"color: #ff0000\">|<\/span> Volke, <span style=\"color: #ff0000\">|<\/span> wie du es <span style=\"color: #ff0000\">|<\/span> Sterblicher <span style=\"color: #ff0000\">|<\/span> wolltest<\/p>\n<p>weil hier ein Troch\u00e4us vor der Z\u00e4sur und am Versschluss steht, die beiden H\u00e4lften also v\u00f6llig gleich sind. Goethe hat daher den Vers sp\u00e4ter umgearbeitet:<\/p>\n<p>H\u00fclfreich <span style=\"color: #ff0000\">|<\/span> werde dem <span style=\"color: #ff0000\">|<\/span> Volke! So <span style=\"color: #ff0000\">|<\/span> wie du ein <span style=\"color: #ff0000\">|<\/span> Sterblicher <span style=\"color: #ff0000\">|<\/span> wolltest<\/p>\n<p>Aber auch zu nahe ans Ende oder an den Anfang des Verses darf die Z\u00e4sur nicht fallen, wenn sie den Vers gliedern soll. Allerdings hat Voss eine Vorliebe f\u00fcr die Z\u00e4sur vor der letzten Silbe, die sich mit dem Versschluss auf ein einsilbiges Wort so gern verbindet; aber nicht blo\u00df un den oben zitierten Beispielen, sondern auch in den folgenden:<\/p>\n<p>Grablos bleib&#8216; Ajax! So gebeust du, Atrid; Und warum? Sprich!<\/p>\n<p>Sagt uns: nichts ist genug; weil jeder, soviel er besitzt, gilt<\/p>\n<p>bilden die letzten Worte doch nur eine Nebenz\u00e4sur, die dem Rhythmus freilich auch so nicht zum Vorteil gereicht: denn sie bef\u00f6rdert das schon durch den Akzent veranlasste Zerfallen des einen Versfu\u00dfes in zwei (anstatt <em>wa<\/em><span style=\"color: #ff0000\">|<\/span><em>r\u00fam? Spr\u00edch! <\/em><span style=\"color: #ff0000\">|<\/span> vielmehr<em> wa<\/em><span style=\"color: #ff0000\">|<\/span><em>r\u00fam?<\/em> <span style=\"color: #ff0000\">| <\/span><em>Spr\u00edch!<\/em> nur noch mehr.<\/p>\n<p>Am beliebtesten ist deshalb der Verseinschnitt im dritten Fu\u00df (von den Grammatikern <em>Penthemimeres<\/em> genannt), der den Vers in zwei ungef\u00e4hr, jedoch nicht ganz gleiche Teile gliedert und sowohl m\u00e4nnlich als auch weiblich sein kann; der weibliche (auch \u03ba\u03b1\u03c4\u03b1 \u03c4\u03c1\u03b9\u03c4\u03bf\u03bd \u03c4\u03c1\u03bf\u03c7\u03b1\u03b9\u03bf\u03bd genannt) ist im Deutschen h\u00e4ufiger:<\/p>\n<p>\u00dcber das hohe Gew\u00f6lk <span style=\"color: #ff0000\">|<\/span> sich der fliegende Reiher emporschwingt<\/p>\n<p>Oft auch siehst du Sterne, <span style=\"color: #ff0000\">|<\/span> sobald hindr\u00e4nget der Sturmwind<\/p>\n<p>Nur wenig seltener ist die, im Griechischen immer m\u00e4nnliche, Z\u00e4sur im vierten Fu\u00df (<em>Hepthemimeres<\/em>):<\/p>\n<p>Rei\u00dfet die triefenden Segel herab, <span style=\"color: #ff0000\">|<\/span> doch ohne zu warten<\/p>\n<p>Meistens verbindet sich mit dieser Z\u00e4sur eine Nebenz\u00e4sur, m\u00e4nnlich oder weiblich:<\/p>\n<p>J\u00e4hen Falles <span style=\"color: #ff0000\">|<\/span> am Himmel entfliehn <span style=\"color: #ff0000\">|<\/span> und das n\u00e4chtliche Dunkel;<br \/>\nWas gedenk ich <span style=\"color: #ff0000\">|<\/span> des Herbstorkans <span style=\"color: #ff0000\">|<\/span> und der st\u00fcrmischen Sterne!<\/p>\n<p>Die weibliche Z\u00e4sur im vierten Fu\u00df wird bei den Griechen vermieden, nach den einen wegen ungleicher Teilung des Verses (15 : 8 Moren), nach den anderen ohne triftigen Grund. Schon A. W. Schlegel hat beobachtet, dass zwischen der ersten und zweiten K\u00fcrze des vierten Daktylus bei Homer sogar der Wortfu\u00df selten endigt; die beiden K\u00fcrzen bilden entweder mit den vorhergehenden Silben oder mit der folgenden L\u00e4nge ein einziges Wort. Nach den Untersuchungen von Walser kommt die Z\u00e4sur post quartum trochaeum aber schon bei den R\u00f6mern als regierende Z\u00e4sur vor, im deutschen Vers tritt sie sogar sehr oft als Hauptz\u00e4sur auf. Namentlich bei Klopstock kommt sie als caesura regens vor, meistens mit Nebenz\u00e4sur im zweiten Fu\u00df; Klopstock redet ihr in den Grammatischen Gespr\u00e4chen ausdr\u00fccklich das Wort. Sein Sch\u00fcler Denis, besonders aber Sonnenberg in seiner Donatoa folgen seinem Beispiel. Voss dagegen, als echter Lehrling der Griechen, h\u00e4lt sich an die antike Tradition und vermeidet sie: wie bei Voss kommt sie auch bei Goethe selten, bei Schiller fast nie vor. Wie die Lesarten der waimarischen Ausgabe zeigen, hat sie Goethe in seinen Elegien (besonders in Alexis und Dora) unter A. W. Schlegels Beistand oft abgeschafft; und auch Schiller hat der Vers in der Elegie von 1795:<\/p>\n<p>Um mich summen gesch\u00e4ftige Bienen, <span style=\"color: #ff0000\">|<\/span> mit zweifelndem Fl\u00fcgel<\/p>\n<p>sp\u00e4ter im Spaziergang trotz harter Apokope so hergestellt:<\/p>\n<p>um mich summt die gesch\u00e4ftige Bien&#8216;, <span style=\"color: #ff0000\">|<\/span> mit zweifelndem Fl\u00fcgel<\/p>\n<p>Wie sehr die Gliederung durch die Z\u00e4suren zur Vollkommenheit des Versrhythmus beitr\u00e4gt, hat Voss an einem h\u00fcbschen Beispiel gezeigt. Man lese den folgenden, durch Haupt- und Nebenz\u00e4suren ausgezeichnet gegliederten Vers:<\/p>\n<p>Jener sprachs, <span style=\"color: #ff0000\">|<\/span> und verwirrt <span style=\"color: #ff0000\">|<\/span> enteilte sie, <span style=\"color: #ff0000\">|<\/span> Qualen erduldend<\/p>\n<p>und man setze nun anstatt den einen Redeabschnitt m\u00f6glich machenden Partizips ein Adverbium, nach dem eine Pause unm\u00f6glich ist, so ist der Rhythmus wesentlich gesch\u00e4digt:<\/p>\n<p>Jener sprachs, <span style=\"color: #ff0000\">|<\/span> und angstvoll eilte sie, <span style=\"color: #ff0000\">|<\/span> Qualen erduldend<\/p>\n","protected":false},"excerpt":{"rendered":"<p>Die Z\u00e4sur Der Hexameter gestattet die reichste Mannigfaltigkeit der Gliederung durch Abwechslung in den Z\u00e4suren. Es sind sechzehn Z\u00e4suren m\u00f6glich und f\u00fcr alle F\u00e4lle lie\u00dfen sich Beispiele anf\u00fchren. Da ferner neben der\u00a0 Hauptz\u00e4sur auch Nebenz\u00e4suren eintreten, kommen auch die Kombinationen in Betracht, die ins Un\u00fcbersehbare gehen. Ganz vermieden wird der Versabschnitt, im Griechischen sogar der&#8230; <a class=\"more-link\" href=\"https:\/\/verserzaehler.wababbel.de\/?page_id=4387\">Read More <span class=\"screen-reader-text\"> in Die Z\u00e4sur<\/span><\/a><\/p>\n","protected":false},"author":15,"featured_media":0,"parent":4251,"menu_order":2,"comment_status":"open","ping_status":"open","template":"","meta":{"footnotes":""},"class_list":["post-4387","page","type-page","status-publish","hentry"],"_links":{"self":[{"href":"https:\/\/verserzaehler.wababbel.de\/index.php?rest_route=\/wp\/v2\/pages\/4387","targetHints":{"allow":["GET"]}}],"collection":[{"href":"https:\/\/verserzaehler.wababbel.de\/index.php?rest_route=\/wp\/v2\/pages"}],"about":[{"href":"https:\/\/verserzaehler.wababbel.de\/index.php?rest_route=\/wp\/v2\/types\/page"}],"author":[{"embeddable":true,"href":"https:\/\/verserzaehler.wababbel.de\/index.php?rest_route=\/wp\/v2\/users\/15"}],"replies":[{"embeddable":true,"href":"https:\/\/verserzaehler.wababbel.de\/index.php?rest_route=%2Fwp%2Fv2%2Fcomments&post=4387"}],"version-history":[{"count":1,"href":"https:\/\/verserzaehler.wababbel.de\/index.php?rest_route=\/wp\/v2\/pages\/4387\/revisions"}],"predecessor-version":[{"id":4388,"href":"https:\/\/verserzaehler.wababbel.de\/index.php?rest_route=\/wp\/v2\/pages\/4387\/revisions\/4388"}],"up":[{"embeddable":true,"href":"https:\/\/verserzaehler.wababbel.de\/index.php?rest_route=\/wp\/v2\/pages\/4251"}],"wp:attachment":[{"href":"https:\/\/verserzaehler.wababbel.de\/index.php?rest_route=%2Fwp%2Fv2%2Fmedia&parent=4387"}],"curies":[{"name":"wp","href":"https:\/\/api.w.org\/{rel}","templated":true}]}}