{"id":4389,"date":"2015-05-09T14:07:10","date_gmt":"2015-05-09T12:07:10","guid":{"rendered":"http:\/\/www.wababbel.de\/ferdi\/?page_id=4389"},"modified":"2015-05-09T14:07:10","modified_gmt":"2015-05-09T12:07:10","slug":"die-wortfuesse","status":"publish","type":"page","link":"https:\/\/verserzaehler.wababbel.de\/?page_id=4389","title":{"rendered":"Die Wortf\u00fc\u00dfe"},"content":{"rendered":"<p><strong>Die Wortf\u00fc\u00dfe<\/strong><\/p>\n<p>Voss zitiert aber den letzten Vers auch als Beleg f\u00fcr eine andere Erscheinung: n\u00e4mlich f\u00fcr die gleichfalls entstellende best\u00e4ndige \u00dcbereinstimmung der Wortf\u00fc\u00dfe mit den Versf\u00fc\u00dfen. In dem ersten Beispiel greift der Redeabschnitt nach <em>verwirrt<\/em> in den Versfu\u00df hin\u00fcber, in dem zweiten fallen nach <em>angstvoll<\/em> Versfu\u00df und Wortfu\u00df zusammen. Auch hier wird best\u00e4ndiges Zusammenfallen der Satzabschnitte und der Versabschnitte als einf\u00f6rmig empfunden: die Z\u00e4suren sollen innerhalb der Versf\u00fc\u00dfe fallen, das hei\u00dft, Versabschnitte sein und die Wortf\u00fc\u00dfe sollen innerhalb der Versf\u00fc\u00dfe endigen. Best\u00e4ndige \u00dcbereinstimmung von Wortf\u00fc\u00dfen und Versf\u00fc\u00dfen gibt einen \u00fcbelklingenden Vers:<\/p>\n<p>Sch\u00f6ner, edler J\u00fcngling, den alle Grazien schm\u00fccken<\/p>\n<p>Voss macht Klopstock und namentlich seinen Anh\u00e4ngern zum Vorwurf, dass sie keine Abwechslung in den Wortf\u00fc\u00dfen kennen. Er will nicht blo\u00df die W\u00f6rter mit gleichf\u00f6rmigen Endungen (zum Beispiel auf <em>-en<\/em>), besonders in den letzten Versf\u00fc\u00dfen, unmittelbar hintereinander vermieden sehen, sondern er verlangt \u00fcberhaupt, wie die Griechen, reichste Abwechslung in den Wirtf\u00fc\u00dfen so gut wie in den Versf\u00fc\u00dfen. Starke und langsame Wortf\u00fc\u00dfe sollen mit fl\u00fcchtigen und schwachen abwechslen, und nicht leicht d\u00fcrfen zwei gleiche Wortf\u00fc\u00dfe unmittelbar nebeneinander stehen. Schon mehrere einsilbige W\u00f6rter, mit ein paar zweisilbigen untermischt, geben keinen guten Vers:<\/p>\n<p>H\u00f6ret die Lieder, die fern von dem H\u00fcgel zum Tal sich ergie\u00dfen<\/p>\n<p>Namentlich den sich so leicht wiederholenden Amphibrachys sucht man zu vermeiden:<\/p>\n<p>Wollust, <span style=\"color: #ff0000\">|<\/span> jetzt horch ich <span style=\"color: #ff0000\">|<\/span> durchs Dunkel <span style=\"color: #ff0000\">|<\/span> des Buchwalds\u00a0 <span style=\"color: #ff0000\">|<\/span> aufs Lenzlied <span style=\"color: #ff0000\">| <\/span>der V\u00f6gel<\/p>\n<p>Voss hat den folgenden parodistischen Vers aus amphibrachischen Wortf\u00fc\u00dfen gedichtet:<\/p>\n<p>Wenig\u00a0<span style=\"color: #ff0000\">|<\/span> behagen\u00a0<span style=\"color: #ff0000\">|<\/span> dem Ohre\u00a0<span style=\"color: #ff0000\">|<\/span> die Verse\u00a0<span style=\"color: #ff0000\">|<\/span> mit solchem\u00a0<span style=\"color: #ff0000\">|<\/span> Geh\u00fcpfe<\/p>\n<p>Ganz zu vermeiden sind freilich die amphibrachischen Wortf\u00fc\u00dfe nicht, weil man nach <span style=\"color: #ff0000\">&#8222;<span class=\"postbody\">\u2014<\/span> v<\/span> immer nur mit <span style=\"color: #ff0000\">v &#8222;\u2014 v<\/span> fortfahren kann und sich die Amphibrachen in unserer Sprache fast aufdr\u00e4ngen. Namentlich gegen den Schluss des Verses sind sie bei Klopstock h\u00e4ufig:<\/p>\n<p>St\u00fcrzt <span style=\"color: #ff0000\">|<\/span> der Orkan <span style=\"color: #ff0000\">| <\/span>Schneelasten <span style=\"color: #ff0000\">|<\/span> von Bergen <span style=\"color: #ff0000\">|<\/span> verheerend <span style=\"color: #ff0000\">|<\/span> hernieder.<\/p>\n<p>Auch zu viele Daktylen hintereinander klingen \u00fcbel, besonders, weil sie mit den Versf\u00fc\u00dfen zusammenfallen:<\/p>\n<p>Donnerte <span style=\"color: #ff0000\">|<\/span> Jupiter, <span style=\"color: #ff0000\">|<\/span> w\u00fctete <span style=\"color: #ff0000\">|<\/span> Boreas<span style=\"color: #ff0000\">|<\/span>\u00a0 heftiger <span style=\"color: #ff0000\">|<\/span> jemals?<\/p>\n<p>Welche die <span style=\"color: #ff0000\">|<\/span> liebliche <span style=\"color: #ff0000\">|<\/span> S\u00e4ngerin <span style=\"color: #ff0000\">|<\/span> opferte, <span style=\"color: #ff0000\">|<\/span> hart und gef\u00fchllos<\/p>\n<p>Wild anhebt mit der <span style=\"color: #ff0000\">|<\/span> blutigen <span style=\"color: #ff0000\">|<\/span> S\u00e4ngerin <span style=\"color: #ff0000\">|<\/span> gr\u00e4ssliches <span style=\"color: #ff0000\">|<\/span> Anblicks<\/p>\n<p>Weniger eint\u00f6nig sind schon Anap\u00e4ste, die den Wortf\u00fc\u00dfen widerstreiten:<\/p>\n<p>Eile dahin, <span style=\"color: #ff0000\">|<\/span> wo die Lanz&#8216; <span style=\"color: #ff0000\">|<\/span> und das Schwert <span style=\"color: #ff0000\">|<\/span> im Gedr\u00e4ng <span style=\"color: #ff0000\">|<\/span> dich erwarten.<\/p>\n<p>Auch Spondeen klingen weniger gut, wenn sie mit den Versf\u00fc\u00dfen zusammenfallen:<\/p>\n<p>Einsam <span style=\"color: #ff0000\">|<\/span> aufw\u00e4rts <span style=\"color: #ff0000\">|<\/span> Bergh\u00f6hn <span style=\"color: #ff0000\">|<\/span> wandelnd, <span style=\"color: #ff0000\">|<\/span> strauchelte <span style=\"color: #ff0000\">|<\/span> Pompus<\/p>\n<p>Ertr\u00e4glicher, wenn auch nicht gut, sind sie unmittelbar nacheinander im Widerspruch zu den Versf\u00fc\u00dfen:<\/p>\n<p>Der <span style=\"color: #ff0000\">|<\/span> m\u00fchsam <span style=\"color: #ff0000\">|<\/span> Zukunft <span style=\"color: #ff0000\">|<\/span> ausspricht <span style=\"color: #ff0000\">|<\/span> voll besorglicher <span style=\"color: #ff0000\">|<\/span> Bangnis<\/p>\n<p>Auch aufeinander folgende choriambische Wortf\u00fc\u00dfe missfallen:<\/p>\n<p>Wolken empor <span style=\"color: #ff0000\">|<\/span> st\u00fcrmt <span style=\"color: #ff0000\">|<\/span> Schlachtengesang <span style=\"color: #ff0000\">|<\/span> und das <span style=\"color: #ff0000\">|<\/span> Todespanier <span style=\"color: #ff0000\">|<\/span> weht<\/p>\n<p>Auf dem bunten Wechsel der aufeinanderfolgenden Wortf\u00fc\u00dfe beruhen die von den alten Grammatikern erfundenen <em>versus rhopalici<\/em>, das hei\u00dft: Keulenverse; Verse, deren Wortf\u00fc\u00dfe sich wie eine Keule ausdehnen, weil sie mit einer Silbe beginnen und immer um eine Silbe zunehmen:<\/p>\n<p>Weit, <span style=\"color: #ff0000\">|<\/span> bahnlos <span style=\"color: #ff0000\">|<\/span> ausschweifet <span style=\"color: #ff0000\">|<\/span> verheerende <span style=\"color: #ff0000\">|<\/span> Waasserbeflutung<\/p>\n<p>Eine an sich richtige Beobachtung ist hier durch Spielerei entstellt, und der eigentliche Zweck trotzdem nicht erreicht: denn die regeln\u00e4\u00dfig aufsteigende Silbenzahl der Wortf\u00fc\u00dfe w\u00fcrde in einem l\u00e4ngeren Gedicht noch viel eint\u00f6niger sein als die Aufeinanderfolge mehrerer gleicher Wortf\u00fc\u00dfe in demselben Vers. Abwechslung besteht eben nur dort, wo keine Regel herrscht; ein regelm\u00e4\u00dfiger Wechsel beruht auf dem Gesetz, nicht auf der Freiheit.<\/p>\n","protected":false},"excerpt":{"rendered":"<p>Die Wortf\u00fc\u00dfe Voss zitiert aber den letzten Vers auch als Beleg f\u00fcr eine andere Erscheinung: n\u00e4mlich f\u00fcr die gleichfalls entstellende best\u00e4ndige \u00dcbereinstimmung der Wortf\u00fc\u00dfe mit den Versf\u00fc\u00dfen. In dem ersten Beispiel greift der Redeabschnitt nach verwirrt in den Versfu\u00df hin\u00fcber, in dem zweiten fallen nach angstvoll Versfu\u00df und Wortfu\u00df zusammen. Auch hier wird best\u00e4ndiges Zusammenfallen&#8230; <a class=\"more-link\" href=\"https:\/\/verserzaehler.wababbel.de\/?page_id=4389\">Read More <span class=\"screen-reader-text\"> in Die Wortf\u00fc\u00dfe<\/span><\/a><\/p>\n","protected":false},"author":15,"featured_media":0,"parent":4251,"menu_order":3,"comment_status":"open","ping_status":"open","template":"","meta":{"footnotes":""},"class_list":["post-4389","page","type-page","status-publish","hentry"],"_links":{"self":[{"href":"https:\/\/verserzaehler.wababbel.de\/index.php?rest_route=\/wp\/v2\/pages\/4389","targetHints":{"allow":["GET"]}}],"collection":[{"href":"https:\/\/verserzaehler.wababbel.de\/index.php?rest_route=\/wp\/v2\/pages"}],"about":[{"href":"https:\/\/verserzaehler.wababbel.de\/index.php?rest_route=\/wp\/v2\/types\/page"}],"author":[{"embeddable":true,"href":"https:\/\/verserzaehler.wababbel.de\/index.php?rest_route=\/wp\/v2\/users\/15"}],"replies":[{"embeddable":true,"href":"https:\/\/verserzaehler.wababbel.de\/index.php?rest_route=%2Fwp%2Fv2%2Fcomments&post=4389"}],"version-history":[{"count":1,"href":"https:\/\/verserzaehler.wababbel.de\/index.php?rest_route=\/wp\/v2\/pages\/4389\/revisions"}],"predecessor-version":[{"id":4390,"href":"https:\/\/verserzaehler.wababbel.de\/index.php?rest_route=\/wp\/v2\/pages\/4389\/revisions\/4390"}],"up":[{"embeddable":true,"href":"https:\/\/verserzaehler.wababbel.de\/index.php?rest_route=\/wp\/v2\/pages\/4251"}],"wp:attachment":[{"href":"https:\/\/verserzaehler.wababbel.de\/index.php?rest_route=%2Fwp%2Fv2%2Fmedia&parent=4389"}],"curies":[{"name":"wp","href":"https:\/\/api.w.org\/{rel}","templated":true}]}}