{"id":4922,"date":"2015-08-10T01:01:31","date_gmt":"2015-08-09T23:01:31","guid":{"rendered":"http:\/\/www.wababbel.de\/ferdi\/?page_id=4922"},"modified":"2015-10-03T19:18:50","modified_gmt":"2015-10-03T17:18:50","slug":"a-heusler-der-hexameter","status":"publish","type":"page","link":"https:\/\/verserzaehler.wababbel.de\/?page_id=4922","title":{"rendered":"A. Heusler: Der Hexameter"},"content":{"rendered":"<p>Diese Seite ist eine Unterseite zur Seite <a href=\"http:\/\/www.wababbel.de\/ferdi\/worum-es-geht\/gesammeltes\/ueber-hexameter\/\" target=\"_blank\">\u00dcber Hexameter<\/a>, auf der viele weitere Texte \u00fcber den Hexameter zu finden sind.<\/p>\n<p>Andreas Heusler war vor hundert Jahren ein bedeutender Metriker, dessen An- und Einsichten bis heute weiterwirken. \u00dcber den Hexameter hat er viel geschrieben, unter anderem in seiner dreib\u00e4ndigen, sehr als Lesestoff zu empfehlenden &#8222;Deutschen Versgeschichte&#8220;!<\/p>\n<p>Darin verwendet Heusler eine taktgegr\u00fcndete Metrik, die man erst einmal verinnerlicht haben muss. Ich stelle daher hier nur solche Abschnitte ein, die keinen oder nicht \u00fcberm\u00e4\u00dfig viel Bezug darauf nehmen, sondern den Hexameter in allgemeinen Begriffen erl\u00e4utern. Wer mag und die Zeit hat, sollte sich Heuslers Metrik aber unbedingt anschauen, da liegt manches Wissenwerte verborgen!<\/p>\n<p>&nbsp;<\/p>\n<p><a href=\"http:\/\/www.wababbel.de\/ferdi\/worum-es-geht\/gesammeltes\/ueber-hexameter\/a-heusler-der-hexameter\/die-schnitte-des-hexameters\/\" target=\"_blank\">Die Schnitte des Hexameters<\/a><\/p>\n<p><a href=\"http:\/\/www.wababbel.de\/ferdi\/worum-es-geht\/gesammeltes\/ueber-hexameter\/a-heusler-der-hexameter\/der-dreisilbige-takt\/\" target=\"_blank\">Der dreisilbige Takt<\/a><\/p>\n<p>&nbsp;<\/p>\n<p>&#8211; Wird nach und nach erweitert &#8230;<\/p>\n","protected":false},"excerpt":{"rendered":"<p>Diese Seite ist eine Unterseite zur Seite \u00dcber Hexameter, auf der viele weitere Texte \u00fcber den Hexameter zu finden sind. Andreas Heusler war vor hundert Jahren ein bedeutender Metriker, dessen An- und Einsichten bis heute weiterwirken. \u00dcber den Hexameter hat er viel geschrieben, unter anderem in seiner dreib\u00e4ndigen, sehr als Lesestoff zu empfehlenden &#8222;Deutschen Versgeschichte&#8220;!&#8230; <a class=\"more-link\" href=\"https:\/\/verserzaehler.wababbel.de\/?page_id=4922\">Read More <span class=\"screen-reader-text\"> in A. Heusler: Der Hexameter<\/span><\/a><\/p>\n","protected":false},"author":15,"featured_media":0,"parent":4072,"menu_order":7,"comment_status":"open","ping_status":"open","template":"","meta":{"footnotes":""},"class_list":["post-4922","page","type-page","status-publish","hentry"],"_links":{"self":[{"href":"https:\/\/verserzaehler.wababbel.de\/index.php?rest_route=\/wp\/v2\/pages\/4922","targetHints":{"allow":["GET"]}}],"collection":[{"href":"https:\/\/verserzaehler.wababbel.de\/index.php?rest_route=\/wp\/v2\/pages"}],"about":[{"href":"https:\/\/verserzaehler.wababbel.de\/index.php?rest_route=\/wp\/v2\/types\/page"}],"author":[{"embeddable":true,"href":"https:\/\/verserzaehler.wababbel.de\/index.php?rest_route=\/wp\/v2\/users\/15"}],"replies":[{"embeddable":true,"href":"https:\/\/verserzaehler.wababbel.de\/index.php?rest_route=%2Fwp%2Fv2%2Fcomments&post=4922"}],"version-history":[{"count":5,"href":"https:\/\/verserzaehler.wababbel.de\/index.php?rest_route=\/wp\/v2\/pages\/4922\/revisions"}],"predecessor-version":[{"id":5189,"href":"https:\/\/verserzaehler.wababbel.de\/index.php?rest_route=\/wp\/v2\/pages\/4922\/revisions\/5189"}],"up":[{"embeddable":true,"href":"https:\/\/verserzaehler.wababbel.de\/index.php?rest_route=\/wp\/v2\/pages\/4072"}],"wp:attachment":[{"href":"https:\/\/verserzaehler.wababbel.de\/index.php?rest_route=%2Fwp%2Fv2%2Fmedia&parent=4922"}],"curies":[{"name":"wp","href":"https:\/\/api.w.org\/{rel}","templated":true}]}}