{"id":5307,"date":"2015-10-28T01:03:33","date_gmt":"2015-10-27T23:03:33","guid":{"rendered":"http:\/\/www.wababbel.de\/ferdi\/?page_id=5307"},"modified":"2015-11-08T15:58:16","modified_gmt":"2015-11-08T13:58:16","slug":"carl-seidel-vom-anapaest","status":"publish","type":"page","link":"https:\/\/verserzaehler.wababbel.de\/?page_id=5307","title":{"rendered":"Carl Seidel: Vom Anap\u00e4st"},"content":{"rendered":"<p><strong>Aus: Charinonos, zweiter Band (1828)<\/strong><\/p>\n<p>Der Anap\u00e4st ist nun zun\u00e4chst der wichtigste der dreisilbigen Versf\u00fc\u00dfe. Wie den daktylischen Reihen, um deren allzu feurigen Gang zu m\u00e4\u00dfigen, gern ein sinkender Schlussfall gegeben wird, so unterbricht man das stete Pochen und H\u00e4mmern dieses gewaltsam aufstrebenden Fu\u00dfes auch in den Versen selbst schon auf mehrfache Weise; und solcher Gestalt kommt derselbe denn wiederum in metrischen Systemen von verschiedenster Ausdehnung vor.<\/p>\n<p>Der feurig hinrei\u00dfende Sprung des Anap\u00e4sts malt zun\u00e4chst treffend jede rasche und kr\u00e4ftige Bewegung; Streit, Krieg, Gefecht und eben so innerstes Toben des Zornes, der Wut, ja selbst der Raserei werden durch ihn dargestellt mit eindringender Kraft. Sein heftiges Aufstreben und Hindringen zur Arsis kann stets nur eine h\u00f6chst leidenschaftliche Erregung des Gem\u00fcts eigent\u00fcmlich ausdr\u00fccken. Tiefster eigentlicher Seelenschmerz nicht, wohl aber eine pathetische in l\u00e4rmendem und feierlichem Gepr\u00e4g sich \u00e4u\u00dfernde Trauer, sinnige Freude ebensowenig, wohl aber bacchantischer Taumel liegen in seinem Bereich. In solchem bestimmt abgeschlossenen Charakter geh\u00f6rt dieser Fu\u00df nur gewissen Gebieten der deutschen Lyrik eigens an; im Epischen dagegen wird derselbe nur charakteristisch hervortreten in einzelnen F\u00e4llen.<\/p>\n","protected":false},"excerpt":{"rendered":"<p>Aus: Charinonos, zweiter Band (1828) Der Anap\u00e4st ist nun zun\u00e4chst der wichtigste der dreisilbigen Versf\u00fc\u00dfe. Wie den daktylischen Reihen, um deren allzu feurigen Gang zu m\u00e4\u00dfigen, gern ein sinkender Schlussfall gegeben wird, so unterbricht man das stete Pochen und H\u00e4mmern dieses gewaltsam aufstrebenden Fu\u00dfes auch in den Versen selbst schon auf mehrfache Weise; und solcher&#8230; <a class=\"more-link\" href=\"https:\/\/verserzaehler.wababbel.de\/?page_id=5307\">Read More <span class=\"screen-reader-text\"> in Carl Seidel: Vom Anap\u00e4st<\/span><\/a><\/p>\n","protected":false},"author":15,"featured_media":0,"parent":779,"menu_order":3,"comment_status":"closed","ping_status":"closed","template":"","meta":{"footnotes":""},"class_list":["post-5307","page","type-page","status-publish","hentry"],"_links":{"self":[{"href":"https:\/\/verserzaehler.wababbel.de\/index.php?rest_route=\/wp\/v2\/pages\/5307","targetHints":{"allow":["GET"]}}],"collection":[{"href":"https:\/\/verserzaehler.wababbel.de\/index.php?rest_route=\/wp\/v2\/pages"}],"about":[{"href":"https:\/\/verserzaehler.wababbel.de\/index.php?rest_route=\/wp\/v2\/types\/page"}],"author":[{"embeddable":true,"href":"https:\/\/verserzaehler.wababbel.de\/index.php?rest_route=\/wp\/v2\/users\/15"}],"replies":[{"embeddable":true,"href":"https:\/\/verserzaehler.wababbel.de\/index.php?rest_route=%2Fwp%2Fv2%2Fcomments&post=5307"}],"version-history":[{"count":4,"href":"https:\/\/verserzaehler.wababbel.de\/index.php?rest_route=\/wp\/v2\/pages\/5307\/revisions"}],"predecessor-version":[{"id":5387,"href":"https:\/\/verserzaehler.wababbel.de\/index.php?rest_route=\/wp\/v2\/pages\/5307\/revisions\/5387"}],"up":[{"embeddable":true,"href":"https:\/\/verserzaehler.wababbel.de\/index.php?rest_route=\/wp\/v2\/pages\/779"}],"wp:attachment":[{"href":"https:\/\/verserzaehler.wababbel.de\/index.php?rest_route=%2Fwp%2Fv2%2Fmedia&parent=5307"}],"curies":[{"name":"wp","href":"https:\/\/api.w.org\/{rel}","templated":true}]}}