{"id":5440,"date":"2015-11-17T22:55:21","date_gmt":"2015-11-17T20:55:21","guid":{"rendered":"http:\/\/www.wababbel.de\/ferdi\/?page_id=5440"},"modified":"2016-01-30T12:17:53","modified_gmt":"2016-01-30T10:17:53","slug":"m-l-enk-der-anapaestische-dimeter","status":"publish","type":"page","link":"https:\/\/verserzaehler.wababbel.de\/?page_id=5440","title":{"rendered":"M.-L. Enk: Der anap\u00e4stische Dimeter"},"content":{"rendered":"<p><strong>Aus: \u00dcber deutsche Zeitmessung<\/strong><\/p>\n<p>Der anap\u00e4stische Dimeter vertr\u00e4gt die Verwechslung des Anap\u00e4sts mit dem Spondeus auf jeder Stelle, auf der gleichen wie auf der ungleichen. Da jedoch der Rhythmus den <em>steigenden Spondeus<\/em> erfordert (<span style=\"color: #ff0000\">\u2014 &#8218;\u2014&#8220;<\/span> oder<span style=\"color: #ff0000\"> \u2014&#8216; \u2014&#8216;<\/span>, mit der zweiten L\u00e4nge in der Hebung;\u00a0 <span style=\"color: #ff0000\">\u2014 \u2014&#8216;<\/span> oder <span style=\"color: #ff0000\">\u2014 \u2014<\/span> mit der zweiten unvollkommenen L\u00e4nge in der Hebung), wie zum Beispiel:<\/p>\n<p>Wes Mund spricht aus der Geb\u00e4rerin Not?<br \/>\n\u2014 \u2014&#8216; , \u2014&#8216; \u2014&#8220; <span style=\"color: #ff0000\">||<\/span> \u25e1 \u25e1 \u2014 , \u25e1 \u25e1 \u2014<\/p>\n<p>oder:<\/p>\n<p>Wenn finstere Nacht zu entweichen beginnt:<br \/>\n\u2014 \u2014&#8216; , \u25e1 \u25e1 \u2014 <span style=\"color: #ff0000\">||<\/span> \u25e1 \u25e1 \u2014 , \u25e1 \u25e1 \u2014<\/p>\n<p>so ist es offenbar, dass der <em>sinkende Spondeus<\/em> nur zu Anfang des Verses und nach einer arsischen Z\u00e4sur seine Stelle finde. Das wenigstens ist gewiss, dass er an der ersten und dritten Stelle, zum Beispiel<\/p>\n<p>Goldlockig das Haupt in ambrosischem Duft<br \/>\n\u2014&#8220; \u2014&#8216; , \u25e1 \u25e1 \u2014 <span style=\"color: #ff0000\">||<\/span> \u25e1 \u25e1 \u2014 , \u25e1 \u25e1 \u2014<\/p>\n<p>oder<\/p>\n<p>Dass der blumige Schatz unschuldig beklagt<br \/>\n\u25e1 \u25e1 \u2014 , \u25e1 \u25e1 \u2014 <span style=\"color: #ff0000\">||<\/span> \u2014&#8220; \u2014&#8216; , \u25e1 \u25e1 \u2014<\/p>\n<p>das Ohr weit weniger beleidigt, als auf der zweiten und vierten, zum Beispiel<\/p>\n<p>Ich allein lustwandelt&#8216; auf Fr\u00fchlingsau&#8217;n<br \/>\n\u25e1 \u25e1 \u2014 , \u2014&#8220; \u2014&#8216; \u25e1 <span style=\"color: #ff0000\">||<\/span> \u25e1 \u2014&#8220; , \u2014&#8216; \u2014&#8220;<\/p>\n<p>oder<\/p>\n<p>Kn\u00fcpfend die traubigen Locken des Haupthaars<br \/>\n\u2014 \u25e1 <span style=\"color: #ff0000\">|<\/span> \u25e1, \u2014 \u25e1 \u25e1, \u2014 \u25e1 <span style=\"color: #ff0000\">|<\/span> \u25e1, \u2014&#8220; \u2014&#8216;<\/p>\n<p>auf welcher letzteren Stelle er fast immer einen Daktylus vor sich hat.<\/p>\n<p>Den Daktylus vertr\u00e4gt der Rhytmus des anap\u00e4stischen Dimeters leichter, wenn er dem Spondeus vorausgeht, als wenn er ihm nachfolgt, zum Beispiel:<\/p>\n<p>Tr\u00e4umende Wehmut, hinschmachtender Gram<br \/>\n\u2014 \u25e1 \u25e1 , \u2014&#8220; \u2014&#8216; <span style=\"color: #ff0000\">||<\/span> \u2014&#8220; \u2014&#8216; , \u25e1 \u25e1 \u2014<\/p>\n<p>Nur wenn beide Dipodien aus einem Daktylus mit nachfolgendem Spondeus bestehen, ensteht ein \u00dcbelstand, zum Beispiel<\/p>\n<p>Kundige Felskluft, wo ich ihn hintrug<br \/>\n\u2014 \u25e1 \u25e1 , \u2014&#8220; \u2014&#8216; <span style=\"color: #ff0000\">||<\/span> \u2014 \u25e1 \u25e1 , \u2014&#8220; \u2014&#8216;<\/p>\n<p>oder wenn mehrere Daktylen aufeinanderfolgen, zum Beispiel<\/p>\n<p>L\u00e4chelnd in ewiger Jugend und Sch\u00f6nheit<br \/>\n\u2014 \u25e1 <span style=\"color: #ff0000\">|<\/span> \u25e1 , \u2014 \u25e1 \u25e1 , \u2014 \u25e1 <span style=\"color: #ff0000\">|<\/span> \u25e1 , \u2014&#8220; \u2014&#8216;<\/p>\n<p>Bisweilen schleicht sich zu Anfang des Verses dennoch eine K\u00fcrze ein, die, wenn sie nicht allzu schwach ist, zur Not immer noch an dieser Stelle die L\u00e4nge zu repr\u00e4sentieren vermag, zum Beispiel:<\/p>\n<p>Bei Gei\u00dfelgeheul und Flammengezisch<br \/>\n\u25e1 \u2014 , \u25e1 \u25e1 \u2014 <span style=\"color: #ff0000\">||<\/span> \u25e1 \u2014 , \u25e1 \u25e1 \u2014<\/p>\n<p>Der Proceleusmaticus ist, da er sich im Deutschen nicht rein darstellen l\u00e4sst, f\u00fcr den deutschen anap\u00e4stischen Dimeter unbrauchbar.<\/p>\n<p>Die Hauptz\u00e4sur hat der anap\u00e4stische Dimeter nach der ersten Dipodie. Ob die andern von Schlegel gebrauchten Z\u00e4suren, h\u00e4ufiger angewendet, dem Vers nicht vielmehr sein eingent\u00fcmliches Gepr\u00e4ge nehmen w\u00fcrden, als sie der Sch\u00f6nheit desselben zutr\u00e4glich w\u00e4ren, l\u00e4sst sich billig bezweifeln. Diese scheint mehr von der Abwechslung der Versf\u00fc\u00dfe als von dem Wechsel der Z\u00e4suren abzuh\u00e4ngen; umso mehr, da die Einmischung des Monometers und des unvollst\u00e4ndigen Dimeters das ihrige dazu beitr\u00e4gt, die Eint\u00f6nigkeit zu entfernen.<\/p>\n","protected":false},"excerpt":{"rendered":"<p>Aus: \u00dcber deutsche Zeitmessung Der anap\u00e4stische Dimeter vertr\u00e4gt die Verwechslung des Anap\u00e4sts mit dem Spondeus auf jeder Stelle, auf der gleichen wie auf der ungleichen. Da jedoch der Rhythmus den steigenden Spondeus erfordert (\u2014 &#8218;\u2014&#8220; oder \u2014&#8216; \u2014&#8216;, mit der zweiten L\u00e4nge in der Hebung;\u00a0 \u2014 \u2014&#8216; oder \u2014 \u2014 mit der zweiten unvollkommenen L\u00e4nge&#8230; <a class=\"more-link\" href=\"https:\/\/verserzaehler.wababbel.de\/?page_id=5440\">Read More <span class=\"screen-reader-text\"> in M.-L. Enk: Der anap\u00e4stische Dimeter<\/span><\/a><\/p>\n","protected":false},"author":15,"featured_media":0,"parent":779,"menu_order":5,"comment_status":"closed","ping_status":"closed","template":"","meta":{"footnotes":""},"class_list":["post-5440","page","type-page","status-publish","hentry"],"_links":{"self":[{"href":"https:\/\/verserzaehler.wababbel.de\/index.php?rest_route=\/wp\/v2\/pages\/5440","targetHints":{"allow":["GET"]}}],"collection":[{"href":"https:\/\/verserzaehler.wababbel.de\/index.php?rest_route=\/wp\/v2\/pages"}],"about":[{"href":"https:\/\/verserzaehler.wababbel.de\/index.php?rest_route=\/wp\/v2\/types\/page"}],"author":[{"embeddable":true,"href":"https:\/\/verserzaehler.wababbel.de\/index.php?rest_route=\/wp\/v2\/users\/15"}],"replies":[{"embeddable":true,"href":"https:\/\/verserzaehler.wababbel.de\/index.php?rest_route=%2Fwp%2Fv2%2Fcomments&post=5440"}],"version-history":[{"count":3,"href":"https:\/\/verserzaehler.wababbel.de\/index.php?rest_route=\/wp\/v2\/pages\/5440\/revisions"}],"predecessor-version":[{"id":5748,"href":"https:\/\/verserzaehler.wababbel.de\/index.php?rest_route=\/wp\/v2\/pages\/5440\/revisions\/5748"}],"up":[{"embeddable":true,"href":"https:\/\/verserzaehler.wababbel.de\/index.php?rest_route=\/wp\/v2\/pages\/779"}],"wp:attachment":[{"href":"https:\/\/verserzaehler.wababbel.de\/index.php?rest_route=%2Fwp%2Fv2%2Fmedia&parent=5440"}],"curies":[{"name":"wp","href":"https:\/\/api.w.org\/{rel}","templated":true}]}}