{"id":73,"date":"2013-12-12T01:33:48","date_gmt":"2013-12-11T23:33:48","guid":{"rendered":"http:\/\/www.wababbel.de\/ferdi\/?page_id=73"},"modified":"2016-05-30T00:59:45","modified_gmt":"2016-05-29T22:59:45","slug":"worum-es-geht","status":"publish","type":"page","link":"https:\/\/verserzaehler.wababbel.de\/?page_id=73","title":{"rendered":"Worum es geht"},"content":{"rendered":"<p>&#8222;Der Verserz\u00e4hler&#8220; hat sich zum Ziel gesetzt, das Erz\u00e4hlen mit Hilfe von Versen wieder etwas bekannter zu machen, als es das im Augenblick ist, sowohl bei den Lesern als auch bei den Verfassern.<\/p>\n<p>Darum stelle ich hier in buntem Durcheinander Versma\u00dfe vor, die f\u00fcr das Erz\u00e4hlen l\u00e4ngerer Geschichten geeignet sein k\u00f6nnten, samt Texten, die in diesen Versma\u00dfen verfasst wurden; beides in der Hoffnung, dass die Schreibenden des 21. Jahrhunderts daraus Zutrauen gewinnen zu dieser Art des Erz\u00e4hlens. So gut es mir m\u00f6glich ist, versuche ich dabei, die Eigenheiten und M\u00f6glichkeiten dieser &#8222;Erz\u00e4hlverse&#8220; zu verdeutlichen.<\/p>\n<p>Dazwischen tummeln sich dann auch noch eigene Erz\u00e4hltexte in Versen, &#8222;gew\u00f6hliche&#8220; Gedichte sowie immer mal wieder der eine oder andere Cartoon oder Comic-Strip.<\/p>\n<p>Insgesamt ein ziemliches Wirrwarr, das man wohl am besten \u00fcberblickt, wenn man sich an die rechts zu sehende &#8222;Kategorien&#8220;-\u00dcbersicht h\u00e4lt, \u00fcber die die einzelnen Themen gut zu erreichen sind. Im Kopfmen\u00fc findet sich zus\u00e4tzlich der Punkt &#8222;Gesammeltes&#8220;: Dahinter verbergen sich l\u00e4ngere Texte oft theoretischer Natur, die f\u00fcr einen einzelnen Blog-Eintrag zu umfangreich w\u00e4ren.<\/p>\n","protected":false},"excerpt":{"rendered":"<p>&#8222;Der Verserz\u00e4hler&#8220; hat sich zum Ziel gesetzt, das Erz\u00e4hlen mit Hilfe von Versen wieder etwas bekannter zu machen, als es das im Augenblick ist, sowohl bei den Lesern als auch bei den Verfassern. Darum stelle ich hier in buntem Durcheinander Versma\u00dfe vor, die f\u00fcr das Erz\u00e4hlen l\u00e4ngerer Geschichten geeignet sein k\u00f6nnten, samt Texten, die in&#8230; <a class=\"more-link\" href=\"https:\/\/verserzaehler.wababbel.de\/?page_id=73\">Read More <span class=\"screen-reader-text\"> in Worum es geht<\/span><\/a><\/p>\n","protected":false},"author":15,"featured_media":0,"parent":0,"menu_order":0,"comment_status":"open","ping_status":"open","template":"","meta":{"footnotes":""},"class_list":["post-73","page","type-page","status-publish","hentry"],"_links":{"self":[{"href":"https:\/\/verserzaehler.wababbel.de\/index.php?rest_route=\/wp\/v2\/pages\/73","targetHints":{"allow":["GET"]}}],"collection":[{"href":"https:\/\/verserzaehler.wababbel.de\/index.php?rest_route=\/wp\/v2\/pages"}],"about":[{"href":"https:\/\/verserzaehler.wababbel.de\/index.php?rest_route=\/wp\/v2\/types\/page"}],"author":[{"embeddable":true,"href":"https:\/\/verserzaehler.wababbel.de\/index.php?rest_route=\/wp\/v2\/users\/15"}],"replies":[{"embeddable":true,"href":"https:\/\/verserzaehler.wababbel.de\/index.php?rest_route=%2Fwp%2Fv2%2Fcomments&post=73"}],"version-history":[{"count":17,"href":"https:\/\/verserzaehler.wababbel.de\/index.php?rest_route=\/wp\/v2\/pages\/73\/revisions"}],"predecessor-version":[{"id":6223,"href":"https:\/\/verserzaehler.wababbel.de\/index.php?rest_route=\/wp\/v2\/pages\/73\/revisions\/6223"}],"wp:attachment":[{"href":"https:\/\/verserzaehler.wababbel.de\/index.php?rest_route=%2Fwp%2Fv2%2Fmedia&parent=73"}],"curies":[{"name":"wp","href":"https:\/\/api.w.org\/{rel}","templated":true}]}}