{"id":7545,"date":"2017-04-18T23:36:31","date_gmt":"2017-04-18T22:36:31","guid":{"rendered":"http:\/\/www.wababbel.de\/ferdi\/?page_id=7545"},"modified":"2017-04-18T23:36:31","modified_gmt":"2017-04-18T22:36:31","slug":"r-benedix-anapaestische-verse","status":"publish","type":"page","link":"https:\/\/verserzaehler.wababbel.de\/?page_id=7545","title":{"rendered":"R. Benedix: Anap\u00e4stische Verse"},"content":{"rendered":"<p><strong>Aus Roderich Benedix: Das Wesen des deutschen Rhythmus. Beitrag zur deutschen Verslehre. 1862.<\/strong><\/p>\n<p>Anap\u00e4ste sind im Allgemeinen wenig zur Anwedung gekommen, neuerdings hat Platen es versucht, sie wieder einzuf\u00fchren. Gegen die Anap\u00e4ste spricht an und f\u00fcr sich, dass es im Deutschen keine anap\u00e4stischen Wortf\u00fc\u00dfe gibt. Indessen man k\u00f6nnte diesen Rhythmus auch daktylisch mit Vorschlagsilben rechnen. Es ist im Grunde gleich, ob wir so<\/p>\n<p>\u25e1 \u25e1 \u2014 | \u25e1 \u25e1 \u2014 | \u25e1 \u25e1 \u2014 | \u25e1 \u25e1 \u2014<\/p>\n<p>oder so<\/p>\n<p>\u25e1 \u25e1 | \u2014 \u25e1 \u25e1 | \u2014 \u25e1 \u25e1 | \u2014 \u25e1 \u25e1 | \u2014<\/p>\n<p>schematisieren. Dieses Versma\u00df, dass Platen Anap\u00e4ste nennt, hat zuviel Takt. In der Musik kommt das Vorherrschen des Takts, das \u00dcberwiegen desselben nur in der niedrigsten Gattung (der Tanzmusik) vor und wird nur dort geduldet. Genauso verh\u00e4lt es sich im Versbau: Der Takt des Verses ist angenehm, so lange bis er \u00fcberwiegend, \u00fcberw\u00e4ltigend wird. Ein Beispiel f\u00fcr Platens Anap\u00e4ste:<\/p>\n<p>Und er zaust mir den Wicht und erobert das Gold,<br \/>\nEr ergreift, der Barbar, mit der Rechten den Schopf<br \/>\nDes Geliebten, o weh, und die Linke durchw\u00fchlt<br \/>\nHabgierig indes die Dukaten.<\/p>\n<p>Wem erscheint dieser Rhythmus nicht komisch? Doch man k\u00f6nnte sagen: diese Verse sollen komisch sein. Nun wollen wir gar nicht in Abrede stellen, dass man um einer komischen Wirkung willen auch ein komisches Versma\u00df soll brauchen d\u00fcrfen. Ja man kann, um eine Wirkung auf einzelnen Stellen zu erzielen, sogar direkt gegen den Rhythmus W\u00f6rter zusammensetzen. Je mehr man das aber nur ausnahmsweise tun darf, desto mehr best\u00e4tigt sich die Regel des Rhythmus.<\/p>\n<p>Allein Platen h\u00e4lt die Anap\u00e4ste durchaus f\u00fcr keine komische Versart, sondern er will sehr ernste Dinge in ihnen sagen, zum Beispiel:<\/p>\n<p>Auch lebte ja wohl in romantischer Zeit der unsterbliche S\u00e4nger der Krimhild &#8211;<br \/>\nNicht darbend an Witz und den Zeiten gem\u00e4\u00df, den erschlafften und komisch von Grund aus.<\/p>\n<p>Man spreche diese Verse aus und sage dann offen: welchen Rhythmus sie haben. Keinen anderen als den des Pferdegalopps.<\/p>\n","protected":false},"excerpt":{"rendered":"<p>Aus Roderich Benedix: Das Wesen des deutschen Rhythmus. Beitrag zur deutschen Verslehre. 1862. Anap\u00e4ste sind im Allgemeinen wenig zur Anwedung gekommen, neuerdings hat Platen es versucht, sie wieder einzuf\u00fchren. Gegen die Anap\u00e4ste spricht an und f\u00fcr sich, dass es im Deutschen keine anap\u00e4stischen Wortf\u00fc\u00dfe gibt. Indessen man k\u00f6nnte diesen Rhythmus auch daktylisch mit Vorschlagsilben rechnen&#8230;. <a class=\"more-link\" href=\"https:\/\/verserzaehler.wababbel.de\/?page_id=7545\">Read More <span class=\"screen-reader-text\"> in R. Benedix: Anap\u00e4stische Verse<\/span><\/a><\/p>\n","protected":false},"author":15,"featured_media":0,"parent":779,"menu_order":10,"comment_status":"closed","ping_status":"closed","template":"","meta":{"footnotes":""},"class_list":["post-7545","page","type-page","status-publish","hentry"],"_links":{"self":[{"href":"https:\/\/verserzaehler.wababbel.de\/index.php?rest_route=\/wp\/v2\/pages\/7545","targetHints":{"allow":["GET"]}}],"collection":[{"href":"https:\/\/verserzaehler.wababbel.de\/index.php?rest_route=\/wp\/v2\/pages"}],"about":[{"href":"https:\/\/verserzaehler.wababbel.de\/index.php?rest_route=\/wp\/v2\/types\/page"}],"author":[{"embeddable":true,"href":"https:\/\/verserzaehler.wababbel.de\/index.php?rest_route=\/wp\/v2\/users\/15"}],"replies":[{"embeddable":true,"href":"https:\/\/verserzaehler.wababbel.de\/index.php?rest_route=%2Fwp%2Fv2%2Fcomments&post=7545"}],"version-history":[{"count":1,"href":"https:\/\/verserzaehler.wababbel.de\/index.php?rest_route=\/wp\/v2\/pages\/7545\/revisions"}],"predecessor-version":[{"id":7546,"href":"https:\/\/verserzaehler.wababbel.de\/index.php?rest_route=\/wp\/v2\/pages\/7545\/revisions\/7546"}],"up":[{"embeddable":true,"href":"https:\/\/verserzaehler.wababbel.de\/index.php?rest_route=\/wp\/v2\/pages\/779"}],"wp:attachment":[{"href":"https:\/\/verserzaehler.wababbel.de\/index.php?rest_route=%2Fwp%2Fv2%2Fmedia&parent=7545"}],"curies":[{"name":"wp","href":"https:\/\/api.w.org\/{rel}","templated":true}]}}