{"id":779,"date":"2014-02-05T13:13:11","date_gmt":"2014-02-05T11:13:11","guid":{"rendered":"http:\/\/www.wababbel.de\/ferdi\/?page_id=779"},"modified":"2017-12-11T11:45:51","modified_gmt":"2017-12-11T10:45:51","slug":"anapaestische-verse","status":"publish","type":"page","link":"https:\/\/verserzaehler.wababbel.de\/?page_id=779","title":{"rendered":"Anap\u00e4stische Verse"},"content":{"rendered":"<p>Anap\u00e4stische Verse, also Verse, die auf der metrischen Grundeinheit &#8222;x x <strong>X<\/strong>&#8220; aufbauen, sind l\u00e4ngst nicht so h\u00e4ufig wie andere Versarten; trotzdem sind sie aufgrund ihrer sehr eigenen Bewegung, ihres besonderen Klangs einen genaueren Blick und ein aufmerksames Hinh\u00f6ren allemal wert.<\/p>\n<p>Auf den Unterseiten dieser Seite versammeln sich verschiedene Texte zu anap\u00e4stischen Versen. Wer einen nicht zu knappen \u00dcberblick m\u00f6chte, schaut in der\u00a0 folgenden Liste bei <em>Jacob Minor<\/em> vorbei; wer Zeit hat und sich durch etwas mehr Text zu k\u00e4mpfen getraut, dem seien <em>Johannes Minckwitz&#8216;<\/em> und <em>Heinrich Viehoffs<\/em> weiter unten zu findende Texte empfohlen! (Beide verzichten allerdings auf die grundlegende Darstellung, daher: im Zweifel erst bei Minor vorbeischauen!) Die anderen Texte werfen oft kurze, aber immer auch erhellende Blicke auf die anap\u00e4stischen Verse.<\/p>\n<p>&nbsp;<\/p>\n<p><strong>Bisher sind beim Verserz\u00e4hler versammelt:<\/strong><\/p>\n<p>&nbsp;<\/p>\n<p><a href=\"http:\/\/www.wababbel.de\/ferdi\/worum-es-geht\/gesammeltes\/anapaestische-verse\/jacob-minor-ueber-av\/\" target=\"_blank\" rel=\"noopener\">Jacob Minor: Anap\u00e4stische Verse<\/a><\/p>\n<p>In seiner &#8222;Neuhochdeutschen Metrik&#8220; stellt Jacob Minor gewohnt \u00fcbersichtlich und verst\u00e4ndlich die grundlegenden Eigenschaften anap\u00e4stischer Verse vor.<\/p>\n<p>&nbsp;<\/p>\n<p><a href=\"http:\/\/www.wababbel.de\/ferdi\/worum-es-geht\/gesammeltes\/anapaestische-verse\/grotefend-roth-ueber-av\/\" target=\"_blank\" rel=\"noopener\">Georg Friedrich Grotefend, Georg M. Roth: Anap\u00e4stische Verse<\/a><\/p>\n<p>Grotefend und Roth erl\u00e4utern in ihrem Buch &#8222;Anfangsgr\u00fcnde der deutschen Prosodie&#8220; die Grundlagen der anap\u00e4stischen Verse und geben dazu passend Beispiele.<\/p>\n<p>&nbsp;<\/p>\n<p><a href=\"http:\/\/www.wababbel.de\/ferdi\/worum-es-geht\/gesammeltes\/anapaestische-verse\/j-h-voss-anapaestische-verse\/\" target=\"_blank\" rel=\"noopener\">Johann Heinrich Vo\u00df: Anap\u00e4stische Verse<\/a><\/p>\n<p>In seiner ber\u00fchmten &#8222;Zeitmessung der deutschen Sprache&#8220; behandelt Vo\u00df knapp auch die anap\u00e4stischen Verse.<\/p>\n<p>&nbsp;<\/p>\n<p><a href=\"http:\/\/www.wababbel.de\/ferdi\/worum-es-geht\/gesammeltes\/anapaestische-verse\/carl-seidel-vom-anapaest\/\" target=\"_blank\" rel=\"noopener\">Carl Seidel: Vom Anap\u00e4st<\/a><\/p>\n<p>Eine\u00a0 Wesensbestimmung des Anap\u00e4sts und der auf ihm fu\u00dfenden Verse, gefunden in Carl Seidels &#8222;Charinomos&#8220;.<\/p>\n<p>&nbsp;<\/p>\n<p><a href=\"http:\/\/www.wababbel.de\/ferdi\/worum-es-geht\/gesammeltes\/anapaestische-verse\/5328-2\/\" target=\"_blank\" rel=\"noopener\">Bernhard Dieckhoff: Anap\u00e4stische Verse<\/a><\/p>\n<p>Eine weitere Vorstellung der wichtigsten Verse; mit klassischen Beispielen, entnommen dem &#8222;Handbuch der Poetik f\u00fcr Gymnasien&#8220;.<\/p>\n<p>&nbsp;<\/p>\n<p><a href=\"http:\/\/www.wababbel.de\/ferdi\/gesammeltes\/anapaestische-verse\/m-l-enk-der-anapaestische-dimeter\/\" target=\"_blank\" rel=\"noopener\">Michael-Leopold Enk: Der anap\u00e4stische Dimeter<\/a><\/p>\n<p>Enk behandelt hier nur den Dimeter, den daf\u00fcr aber etwas ausf\u00fchrlicher als die anderen hier versammelten Metriker. Aus: &#8222;\u00dcber deutsche Zeitmessung&#8220;.<\/p>\n<p>&nbsp;<\/p>\n<p><a href=\"http:\/\/www.wababbel.de\/ferdi\/gesammeltes\/anapaestische-verse\/verschiedenes-zum-anapaest\/\" target=\"_blank\" rel=\"noopener\">Verschiedenes zu den anap\u00e4stischen Versen<\/a><\/p>\n<p>Einige kurze, aber doch hilfreiche Anmerkungen zu Versfragen; von verschiedenen Verfassern.<\/p>\n<p>&nbsp;<\/p>\n<p><a href=\"http:\/\/www.wababbel.de\/ferdi\/worum-es-geht\/gesammeltes\/anapaestische-verse\/friedensreigen\/\" target=\"_blank\" rel=\"noopener\">Friedensreigen<\/a><\/p>\n<p>Ein Gedicht von Johann Heinrich Vo\u00df, das im wesentlichen anap\u00e4stisch gebaut ist, mit Anmerkungen von August Wilhelm Schlegel.<\/p>\n<p>&nbsp;<\/p>\n<p><a href=\"http:\/\/www.wababbel.de\/ferdi\/gesammeltes\/anapaestische-verse\/j-minckwitz-anapaestische-verse\/\" target=\"_blank\" rel=\"noopener\">Johannes Minckwitz: Anap\u00e4stische Verse<\/a><\/p>\n<p>Eine sehr ausf\u00fchrliche Vorstellung der anap\u00e4stischen Dimeter und Tetrameter, die ganz ohne &#8222;Striche und H\u00e4kchen&#8220; auskommt!<\/p>\n<p>&nbsp;<\/p>\n<p><a href=\"http:\/\/www.wababbel.de\/ferdi\/gesammeltes\/anapaestische-verse\/h-viehoff-anapaestische-verse\/\" target=\"_blank\" rel=\"noopener\">Heinrich Viehoff: Anap\u00e4stische Verse<\/a><\/p>\n<p>Ein ziemlich ausf\u00fchrlicher Text, der sich viel Zeit f\u00fcr die Begr\u00fcndung der verschiedenen Zusammenh\u00e4nge nimmt.<\/p>\n<p>&nbsp;<\/p>\n<p><a href=\"http:\/\/www.wababbel.de\/ferdi\/gesammeltes\/anapaestische-verse\/r-benedix-anapaestische-verse\/\">Roderich Benedix: Anap\u00e4stische Verse<\/a><\/p>\n<p>Ein kritischer Blick auf die Frage, ob anap\u00e4stische Verse im Deutschen \u00fcberhaupt m\u00f6glich sind.<\/p>\n<p>&nbsp;<\/p>\n<p><a href=\"http:\/\/www.wababbel.de\/ferdi\/gesammeltes\/anapaestische-verse\/r-v-gottschall-das-anapaestische-versmass\/\">Rudolf von Gottschall: Das anap\u00e4stische Versma\u00df<\/a><\/p>\n<p>Eine knappe, an der dichterischen Praxis ausgerichtete Beschreibung anap\u00e4stischer Verse.<\/p>\n","protected":false},"excerpt":{"rendered":"<p>Anap\u00e4stische Verse, also Verse, die auf der metrischen Grundeinheit &#8222;x x X&#8220; aufbauen, sind l\u00e4ngst nicht so h\u00e4ufig wie andere Versarten; trotzdem sind sie aufgrund ihrer sehr eigenen Bewegung, ihres besonderen Klangs einen genaueren Blick und ein aufmerksames Hinh\u00f6ren allemal wert. Auf den Unterseiten dieser Seite versammeln sich verschiedene Texte zu anap\u00e4stischen Versen. Wer einen&#8230; <a class=\"more-link\" href=\"https:\/\/verserzaehler.wababbel.de\/?page_id=779\">Read More <span class=\"screen-reader-text\"> in Anap\u00e4stische Verse<\/span><\/a><\/p>\n","protected":false},"author":15,"featured_media":0,"parent":777,"menu_order":3,"comment_status":"open","ping_status":"open","template":"","meta":{"footnotes":""},"class_list":["post-779","page","type-page","status-publish","hentry"],"_links":{"self":[{"href":"https:\/\/verserzaehler.wababbel.de\/index.php?rest_route=\/wp\/v2\/pages\/779","targetHints":{"allow":["GET"]}}],"collection":[{"href":"https:\/\/verserzaehler.wababbel.de\/index.php?rest_route=\/wp\/v2\/pages"}],"about":[{"href":"https:\/\/verserzaehler.wababbel.de\/index.php?rest_route=\/wp\/v2\/types\/page"}],"author":[{"embeddable":true,"href":"https:\/\/verserzaehler.wababbel.de\/index.php?rest_route=\/wp\/v2\/users\/15"}],"replies":[{"embeddable":true,"href":"https:\/\/verserzaehler.wababbel.de\/index.php?rest_route=%2Fwp%2Fv2%2Fcomments&post=779"}],"version-history":[{"count":22,"href":"https:\/\/verserzaehler.wababbel.de\/index.php?rest_route=\/wp\/v2\/pages\/779\/revisions"}],"predecessor-version":[{"id":8013,"href":"https:\/\/verserzaehler.wababbel.de\/index.php?rest_route=\/wp\/v2\/pages\/779\/revisions\/8013"}],"up":[{"embeddable":true,"href":"https:\/\/verserzaehler.wababbel.de\/index.php?rest_route=\/wp\/v2\/pages\/777"}],"wp:attachment":[{"href":"https:\/\/verserzaehler.wababbel.de\/index.php?rest_route=%2Fwp%2Fv2%2Fmedia&parent=779"}],"curies":[{"name":"wp","href":"https:\/\/api.w.org\/{rel}","templated":true}]}}