{"id":830,"date":"2014-02-09T15:36:41","date_gmt":"2014-02-09T13:36:41","guid":{"rendered":"http:\/\/www.wababbel.de\/ferdi\/?page_id=830"},"modified":"2017-12-11T11:50:05","modified_gmt":"2017-12-11T10:50:05","slug":"suleiman-w-hertz","status":"publish","type":"page","link":"https:\/\/verserzaehler.wababbel.de\/?page_id=830","title":{"rendered":"Suleiman (W. Hertz)"},"content":{"rendered":"<p>Im erst\u00fcrmten Feindeslager<br \/>\nSitzt der W\u00fcstenf\u00fcrst Suleiman,<br \/>\nDer gepriesne Held und Dichter,<br \/>\nSinnend mit gesenkter Stirne.<br \/>\nDoch nicht auf Ges\u00e4nge sinnt er,<br \/>\nAuf die wilden Siegesweisen,<br \/>\nDie er sang in stolzer Jugend.<br \/>\nAllzusehnig ward die Rechte<br \/>\nF\u00fcr der Saiten zarte Regung;<br \/>\nAber auf den ehrnen Schwertgriff<br \/>\nPocht sie hart mit ehrnem Finger.<br \/>\nDenn der W\u00fcstenf\u00fcrst Suleiman<br \/>\nSinnt auf Rache, sinnt auf Strafe,<br \/>\nDa den einzgen Sohn des Todfeinds<br \/>\nHeut er selbst im Kampf gefangen.<br \/>\nFinster winkt er seinen Kriegern,<br \/>\nUnd sie bringen einen J\u00fcngling,<br \/>\nNackt, mit r\u00fcckgeschn\u00fcrten Armen,<br \/>\nAber hold wie junger Fr\u00fchling.<br \/>\n&#8222;Trittst du vor mich, Bild des Feindes?&#8220;<br \/>\nRuft der Held und springt vom Sitze,<br \/>\n&#8222;Ha, dein Anblick brennt mein Auge<br \/>\nSchmerzlicher als Sand der W\u00fcste,<br \/>\nGl\u00fchender als Stich der Sonne!<br \/>\nSch\u00f6n bist du, sch\u00f6n wie dein Vater,<br \/>\nDa er unsern Stamm bestohlen<br \/>\nUm die Ehre meiner Schwester.<br \/>\nFlehe nicht mit feuchtem Blicke!<br \/>\nDenn f\u00fcr solchen Blick empfing er<br \/>\nGastfreundschaft in unsrem Zelte,<br \/>\nDa er kam, ein nackter Fl\u00fcchtling.<br \/>\nWillst du Gnade bei mir finden,<br \/>\nRei\u00dfe selbst aus deinem Antlitz<br \/>\nDiese reizend falschen Z\u00fcge<br \/>\nUnd verseng&#8216; zu Staub und Asche<br \/>\nDie woll\u00fcstig glatten Glieder!<br \/>\nFerne liegt die Zeit des Frevels,<br \/>\nLange Jahre blutger Fehde.<br \/>\nHerbstlich f\u00e4rbt sich meine Locke;<br \/>\nDoch mein Hass hat ewgen Fr\u00fchling.<br \/>\nGreis ist dein verhasster Vater,<br \/>\nSp\u00e4ter Rache schlechte Beute.<br \/>\nDoch da schickt er seine Jugend,<br \/>\nSchickt sie ganz so sch\u00f6n wie damals,<br \/>\nAls die meine er vergiftet,<br \/>\nDass der Tat die Strafe gleiche!<br \/>\nBebst du, l\u00e4chelnder Verf\u00fchrer,<br \/>\nGastrechtsch\u00e4nder, Gottverfluchter?<br \/>\nBrechen aus den Rippen will ich<br \/>\nDir das Herz, das feige, blasse,<br \/>\nRote S\u00fchneopfer sch\u00fctten<br \/>\nAuf das Grab der armen Schwester,<br \/>\nDie vor Scham und Gram vergangen.<br \/>\nAber deinem Vater send&#8216; ich<br \/>\nDeines Hauptes blutge Locke!&#8220;<br \/>\nAlso rief der Held Suleiman,<br \/>\nUnd aus dem gestickten G\u00fcrtel<br \/>\nzerret er ein blinkend Messer.<br \/>\nDa fliegt auf des Zeltes Vorhang,<br \/>\nUnd gefolgt von wilden Kriegern<br \/>\nSt\u00fcrzt herein ein junges M\u00e4dchen<br \/>\nMit zerrissenen Gewanden.<br \/>\nUm des J\u00fcnglings wei\u00dfen Nacken<br \/>\nSchlie\u00dft sie z\u00e4rtlich ihre Arme,<br \/>\nK\u00fcsst sein todesscheues Antlitz,<br \/>\nDeckt sein Herz mit ihrem Herzen.<br \/>\nDoch es rei\u00dfen sie die Krieger<br \/>\nH\u00f6hnisch lachend vor den Emir,<br \/>\nDer betroffen stockt und staunet.<br \/>\n&#8222;Allah mit dir! Held Suleiman!&#8220;<br \/>\nSpricht ein Mann mit blutgem Turban,<br \/>\n&#8222;Sieh, wir kommen, dieses Tages<br \/>\nSch\u00f6nste Beute dir zu bringen,<br \/>\nEin gazellengleiches M\u00e4dchen.<br \/>\nWir ergriffen sie im Walfeld,<br \/>\nWo sie im Gew\u00fchl der Leichen<br \/>\nSuchte des Geliebten Antlitz,<br \/>\nUnd man nennt sie &#8218;Stern der Mainacht&#8216;.<br \/>\nDir allein, o Held Suleiman,<br \/>\nZiemt es, nach des Kampfes Dunkel<br \/>\nDich an diesem Glanz zu sonnen,<br \/>\nDieses Leibes Wonnebecher<br \/>\nAuszuschl\u00fcrfen bis zum Grunde.&#8220;<br \/>\nUnd der Emir steckt das Messer<br \/>\nLangsam in den breiten G\u00fcrtel,<br \/>\nGl\u00fcht sie an mit dunklem Auge,<br \/>\nUnd dann spricht er dumpf und ruhig:<br \/>\n&#8222;Ist der Knabe dort dein Buhle?&#8220;<br \/>\nDoch das M\u00e4dchen schweigt und zittert,<br \/>\nUnd ihr feuchtes Auge fl\u00fcchtet<br \/>\nSch\u00fcchtern zu dem sch\u00f6nen J\u00fcngling,<br \/>\nUnd sein Auge sucht das ihre,<br \/>\nUnd err\u00f6tend schweigen beide.<br \/>\nLange schaut der Held Suleiman<br \/>\nIn ihr rosenzartes Antlitz,<br \/>\nUnd sein Herz erf\u00fcllt Begierde.<br \/>\n&#8222;Habet Dank f\u00fcr eure Gabe,&#8220;<br \/>\nAlso spricht er zu den Kriegern,<br \/>\n&#8222;Habet Dank, ich will sie n\u00fctzen,<br \/>\nDenn sie frommet meiner Rache.<br \/>\nF\u00fchrt ihn weg in sein Gef\u00e4ngnis!<br \/>\nBis zum Morgen soll er leben,<br \/>\nDass er diese Nacht verw\u00fcnsche.&#8220;<br \/>\nSo geschah&#8217;s; doch als der J\u00fcngling<br \/>\nAn des Zeltes T\u00fcr verschwunden,<br \/>\nSank die Jungfrau leblos nieder.<br \/>\nIn des Zeltes innerm Raume<br \/>\nLie\u00df der Held sein Bett bereiten.<br \/>\nSklaven sprengten duftge Waasser,<br \/>\nLie\u00dfen qualmen s\u00fc\u00dfen Weihrauch,<br \/>\nStreuten Blumen der Oase,<br \/>\nRosen, Myrthen, Hyazinthen,<br \/>\nFeuerlilien auf den Teppich;<br \/>\nAber auf des Lagers Polster<br \/>\nLegten sie den weichen Scharlach<br \/>\nUnd darauf das blasse M\u00e4dchen,<br \/>\nH\u00e4ngten in des Zeltes Mitte<br \/>\nEine Lampe hellen Scheines,<br \/>\nNeigten sich dem Herrn und gingen.<br \/>\nStille war&#8217;s im zelt und drau\u00dfen.<br \/>\nFern nur sang ein junger W\u00e4chter<br \/>\nLieder, gl\u00fchend weich und sehnend,<br \/>\nSeinem Liebchen in der Heimat,<br \/>\nUnd es blies der Wind der W\u00fcste.<br \/>\nLangsam trat der Held Suleiman<br \/>\nZu der stillen Bettgenossin,<br \/>\nZog hinweg die letzte H\u00fclle,<br \/>\nDie des Leibes Wunder deckte,<br \/>\nUnd erschrak in freudgem Staunen.<br \/>\nTastend glitten seine Blicke<br \/>\n\u00dcber die gel\u00f6sten Glieder,<br \/>\nUnd sie wussten nicht, wo ruhen.<br \/>\n&#8222;Gro\u00df ist Allah,&#8220; sprach er endlich,<br \/>\n&#8222;Dass er hat das Weib geschaffen,<br \/>\nSich zur Ehre, uns zur Wonne!&#8220;<br \/>\nLange stand er unbeweglich,<br \/>\nUnd auf seinem braunen Antlitz<br \/>\nSchmolz des Grimmes ehrne Falte,<br \/>\nUnd der n\u00e4chtge Blitz der Augen<br \/>\nWard ein tr\u00e4umrisch Morgenleuchten.<br \/>\nDenn er dachte seiner Liebe,<br \/>\nGl\u00fcckberauschter Jugendn\u00e4chte,<br \/>\nDachte, wie er ebenb\u00fcrtig<br \/>\nSolcher Sch\u00f6nheit lag zur Seite,<br \/>\nUnd in tiefer Brust erwachen<br \/>\nIhm die alten Lustges\u00e4nge,<br \/>\nUnd ihm summt das Lied im Ohre,<br \/>\nDas er sang verwirrt von Wonnen,<br \/>\nAls er so zum ersten Male<br \/>\nSeines M\u00e4dchens Leib enth\u00fcllte,<br \/>\nUnd er sprach in sich versunken:<br \/>\n&#8222;Lass mich schaun, vergehn im Schauen!<br \/>\nMeines Himmels Pforten \u00f6ffn&#8216; ich,<br \/>\nUnd mir ist, als schauten alle<br \/>\nSeligen des Paradieses<br \/>\nNeidisch \u00fcber meine Schulter.<br \/>\nIch war blind, nun werd&#8216; ich sehend,<br \/>\nUnd ich taumle wie ein Blinder,<br \/>\nDem die Augen pl\u00f6tzlich tagen,<br \/>\nUnd auf deiner Glieder Wellen<br \/>\nSchwankt das Schifflein meines Lebens<br \/>\nHier und dort, und schon versinkt es<br \/>\nIn ein seliges Verderben!&#8220;<br \/>\nAlso sprach der Held Suleiman<br \/>\nUnd in seinem Herzen rauscht es<br \/>\nWie das Sprudeln frischer Bronnen,<br \/>\nUnd entz\u00fcckt von der Erinnrung<br \/>\nUnd der Gegenwart der Sch\u00f6nheit<br \/>\nBeugt er sich verlangend nieder<br \/>\nZu dem regungslosen Bilde.<br \/>\nDoch da fiel von seinem Barte<br \/>\nEine eisig graue Welle<br \/>\nAuf des M\u00e4dchens schwarze Locken, &#8211;<br \/>\nUnd der Held erhob sich langsam,<br \/>\nBlickte starr hinweg und nickte<br \/>\nMit dem Haupt in tiefem Ernste:<br \/>\n&#8222;Jene Zeit ist lang vor\u00fcber,<br \/>\nJenes Lied ist l\u00e4ngst verklungen,<br \/>\nUnd ich bin ein Tor im Alter!<br \/>\nFriede mit dir, Stern der Mainacht!<br \/>\nDeines Leibes Fr\u00fchlingsblume<br \/>\nMag ein Fr\u00fchlingssturm entbl\u00e4ttern,<br \/>\nNicht des Herbstes rauer Atem.<br \/>\nHab&#8216; ich nicht mein r\u00fcstig Leben<br \/>\nDurchgek\u00e4mpft f\u00fcr Ehr&#8216; und Sch\u00f6nheit?<br \/>\nUnd ich sollte nun im Alter<br \/>\nMeiner Jugend Werk beschimpfen,<br \/>\nMeiner Jugend, deren Nachglanz<br \/>\nEben noch mein Herz erw\u00e4rmte?<br \/>\nJugend bl\u00fchet nur der Jugend,<br \/>\nUnd das Grab bl\u00fcht f\u00fcr das Alter.<br \/>\nIch war gl\u00fccklich; m\u00f6gen andre<br \/>\nGl\u00fccklich sein! In kurzen Tagen<br \/>\nSagen sie gleich mir: Ich war es.<br \/>\nSei denn gl\u00fccklich, Stern der Mainacht!&#8220;<br \/>\nPl\u00f6tzlich wird sein Auge finster,<br \/>\nUnd mit dumpfer Stimme spricht er:<br \/>\n&#8222;Spott ich selbst nicht dieses Wunsches?<br \/>\nFallen wird ihr Gl\u00fcck mit meines<br \/>\nJungen Feindes sch\u00f6nem Haupte,<br \/>\nUnd erz\u00e4hlen wird die Sage,<br \/>\nWie Suleiman einst im Alter<br \/>\nEinen Knaben hingeemordet,<br \/>\nUm sein Liebchen ihm zu rauben,<br \/>\nUnd die M\u00e4nner werden klagen<br \/>\nUm den Knaben und das M\u00e4gdlein,<br \/>\nUnd die Jugend singt ein Spottlied<br \/>\nUnd zum Hohne wird mein Name.&#8220;<br \/>\nDa aufs neue blitzt sein Auge,<br \/>\nBlitzt hin\u00fcber zu der Jungfrau,<br \/>\nUnd nach einem langen Blicke<br \/>\nDeckt er \u00fcber sie den Scharlach.<br \/>\n&#8222;Lebe wohl, du junges Leben&#8220;,<br \/>\nSpricht er mit bewegter Stimme:<br \/>\n&#8222;S\u00fc\u00dfe Last des pr\u00e4chtgen Lagers!<br \/>\nSchlummerst du in deiner Brautnacht?<br \/>\nWahrlich dir, o Lust der Augen,<br \/>\nGibt der Herr das Gl\u00fcck im Schlummer!&#8220;<br \/>\nVor die Zeltt\u00fcr trat der Emir,<br \/>\nUnd er rief den flinken Sklaven:<br \/>\n&#8222;Bring die herrlichsten Gewande,<br \/>\nPelenschn\u00fcre, Ohrgeh\u00e4nge,<br \/>\nBringet Gold, soviel ihr traget.<br \/>\nBreitet alles vor das Lager!<br \/>\nHolt dann leise den Gefangnen,<br \/>\nLegt des J\u00fcnglings stramme Glieder<br \/>\nZu des M\u00e4dchens weichem Leibe,<br \/>\nWeckt sie auf mit Brautges\u00e4ngen!<br \/>\nUnd dann wacht bei eurem Leben,<br \/>\nDass kein Menschentritt sie st\u00f6re!&#8220;<br \/>\nAlso sprach der Held Suleiman,<br \/>\nNahm den Bogen, nahm die Lanze,<br \/>\nSprang auf seinen Lieblingsrenner<br \/>\nUngesattelt, ungez\u00e4umet,<br \/>\nUnd wie Sturmgew\u00f6lk verschwand er<br \/>\nIn der stummen Nacht der W\u00fcste.<\/p>\n","protected":false},"excerpt":{"rendered":"<p>Im erst\u00fcrmten Feindeslager Sitzt der W\u00fcstenf\u00fcrst Suleiman, Der gepriesne Held und Dichter, Sinnend mit gesenkter Stirne. Doch nicht auf Ges\u00e4nge sinnt er, Auf die wilden Siegesweisen, Die er sang in stolzer Jugend. Allzusehnig ward die Rechte F\u00fcr der Saiten zarte Regung; Aber auf den ehrnen Schwertgriff Pocht sie hart mit ehrnem Finger. Denn der W\u00fcstenf\u00fcrst&#8230; <a class=\"more-link\" href=\"https:\/\/verserzaehler.wababbel.de\/?page_id=830\">Read More <span class=\"screen-reader-text\"> in Suleiman (W. Hertz)<\/span><\/a><\/p>\n","protected":false},"author":15,"featured_media":0,"parent":777,"menu_order":6,"comment_status":"open","ping_status":"open","template":"","meta":{"footnotes":""},"class_list":["post-830","page","type-page","status-publish","hentry"],"_links":{"self":[{"href":"https:\/\/verserzaehler.wababbel.de\/index.php?rest_route=\/wp\/v2\/pages\/830","targetHints":{"allow":["GET"]}}],"collection":[{"href":"https:\/\/verserzaehler.wababbel.de\/index.php?rest_route=\/wp\/v2\/pages"}],"about":[{"href":"https:\/\/verserzaehler.wababbel.de\/index.php?rest_route=\/wp\/v2\/types\/page"}],"author":[{"embeddable":true,"href":"https:\/\/verserzaehler.wababbel.de\/index.php?rest_route=\/wp\/v2\/users\/15"}],"replies":[{"embeddable":true,"href":"https:\/\/verserzaehler.wababbel.de\/index.php?rest_route=%2Fwp%2Fv2%2Fcomments&post=830"}],"version-history":[{"count":4,"href":"https:\/\/verserzaehler.wababbel.de\/index.php?rest_route=\/wp\/v2\/pages\/830\/revisions"}],"predecessor-version":[{"id":834,"href":"https:\/\/verserzaehler.wababbel.de\/index.php?rest_route=\/wp\/v2\/pages\/830\/revisions\/834"}],"up":[{"embeddable":true,"href":"https:\/\/verserzaehler.wababbel.de\/index.php?rest_route=\/wp\/v2\/pages\/777"}],"wp:attachment":[{"href":"https:\/\/verserzaehler.wababbel.de\/index.php?rest_route=%2Fwp%2Fv2%2Fmedia&parent=830"}],"curies":[{"name":"wp","href":"https:\/\/api.w.org\/{rel}","templated":true}]}}