{"id":838,"date":"2014-02-10T03:18:12","date_gmt":"2014-02-10T01:18:12","guid":{"rendered":"http:\/\/www.wababbel.de\/ferdi\/?page_id=838"},"modified":"2015-04-14T13:21:18","modified_gmt":"2015-04-14T11:21:18","slug":"bruder-rausch-w-hertz","status":"publish","type":"page","link":"https:\/\/verserzaehler.wababbel.de\/?page_id=838","title":{"rendered":"Bruder Rausch (W. Hertz)"},"content":{"rendered":"<p>&#8222;Bruder Rausch. Ein Klosterm\u00e4rchen&#8220; ist eine l\u00e4ngere, 1881 abgeschlossene Vers-Erz\u00e4hlung von Wiljelm Hertz, die ich seinen 1900 bei Cotta erschienenen &#8222;Gesammelten Dichtungen&#8220; entnehme. Geschrieben ist das Werk in paargereimten iambischen Vierhebern, worduch es nicht so recht zu den anderen im <strong>Verserz\u00e4hler<\/strong> vorgestellten Ma\u00dfen passt; es findet hier aber trotzdem seinen Platz, da es von verschiedener Seite im Netz gesucht, aber nicht gefunden worden ist!<\/p>\n<p>Die zehn &#8222;Abenteuer&#8220; sind dabei auf zehn Unterseiten verteilt der besseren \u00dcbersichtlichkeit wegen.<\/p>\n","protected":false},"excerpt":{"rendered":"<p>&#8222;Bruder Rausch. Ein Klosterm\u00e4rchen&#8220; ist eine l\u00e4ngere, 1881 abgeschlossene Vers-Erz\u00e4hlung von Wiljelm Hertz, die ich seinen 1900 bei Cotta erschienenen &#8222;Gesammelten Dichtungen&#8220; entnehme. Geschrieben ist das Werk in paargereimten iambischen Vierhebern, worduch es nicht so recht zu den anderen im Verserz\u00e4hler vorgestellten Ma\u00dfen passt; es findet hier aber trotzdem seinen Platz, da es von verschiedener&#8230; <a class=\"more-link\" href=\"https:\/\/verserzaehler.wababbel.de\/?page_id=838\">Read More <span class=\"screen-reader-text\"> in Bruder Rausch (W. Hertz)<\/span><\/a><\/p>\n","protected":false},"author":15,"featured_media":0,"parent":777,"menu_order":4,"comment_status":"open","ping_status":"open","template":"","meta":{"footnotes":""},"class_list":["post-838","page","type-page","status-publish","hentry"],"_links":{"self":[{"href":"https:\/\/verserzaehler.wababbel.de\/index.php?rest_route=\/wp\/v2\/pages\/838","targetHints":{"allow":["GET"]}}],"collection":[{"href":"https:\/\/verserzaehler.wababbel.de\/index.php?rest_route=\/wp\/v2\/pages"}],"about":[{"href":"https:\/\/verserzaehler.wababbel.de\/index.php?rest_route=\/wp\/v2\/types\/page"}],"author":[{"embeddable":true,"href":"https:\/\/verserzaehler.wababbel.de\/index.php?rest_route=\/wp\/v2\/users\/15"}],"replies":[{"embeddable":true,"href":"https:\/\/verserzaehler.wababbel.de\/index.php?rest_route=%2Fwp%2Fv2%2Fcomments&post=838"}],"version-history":[{"count":1,"href":"https:\/\/verserzaehler.wababbel.de\/index.php?rest_route=\/wp\/v2\/pages\/838\/revisions"}],"predecessor-version":[{"id":839,"href":"https:\/\/verserzaehler.wababbel.de\/index.php?rest_route=\/wp\/v2\/pages\/838\/revisions\/839"}],"up":[{"embeddable":true,"href":"https:\/\/verserzaehler.wababbel.de\/index.php?rest_route=\/wp\/v2\/pages\/777"}],"wp:attachment":[{"href":"https:\/\/verserzaehler.wababbel.de\/index.php?rest_route=%2Fwp%2Fv2%2Fmedia&parent=838"}],"curies":[{"name":"wp","href":"https:\/\/api.w.org\/{rel}","templated":true}]}}