{"id":842,"date":"2014-02-10T03:22:27","date_gmt":"2014-02-10T01:22:27","guid":{"rendered":"http:\/\/www.wababbel.de\/ferdi\/?page_id=842"},"modified":"2014-02-11T01:45:45","modified_gmt":"2014-02-10T23:45:45","slug":"zweites-abenteuer","status":"publish","type":"page","link":"https:\/\/verserzaehler.wababbel.de\/?page_id=842","title":{"rendered":"Zweites Abenteuer"},"content":{"rendered":"<p>Als Bruder Rausch sein Amt begann,<br \/>\nDa hub ein neues Leben an.<br \/>\nDie guten M\u00f6nche staunten,<br \/>\nSie sahn ihm nach und raunten,<br \/>\nWenn er mit leisem Kindertritt<br \/>\nGesch\u00e4ftig durch die G\u00e4nge glitt.<br \/>\nWas seine kleinen H\u00e4nde brachten,<br \/>\nMisstrauisch nahmen sie&#8217;s und lachten.<br \/>\nEs war ihr alter Bohnenbrei;<br \/>\nDoch fremde S\u00fc\u00dfe war dabei.<br \/>\nIm Wasser selbst welch milde G\u00fcte!<br \/>\nWie angehaucht von Rebenbl\u00fcte.<br \/>\nUnd es geschah nach wenig Tagen,<br \/>\nDass H\u00fchnchen auf den Bohnen lagen,<br \/>\nGef\u00fcllt mit zarten Leckerein,<br \/>\nUnd aus dem Krug floss edler Wein.<br \/>\nSie zagten erst, sie nippten dann<br \/>\nUnd blickten schnalzend himmelan.<br \/>\nUnd immer reicher ward ihr Mahl,<br \/>\nUnd immer w\u00fcrziger der Pokal,<br \/>\nDen er, vor Eifer hei\u00df und rot,<br \/>\nMit freundlich schlauem L\u00e4cheln bot.<br \/>\nDie Tafel deckt ein feines Linnen,<br \/>\nWie es nur Edelfr\u00e4ulein spinnen,<br \/>\nUnd kein Gel\u00fcst blieb ungestillt.<br \/>\nNun gab es Braten zahm und wild<br \/>\nUnd eine F\u00fclle von Gerichten,<br \/>\nWie Kaiserk\u00f6che sie erdichten:<br \/>\nIm Honig schwimmt der wei\u00dfe Schwan;<br \/>\nVom Zimmetbaum falzt der Fasan,<br \/>\nUnd f\u00fcrstlich prunkend stellt der Pfau<br \/>\nDes Schweifes bunte Pracht zur Schau.<br \/>\nDie armen M\u00f6nche sa\u00dfen<br \/>\nVerzaubert still und a\u00dfen.<br \/>\nSie l\u00f6sten sich den Kuttenstrick<br \/>\nUnd sprachen mit ger\u00fchrtem Blick:<br \/>\n&#8222;Der Kleine wird uns recht zum Frommen;<br \/>\nDer muss von guten Eltern kommen.&#8220;<\/p>\n<p>Doch stieg er h\u00f6her noch in Gunst,<br \/>\nWies er am Fasttag seine Kunst:<br \/>\nWeinsuppen in der Fr\u00fche<br \/>\nUnd Aal in Safranbr\u00fche,<br \/>\nUnd mittags in der Krebse Kranz,<br \/>\nDa lag der fette Biberschwanz,<br \/>\nForellenkrapfen, Blamenschier,<br \/>\nUnd Feigenmus in Malvasier<br \/>\nUnd abends Turmpasteten<br \/>\nVon Salmen und Lampreten:<br \/>\n&#8222;Ach&#8220;, riefen sie, &#8222;du selges Kind,<br \/>\nDu machst das Fasten sanft und lind!&#8220;<\/p>\n<p>F\u00fcr alles sorgt&#8216; er treu und klug<br \/>\nUnd tat sich nimmermehr genug.<br \/>\nDas Tellerbrett, der Gl\u00e4serschrank<br \/>\nGlitzt jeden Morgen spiegelblank.<br \/>\nStets war der Estrich glatt gefegt,<br \/>\nUnd Saal und Zelle wohl gepflegt.<br \/>\nBald sah man \u00fcber Flur und Treppen<br \/>\nIhn rastlos Pf\u00fchl und Polster schleppen,<br \/>\nDes harten Lagers Druck zu mildern,<br \/>\nUnd weiche Decken bunt von Bildern;<br \/>\nDie gl\u00e4nzten allerorten<br \/>\nVon Pelz und seidnen Borten:<br \/>\nSo sch\u00f6n, wie nun ihr Bette war,<br \/>\nWar in der Kirche kein Altar.<\/p>\n<p>Und in der Klosterwiese Gr\u00fcn<br \/>\nFing alles wuchernd an zu bl\u00fchn.<br \/>\nDichtschattig sprossten Baum und Strauch,<br \/>\nUmweht von s\u00fc\u00dfem Blumenhauch.<br \/>\nDarin erscholl mit sanfter Macht<br \/>\nDas Lied der V\u00f6glein Tag und Nacht.<br \/>\nDurch Myrthen schlich der Quell dahin,<br \/>\nUnd golden Fischlein spielten drin.<br \/>\nAn B\u00e4umen bei des Baches Rand,<br \/>\nDa waren T\u00fccher ausgespannt,<br \/>\nWorin an schw\u00fclen Nachmittagen<br \/>\nDie \u00e4ltern Br\u00fcder schlummernd lagen,<br \/>\nWenn sich die j\u00fcngern frisch und k\u00fchn<br \/>\nAuf Schaukeln schwangen durch das Gr\u00fcn.<br \/>\nSie schwebten hoch im Bogen,<br \/>\nDass ihre Kutten flogen.<\/p>\n<p>Dort floss der Rhein in Purpurschein<br \/>\nMit seinen Burgen gro\u00df und klein<br \/>\nUnd zog den Blick von Ort zu Ort<br \/>\nUnd zog die Herzen mit sich fort,<br \/>\nWie er am goldnen Himmelsrand<br \/>\nIm lichten Duft der Ferne schwand.<br \/>\nSie sehn die Kaufmannschiffe gleiten,<br \/>\nSehn Herrn und Fraun mit Falken reiten;<br \/>\nIm Dorfe jauchzt der T\u00e4nzer Schwarm,<br \/>\nUnd P\u00e4rchen wandeln Arm in Arm,<br \/>\nUnd Kinder ziehn in Reihen,<br \/>\nGeputzt mit gr\u00fcnen Maien:<br \/>\nDie M\u00f6nche schauten sehnsuchtbang<br \/>\nIn diese Welt voll Licht und Klang.<\/p>\n<p>Doch wenn in blauer D\u00e4mmrung dann<br \/>\nDer Mond die Silberf\u00e4den spann<br \/>\nUnd Tal und H\u00f6he lag in Schweigen,<br \/>\nDa hub der Kleine an zu geigen.<br \/>\nEr fiedelte kristallenrein<br \/>\nGar wundersame Melodein<br \/>\nUnd sang dazu vom Reich der Zwerge,<br \/>\nVon Helden schlafend tief im Berge,<br \/>\nVom Todeskuss der Wasserfraun,<br \/>\nVom Elbentanz auf Waldesaun,<br \/>\nDer einst den sch\u00f6nen Jungen<br \/>\nMit holdem Bann umschlungen,<br \/>\nAls er durchschritt den Rosenhag<br \/>\nDie Nacht vor seinem Hochzeitstag:<br \/>\nDa r\u00fchrt ihn mit der wei\u00dfen Hand<br \/>\nDie K\u00f6nigin von Elbenland<br \/>\nUnd tanzt mit ihm am Wiesenhang<br \/>\nBei leisem Sang und Fl\u00f6tenklang.<br \/>\nEr kehrte heim nach kurzen Stunden:<br \/>\nDa waren hundert Jahr entschwunden,<br \/>\nUnd l\u00e4ngst sein armes Lieb indessen<br \/>\nIm Gram gestorben und vergessen.<br \/>\nDie Weise klang so schaurig,<br \/>\nSo s\u00fc\u00df und doch so traurig,<br \/>\nWie uralt ewge Liebesklage<br \/>\nUm diese fl\u00fcchtgen Erdentage.<br \/>\nDoch pl\u00f6tzlich taucht aus Leid und Nacht<br \/>\nSein Lied in helle Tagespracht<br \/>\nUnd kehrt ins Leben lachend jung<br \/>\nMit einem kecken Freudensprung.<br \/>\nEr sang von Lust und Kosen,<br \/>\nVon Bechern und von Rosen;<br \/>\nEr sagte M\u00e4rlein wunderhold,<br \/>\nDurchwirkt mit weiser Spr\u00fcche Gold;<br \/>\nEr wusste kluger R\u00e4tsel viel<br \/>\nUnd manch ein neckisch Fragespiel;<br \/>\nVom Riesen wusst er manchen Schwank,<br \/>\nVon derbem Schimpf und Heldenzank,<br \/>\nVon wilden Schelmenstreichen<br \/>\nUnd L\u00fcgen ohnegleichen.<br \/>\nDas klang so lustig, schmuck und toll,<br \/>\nDass alle des Entz\u00fcckens voll<br \/>\nDie hellen Tr\u00e4nen lachten<br \/>\nUnd kaum des Mahls gedachten.<\/p>\n<p>So ging mit reichlichem Gewinn,<br \/>\nMit Scherz und Ernst der Tag dahin.<br \/>\nUnd wurd es endlich Schlafenszeit,<br \/>\nStand Naschwerk schon am Bett bereit<br \/>\nUnd Becher voll von edlem Nass,<br \/>\nUnd Maulbeerwein und Hippokras.<br \/>\nSie knusperten und tranken,<br \/>\nBis sie im Bett vesanken<br \/>\nUnd sanft in seinen weichen Tiefen<br \/>\nWie Engelein in Wolken schliefen.<\/p>\n<p>Bald sp\u00fcrten alle neugemut<br \/>\nIm Herzen frisches Lebensblut.<br \/>\nDie Labekost, der Zeitvertreib<br \/>\nTat ihnen wohl an Seel&#8216; und Leib.<br \/>\nSie gingen auf bei all dem Segen<br \/>\nWie knospend Laub im Fr\u00fchlingsregen.<br \/>\nSie wurden merklich feister,<br \/>\nIn Wort und Mienen dreister.<br \/>\nNicht mehr geb\u00fcckt, wie M\u00f6nche gehn<br \/>\nUnd schweigend vor sich nieder sehn,<br \/>\nSie schritten mit erhobnem Haupt,<br \/>\nDen Hut mit jungem Gr\u00fcn umlaubt,<br \/>\nIn munteren Gebaren,<br \/>\nNeugierig wie die Staren.<br \/>\nDrall in die Kutten eingespannt<br \/>\nAls w\u00e4r&#8217;s ein ritterlich Gewand,<br \/>\nMit weiten \u00c4rmeln, feingereppten,<br \/>\nDie sie wie Schwalbenschw\u00e4nze schleppten,<br \/>\nIn Stiefelchen von Korduan<br \/>\nStolzierten sie wie ein Galan,<br \/>\nDas Lockenkr\u00f6nlein wohl gekraust,<br \/>\nMit kleinen Sperbern auf der Faust,<br \/>\nAm Gurt ein sammtnes T\u00e4schchen<br \/>\nMit goldnen Bisamfl\u00e4schchen.<br \/>\nSo sah man br\u00fcderlich umschlungen<br \/>\nDie Alten scherzend mit den Jungen<br \/>\nAm Festtag durch die Bl\u00fctenaun<br \/>\nLustwandeln in der L\u00fcfte Blaun.<br \/>\nManch B\u00e4uerlein, an dessen Herd<br \/>\nSie fr\u00fcher bettelnd eingekehrt,<br \/>\nWich aus dem Weg und gr\u00fc\u00dfte sie<br \/>\nVerwundert mit gebeugtem Knie.<br \/>\nSie nickten vornehm abgewandt<br \/>\nUnd winkten gn\u00e4dig mit der Hand.<br \/>\nAuch ihr Gesang im Kirchenchor<br \/>\nKlang nicht so fromm mehr wie zuvor:<br \/>\nSie schrien an der heilgen St\u00e4tte<br \/>\nMit Fink und Amsel um die Wette;<br \/>\nSie sangen k\u00fchner stets und schriller<br \/>\nIm Jubelton und schlugen Triller.<br \/>\nDer stille, heilig dumpfe Sinn,<br \/>\nDie Kindeseinfalt war dahin.<br \/>\nSie unterfingen sich zu denken,<br \/>\nErf\u00fcllt von \u00fcberm\u00fctgen R\u00e4nken,<br \/>\nUnd freuten sich, mit scharfen Reden<br \/>\nEinander heftig zu befehden.<br \/>\nNicht alle stimmten fr\u00f6hlich ein;<br \/>\nDa gab&#8217;s geheime Seelenpein.<br \/>\nInsonderheit der Bruder Benz,<br \/>\nDer w\u00fcrdge Nestor des Konvents,<br \/>\nDer litt oft nachts in seinen Kissen<br \/>\nAn Alpdruck und Gewissensbissen<br \/>\nUnd sp\u00fcrte schon mit Ach und Wehe<br \/>\nDie Strafe Gottes in der Zehe.<br \/>\nIm rechten Feuereifer schalt<br \/>\nDer fromme Bruder Hunibald.<br \/>\nDer hatte sich zu lange Zeit<br \/>\nGeplagt, gegei\u00dfelt und kasteit,<br \/>\nUm seinen Lohn im ewgen Leben<br \/>\nSo leichten Kaufes hinzugeben.<br \/>\nDoch gegen ihn sprach Winimar,<br \/>\nDer sch\u00f6nste aus der jungen Schar:<br \/>\n&#8222;Wie hat der Kleinmut dich verst\u00f6rt!<br \/>\nHast nie von gro\u00dfen Herrn geh\u00f6rt,<br \/>\nVon Erzbischof und Kardinal,<br \/>\nDie schwelgten an der Freuden Mahl?<br \/>\nSie sangen manch verbuhltes Karmen,<br \/>\nUmstrickt von weichen Weiberarmen;<br \/>\nSie jagten Wild auf schlankem Renner<br \/>\nUnd starben doch als heilge M\u00e4nner.&#8220;<br \/>\n&#8222;Die lebten nach der Freien Recht;<br \/>\nDer M\u00f6nch ist seiner Regel Knecht.&#8220;<br \/>\n&#8222;Zu \u00e4ngstlich nach der Regel schaun,<br \/>\nHei\u00dft das nicht Gottes Huld misstraun,<br \/>\nHoff\u00e4rtig scheun den Born der Gnaden,<br \/>\nZu dem wir alle sind geladen?<br \/>\nNein, schau nur auf den Guardian:<br \/>\nErkennst du da nicht weisen Plan?<br \/>\nWie man die Unschuld zaghaft lobt,<br \/>\nDie kein Versucher noch erprobt,<br \/>\nHat auch die Bu\u00dfe wenig Wert,<br \/>\nDie niemals ahnt, was sie entbehrt.<br \/>\nLeicht tr\u00e4gt ein h\u00e4hernes Gewand,<br \/>\nWer Samt und Seide nie empfand,<br \/>\nNicht minder, wer vergessen,<br \/>\nWas Holdes er besessen.<br \/>\nWer sich dem Reiz der Welt entzieht,<br \/>\nDer meint zu siegen, wenn er flieht.<br \/>\nNur der wird ehrlich sie bezwingen,<br \/>\nDer sie umfasst in keclem Ringen.<br \/>\nWas ist der Engel h\u00f6chste Freud?<br \/>\nEin einzger S\u00fcnder, der bereut,<br \/>\nGilt mehr in ihren selgen Reichen,<br \/>\nAls hundert Fromme deinesgleichen.<br \/>\nBei unsrem ewgen Fastensang<br \/>\nWard ihnen leicht die Weile lang:<br \/>\nDoch denk, wie werden sie uns ehren,<br \/>\nWenn wir uns glorreich einst bekehren!&#8220;<\/p>\n<p>So sprach der sch\u00f6ne Winimar,<br \/>\nUnd Beifall rief der Br\u00fcder Schar.<br \/>\nDer Guardian schwieg und dachte l\u00e4chelnd,<br \/>\nMit einem Psalmenbuch sich f\u00e4chelnd:<br \/>\n&#8222;Wie t\u00f6richt war&#8217;s, mit leerem Magen<br \/>\nDen freien K\u00fcnsten nachzujagen!<br \/>\nDer Teufelsjunge disputiert,<br \/>\nAls h\u00e4tt er in Paris studiert.&#8220;<br \/>\nDer fromme Hunibald hinwieder<br \/>\nSah schwerbetroffen vor sich nieder:<br \/>\n&#8222;Wird das von allen einger\u00e4umt,<br \/>\nSo hab ich viele Zeit vers\u00e4umt.&#8220;<br \/>\nEr ging und suchte unverwandt,<br \/>\nBis er den kleinen K\u00e4mmrer fand,<br \/>\nZog ihn beiseite und begann:<br \/>\n&#8222;Du nimmst dich unser trefflich an,<br \/>\nWillst uns den Tand der Erde lehren,<br \/>\nUm unsern ewgen Schatz zu mehren.<br \/>\nDoch, im Vertrauen sei&#8217;s gesagt,<br \/>\nDu bist im Angriff noch verzagt,<br \/>\nLockst uns wie Kindervolk mit Kuchen:<br \/>\nDu musst uns kr\u00e4ftiger verfluchen.<br \/>\nDen Weltling macht gemeines toll;<br \/>\nDoch ein Asket ist anspruchsvoll.<br \/>\nDrum, willst du Heilige verf\u00fchren,<br \/>\nSo gilt&#8217;s, das Feinste aufzusp\u00fcren.<br \/>\nDer Guardian geht noch heut auf Reisen;<br \/>\nDann magst du deine K\u00fcnste weisen.&#8220;<br \/>\nDer Kleine lacht: &#8222;Ich will&#8217;s besorgen!<br \/>\nDie heilge Sonnwend kommt uns morgen.<br \/>\nGesellschaft bring ich jung und fein:<br \/>\nIhr sollt mit mir zufrieden sein.&#8220;<\/p>\n","protected":false},"excerpt":{"rendered":"<p>Als Bruder Rausch sein Amt begann, Da hub ein neues Leben an. Die guten M\u00f6nche staunten, Sie sahn ihm nach und raunten, Wenn er mit leisem Kindertritt Gesch\u00e4ftig durch die G\u00e4nge glitt. Was seine kleinen H\u00e4nde brachten, Misstrauisch nahmen sie&#8217;s und lachten. Es war ihr alter Bohnenbrei; Doch fremde S\u00fc\u00dfe war dabei. Im Wasser selbst&#8230; <a class=\"more-link\" href=\"https:\/\/verserzaehler.wababbel.de\/?page_id=842\">Read More <span class=\"screen-reader-text\"> in Zweites Abenteuer<\/span><\/a><\/p>\n","protected":false},"author":15,"featured_media":0,"parent":838,"menu_order":1,"comment_status":"open","ping_status":"open","template":"","meta":{"footnotes":""},"class_list":["post-842","page","type-page","status-publish","hentry"],"_links":{"self":[{"href":"https:\/\/verserzaehler.wababbel.de\/index.php?rest_route=\/wp\/v2\/pages\/842","targetHints":{"allow":["GET"]}}],"collection":[{"href":"https:\/\/verserzaehler.wababbel.de\/index.php?rest_route=\/wp\/v2\/pages"}],"about":[{"href":"https:\/\/verserzaehler.wababbel.de\/index.php?rest_route=\/wp\/v2\/types\/page"}],"author":[{"embeddable":true,"href":"https:\/\/verserzaehler.wababbel.de\/index.php?rest_route=\/wp\/v2\/users\/15"}],"replies":[{"embeddable":true,"href":"https:\/\/verserzaehler.wababbel.de\/index.php?rest_route=%2Fwp%2Fv2%2Fcomments&post=842"}],"version-history":[{"count":2,"href":"https:\/\/verserzaehler.wababbel.de\/index.php?rest_route=\/wp\/v2\/pages\/842\/revisions"}],"predecessor-version":[{"id":845,"href":"https:\/\/verserzaehler.wababbel.de\/index.php?rest_route=\/wp\/v2\/pages\/842\/revisions\/845"}],"up":[{"embeddable":true,"href":"https:\/\/verserzaehler.wababbel.de\/index.php?rest_route=\/wp\/v2\/pages\/838"}],"wp:attachment":[{"href":"https:\/\/verserzaehler.wababbel.de\/index.php?rest_route=%2Fwp%2Fv2%2Fmedia&parent=842"}],"curies":[{"name":"wp","href":"https:\/\/api.w.org\/{rel}","templated":true}]}}