{"id":8475,"date":"2017-12-10T12:00:16","date_gmt":"2017-12-10T11:00:16","guid":{"rendered":"http:\/\/www.wababbel.de\/ferdi\/?page_id=8475"},"modified":"2020-02-04T22:32:53","modified_gmt":"2020-02-04T21:32:53","slug":"franz-ficker-der-heroische-vers","status":"publish","type":"page","link":"https:\/\/verserzaehler.wababbel.de\/?page_id=8475","title":{"rendered":"Franz Ficker: Der heroische Vers"},"content":{"rendered":"<p>Diese Seite ist eine Unterseite zur Seite <a href=\"http:\/\/www.wababbel.de\/ferdi\/worum-es-geht\/gesammeltes\/ueber-hexameter\/\" target=\"_blank\" rel=\"noopener noreferrer\">\u00dcber Hexameter<\/a>, auf der viele weitere Texte \u00fcber den Hexameter zu finden sind.<\/p>\n<p><strong>Aus: \u00c4sthetik, oder die Lehre vom Sch\u00f6nen und von der Kunst in ihrem ganzen Umfang, 1840.<\/strong><\/p>\n<p><strong>\u00a7 472.<\/strong> Der heroische Vers (so genannt, weil man darin die Taten der Helden, heroum, besang), oder Hexameter, ist ein sechsf\u00fc\u00dfiger, daktylischer Vers, der mit einem Spondeus oder Troch\u00e4us endigt. Seine Haupteinschnitte fallen auf den dritten, oder auf den zweiten und vierten Fu\u00df, doch kann er deren noch mehrere annehmen. F\u00e4llt die Z\u00e4sur blo\u00df auf den dritten Fu\u00df, kann sie m\u00e4nnlich oder weiblich sein; f\u00e4llt sie aber auf den zweiten und vierten, muss sie m\u00e4nnlich sein. Ein Abschnitt nach dem vierten Fu\u00dfe, wodurch die letzten F\u00fc\u00dfe abgesondert werden, wird der bukolische Abschnitt genannt, weil er vorz\u00fcglich h\u00e4ufig in den bukolischen Gedichten der Alten vorkommt. Der Hexameter kann an allen Stellen statt des Daktylus einen Spondeus aufnehmen; nur werde dann der Daktylus nicht vom f\u00fcnften Fu\u00dfe verdr\u00e4ngt. Daktylen und Spondeen k\u00f6nnen im Hexameter miteinander abwechseln, wodurch der Vers die gr\u00f6\u00dfte Mannigfaltigkeit erreicht, von der tr\u00e4gsten Schwere bis zur raschesten Leichtigkeit bald einen majest\u00e4tischen oder pr\u00e4chtigen, bald einen fl\u00fcchtigen oder nachl\u00e4ssigen Gang annimmt. Dem Hexameter der Alten am genauesten nachgebildet ist der Vers in den slawischen Sprachen. Wir Deutsche m\u00fcssen aus Armut an Spondeen oft den Troch\u00e4us substituieren, sollten diesen aber so sparsam wie m\u00f6glich gebrauchen. Verdankt der deutsche Hexameter Klopstock Ansehen, Allgemeinheit und Vollkommenheit,\u00a0 so erklomm Vo\u00df den h\u00f6chsten Gipfel der Rhythmik, und nur wenige, wie zum Beispiel A. W. Schlegel in seiner Elegie Rom, in der \u00dcbersetzung eines indischen Epos, &#8222;Die Herabkunft Gangas&#8220;, und A. Wolf in einzelnen \u00dcbersetzungsproben, Platen und Schwenk sind noch h\u00f6her gestiegen. Der Schlussfall des Hexameters muss vernehmbar sein. Man darf daher nicht willk\u00fcrlich, wie es sich gibt, und wo, den Vers beschlie\u00dfen, oder mit unvollendeten Gliedern von Zeile zu Zeile her\u00fcberspringen, und noch weniger den Vers mit der H\u00e4lfte eines Worts schlie\u00dfen; sondern muss darauf bedacht sein, dass an der Stelle ein Satzteil mit einem gewichtigeren Worte sich ende, obgleich keine Interpunktion n\u00f6tig ist. Eine Einzell\u00e4nge am Ende des Hexameters hat oft gro\u00dfe Kraft, indem sie die Vorstellung der Schwere und Gr\u00f6\u00dfe, des Erhabenen oder Gewaltsamen erweckt, bei kleinlichen Gegenst\u00e4nden aber die Wirkung des L\u00e4cherlichen hervorbringt. Der Sinn des epischen Hexameters, dessen allgemeinster Charakter stetes Fortschreiten,\u00a0 bleibender Wandel ist, bezeichnet Schiller treffend, wenn er sagt:<\/p>\n<p>Schwindelnd tr\u00e4gt er dich fort auf rastlos str\u00f6menden Wogen,<br \/>\nHinter dir siehst du, du siehst vor dir nur Himmel und Meer.<\/p>\n<p>Nimmt der Hexameter auf dem f\u00fcnften Fu\u00dfe einen Spondeus auf, so muss auf dem vierten notwendig ein Daktylus eintreten; ein solcher Hexameter hei\u00dft dann ein spondeischer, und wird nur dann gebraucht, wenn dem Rhythmus ein ernster, feierlicher Gang gegeben werden soll. Ein abgek\u00fcrzter heroischer Vers, der nur aus den vier letzten F\u00fc\u00dfen eines Hexameters besteht, hei\u00dft ein alkmanischer. Horaz gebraucht ihn nur in Verbindung mit einem vollst\u00e4ndigen Hexameter; so auch Klopstock und andere. Die beiden letzten F\u00fc\u00dfe des Hexameters bilden den adonischen Vers, der teils allein in best\u00e4ndiger Wiederholung nur im munteren Liede, haupts\u00e4chlich aber als Schlussvers der sapphischen Strophe gebraucht wird.<\/p>\n","protected":false},"excerpt":{"rendered":"<p>Diese Seite ist eine Unterseite zur Seite \u00dcber Hexameter, auf der viele weitere Texte \u00fcber den Hexameter zu finden sind. Aus: \u00c4sthetik, oder die Lehre vom Sch\u00f6nen und von der Kunst in ihrem ganzen Umfang, 1840. \u00a7 472. Der heroische Vers (so genannt, weil man darin die Taten der Helden, heroum, besang), oder Hexameter, ist&#8230; <a class=\"more-link\" href=\"https:\/\/verserzaehler.wababbel.de\/?page_id=8475\">Read More <span class=\"screen-reader-text\"> in Franz Ficker: Der heroische Vers<\/span><\/a><\/p>\n","protected":false},"author":15,"featured_media":0,"parent":4072,"menu_order":9,"comment_status":"closed","ping_status":"closed","template":"","meta":{"footnotes":""},"class_list":["post-8475","page","type-page","status-publish","hentry"],"_links":{"self":[{"href":"https:\/\/verserzaehler.wababbel.de\/index.php?rest_route=\/wp\/v2\/pages\/8475","targetHints":{"allow":["GET"]}}],"collection":[{"href":"https:\/\/verserzaehler.wababbel.de\/index.php?rest_route=\/wp\/v2\/pages"}],"about":[{"href":"https:\/\/verserzaehler.wababbel.de\/index.php?rest_route=\/wp\/v2\/types\/page"}],"author":[{"embeddable":true,"href":"https:\/\/verserzaehler.wababbel.de\/index.php?rest_route=\/wp\/v2\/users\/15"}],"replies":[{"embeddable":true,"href":"https:\/\/verserzaehler.wababbel.de\/index.php?rest_route=%2Fwp%2Fv2%2Fcomments&post=8475"}],"version-history":[{"count":3,"href":"https:\/\/verserzaehler.wababbel.de\/index.php?rest_route=\/wp\/v2\/pages\/8475\/revisions"}],"predecessor-version":[{"id":9881,"href":"https:\/\/verserzaehler.wababbel.de\/index.php?rest_route=\/wp\/v2\/pages\/8475\/revisions\/9881"}],"up":[{"embeddable":true,"href":"https:\/\/verserzaehler.wababbel.de\/index.php?rest_route=\/wp\/v2\/pages\/4072"}],"wp:attachment":[{"href":"https:\/\/verserzaehler.wababbel.de\/index.php?rest_route=%2Fwp%2Fv2%2Fmedia&parent=8475"}],"curies":[{"name":"wp","href":"https:\/\/api.w.org\/{rel}","templated":true}]}}