{"id":848,"date":"2014-02-10T03:26:04","date_gmt":"2014-02-10T01:26:04","guid":{"rendered":"http:\/\/www.wababbel.de\/ferdi\/?page_id=848"},"modified":"2014-02-11T01:48:37","modified_gmt":"2014-02-10T23:48:37","slug":"viertes-abenteuer","status":"publish","type":"page","link":"https:\/\/verserzaehler.wababbel.de\/?page_id=848","title":{"rendered":"Viertes Abenteuer"},"content":{"rendered":"<p>Am Morgen statt des Sommers Blau<br \/>\nEin unabsehbar w\u00fcstes Grau.<br \/>\nDas trieft von Regen und Genibel;<br \/>\nDas Wetterf\u00e4hnlein \u00e4chzt am Giebel.<br \/>\nVom Dache speit ohn Unterlass<br \/>\nEin Drachenhaupt sein trostlos Nass.<br \/>\nDas Kloster lag wie meerversunken,<br \/>\nSo regen\u00f6d und schlummertrunken,<br \/>\nBis endlich mittags dort und da<br \/>\nEin M\u00f6nch aus seiner Zelle sah.<br \/>\nDer eine g\u00e4hnt und starrt ins Leere;<br \/>\nDer andre wimmert Miserere.<br \/>\nUnd wie der Kleine kam gegangen,<br \/>\nWard er mit Vorwurf rings empfangen.<\/p>\n<p>Und wieder laut vor allen schalt<br \/>\nDer fromme Bruder Hunibald:<br \/>\n&#8222;Nun ist verscherzt der Heilgenschein!<br \/>\nUnd der ist schuld, nur der allein!<br \/>\nWir lebten hier schon in der Zeit<br \/>\nIm Vorhof selger Ewigkeit;<br \/>\nDa wandelt uns der schn\u00f6de Zwerg<br \/>\nDas Gotteshaus zum Venusberg,<br \/>\nWo statt zerknirschter Litaneien<br \/>\nDie L\u00fcste frech gen Himmel schreien.&#8220;<br \/>\nDer Kleine lauscht des Redeschwalls<br \/>\nMit staunend vorgerecktem Hals.<br \/>\nZu Boden warf er Krug und Teller<br \/>\nUnd schl\u00fcpfte murrend in den Keller.<\/p>\n<p>Sie aber gehn vereinzelt, stumm<br \/>\nIm D\u00fcstern wie Gespenster um,<br \/>\nHohl\u00e4ugig, ohne Gru\u00df und Nicken.<br \/>\nSie messen sich mit strengen Blicken,<br \/>\nUnd jeder zieht ein schief Gesicht:<br \/>\n&#8222;Da geht auch so ein S\u00fcndenwicht!<br \/>\nDer ist an Leib und Seele krank.&#8220;<br \/>\nWo zwei sich treffen, gibt es Zank:<br \/>\n&#8222;Du hast ja sch\u00f6n galanisiert.&#8220;<br \/>\n&#8222;Du hast dich auch nicht lang geziert.&#8220;<br \/>\n&#8222;So frech wie du gehub sich keiner.&#8220;<br \/>\n&#8222;Dein Kuttenzipfel sprang wie meiner.&#8220;<br \/>\n&#8222;Ein arglos Herz ist bald verf\u00fchrt.&#8220;<br \/>\n&#8222;Ja, wo es brennt, ist leicht gesch\u00fcrt.&#8220;<br \/>\nEin dritter stand dem ersten bei,<br \/>\nEin vierter rief: &#8222;O Glei\u00dfnerei!<br \/>\nEuch ziemt es, andre anzuklagen,<br \/>\nStatt an die eigne Brust zu schlagen.&#8220;<br \/>\nEin Junger dr\u00e4ngt sich durch die Reihn:<br \/>\n&#8222;Ja, Memmen seid ihr insgemein!<br \/>\nDie Sch\u00fcler w\u00e4ren gern geblieben;<br \/>\nDoch euer Schrein hat sie vertrieben.&#8220;<br \/>\n&#8222;Hu, werft das Teufelskind hinaus!<br \/>\nEs zieht den Blitz in unser Haus.&#8220;<br \/>\nDie Jungen riefen: &#8222;Er hat recht!&#8220;<br \/>\nUnd scharten sich wie zum Gefecht.<br \/>\nSo standen sie mit grimmem Drohn,<br \/>\nDie einen voller Trotz und Hohn<br \/>\nDie Arme auf der Brust verschr\u00e4nkend,<br \/>\nDie andern wild die F\u00e4uste schwenkend.<\/p>\n<p>Indes auf einer Kellerstufe<br \/>\nSa\u00df Bruder Rausch in einer Kufe.<br \/>\nEr lachte still in sich hinein<br \/>\nUnd schnitzte Stecken gro\u00df und klein.<br \/>\nEin junges M\u00e4nnlein tritt ihm nah<br \/>\nUnd fragt erstaunt: &#8222;Was treibst du da?&#8220;<br \/>\n&#8222;Man sorgt beizeiten f\u00fcr die Not.<br \/>\nLangt zu! Sie stehn euch zu Gebot.&#8220;<br \/>\n&#8222;Gib her&#8220;, spricht jener, &#8222;du bist klug.<br \/>\nLass f\u00fchlen, hat er Saft genug,<br \/>\nUm alte Heuchler durchzulaugen?&#8220;<br \/>\nDer Kleine zwinkert mit den Augen.<br \/>\nDer Milchbart dankt: &#8222;Hab Dank, Gesell!&#8220;<br \/>\nUnd birgt den Stock im \u00c4rmel schnell.<\/p>\n<p>Drauf kam ein Alter zuzusehn:<br \/>\n&#8222;Was schaffst du, Schalksknecht, und f\u00fcr wen?&#8220;<br \/>\n&#8222;F\u00fcr mich; mir wird der Tag so lang.<br \/>\nEin Weiser flieht den M\u00fc\u00dfiggang;<br \/>\nDenn der, ihr wisst es, frommer Pater,<br \/>\nIst aller andren Laster Vater.&#8220;<br \/>\nDer Griesgram schaut sich mit Gebrumm<br \/>\nNach einem derben Knittel um.<br \/>\nEr wiegt ihn boshaft in der Faust<br \/>\nUnd l\u00e4sst ihn schwingen, dass es saust:<br \/>\n&#8222;Ein Wedel, handfest und gediegen!<br \/>\nHilft gegen freche junge Fliegen.&#8220;<br \/>\nEr nahm ihn ohne Dankeswort<br \/>\nUnd trug ihn in der Kutte fort.<\/p>\n<p>So sah man einen nach dem andern<br \/>\nBewehrt in seine Zelle wandern.<br \/>\nUnd in der Nacht im Klostergang,<br \/>\nSie kamen just vom Mettensang,<br \/>\nDr\u00e4ngt fehdelustig Schar an Schar.<br \/>\nAuf Hunibald stie\u00df Winimar<br \/>\nUnd zeigte schimpflich ihm die Zunge.<br \/>\nDer holte aus mit weitem Schwunge<br \/>\nUnd schlug ihm einen Backenstreich.<br \/>\nDoch er, aufspringend panthergleich,<br \/>\nWarf ihm den Leuchter ins Gesicht;<br \/>\nZerknickt am Grund erlosch das Licht, &#8211;<br \/>\nUnd j\u00e4hlings klatscht ein Regen<br \/>\nVon hageldichten Schl\u00e4gen.<\/p>\n<p>Was hier Unsterbliches geschehn,<br \/>\nKein Menschenauge hats gesehn.<br \/>\nMan preist mit m\u00e4chtgem Liederschalle<br \/>\nDen Nachtkampf in der Hunnen Halle.<br \/>\nDort aber war es hell vom Brand;<br \/>\nDa sah man doch, wer fiel und stand.<br \/>\nHier diese sangeswerte Schlacht<br \/>\nDeckt finstres Graun der Mitternacht.<br \/>\nDort war doch Freund und Feind geschieden;<br \/>\nHier gab kein Freund dem Freunde Frieden:<br \/>\nWahllos wie Blitz und Liebe,<br \/>\nSo fielen hier die Hiebe.<\/p>\n<p>Lang w\u00fctet der gespenstge Kampf<br \/>\nMit Schnauben, Quieken und Gestampf,<br \/>\nDes blinden Pr\u00fcgelns Raserei.<br \/>\nAuf jeden Schlag erscholl ein Schrei,<br \/>\nAuf jeden Schrei ein st\u00e4rkrer Schlag,<br \/>\nDavon ein Held am Boden lag.<br \/>\nSo stillte m\u00e4hlich sich das Toben:<br \/>\nDa pl\u00f6tzlich kam ein Licht von oben.<br \/>\nSie schauten an der Wand hinauf;<br \/>\nDort sa\u00df auf einem S\u00e4ulenknauf<br \/>\nDer Bruder Rausch bei Fackelschein.<br \/>\nEr sah vergn\u00fcgt und h\u00f6hnisch drein,<br \/>\nUnd, sich verneigend, gr\u00fc\u00dft er sie<br \/>\nMit Salbung: &#8222;Pax huic domui!&#8220;<\/p>\n<p>Da st\u00f6hnten die gefallnen Recken,<br \/>\nDie wie ein Haufen brauner Schnecken<br \/>\nBlutr\u00fcnstig, mit zerbleuten Knochen,<br \/>\nVoll Wehmut durcheinander krochen.<br \/>\nDa war nicht eine Glatze heil;<br \/>\nSie rieben sich manch edlen Teil<br \/>\nUnd pr\u00fcften unter Heulen<br \/>\nDie Striemen und die Beulen:<br \/>\n&#8222;Der Unhold lacht ob unsrer Not!<br \/>\nO weh, wie freut ihn unser Tod!&#8220;<br \/>\n&#8222;Jawohl!&#8220; rief Hunibald mit Flennen,<br \/>\n&#8222;Wollt ihr ihn endlich nun erkennen?<br \/>\nDer uns verf\u00fchrt, der uns verhetzt,<br \/>\nWie grinst und triumphiert er jetzt!<br \/>\nDas ist kein Christ, wie wir gemeint:<br \/>\nDas ist ein heidnisch b\u00f6ser Feind!&#8220;<\/p>\n<p>Sie rafften hinkend sich empor<br \/>\nUnd riefen schmerzvereint im Chor:<br \/>\n&#8222;Verbleibt er hier im Orden,<br \/>\nEr wird uns alle morden.<br \/>\nHeran! Wer kann das ABC?<br \/>\nLest ihm das Exorciso te!&#8220;<br \/>\nSie lasen&#8217;s ihm mit viel Geschrei;<br \/>\nSie schleppten Weihgeschirr herbei,<br \/>\nPsalmierten ohne Rast und Ruh:<br \/>\nEr sa\u00df und hielt das Licht dazu-<br \/>\nDa riefen sie: &#8222;Den Teufel auch!<br \/>\nDas ist ja gegen Recht und Brauch,<br \/>\nMann, wenn wir dich beschw\u00f6ren,<br \/>\nSo hast du drauf zu h\u00f6ren.&#8220;<br \/>\n&#8222;Ich h\u00f6re gerne. Lest nur fort!<br \/>\nVersteh ich auch kein Sterbenswort.&#8220;<br \/>\nSie sahn verdutzt einander an:<br \/>\n&#8222;Er trotzt dem st\u00e4rksten H\u00f6llenbann!&#8220;<\/p>\n<p>Da kam in Schwei\u00df und Schnaufen<br \/>\nDer Bruder Benz gelaufen<br \/>\nMit einem schweren Kirchenschrein:<br \/>\n&#8222;Nun gebet Acht, ich heiz ihm ein!&#8220;<br \/>\nEr lie\u00df ihn in den Kasten sehn:<br \/>\n&#8222;Kannst du dem Anblick widerstehn?<br \/>\nJungfr\u00e4ulich heilige Gebeine!<br \/>\nVon den elftausend ist es eine.&#8220;<br \/>\nEr lachte: &#8222;Lasst die Possen sein!<br \/>\nIch kenne leider dies Gebein.<br \/>\nIhr habt&#8217;s mit andern sch\u00f6nen Gaben<br \/>\nAm R\u00f6merkreuzweg ausgegraben.<br \/>\nDas hier, ein tr\u00f6stlicher Gewinn,<br \/>\nwar eine welsche T\u00e4nzerin,<br \/>\nDie keines Werbers Herz gebrochen.<br \/>\nMit diesen lockern Schenkelknochen<br \/>\nIst wenig Heiliges geschehn,<br \/>\nSoweit wir Heiden dies verstehn.<br \/>\nMeint ihr so billig uns zu meistern?<br \/>\nWie niedrig denkt ihr doch von Geistern!&#8220;<\/p>\n<p>Da dr\u00e4ngte Hunibald sich vor<br \/>\nUnd hielt ein Kruxifix empor:<br \/>\n&#8222;Nun wird es ernst! Nun muss er weichen.<br \/>\nErkennst du, Kobold, dieses Zeichen?&#8220;<br \/>\nDoch unersch\u00fcttert sa\u00df er da,<br \/>\nIndem er grollend niedersah:<\/p>\n<p>&#8222;Ich kenn den todeswunden Mann,<br \/>\nDer uns das Leben abgewann.<br \/>\nF\u00fcr euch lie\u00df sich der Reine morden;<br \/>\nDoch besser seid ihr nicht geworden.<br \/>\nEinst diente als getreuer Held<br \/>\nDer Mann den lichten Herrn der Welt<br \/>\nUnd sah im Stolz erf\u00fcllter Pflicht<br \/>\nFrei in der G\u00f6tter Angesicht,<br \/>\nStand f\u00fcr sich ein in Tat und Wort:<br \/>\nIhr winselt Gnade fort und fort.<br \/>\nDas waren M\u00e4nner unterm Helme:<br \/>\nDoch ihr seid weinerische Schelme,<br \/>\nGl\u00fcht nach der Erde Lustgewimmel<br \/>\nUnd seufzt verdrehten Blicks gen Himmel,<br \/>\nIm Heucheln gro\u00df nach Knechtsgebrauch,<br \/>\nUnd faule Knechte seid ihr auch:<br \/>\nEs reut noch euren heilgen Christ,<br \/>\nDass er f\u00fcr euch gestorben ist!&#8220;<\/p>\n<p>Auf diese Schelte keulenschwer<br \/>\nVerhaltne Schreie ringsumher.<br \/>\nDoch jener rief: &#8222;Wenn du ihn kennst,<br \/>\nDu wortscharf heidnisches Gespenst,<br \/>\nSo weich aus seinem Angesicht!&#8220;<br \/>\n&#8222;Ich stehe nicht in seiner Pflicht.<br \/>\nHier hab ich Heim und Herrenschutz:<br \/>\nHier bleib ich eben euch zum Trutz.&#8220;<\/p>\n<p>Sie standen ratlos, ohne Worte;<br \/>\nDa schellt es an der Klosterpforte.<br \/>\nWohl kannten sie des Meisters Weise:<br \/>\nDer Guardian kehrt von seiner Reise.<br \/>\nSie st\u00fcrzen fort, ihn zu empfangen,<br \/>\nMit fiebernd schamergl\u00fchten Wangen;<br \/>\nSie rutschen knieend auf den Steinen<br \/>\nMit Seutzen und mit lautem Weinen<br \/>\nUnd beichten ihm mit Hilfeflehn,<br \/>\nWas ungeheures hier geschehn.<br \/>\nEr stand umtost vom Jammerschalle<br \/>\nUnd hob den Arm; da schwiegen alle. &#8211;<br \/>\n&#8222;Wir sprechen uns. Jetzt aber geht<br \/>\nUnd b\u00fc\u00dft mit Fasten und Gebet!&#8220;<br \/>\nEr winkt: &#8222;Doch du, Geselle,<br \/>\nKomm mit in meine Zelle!&#8220;<\/p>\n","protected":false},"excerpt":{"rendered":"<p>Am Morgen statt des Sommers Blau Ein unabsehbar w\u00fcstes Grau. Das trieft von Regen und Genibel; Das Wetterf\u00e4hnlein \u00e4chzt am Giebel. Vom Dache speit ohn Unterlass Ein Drachenhaupt sein trostlos Nass. Das Kloster lag wie meerversunken, So regen\u00f6d und schlummertrunken, Bis endlich mittags dort und da Ein M\u00f6nch aus seiner Zelle sah. Der eine g\u00e4hnt&#8230; <a class=\"more-link\" href=\"https:\/\/verserzaehler.wababbel.de\/?page_id=848\">Read More <span class=\"screen-reader-text\"> in Viertes Abenteuer<\/span><\/a><\/p>\n","protected":false},"author":15,"featured_media":0,"parent":838,"menu_order":3,"comment_status":"open","ping_status":"open","template":"","meta":{"footnotes":""},"class_list":["post-848","page","type-page","status-publish","hentry"],"_links":{"self":[{"href":"https:\/\/verserzaehler.wababbel.de\/index.php?rest_route=\/wp\/v2\/pages\/848","targetHints":{"allow":["GET"]}}],"collection":[{"href":"https:\/\/verserzaehler.wababbel.de\/index.php?rest_route=\/wp\/v2\/pages"}],"about":[{"href":"https:\/\/verserzaehler.wababbel.de\/index.php?rest_route=\/wp\/v2\/types\/page"}],"author":[{"embeddable":true,"href":"https:\/\/verserzaehler.wababbel.de\/index.php?rest_route=\/wp\/v2\/users\/15"}],"replies":[{"embeddable":true,"href":"https:\/\/verserzaehler.wababbel.de\/index.php?rest_route=%2Fwp%2Fv2%2Fcomments&post=848"}],"version-history":[{"count":1,"href":"https:\/\/verserzaehler.wababbel.de\/index.php?rest_route=\/wp\/v2\/pages\/848\/revisions"}],"predecessor-version":[{"id":849,"href":"https:\/\/verserzaehler.wababbel.de\/index.php?rest_route=\/wp\/v2\/pages\/848\/revisions\/849"}],"up":[{"embeddable":true,"href":"https:\/\/verserzaehler.wababbel.de\/index.php?rest_route=\/wp\/v2\/pages\/838"}],"wp:attachment":[{"href":"https:\/\/verserzaehler.wababbel.de\/index.php?rest_route=%2Fwp%2Fv2%2Fmedia&parent=848"}],"curies":[{"name":"wp","href":"https:\/\/api.w.org\/{rel}","templated":true}]}}