{"id":8483,"date":"2017-12-12T13:25:28","date_gmt":"2017-12-12T12:25:28","guid":{"rendered":"http:\/\/www.wababbel.de\/ferdi\/?page_id=8483"},"modified":"2020-02-07T22:45:54","modified_gmt":"2020-02-07T21:45:54","slug":"das-hexameter-lexikon","status":"publish","type":"page","link":"https:\/\/verserzaehler.wababbel.de\/?page_id=8483","title":{"rendered":"Das Hexameter-Lexikon"},"content":{"rendered":"<p>&#8211; Eine Sammlung zu wichtigen Hexameter-Begriffen in <em>sehr<\/em> gem\u00e4chlichem Aufbau. Im Mittelpunkt steht die Praxistauglichkeit, meint: die einzelnen Eintr\u00e4ge sollen helfen, den Hexameter zu verstehen und f\u00fcr das eigene Schreiben zu gewinnen.<\/p>\n<p><a href=\"http:\/\/www.wababbel.de\/ferdi\/gesammeltes\/das-hexameter-lexikon\/die-silben\/\">Die Silben<\/a><\/p>\n<p><a href=\"http:\/\/www.wababbel.de\/ferdi\/gesammeltes\/das-hexameter-lexikon\/der-zeilensprung\/\">Der Zeilensprung<\/a><\/p>\n<p><a href=\"http:\/\/www.wababbel.de\/ferdi\/gesammeltes\/das-hexameter-lexikon\/deutscher-und-antiker-hexameter\/\">Deutscher und antiker Hexameter<\/a><\/p>\n<p><a href=\"http:\/\/www.wababbel.de\/ferdi\/gesammeltes\/das-hexameter-lexikon\/fehlerhafte-zaesuren\/\">Fehlerhafte Z\u00e4suren<\/a><\/p>\n<p><a href=\"http:\/\/www.wababbel.de\/ferdi\/gesammeltes\/das-hexameter-lexikon\/der-versus-spondiacus\/\">Versus spondiacus \/ Spondeischer Hexameter<\/a><\/p>\n","protected":false},"excerpt":{"rendered":"<p>&#8211; Eine Sammlung zu wichtigen Hexameter-Begriffen in sehr gem\u00e4chlichem Aufbau. Im Mittelpunkt steht die Praxistauglichkeit, meint: die einzelnen Eintr\u00e4ge sollen helfen, den Hexameter zu verstehen und f\u00fcr das eigene Schreiben zu gewinnen. Die Silben Der Zeilensprung Deutscher und antiker Hexameter Fehlerhafte Z\u00e4suren Versus spondiacus \/ Spondeischer Hexameter<\/p>\n","protected":false},"author":15,"featured_media":0,"parent":777,"menu_order":2,"comment_status":"closed","ping_status":"closed","template":"","meta":{"footnotes":""},"class_list":["post-8483","page","type-page","status-publish","hentry"],"_links":{"self":[{"href":"https:\/\/verserzaehler.wababbel.de\/index.php?rest_route=\/wp\/v2\/pages\/8483","targetHints":{"allow":["GET"]}}],"collection":[{"href":"https:\/\/verserzaehler.wababbel.de\/index.php?rest_route=\/wp\/v2\/pages"}],"about":[{"href":"https:\/\/verserzaehler.wababbel.de\/index.php?rest_route=\/wp\/v2\/types\/page"}],"author":[{"embeddable":true,"href":"https:\/\/verserzaehler.wababbel.de\/index.php?rest_route=\/wp\/v2\/users\/15"}],"replies":[{"embeddable":true,"href":"https:\/\/verserzaehler.wababbel.de\/index.php?rest_route=%2Fwp%2Fv2%2Fcomments&post=8483"}],"version-history":[{"count":8,"href":"https:\/\/verserzaehler.wababbel.de\/index.php?rest_route=\/wp\/v2\/pages\/8483\/revisions"}],"predecessor-version":[{"id":9910,"href":"https:\/\/verserzaehler.wababbel.de\/index.php?rest_route=\/wp\/v2\/pages\/8483\/revisions\/9910"}],"up":[{"embeddable":true,"href":"https:\/\/verserzaehler.wababbel.de\/index.php?rest_route=\/wp\/v2\/pages\/777"}],"wp:attachment":[{"href":"https:\/\/verserzaehler.wababbel.de\/index.php?rest_route=%2Fwp%2Fv2%2Fmedia&parent=8483"}],"curies":[{"name":"wp","href":"https:\/\/api.w.org\/{rel}","templated":true}]}}