{"id":850,"date":"2014-02-10T03:28:32","date_gmt":"2014-02-10T01:28:32","guid":{"rendered":"http:\/\/www.wababbel.de\/ferdi\/?page_id=850"},"modified":"2014-02-11T01:50:04","modified_gmt":"2014-02-10T23:50:04","slug":"fuenftes-abenteuer","status":"publish","type":"page","link":"https:\/\/verserzaehler.wababbel.de\/?page_id=850","title":{"rendered":"F\u00fcnftes Abenteuer"},"content":{"rendered":"<p>Ihm folgte Rausch mit schnellen Schritten:<br \/>\n&#8222;Dein Glatzenvolk hat schlechte Sitten!<br \/>\nSie haben b\u00fcbisch mich entehrt,<br \/>\nWeil ich getan, was sie begehrt.&#8220;<br \/>\nDer Guardian sa\u00df und blickt&#8216; ihn an,<br \/>\nBis er mit ernstem Ton begann:<br \/>\n&#8222;Gedenk, es war mein erstes Wort,<br \/>\nDu seist hier nicht an deinem Ort.<br \/>\nDu bist erkannt, es ist vorbei:<br \/>\nIch lass dich aller Dienste frei.&#8220;<br \/>\nDer Kleine schaut erschrocken<br \/>\nAus seinen goldnen Locken:<br \/>\n&#8222;Sie haben mich gescholten;<br \/>\nDas hab ich treu vergolten.<br \/>\nSo bin ich quitt mit deinen Mannen.<br \/>\nUnd darum willst du mich verbannen?&#8220;<br \/>\n&#8222;Ich nicht, ich mag dich gerne leiden.<br \/>\nIch trank vom frischen Quell der Heiden,<br \/>\nKann frei auf eignen F\u00fc\u00dfen stehn<br \/>\nUnd ohne Glaubenskr\u00fccken gehn.<br \/>\nDoch meinem Volk bist du ein Grausen:<br \/>\nIhr k\u00f6nnt nicht mehr zusammen hausen.&#8220;<\/p>\n<p>Der Kleine klagt: &#8222;So werd ich gehn,<br \/>\nDen lieben Herrn nicht wiedersehn?&#8220;<br \/>\n&#8222;So lang und oft, wie du begehrst,<br \/>\nWenn du kein heidnisch Wesen w\u00e4rst.<br \/>\nNimm treuen Freundesrat von mir:<br \/>\nWohin du fliehen magst von hier,<br \/>\nUnd wanderst du nach allen Winden,<br \/>\nWirst nirgends eine Heimat finden.<br \/>\nDer Kirche Sieg ist l\u00e4ngst entschieden;<br \/>\nSo f\u00fcg auch du dich: mache Frieden!<br \/>\nVersteh mich recht! Sie wahrt den Schein:<br \/>\nDein Stand und Kleid soll christlich sein.<br \/>\nHast du die Herrin anerkannt,<br \/>\nSo schirmt sie dich mit starker Hand.<br \/>\nIm Kreise christlicher D\u00e4monen<br \/>\nWirst du bequem und sicher wohnen.<br \/>\nMit Heiden soll kein Christ verkehren;<br \/>\nDen Teufel darf er nicht entbehren.&#8220;<br \/>\nDa schreit der Kleine: &#8222;Wehe,<br \/>\nWenn ich dich recht verstehe!<br \/>\nEin Teufel soll ich werden?&#8220;<br \/>\nFragt er mit Zorngeb\u00e4rden.<br \/>\n&#8222;Ein andres wird dir kaum gelingen:<br \/>\nZum Engel wirst du&#8217;s schwerlich bringen.<br \/>\nDie sind so spr\u00f6d altjungfernhaft:<br \/>\nDu bl\u00fchst in deiner S\u00fcnden Saft.&#8220;<\/p>\n<p>Da warf der Elb das Haupt empor<br \/>\nUnd trat mit heftgem Tritte vor:<br \/>\n&#8222;Pfui, wisst Ihr nicht, mit wem Ihr sprecht?<br \/>\nIch bin von g\u00f6ttlichem Geschlecht!&#8220;<br \/>\nSo ruft er, und sein Auge rollt.<br \/>\n&#8222;Bist du so stolz?&#8220; sprach Irminold,<br \/>\n&#8222;Nur eine Frage gib mir frei:<br \/>\nErz\u00e4hle mir, warst du dabei,<br \/>\nAls aus der Elemente Krieg<br \/>\nDie erste Sonne jauchzend stieg.<br \/>\nDes Lebens Sinn und tiefsten Grund,<br \/>\nDes Weltalls Wesen tu mir kund!<br \/>\nErhebe mich in G\u00f6ttersph\u00e4re,<br \/>\nDamit ich dich als Gott verehre!&#8220;<\/p>\n<p>Lang schwieg gebeugt der kleine Mann<br \/>\nUnd trutzt ihn halben Blickes an:<br \/>\n&#8222;Ein grausam Wort! Was tat ich dir?<br \/>\nWie unhold sprichst du doch zu mir!<br \/>\nAls ich der Nacht entstanden,<br \/>\nWar alles schon vorhanden.<br \/>\nDu magst der Urwelt Riesen fragen:<br \/>\nSie reden auch nach H\u00f6rensagen.<br \/>\nAus Ewigkeiten rauscht es her,<br \/>\nEin grundlos uferloses Meer.<br \/>\nNimm alle G\u00f6tter zu Geleitern:<br \/>\nIn Nacht und Wahnsinn wirst du scheitern.<br \/>\nOft erbt sich halbvergessner Sang<br \/>\nVon Mund zu Mund, wer sagt wie lang?<br \/>\nEin R\u00e4tsellied, das man noch singt,<br \/>\nWeil es so sch\u00f6n zur Harfe klingt.<br \/>\nDoch niemand wei\u00df, wer&#8217;s einst ersann,<br \/>\nUnd niemand lebt, der&#8217;s l\u00f6sen kann:<br \/>\nSo ist die Welt. Wie mancher Laut<br \/>\nT\u00f6nt deinem Herzen so vertraut!<br \/>\nMeinst ihre Worte zu verstehn,<br \/>\nBis j\u00e4h die Sinne dir vergehn.<br \/>\nDie dich mit Sehnsucht \u00fcberquillt<br \/>\nUnd l\u00e4sst sie ewig ungestlillt;<br \/>\nBald k\u00fchn wie junges Werben,<br \/>\nBald trostlos bis zum Sterben.<br \/>\nEs ist ein wundersam Gedicht:<br \/>\nDoch seine Deutung findst du nicht.&#8220;<\/p>\n<p>&#8222;Ja,&#8220; rief bewegt der Guardian,<br \/>\n&#8222;All unsre Weisheit ist ein Wahn!<br \/>\nDie Dinge zu benennen,<br \/>\nDas hei\u00dfen wir Erkennen.<br \/>\nWer fasst das grenzenlose All?<br \/>\nDas ist f\u00fcr uns ein Wort und Schall:<br \/>\nWas leben will, das schr\u00e4nkt sich ein;<br \/>\nUnendlich sein hei\u00dft gar nicht sein.<br \/>\nEin Wesen ohne Schranken<br \/>\nZersprengt uns die Gedanken.<br \/>\nDrum nimmt man, was die Stunde beut:<br \/>\nDer Sch\u00f6pfungstag ist ewig heut.<br \/>\nDas H\u00f6chste, was der Geist erfuhr,<br \/>\nLehrt ihn Verzicht. Wir k\u00f6nnen nur<br \/>\nDas Unverg\u00e4ngliche verehren<br \/>\nUnd nach Verg\u00e4nglichem begehren.<br \/>\nGleich V\u00f6lkerz\u00fcgen, die sich dr\u00e4ngen,<br \/>\nIn Kampf und Wanderfahrt sich mengen,<br \/>\nSo durch des Himmels \u00d6de ziehn<br \/>\nDer G\u00f6tter reisge Dynastien<br \/>\nUnd streiten sich um Raum und Rang<br \/>\nVom Aufgang bis zum Niedergang.<br \/>\nDoch wie der Strom vor\u00fcbertreibt,<br \/>\nSie gehn &#8211; das Weltgeheimnis bleibt.<br \/>\nUnd bist du selbst ein Kind der Zeit,<br \/>\nGleich uns ein Spiel von Luft und Leid,<br \/>\nSo lass dir mit uns allen<br \/>\nDen Wechsel auch gefallen!<br \/>\nWie alles, was zum Licht erwacht,<br \/>\nTr\u00e4gst du das Muttermal der Nacht.<br \/>\nWer gar der Menschen Gunst begehrt,<br \/>\nWas ist dem Dauerndes gew\u00e4hrt?<br \/>\nDoch darfst in unsern Tagen<br \/>\nDu wahrlich nicht verzagen:<br \/>\nDu bist Gebild nach ihrem Bilde,<br \/>\nUnd gegen solche sind sie milde.<br \/>\nJa, wenn es ernst w\u00e4r mit dem Einen,<br \/>\nDem Gleichnislosen, Heiligreinen,<br \/>\nDer uns zu selgen H\u00f6hen lenkt,<br \/>\nMit Sch\u00f6nheit, Geist und Liebe tr\u00e4nkt!<br \/>\nWie, wenn des Tages Auge strahlt,<br \/>\nDie Farben, die der Morgen malt,<br \/>\nIn ihrem bunten Spiel erblinden,<br \/>\nSo m\u00fcsstet ihr ins Blaue schwinden.<br \/>\nDoch ihn mag wohl der Seher ahnen,<br \/>\nDer einsam wandelt hohe Bahnen:<br \/>\nDas Volk, das in der Erde gr\u00e4bt,<br \/>\nAm derben Trug der Sinne klebt,<br \/>\nDie Schuldbeladnen, M\u00fchsalreichen,<br \/>\nSie wollen G\u00f6tter ihresgleichen.<br \/>\nDer Weltkraft innerliches Walten<br \/>\nMuss menschlich greifbar sich gestalten.<br \/>\nDen Trieb verbannt kein Predigtwort,<br \/>\nKein Taufgru\u00df aus dem Herzen fort.<br \/>\nDie Kirche kommt ihm sanft entgegen<br \/>\nUnd n\u00fctzt ihn weise, sich zum Segen.<br \/>\nGlaub&#8216; mir! Hast du dich eingew\u00f6hnt,<br \/>\nAuch du wirst bald mit ihr vers\u00f6hnt.&#8220;<\/p>\n<p>&#8222;Ihr sagt von G\u00f6ttern sch\u00f6ne Sachen,<br \/>\nUnd mich wollt Ihr zum Teufel machen!&#8220;<br \/>\n&#8222;Ei, ob man Gott euch oder Geist,<br \/>\nOb Engel oder Teufel hei\u00dft,<br \/>\nWas tut&#8217;s, wenn man nur an euch glaubt!<br \/>\nViel besser Horn und Satyrhaupt,<br \/>\nAls dass ihr unbeachtet<br \/>\nIns Nichts hin\u00fcberschmachtet.<br \/>\nUnd wenn euch Lieb und Ehrfurcht l\u00fcgen,<br \/>\nSo lasst euch mit der Furcht gen\u00fcgen!&#8220;<\/p>\n<p>&#8222;Zum Teufel, Herr, bin ich zu gut!<br \/>\nEr ist der Knecht der Glaubenswut,<br \/>\nDer Bestie mit dem Heilgenschein,<br \/>\nDie schwelgt an ewger H\u00f6llenpein!&#8220;<br \/>\n&#8222;Freund, wolltest du dich nur bequemen,<br \/>\nDie Sache nicht so schwer zu nehmen!<br \/>\nBedenke, wer lebt ohne Tadel?<br \/>\nViel Schw\u00e4chen deckt kein hoher Adel.<br \/>\nOb G\u00f6tter, ob Titanen,<br \/>\nDas kommt von gleichen Ahnen,<br \/>\nHei\u00dft heute Freund und morgen Feind:<br \/>\nMan muss nur wissen, wie&#8217;s gemeint.<br \/>\nSo schlimm sie aufeinander wettern,<br \/>\nSie sind im Grund die n\u00e4chsten Vettern.<br \/>\nNein, schilt mir nicht die Herrn der Nacht!<br \/>\nGro\u00df ist ihr Heer und ihre Macht.<br \/>\nWas oft der lieben Gotteshuld<br \/>\nMit ihrer himmlischen Geduld<br \/>\nIn Jahren nicht gelingen mag,<br \/>\nVollbringen sie an einem Tag.<br \/>\nSieh unser gl\u00e4ubges Herdentier,<br \/>\nSchwach von Vernunft und stark von Gier<br \/>\nUnd stets verlockt, abseits zu weiden<br \/>\nAuf dieses Lebens gr\u00fcnen Heiden!<br \/>\nWie sammelten wir armen Hirten<br \/>\nAll die Zerstreuten und Verirrten,<br \/>\nW\u00e4r nicht der schwarze Zottelhund,<br \/>\nDer grimme W\u00e4chter, mit im Bund.<br \/>\nSchweift uns ein Wildling \u00fcberzwerch,<br \/>\nEr scheucht ihn in der Kirche Pferch.<br \/>\nVon Teufelsangst und ihrer Bu\u00dfe<br \/>\nLebt unsre ganze heilge Mu\u00dfe.<br \/>\nDoch er, so s\u00fcndig vielgewandt,<br \/>\nIst uns auch sonst noch gern zur Hand.<br \/>\nDenn er ist, ganz wie du, gesellig,<br \/>\nMacht als Verf\u00fchrer sich gef\u00e4llig,<br \/>\nErh\u00f6ht die Ehre, wenn wir siegen,<br \/>\nEntschuldigt uns, wenn wir erliegen.<br \/>\nDenn wo wir straucheln in der Welt,<br \/>\nDa hat er uns ein Bein gestellt.<br \/>\nWenn wir in Evas Apfel bissen,<br \/>\nIhm schiebt man alles ins Gewissen.<br \/>\nDrum sieh, wo unsereins gedeiht,<br \/>\nDa ist der Teufel auch nicht weit.<br \/>\nWir haben uns in allen Landen<br \/>\nVon jeher wunderbar verstanden.&#8220;<\/p>\n<p>&#8222;Ja, w\u00e4r er nur nicht so vertrackt,<br \/>\nSo unget\u00fcmlich abgeschmackt!<br \/>\nEr ist zu gr\u00e4ulich f\u00fcr das Lachen,<br \/>\nZu l\u00e4cherlich, um graun zu machen.&#8220;<br \/>\n&#8222;Ach so, du kennst nur jene Fratze<br \/>\nMit Huf und Schweif und Krallentatze.<br \/>\nNein, Freund, so will der Bauer ihn;<br \/>\nDenn der liebt kr\u00e4ftge Medizin.<br \/>\nUns tut ein ketzerischer Zug,<br \/>\nDer Blick des Sp\u00f6tters schon genug.<br \/>\nEin schalkhaft H\u00f6rnerp\u00e4rchen keimt;<br \/>\nLacht wie ein Kuppler abgefeimt<br \/>\nMit kecken h\u00f6fischen Manieren:<br \/>\nDass alles wird dich trefflich zieren.&#8220;<\/p>\n<p>Rausch sah zu Boden, schwieg und sann,<br \/>\nUnd Irminold hub wieder an:<br \/>\n&#8222;Nicht jedem ist sein Leben<br \/>\nIn freie Hand gegeben.<br \/>\nIch selber, schau, wie treib ich&#8217;s hier?<br \/>\nViel sanfter s\u00e4\u00df ich, glaube mir,<br \/>\nEin Liebling heiliger Natur,<br \/>\nMit Aristipp und Epikur<br \/>\nBei Lyraklang und vollen Bechern,<br \/>\nStatt hier mit meinen armen Sch\u00e4chern<br \/>\nDen d\u00fcrren Rosenkranz zu drehn<br \/>\nUnd auf die sch\u00f6ne Welt zu schm\u00e4hn.<br \/>\nAch, Herz und Welt sind heut entzweit;<br \/>\nSo will&#8217;s der Eigensinn der Zeit.<br \/>\nSieh, der Gescheitre bist ja du:<br \/>\nGib nach und dr\u00fcck ein Auge zu!&#8220;<\/p>\n<p>&#8222;Du m\u00f6chtest allen Trost mir rauben!<br \/>\nIch kann es nicht, ich will&#8217;s nicht glauben,<br \/>\nWas wir f\u00fcr dieses Volk getan,<br \/>\nDas sei nun Alterweiberwahn.<br \/>\nIn Gunst und Gnade nimmer m\u00fcd,<br \/>\nWie waren freudig wir bem\u00fcht,<br \/>\nGedeihn und Heil zu spenden<br \/>\nMit unsichtbaren H\u00e4nden!<br \/>\nWie wuchs durch unsre stille Pflege<br \/>\nDas Gut im Haus und im Gehege.<br \/>\nDes Herdes Brot, die Milch der K\u00fche,<br \/>\nUnd zogen wir in heilger Fr\u00fche<br \/>\nIm Reigenschritte durch die Flur,<br \/>\nErquoll vom Segen unsre Spur.<br \/>\nBeim kranken Kind in schw\u00fcler Nacht<br \/>\nDie guten Holden hielten Wacht.<br \/>\nEs wurde gro\u00df in unsrer Mitte;<br \/>\nWir st\u00fctzen seine schwanken Tritte.<br \/>\nVors Bett des J\u00fcnglings legten wir<br \/>\nAm Weihetag die Waffenzier;<br \/>\nBeim Osterfr\u00fchst\u00fcck fand die Maid<br \/>\nIm Moos ein Nestlein voll Geschmeid.<br \/>\nDes Kindes Wunsch, der Traum der Braut,<br \/>\nEr ward dem Hausgeist leis&#8216; vertraut,<br \/>\nUnd galt es ernste M\u00e4nnertat,<br \/>\nWir sa\u00dfen ungesehn im Rat.<br \/>\nAls feierlich geladne G\u00e4ste<br \/>\nVerteilten wir am Hochzeitsfeste<br \/>\nGl\u00fcckseckel, Wunschring, Zauberhorn,<br \/>\nDes Metes unersch\u00f6pften Born.<br \/>\nWir sprachen Trost in schweren Tagen<br \/>\nUnd halfen fromm die Toten klagen.<br \/>\nUnd all der trauliche Verein,<br \/>\nDie Treue soll vergessen sein,<br \/>\nVerweht im Wind mit welkem Laube?<br \/>\nDas muss ich sehn, bevor ich&#8217;s glaube.&#8220;<\/p>\n<p>Der Guardian hob sich rasch vom Pf\u00fchl:<br \/>\n&#8222;So zieh hinaus ins Weltgew\u00fchl,<br \/>\nWillst du mit eignen Augen sehn!<br \/>\nDoch, armer Freund, wie wird dir&#8217;s gehn?<br \/>\nSo weise und so unerfahren,<br \/>\nWirst du dich schwer vor Schaden wahren.<br \/>\nWie ging&#8217;s dem Fant auf n\u00e4chtger Au,<br \/>\nDer tanzte mit der Elbenfrau?<br \/>\nDa sangest du dein eignes Los:<br \/>\nDu schliefst zu lang im Bergesscho\u00df<br \/>\nUnd findest deine Welt nicht mehr.<br \/>\nDu segelst in ein fremdes Meer;<br \/>\nDoch denk&#8216;, bevor dein Schifflein sinkt,<br \/>\nDass hier ein sichrer Hafen winkt!&#8220;<br \/>\nRausch zeigt hinaus: &#8222;Die Schatten weichen.<br \/>\nDas Tag erhebt sein Siegeszeichen!&#8220;<br \/>\nEr schwenkt sein H\u00fctlein: &#8222;Auf ins Land!&#8220;<br \/>\nRief er frohlockend und entschwand.<\/p>\n","protected":false},"excerpt":{"rendered":"<p>Ihm folgte Rausch mit schnellen Schritten: &#8222;Dein Glatzenvolk hat schlechte Sitten! Sie haben b\u00fcbisch mich entehrt, Weil ich getan, was sie begehrt.&#8220; Der Guardian sa\u00df und blickt&#8216; ihn an, Bis er mit ernstem Ton begann: &#8222;Gedenk, es war mein erstes Wort, Du seist hier nicht an deinem Ort. Du bist erkannt, es ist vorbei: Ich&#8230; <a class=\"more-link\" href=\"https:\/\/verserzaehler.wababbel.de\/?page_id=850\">Read More <span class=\"screen-reader-text\"> in F\u00fcnftes Abenteuer<\/span><\/a><\/p>\n","protected":false},"author":15,"featured_media":0,"parent":838,"menu_order":4,"comment_status":"open","ping_status":"open","template":"","meta":{"footnotes":""},"class_list":["post-850","page","type-page","status-publish","hentry"],"_links":{"self":[{"href":"https:\/\/verserzaehler.wababbel.de\/index.php?rest_route=\/wp\/v2\/pages\/850","targetHints":{"allow":["GET"]}}],"collection":[{"href":"https:\/\/verserzaehler.wababbel.de\/index.php?rest_route=\/wp\/v2\/pages"}],"about":[{"href":"https:\/\/verserzaehler.wababbel.de\/index.php?rest_route=\/wp\/v2\/types\/page"}],"author":[{"embeddable":true,"href":"https:\/\/verserzaehler.wababbel.de\/index.php?rest_route=\/wp\/v2\/users\/15"}],"replies":[{"embeddable":true,"href":"https:\/\/verserzaehler.wababbel.de\/index.php?rest_route=%2Fwp%2Fv2%2Fcomments&post=850"}],"version-history":[{"count":1,"href":"https:\/\/verserzaehler.wababbel.de\/index.php?rest_route=\/wp\/v2\/pages\/850\/revisions"}],"predecessor-version":[{"id":851,"href":"https:\/\/verserzaehler.wababbel.de\/index.php?rest_route=\/wp\/v2\/pages\/850\/revisions\/851"}],"up":[{"embeddable":true,"href":"https:\/\/verserzaehler.wababbel.de\/index.php?rest_route=\/wp\/v2\/pages\/838"}],"wp:attachment":[{"href":"https:\/\/verserzaehler.wababbel.de\/index.php?rest_route=%2Fwp%2Fv2%2Fmedia&parent=850"}],"curies":[{"name":"wp","href":"https:\/\/api.w.org\/{rel}","templated":true}]}}