{"id":854,"date":"2014-02-10T03:31:10","date_gmt":"2014-02-10T01:31:10","guid":{"rendered":"http:\/\/www.wababbel.de\/ferdi\/?page_id=854"},"modified":"2014-02-11T01:50:59","modified_gmt":"2014-02-10T23:50:59","slug":"siebtes-abenteuer","status":"publish","type":"page","link":"https:\/\/verserzaehler.wababbel.de\/?page_id=854","title":{"rendered":"Siebtes Abenteuer"},"content":{"rendered":"<p>Er schlich sich vor zum Waldesrand.<br \/>\nDa sa\u00df ein P\u00e4rlein Hand in Hand<br \/>\nAllein in gr\u00fcner Einsamkeit<br \/>\nUnd klagte Gott sein Liebesleid.<br \/>\nEs war die blonde Hadulind,<br \/>\nDes reichen Bauern einzig Kind;<br \/>\nDort lag in weiter Fluren Kranz<br \/>\nSein stolz Geh\u00f6ft im Abendglanz.<br \/>\nSie liebte trotz der Eltern Drohn<br \/>\nDes armen Nachbars schmucken Sohn;<br \/>\nDoch morgen wird sie ungefragt<br \/>\nVerhasstem Werber zugesagt.<\/p>\n<p>&#8222;Weh&#8220;, ruft der Bursch, &#8222;wir sind betrogen!<br \/>\nWie hat der Stelzfu\u00df doch gelogen,<br \/>\nDer uns im Glas den Alraun wies<br \/>\nUnd unverhofftes Gl\u00fcck verhie\u00df!<br \/>\nGibst du dich hin dem ekeln Wicht,<br \/>\nIch trag es nicht, ich duld&#8216; es nicht.<br \/>\nIch w\u00fcrg&#8216; ihn hier mit dieser Faust<br \/>\nUnd mach&#8216; ein End&#8216;, davor mir graust.&#8220;<br \/>\nDas M\u00e4gdlein weinte bitterlich:<br \/>\n&#8222;Wie soll ich leben ohne dich?&#8220;<br \/>\nSie sah mit ernsten Augen auf:<br \/>\n&#8222;Und haben wir nicht freien Lauf?<br \/>\nWas hindert uns, zu fliehen,<br \/>\nSo weit die Schwalben ziehen?<br \/>\nDir ist die alte M\u00e4re kund,<br \/>\nWie Walther floh mit Hildegund:<br \/>\nSo g\u00fcrte dich vor Mitternacht<br \/>\nUnd komm ger\u00fcstet wie zur Schlacht!<br \/>\nDen Wurfspie\u00df nimm zum Wanderstab<br \/>\nUnd harre mein am H\u00fcnengrab!<br \/>\nMein B\u00fcndel, das ist bald bereit:<br \/>\nNichts nehm&#8216; ich als mein Hochzeitskleid.<br \/>\nDiebsfinger z\u00fcnd ich heimlich an;<br \/>\nDas ist der st\u00e4rkste Schlummerbann.<br \/>\nSo h\u00f6rt kein St\u00f6rer meinen Tritt.<br \/>\nIch bring&#8216; den Hecketaler mit!<br \/>\nDer hilft uns bis ans End&#8216; der Welt,<br \/>\nUnd mag&#8217;s dann gehn, wie&#8217;s Gott gef\u00e4llt!<\/p>\n<p>&#8222;Gl\u00fcck auf den Weg!&#8220; so rief im Grimme<br \/>\nMit einmal eine raue Stimme,<br \/>\nUnd zornergl\u00fchend stand vor ihnen<br \/>\nDer Bauer mit verzerrten Mienen:<br \/>\n&#8222;Der Donner soll verdammen<br \/>\nDie Ahneln und die Ammen,<br \/>\nDie, statt der Dirne vorzubeten,<br \/>\nDurch M\u00e4rlein ihr den Kopf verdrehten!&#8220;<br \/>\nEr hielt mit seiner Eisenhand<br \/>\nDer Tochter runden Arm umspannt:<br \/>\n&#8222;Wir werden dich verwahren,<br \/>\nBis wir zu Neste fahren.<br \/>\nBist erst bei deinem Mann geborgen,<br \/>\nDer mag dann f\u00fcr das weitre sorgen.<br \/>\nEr wei\u00df, wie man das F\u00fcllen z\u00e4hmt,<br \/>\nDass es zum Zaume sich bequemt.<br \/>\nDoch rat&#8216; ich diesem Laffen hier,<br \/>\nJagd er mir wieder im Revier,<br \/>\nSo meid&#8216; er mich und meine Mannen:<br \/>\nMit Hunden hetz&#8216; ich ihn von dannen.&#8220;<\/p>\n<p>Sie sprach: &#8222;Hier geht Gewalt vor Recht.<br \/>\nWas hast du gegen Heribrecht?<br \/>\nEr ist, wenn nicht an G\u00fctern reich,<br \/>\nDoch dir und jedem Herren gleich:<br \/>\nEin freier Mann auf freiem Grund.&#8220;<br \/>\n&#8222;Ja&#8220;, rief der Bursch mit stolzem Mund,<br \/>\n&#8222;Und h\u00e4tt&#8216; ich nichts als diesen Arm,<br \/>\nIch will sie betten weich und warm.<br \/>\nKein bessrer pfl\u00fcgt und schwingt die Garben:<br \/>\nAn meinem Herd soll niemand darben!&#8220;<br \/>\nDa lacht der Alte sp\u00f6ttisch froh<br \/>\nMit Lauerblicken: &#8222;Prahlst du so?<br \/>\nVerg\u00f6nnst du dir, dich selbst zu loben,<br \/>\nVerg\u00f6nn auch mir, dich zu erproben!&#8220;<br \/>\nAm Abhang dehnt sich sonnverbrannt<br \/>\nEin weites w\u00fcstes Heideland.<br \/>\n&#8222;Da dr\u00fcben dieses Distelfeld,<br \/>\nSchon lange schaut&#8216; ich&#8217;s gern bestellt.<br \/>\nNun zeig, was so ein Held vermag!<br \/>\nFind ich&#8217;s geackert bis zum Tag,<br \/>\nDann, aber merke wohl, nur dann&#8220; &#8211;<br \/>\nDrei Finger streckt er himmelan &#8211;<br \/>\n&#8222;Ich schw\u00f6r es bei des Herren Leib!<br \/>\nNur dann wird Hadulind dein Weib.&#8220;<br \/>\nEr h\u00f6hnt: &#8222;Du wei\u00dft, ich halte Wort!&#8220;<br \/>\nUnd zieht das M\u00e4dchen mit sich fort.<\/p>\n<p>Im letzten Abendgrauen stand<br \/>\nDer Bursch, bis ihm ihr Bild entschwand.<br \/>\nDer eben noch so k\u00fchn gesprochen,<br \/>\nWie j\u00e4hlings war sein Trotz gebrochen!<br \/>\nEr senkt das Haupt: &#8222;Es ist vorbei!&#8220;<br \/>\nDann f\u00e4hrt er auf mit wildem Schrei,<br \/>\nFlicht eilig einen Strick von Bast<br \/>\nUnd l\u00e4uft damit zum n\u00e4chsten Ast.<br \/>\nDoch sieh &#8211; ein roter Heinzelmann<br \/>\nSa\u00df rittlings drauf und lacht ihn an:<br \/>\n&#8222;Was soll&#8217;s, du Narr? Die Stunden rinnen.<br \/>\nAns Werk, das Liebchen zu gewinnen!&#8220;<br \/>\nDes Burschen Hand entfiel der Strick;<br \/>\nDoch vor des M\u00e4nnleins g\u00fctgem Blick<br \/>\nSchwand ihm vom Herzen Schreck und Bangen.<br \/>\n&#8222;Ach&#8220;, sprach er mit betr\u00e4nten Wangen,<br \/>\n&#8222;H\u00e4tt ich ein Dutzend H\u00e4nde,<br \/>\nIch bring&#8216; es nicht zu Ende!&#8220;<br \/>\n&#8222;Sag&#8216;, willst du mich nach Brauch der Alten<br \/>\nIn deinem Freihof ehrlich halten?<br \/>\nSo m\u00f6cht&#8216; ich mich erdreisten,<br \/>\nF\u00fcr dich das Werk zu leisten.&#8220;<br \/>\n&#8222;Ach, liebes Wichtel, rate mir!<br \/>\nWas du begehrst, gelob&#8216; ich dir!&#8220;<\/p>\n<p>Schon bricht die bleiche Nacht herein;<br \/>\nDer Osten ahnt des Mondes Schein.<br \/>\n&#8222;Wohlan&#8220;, sprach Rausch und schwang die Hand,<br \/>\n&#8222;Schlafzauber sing&#8216; ich \u00fcbers Land.<br \/>\nDenn Elbenwerk sieht einer nur,<br \/>\nDer weidet durch des Himmels Flur,<br \/>\nDer Nachthirt mit den Wolkenschafen.<br \/>\nKein Leben lauscht. Die L\u00fcfte schlafen.&#8220;<br \/>\nDes Jungen st\u00fcrmend Herz umspinnt<br \/>\nEin Traumgewebe dicht und lind,<br \/>\nUnd eingelullt vom Zauberton<br \/>\nLiegt er im Moos und schlummert schon.<\/p>\n<p>Doch als gemach der sanfte Bann<br \/>\nIm k\u00fchlen Morgenhauch zerrann,<br \/>\nDa weckt ihn kr\u00e4ftger Erdgeruch:<br \/>\nSo dampf ein frischer Ackerbruch.<br \/>\nUnd wirklich, sieh, den ganzen Hang<br \/>\nZiehn schwarze Furchen sich entlang,<br \/>\nGew\u00f6lbte Beete hoch und breit,<br \/>\nDie glatten Schollen gleich gereiht:<br \/>\nDas Unerh\u00f6rte war vollbracht,<br \/>\nDas Feld gepfl\u00fcgt in einer Nacht.<\/p>\n<p>Die Nachbarn h\u00f6rten, was geschehn,<br \/>\nUnd alles lief, das Werk zu sehn.<br \/>\nVon ringsher wie zum Bittgang wallten<br \/>\nDie Meier mit den Ehehalten.<br \/>\nMan schaut und staunt, man lacht und zecht:<br \/>\nDem reichen Pocher ward sein Recht!<br \/>\nUnd jeder lobt den schmucken Jungen;<br \/>\nDer ward umjubelt und umschlungen.<br \/>\nDie Burschen trugen frohgesellt<br \/>\nIhn auf den Schultern um das Feld.<br \/>\n&#8222;Da seht ihr&#8217;s&#8220;, riefen Weib und Mann,<br \/>\n&#8222;Dass treue Liebe Wunder kann!&#8220;<\/p>\n<p>Der Bauer sah sein Spiel verloren:<br \/>\nZu hoch und heilig war&#8217;s geschworen.<br \/>\nDa schritt mit B\u00e4nderstab und Strau\u00df<br \/>\nDer Brautknecht stolz von Haus zu Haus.<br \/>\nEs ritten auf gestr\u00e4hlten Rossen<br \/>\nZum Ehrentag die Gaugenossen.<br \/>\nGefolgt von schwertbewehrter Schar<br \/>\nTraf sich im Hof das junge Paar.<br \/>\nEr trat einher in lichtem Prangen;<br \/>\nSie schlich, vom Schleier \u00fcberhangen.<br \/>\nEr scharlachrot, sie bl\u00fctenwei\u00df,<br \/>\nSo stehn sie in der Sippe Kreis.<br \/>\nDa sprach ein Bauer wettergrau,<br \/>\nEs war der \u00e4ltste Mann im Gau:<br \/>\n&#8222;Ich h\u00f6r&#8216;, hier soll ein Br\u00e4utchen sein.<br \/>\nSprich, kecker Bursch, willst du sie frein?&#8220;<br \/>\n&#8222;Ja, Vater Ilsung, gebt sie mir!&#8220;<br \/>\nNun wandte sich der Greis zu ihr:<br \/>\n&#8222;Ich seh hier einen frischen Knaben.<br \/>\nSag, willst du ihn zum Manne haben?&#8220;<br \/>\nSie stand ein Weilchen z\u00fcchtig stumm;<br \/>\nDann sprach sie: &#8222;Ja, ich bitt&#8216; Euch drum!&#8220;<br \/>\nEr fragte, wie&#8217;s der Brauch befahl,<br \/>\nZum zweiten und zum dritten Mal.<br \/>\nDann gab er sie in seine Hand:<br \/>\n&#8222;Gefestet ist dies Eheband;<br \/>\nBezeug es dein und ihr Geschlecht.<br \/>\nNimm sie nach freier Franken Recht!&#8220;<br \/>\nEr hielt im Arm sein junges Gl\u00fcck<br \/>\nUnd schlug das Schleiertuch zur\u00fcck.<br \/>\nWie scheu und schalkhaft gl\u00fchn den Mann<br \/>\nZwei blaue Kinderaugen an!<br \/>\nEr k\u00fcsste sie zum Gattengru\u00df<br \/>\nUnd trat ihr leise auf den Fu\u00df.<\/p>\n<p>Da l\u00f6ste sich der Ring mit Schalle,<br \/>\nUnd zum Gelage dr\u00e4ngten alle.<br \/>\nDas Brautmus schleppt der Koch herbei,<br \/>\nBegr\u00fc\u00dft mit hellem Lustgeschrei.<br \/>\nVor jeder Sch\u00fcssel tief und schwer<br \/>\nZiehn muntre Schwegelpfeifer her.<br \/>\nAus Tonnen kommt der Met geflossen,<br \/>\nWie eine S\u00fcndflut ausgegossen.<br \/>\nDa ward auf gute Nachbarschaft<br \/>\nMit ungef\u00fcger Reckenkraft<br \/>\nGeschlungen und gesogen,<br \/>\nDass sich die B\u00e4nke bogen.<br \/>\nDann ging es paarweis Hand in Hand<br \/>\nZur Linde, wo der Maibaum stand.<br \/>\nMan zog im Schritt der Lieder<br \/>\nDen Anger auf und nieder;<br \/>\nMan schlug in Himmelshelle<br \/>\nDie bunten Sommerb\u00e4lle.<br \/>\nDie Dirnen sch\u00fcrzten sich zum Tanz,<br \/>\nUnd freudenrot im frischen Kranz<br \/>\nBegannen sie den Reihen<br \/>\nZu Fiedeln und Schalmeien.<br \/>\nDer stolze Spielmann Hurlebaus<br \/>\nSprang mit dem Dudelsack voraus.<br \/>\nEin Fa\u00df erklettert St\u00fcrzenkrug,<br \/>\nDer meisterlich die Trommel schlug.<br \/>\nManch Dorfkind wird von wilden Jungen<br \/>\nGleich Puppen durch die Luft geschwungen.<br \/>\nDa schimmern Knie blank und prall;<br \/>\nDazu Gegrill und Jubelhall.<br \/>\nManch P\u00e4rlein in den Graben rollt,<br \/>\nUnd alles singt und springt und tollt.<br \/>\nDoch oben aus dem Taubenhaus<br \/>\nSteckt Bruder Rausch den Kopf heraus.<br \/>\nEr freut sich des Gew\u00fchls und lacht<br \/>\nUnd spricht: &#8222;Das hab&#8216; ich gut gemacht.&#8220;<\/p>\n<p>Mit Liebesgl\u00fcck und Sonnenschein<br \/>\nZog er im jungen Haushalt ein<br \/>\nUnd schwamm in Vollbehagen<br \/>\nWie zu der Vorzeit Tagen.<br \/>\nWo er in Hof und Feld erschien,<br \/>\nWie ehrenvoll begr\u00fc\u00dft man ihn!<br \/>\nIm Keller, hinterm Fass versteckt,<br \/>\nWar ihm ein Bettlein aufgedeckt,<br \/>\nUnd wenn er nachts zum Herde kam,<br \/>\nFand er ein N\u00e4pfchen frischen Rahm.<br \/>\nSein Liebstes war die D\u00e4mmerzeit,<br \/>\nWenn alles ruhte weit und breit<br \/>\nBeim Demantschein der Himmelskerzen;<br \/>\nDa vor dem Haus mit Sang und Scherzen<br \/>\nSa\u00df Heribert bei Hadulind<br \/>\nUnd seinem jungen Hofgesind.<br \/>\nEin Ahorn an der Scheune Tor<br \/>\nStreckt einen langen Arm hervor;<br \/>\nDort sa\u00df vergn\u00fcgt der kleine Gast<br \/>\nUnd schwang den Leib, dass sich der Ast<br \/>\nWie eine Gerte schwankend bog,<br \/>\nDrauf lachend er die Luft durchflog.<\/p>\n<p>So ging&#8217;s mit Rausch im ersten Mond;<br \/>\nIm zweiten ward man ihn gewohnt.<br \/>\nIm dritten scherzt man \u00fcber ihn<br \/>\nUnd sp\u00fcrt Gel\u00fcst, ihn aufzuziehn.<br \/>\nDas M\u00e4nnchen w\u00fcrdevoll und zierlich,<br \/>\nSein Eifer war doch zu possierlich.<br \/>\nSie raunten dies, sie raunten das:<br \/>\n&#8222;Es w\u00e4re traun ein Heidenspa\u00df,<br \/>\nWenn unter ihm der Ast zerkrachte!&#8220;<br \/>\nSo meinte Heribert und lachte.<br \/>\nDer Knecht, wie so der Meister sprach,<br \/>\nSah pfiffig drein: &#8222;Da helf&#8216; ich nach!&#8220;<br \/>\nUnd schmunzeld ob dem feinen Witz<br \/>\nDurchs\u00e4gt er ihm den Lieblingssitz.<br \/>\nDie Nachbarn alle in der Runde,<br \/>\nSie kehrten ein zur Feierstunde;<br \/>\nDie T\u00fcrbank fasst die G\u00e4ste kaum.<br \/>\nBald sa\u00df auch Rausch im Ahornbaum.<br \/>\nDoch wie er trieb sein Schaukelspiel,<br \/>\nDa brach der Ast. Der Kleine fiel,<br \/>\nWie reifes Obst vom Baume schnellt.<br \/>\nDie Beinchen himmelw\u00e4rts geprellt,<br \/>\nLag er im Gras und ward zu Schanden,<br \/>\nIndem sie lachend ihn umstanden.<br \/>\n&#8222;Wie hart, Frau Erde, bist du doch!<br \/>\nO Menschenundank h\u00e4rter noch!<br \/>\nFluch dem, der einen Bauern rettet!<br \/>\nIhm werde so wie mir gebettet!&#8220;<br \/>\nEr st\u00f6hnte laut in bittern Wehn<br \/>\nUnd schied auf Nimmerwiedersehn.<\/p>\n","protected":false},"excerpt":{"rendered":"<p>Er schlich sich vor zum Waldesrand. Da sa\u00df ein P\u00e4rlein Hand in Hand Allein in gr\u00fcner Einsamkeit Und klagte Gott sein Liebesleid. Es war die blonde Hadulind, Des reichen Bauern einzig Kind; Dort lag in weiter Fluren Kranz Sein stolz Geh\u00f6ft im Abendglanz. Sie liebte trotz der Eltern Drohn Des armen Nachbars schmucken Sohn; Doch&#8230; <a class=\"more-link\" href=\"https:\/\/verserzaehler.wababbel.de\/?page_id=854\">Read More <span class=\"screen-reader-text\"> in Siebtes Abenteuer<\/span><\/a><\/p>\n","protected":false},"author":15,"featured_media":0,"parent":838,"menu_order":6,"comment_status":"open","ping_status":"open","template":"","meta":{"footnotes":""},"class_list":["post-854","page","type-page","status-publish","hentry"],"_links":{"self":[{"href":"https:\/\/verserzaehler.wababbel.de\/index.php?rest_route=\/wp\/v2\/pages\/854","targetHints":{"allow":["GET"]}}],"collection":[{"href":"https:\/\/verserzaehler.wababbel.de\/index.php?rest_route=\/wp\/v2\/pages"}],"about":[{"href":"https:\/\/verserzaehler.wababbel.de\/index.php?rest_route=\/wp\/v2\/types\/page"}],"author":[{"embeddable":true,"href":"https:\/\/verserzaehler.wababbel.de\/index.php?rest_route=\/wp\/v2\/users\/15"}],"replies":[{"embeddable":true,"href":"https:\/\/verserzaehler.wababbel.de\/index.php?rest_route=%2Fwp%2Fv2%2Fcomments&post=854"}],"version-history":[{"count":1,"href":"https:\/\/verserzaehler.wababbel.de\/index.php?rest_route=\/wp\/v2\/pages\/854\/revisions"}],"predecessor-version":[{"id":855,"href":"https:\/\/verserzaehler.wababbel.de\/index.php?rest_route=\/wp\/v2\/pages\/854\/revisions\/855"}],"up":[{"embeddable":true,"href":"https:\/\/verserzaehler.wababbel.de\/index.php?rest_route=\/wp\/v2\/pages\/838"}],"wp:attachment":[{"href":"https:\/\/verserzaehler.wababbel.de\/index.php?rest_route=%2Fwp%2Fv2%2Fmedia&parent=854"}],"curies":[{"name":"wp","href":"https:\/\/api.w.org\/{rel}","templated":true}]}}