{"id":858,"date":"2014-02-10T03:33:15","date_gmt":"2014-02-10T01:33:15","guid":{"rendered":"http:\/\/www.wababbel.de\/ferdi\/?page_id=858"},"modified":"2014-02-10T03:33:15","modified_gmt":"2014-02-10T01:33:15","slug":"neuntes-abenteuer","status":"publish","type":"page","link":"https:\/\/verserzaehler.wababbel.de\/?page_id=858","title":{"rendered":"Neuntes Abenteuer"},"content":{"rendered":"<p>Der Arme stand noch lange<br \/>\nVerbl\u00fcfft im finstern Gange.<br \/>\nDann schlich er sachte wieder<br \/>\nDie Wendeltreppe nieder.<br \/>\nVon unten l\u00e4rmt ein lustig Mahl:<br \/>\nDort sa\u00df gedr\u00e4ngt im Erkersaal<br \/>\nEin Heervolk alter Studiosen<br \/>\nIm Harnisch, mit zerflammten Hosen,<br \/>\nDie Federhauben schief im Nacken,<br \/>\nMit roten Schrammen auf den Backen.<br \/>\nSie waren durch des Schwertes Kraft<br \/>\nDie Meister der Studentenschaft,<br \/>\nIn fremden Fl\u00fcchen hochgelehrt,<br \/>\nIm jus potandi vielbew\u00e4hrt.<br \/>\nAus ihren bunten Reihen starrten<br \/>\nSpitzh\u00e4mmer, Stangen, Hellebarten.<br \/>\nSie schrieen all aus einem Munde,<br \/>\nUnd ruhelos ging in der Runde<br \/>\nEin Humpen wuchtig, m\u00f6rsergleich,<br \/>\nDen hie\u00dfen sie das r\u00f6msche Reich.<\/p>\n<p>Rausch horchte auf der Schwelle;<br \/>\nDer Gang war lampenhelle.<br \/>\nDa sah ihn einer, kam geschwind,<br \/>\nNahm auf den Arm ihn wie ein Kind<br \/>\nUnd rief mit Lachen: &#8222;Sehet hier!<br \/>\nEin rotes F\u00fcchslein fing ich mir!&#8220;<br \/>\nVerwundert hob der Zecher Hauf<br \/>\nDie schweren Augendeckel auf:<br \/>\n&#8222;Hallo! Wer bist du, schmucker Fant?&#8220;<br \/>\n&#8222;Der Bruder Rausch bin ich genannt.&#8220;<\/p>\n<p>&#8222;Rausch?&#8220; rief ein Trunkner \u00fcberquer,<br \/>\n&#8222;Rausch, alter Freund, wo kommst du her?<br \/>\nPotz Velten, wirst mich doch noch kennen:<br \/>\nBrauch&#8216; ich den Suffian zu nennen?<br \/>\nNun sind so manches liebe Jahr<br \/>\nWir zwei ein unzertrennlich Paar<br \/>\nUnd haben uns, so kann es gehn,<br \/>\nMit keinem Auge noch gesehn.<br \/>\nWie stellst du dich pygm\u00e4enhaft<br \/>\nUnd hast doch Siebenm\u00e4nnerkraft!<br \/>\nAch, denkst du noch? Das war ein Prassen<br \/>\nEinst auf Tubingas krummen Gassen!<br \/>\nMusst&#8216; ich auch meist die Zeche zahlen,<br \/>\nDer Jubel brauste Tag und Nacht.<br \/>\nNoch r\u00fchmt man unsre letzte Schlacht:<br \/>\nWir st\u00fcrmten erst ein Hochzeithaus<br \/>\nUnd trieben Wirt und G\u00e4ste aus,<br \/>\nRottierten uns im gleichen Schritt &#8211;<br \/>\nDie Musikanten mussten mit &#8211;<br \/>\nSo zogen wir, der Welt zum Staunen,<br \/>\nBei Nacht mit Pauken und Posaunen.<br \/>\nDazu das Hundehetzen,<br \/>\nDas W\u00fcten und das Wetzen,<br \/>\nDas \u00fcbermenschliche Geschrei!<br \/>\nDa lief der Untervogt herbei<br \/>\nUnd fiel uns an. Doch ich entwand<br \/>\nDen Bratspie\u00df seiner tapfern Hand,<br \/>\nZerdrosch ihn damit windelweich,<br \/>\nSo dass er pfiff bei jedem Streich,<br \/>\nUnd stach ihn sch\u00e4kernd noch zum Schluss<br \/>\nIn den glutaeus maximus.<br \/>\nAls dies Magnifikus vernahm,<br \/>\nDa ward er mir von Herzen gram<br \/>\nUnd relegiert mich &#8211; der Barbar &#8211;<br \/>\nAuf runde neunundneunzig Jahr!<br \/>\nOh sieh, seitdem bin ich verbannt<br \/>\nUnd suche dich von Land zu Land.&#8220;<br \/>\nEr stiert ihn an, ihm fehlt das Wort,<br \/>\nUnd tr\u00e4nenschluchzend f\u00e4hrt er fort:<br \/>\n&#8222;Nun r\u00fchrt mich&#8217;s wie ein Herzeleid,<br \/>\nDass wir uns nach so sch\u00f6ner Zeit<br \/>\nIn diesem Nest hier finden m\u00fcssen!<br \/>\nSchmollis, Herr Bruder! Lass dich k\u00fcssen!&#8220;<\/p>\n<p>Dies Wiedersehn voll Freud und Schmerz<br \/>\nFiel den Betrunknen schwer aufs Herz.<br \/>\nSie schluchzten all in tiefem Harm.<br \/>\nDer kleine ging von Arm zu Arm<br \/>\nUnd ward bewirtet und liebkost.<br \/>\nEr dachte: &#8222;Sieh, hier find ich Trost!<br \/>\nIch bin zur rechten T\u00fcre kommen;<br \/>\nHier werd&#8216; ich ehrlich aufgenommen.&#8220;<\/p>\n<p>Da platzt mit Klirren und Gekrach<br \/>\nEin dicker Raufbold ins Gemach.<br \/>\nDen Rock zum Reiterwams gek\u00fcrzt,<br \/>\nDas Schwert soldatenhaft gest\u00fcrzt,<br \/>\nSteht er gespreizt nach B\u00e4renart<br \/>\nUnd faucht in den gestr\u00e4ubten Bart.<br \/>\nDer H\u00e4uptling war&#8217;s der Nation;<br \/>\nSein Ruf erscholl wie Horneston:<\/p>\n<p>&#8222;Ihr Herrn, was soll mir der Skandal?<br \/>\nWas tut der S\u00e4ugling hier im Saal?&#8220;<br \/>\nSie schwiegen all vor seinem Grimme;<br \/>\nNur einer sprach mit weicher Stimme:<br \/>\n&#8222;Es ist ein mannlicher Kumpan,<br \/>\nDer beste Freund des Suffian.&#8220;<br \/>\nDer Senior frug: &#8222;Ist er Student,<br \/>\nDen ihr voreilig Bruder nennt?&#8220;<br \/>\nDer Kleine sprach mit Angstgeb\u00e4rden:<br \/>\n&#8222;Noch bin ich&#8217;s nicht; doch m\u00f6cht&#8216; ich&#8217;s werden.&#8220;<br \/>\n&#8222;Da seht ihr&#8217;s! Euer Trautkumpan,<br \/>\nEin Spulwurm ist es, ein Bean!<br \/>\nWie m\u00f6gt ihr euch schimpfieren,<br \/>\nMit ihm zu bankettieren?&#8220;<br \/>\n&#8222;Hei, riefen sie, &#8222;wir bringen&#8217;s ein:<br \/>\nMan muss ihn rasch zum Burschen weihn!&#8220;<\/p>\n<p>Da wurden alle wach im Nu.<br \/>\nSie winkten sich mit Lachen zu<br \/>\nUnd sahn auf ihn mit lustger Wut.<br \/>\nDem Kleinen war nicht wohl zu Mut:<br \/>\n&#8222;Was habt ihr vor, ihr edlen Herrn?<br \/>\nDer Reden Sinn erf\u00fchr&#8216; ich gern.&#8220;<br \/>\nDa schwang der lange Hildebrand<br \/>\nEin Tischtuch um als Messgewand<br \/>\nUnd sprach in salbungsvollem Ton:<br \/>\n&#8222;Vernimm der Weisheit Wort, mein Sohn!<br \/>\nWem nicht der freie Burschenorden<br \/>\nNach Musenbrauch verliehen worden,<br \/>\nDer bleibt in seiner sch\u00f6nsten Zier<br \/>\nDoch nur ein unvern\u00fcnftig Tier.<br \/>\nMan muss ihn fangen erst und z\u00e4hmen<br \/>\nUnd ihm der Bosheit Gift benehmen;<br \/>\nMan muss an H\u00f6rnern ihn und Klaun<br \/>\nWie einen groben Klotz behaun;<br \/>\nMan muss ihn kneten, muss ihn putzen<br \/>\nUnd ihm die langen Ohren stutzen.<br \/>\nSo wird er fein und wohlgelitten<br \/>\nIn aufrecht ehrenfesten Sitten;<br \/>\nSo lernt er Praktika und Schliff<br \/>\nUnd den heroisch sichern Griff,<br \/>\nUnd so wird aus dem borstgen Toren<br \/>\nEin Akademikus geboren.<br \/>\nDas sollst an Haut und Haaren<br \/>\nDu selber gleich erfahren!&#8220;<\/p>\n<p>Der Kleine sah sie mit Entsetzen<br \/>\nGrausame Instrumente wetzen,<br \/>\nSprang auf &#8211; doch war er schon gepackt<br \/>\nUnd ward gehudelt und gezwackt,<br \/>\nIn einen Schraubstock eingeklemmt,<br \/>\nGefegt, gestriegelt und geschwemmt;<br \/>\nEr ward gemei\u00dfelt und gekeilt,<br \/>\nGebohrt, gehobelt und gefeilt,<br \/>\nMit einem Ziegelstein balbiert<br \/>\nUnd mit dem K\u00fcchenbeil rasiert.<br \/>\nZuletzt kam Suffian gerannt<br \/>\nMit einer Bettscher&#8216; in der Hand<br \/>\nUnd zwickt ihm grinsend in die Nase.<br \/>\nDa schrie er wie ein wunder Hase,<br \/>\nBrach durch die runden Scheiben aus<br \/>\nUnd r\u00e4umt mit Hilferuf das Haus.<br \/>\nEs st\u00fcrzt&#8216; mit Lachen und mit Schrein<br \/>\nDie tolle Meute hinterdrein,<br \/>\nIndes vom Turme vorwurfsvoll<br \/>\nDas heitre Narrengl\u00f6cklein scholl.<\/p>\n","protected":false},"excerpt":{"rendered":"<p>Der Arme stand noch lange Verbl\u00fcfft im finstern Gange. Dann schlich er sachte wieder Die Wendeltreppe nieder. Von unten l\u00e4rmt ein lustig Mahl: Dort sa\u00df gedr\u00e4ngt im Erkersaal Ein Heervolk alter Studiosen Im Harnisch, mit zerflammten Hosen, Die Federhauben schief im Nacken, Mit roten Schrammen auf den Backen. Sie waren durch des Schwertes Kraft Die&#8230; <a class=\"more-link\" href=\"https:\/\/verserzaehler.wababbel.de\/?page_id=858\">Read More <span class=\"screen-reader-text\"> in Neuntes Abenteuer<\/span><\/a><\/p>\n","protected":false},"author":15,"featured_media":0,"parent":838,"menu_order":8,"comment_status":"open","ping_status":"open","template":"","meta":{"footnotes":""},"class_list":["post-858","page","type-page","status-publish","hentry"],"_links":{"self":[{"href":"https:\/\/verserzaehler.wababbel.de\/index.php?rest_route=\/wp\/v2\/pages\/858","targetHints":{"allow":["GET"]}}],"collection":[{"href":"https:\/\/verserzaehler.wababbel.de\/index.php?rest_route=\/wp\/v2\/pages"}],"about":[{"href":"https:\/\/verserzaehler.wababbel.de\/index.php?rest_route=\/wp\/v2\/types\/page"}],"author":[{"embeddable":true,"href":"https:\/\/verserzaehler.wababbel.de\/index.php?rest_route=\/wp\/v2\/users\/15"}],"replies":[{"embeddable":true,"href":"https:\/\/verserzaehler.wababbel.de\/index.php?rest_route=%2Fwp%2Fv2%2Fcomments&post=858"}],"version-history":[{"count":1,"href":"https:\/\/verserzaehler.wababbel.de\/index.php?rest_route=\/wp\/v2\/pages\/858\/revisions"}],"predecessor-version":[{"id":859,"href":"https:\/\/verserzaehler.wababbel.de\/index.php?rest_route=\/wp\/v2\/pages\/858\/revisions\/859"}],"up":[{"embeddable":true,"href":"https:\/\/verserzaehler.wababbel.de\/index.php?rest_route=\/wp\/v2\/pages\/838"}],"wp:attachment":[{"href":"https:\/\/verserzaehler.wababbel.de\/index.php?rest_route=%2Fwp%2Fv2%2Fmedia&parent=858"}],"curies":[{"name":"wp","href":"https:\/\/api.w.org\/{rel}","templated":true}]}}