{"id":860,"date":"2014-02-10T03:35:15","date_gmt":"2014-02-10T01:35:15","guid":{"rendered":"http:\/\/www.wababbel.de\/ferdi\/?page_id=860"},"modified":"2014-02-10T03:35:15","modified_gmt":"2014-02-10T01:35:15","slug":"zehntes-abenteuer","status":"publish","type":"page","link":"https:\/\/verserzaehler.wababbel.de\/?page_id=860","title":{"rendered":"Zehntes Abenteuer"},"content":{"rendered":"<p>M\u00fcd&#8216; dieser ganzen Menschenwelt<br \/>\nKam er hinaus ins freie Feld.<br \/>\nBlind war die Nacht, wie Blei die Luft;<br \/>\nAm Boden flockt sich Nebelduft.<br \/>\nDa sah er unfern im Gehege<br \/>\nEin feurig Ding abseits vom Wege,<br \/>\nDas \u00fcber Schollen h\u00fcpfte<br \/>\nUnd durch die Z\u00e4une schl\u00fcpfte,<br \/>\nHintollernd auf dem Ackerpfad.<br \/>\nAls er ihm langsam n\u00e4her trat,<br \/>\nFing&#8217;s lichterloh zu brennen an:<br \/>\nEs war ein kleiner Feuermann,<br \/>\nDer einen Grenzstein keuchend trug<br \/>\nUnd wimmernd Purzelb\u00e4ume schlug.<br \/>\n&#8222;Mir ist, als kenn&#8216; ich diesen Wicht.<br \/>\nDas ist ein altvertraut Gesicht!&#8220;<br \/>\nEr sah ihm lang verwundert zu;<br \/>\nDann rief er unwirsch: &#8222;H\u00f6re du,<br \/>\nDu magst dir diese Scherze sparen!<br \/>\nZu Ernstes ist uns widerfahren.<br \/>\nSprich, Mummhart, meiner Basen Kind,<br \/>\nWas das f\u00fcr Affenspr\u00fcnge sind?&#8220;<\/p>\n<p>Das Feuerm\u00e4nnlein stockt&#8216; im Lauf<br \/>\nUnd schaute schwerbetroffen auf.<br \/>\nWei\u00dfgl\u00fchend stand der Arme da,<br \/>\nDass man ihm durch die Rippen sah.<br \/>\nDann hub er kl\u00e4glich an zu weinen:<br \/>\n&#8222;Ach, find&#8216; ich einen von den Meinen?<br \/>\nJa, Rausch, welch Unheil ist geschehn,<br \/>\nSeitdem wir uns zuletzt gesehn!&#8220;<br \/>\n&#8222;Was fackelst du, wie Stroh entflammt?&#8220;<br \/>\n&#8222;Ich spuke, Freund. Das ist mein Amt.&#8220;<br \/>\n&#8222;Kannst du dich so heruntergeben?&#8220;<br \/>\nJenun, Freund Rausch, man will doch leben!<br \/>\nIm Staube kriecht das alte Recht;<br \/>\nVerdarben l\u00e4sst uns dies Geschlecht.<br \/>\nDas Wasser ging mir an die Kehle:<br \/>\nDa ward ich eine arme Seele.<br \/>\nEs ist das wohl ein saures Brot;<br \/>\nDoch n\u00e4hrt es seinen Mann zur Not.<br \/>\nIch bin kein Herr von Stande;<br \/>\nDoch kennt man mich im Lande.<br \/>\nKehrt sp\u00e4t der Schulz vom Kirmesschmaus<br \/>\nUnd flucht im Finstern sich nach Haus,<br \/>\nSchwer von des Metes Honigseim,<br \/>\nIch leucht ihm f\u00fcr ein Trinkgeld heim.<br \/>\nDie Bauern tun mir alle Ehr&#8216;,<br \/>\nUnd meine Qual erbaut sie sehr.&#8220;<\/p>\n<p>Rausch blickt auf den Genossen;<br \/>\nAuch seine Tr\u00e4nen flossen:<br \/>\n&#8222;Weh mir, soll dies das Ende sein,<br \/>\nSo wei\u00df ich nimmer aus noch ein!&#8220;<br \/>\nUnd kleinlaut hub er an zu sagen,<br \/>\nWas er dem Guardian ausgeschlagen.<br \/>\n&#8222;Wie?&#8220; eifert Mummhart, &#8222;bist du toll?<br \/>\nDies Angebot ist ehrenvoll.<br \/>\nDas ist doch traun ein sch\u00f6nrer Posten,<br \/>\nAls wie ein Weihnachtsblock zu glosten!&#8220;<br \/>\nEr nahm den Vetter bei der Hand,<br \/>\nDer wie verdonnert vor ihm stand:<br \/>\n&#8222;Was ziemt uns Kleinen dies Gewimmer?<br \/>\nGing&#8217;s doch den gro\u00dfen Herrn noch schlimmer.<br \/>\nWie Opferrauch im Wind verweht,<br \/>\nSchwand ihnen Macht und Majest\u00e4t,<br \/>\nWillst du&#8217;s erproben, komm mit mir!<br \/>\nDie alten G\u00f6tter zeig&#8216; ich dir.<br \/>\nAm Kreuzweg im verfemten Grunde,<br \/>\nDa ziehn sie heim von n\u00e4chtger Runde.&#8220;<\/p>\n<p>Er f\u00fchrt ihn durch die Halde<br \/>\nUnd lauscht hinauf zum Walde:<br \/>\n&#8222;Hier harre still! Sie nahen schon.<br \/>\nH\u00f6rst du der Eule Jammerton?<br \/>\nSp\u00fcrst du, wie alles, was da lebt,<br \/>\nIn dumpfen \u00c4ngsten bangt und bebt?<br \/>\nDas Waldweib st\u00f6hnt im Hagedorn;<br \/>\nWindfratzen laufen durch das Korn.<br \/>\nDie Wolkenw\u00f6lfe ziehn in Rotten<br \/>\nMit ihren grauen Wolkenzotten.<br \/>\nDer ganze Wald erknarrt und kracht;<br \/>\nSieh hin, da kommt&#8217;s! Es flammt die Nacht!&#8220;<br \/>\nUnd durch die L\u00fcfte braust im Flug<br \/>\nEin greulicher Gespensterzug,<br \/>\nEin Galgenvolk, zu Haufen<br \/>\nDem Rabenstein entlaufen:<br \/>\nGehenkte Diebe mit dem Strick<br \/>\nUm das gebrochene Genick,<br \/>\nGek\u00f6pfte, ein gedr\u00e4ngter Schwarm,<br \/>\nZu Ross, ihr glotzend Haupt im Arm,<br \/>\nGer\u00e4derte, durchs Rad geschlungen,<br \/>\nZerschellt, mit ausgereckten Zungen,<br \/>\nSchnapph\u00e4hne mit zerschlitzen Lippen,<br \/>\nDen Pfahl des Schinders in den Rippen,<br \/>\nEin Mordgesindel ohne Zahl,<br \/>\nIn Leichenstarre, fahl und kahl,<br \/>\nVon Kr\u00e4hen j\u00e4mmerlich zerhackt,<br \/>\nIn blutgen Fetzen schm\u00e4hlich nackt,<br \/>\nVerwest, verwittert und verzaust,<br \/>\nMit Nattern in der Knochenfaust.<br \/>\nUnd Weiber kommen mitgefahren,<br \/>\nIn w\u00fcstem buhlendem Gebaren,<br \/>\nSturmhexen, die auf Besen sitzen,<br \/>\nMit d\u00fcrrem Leib und schlaffen Zitzen.<br \/>\nSo jagt mit rasendem Geschrei<br \/>\nDas wilde Totenheer vorbei.<\/p>\n<p>&#8222;Sieh&#8220;, raunte Mummhart, &#8222;dieses war<br \/>\nDereinst Walhallas Heldenschar.<br \/>\nUnd denkst du noch der Wolkenfraun?<br \/>\nWie war es herrlich anzuschaun,<br \/>\nWenn sie, den Helm im Goldgelock,<br \/>\nMit Speer und Schild und Waffenrock,<br \/>\nIn siegreich k\u00f6niglichen Sitten<br \/>\nZum Walfeld durch die L\u00fcfte ritten!<br \/>\nErkennst du sie, den Stolz der Lieder,<br \/>\nIn diesem Hexentrosse wieder?<br \/>\nUnd kennst du den vergr\u00e4mten Mann,<br \/>\nDer dort im Fuchshut trabt voran?<br \/>\nDer Alte auf dem magren Schimmel,<br \/>\nDereinst der h\u00f6chste Herr im Himmel,<br \/>\nDurchirrt er nun, entthront, verdammt,<br \/>\nSein treulos Volk. Was ihn umflammt,<br \/>\nDas ist der H\u00f6lle Feuerschein:<br \/>\nBeim Satan zieht er aus und ein.<br \/>\nEr, den vor Ehrfurch ganz verzagt<br \/>\nWir einst kaum anzuschaun gewagt,<br \/>\nDer Gott der Helden und der Dichter,<br \/>\nDer f\u00fchrt nun dieses Schandgelichter!&#8220;<\/p>\n<p>Es war in erster Morgenhelle,<br \/>\nDer Guardian las in seiner Zelle,<br \/>\nAls pl\u00f6tzlich vor ihm an der Wand<br \/>\nEin kleiner roter Teufel stand.<br \/>\n&#8222;Ha, Bruder Rausch! Kommst du erst heut?<br \/>\nIch hab&#8216; mich lang auf dich gefreut.<br \/>\nDer Menschen Sinnen und Gebaren<br \/>\nHast du wohl gr\u00fcndlich nun erfahren.<br \/>\nIch seh&#8216;, die Reise tat dir gut.&#8220;<br \/>\n&#8222;Ja&#8220;, schmollte Rausch, &#8222;wenn dieser Brut<br \/>\nIhr Gott zum Teufel sich verkehrt,<br \/>\nSie sind f\u00fcrwahr nichts bessres wert!&#8220;<\/p>\n<p>Ein schlecht verhaltner Freudenton<br \/>\nDurchlief das Kloster: &#8222;Wisst ihr&#8217;s schon?<br \/>\nDer Bruder Rausch ist heimgekehrt!<br \/>\nWir haben lang doch sein entbehrt.<br \/>\nUnd denkt, das ehrt den ganzen Orden:<br \/>\nEr ist der Unsern einer worden.&#8220;<\/p>\n<p>In Anmut, ohne Wortgefecht<br \/>\nF\u00fcgt sich nun alles regelrecht.<br \/>\nWenn ihn der Exorzist besprach,<br \/>\nGab Rausch als der gescheitre nach.<br \/>\nEr wich dem Wedel achtungsvoll,<br \/>\nWie das ein frommer Teufel soll.<br \/>\nAuch seines Amts verga\u00df er nicht:<br \/>\nEr \u00fcbte des Versuchers Pflicht<br \/>\nUnd goss auf ihr verarmtes Haus<br \/>\nDer Erde Herrlichkeiten aus.<br \/>\nDie lie\u00dfen duldsam ihn gew\u00e4hren,<br \/>\nDoch nicht aus weltlichem Begehren,<br \/>\nNein, um zum Spott den Pfuhl der S\u00fcnden<br \/>\nIn seiner Seichtheit zu ergr\u00fcnden.<br \/>\nWie bald im \u00dcberdruss erschlafft<br \/>\nDes B\u00f6sen Trieb, des B\u00f6sen Kraft!<br \/>\nDann fromm emp\u00f6rt ergriffen sie<br \/>\nDie Waffen heiliger Magie.<br \/>\nMan schwang in sittlicher Eksatse<br \/>\nDas R\u00e4ucherfa\u00df ihm vor der Nase.<br \/>\nEr ward beschworen und gebannt,<br \/>\nBis er in seinem Berg verschwand.<\/p>\n<p>Sie aber fasten wieder<br \/>\nUnd gei\u00dfeln ihre Glieder,<br \/>\nBis, von der Bu\u00dfe Kraft durchw\u00e4rmt,<br \/>\nIhr Mut nach frischem Streite schw\u00e4rmt.<br \/>\nDann kommt auch, eh der Mond verstrichen,<br \/>\nRausch wieder sacht hervorgeschlichen,<br \/>\nDass er sein altes Spiel erneue<br \/>\nUnd durch Versuchung sie erfreue.<br \/>\nSo f\u00fchrt die Weltlust ewgen Krieg:<br \/>\nDen satten Guten bleibt der Sieg.<br \/>\nStets, wenn er&#8217;s just vollendet meint,<br \/>\nZerst\u00f6rt sein Werk der b\u00f6se Feind<br \/>\nUnd treibt, das ist sein teuflisch Los,<br \/>\nDas Laster in der Tugend Scho\u00df.<\/p>\n<p>Da flog von Mund zu Munde<br \/>\nDie wunderbare Kunde,<br \/>\nWie sie des Teufels Handen<br \/>\nSo sieghaft widerstanden.<br \/>\nBald war ihr Ruhm der Stolz der Zeit,<br \/>\nDes Volkes Gl\u00fcck, der Kl\u00f6ster Neid.<br \/>\nSie wurden gro\u00df an Land und Macht;<br \/>\nIhr M\u00fcnster strahlt in Glanz und Pracht.<br \/>\nWallfahrer ziehn in hellen Haufen,<br \/>\nUm ihr Gebet sich zu erkaufen<br \/>\nUnd um sich wie an Himmelswonnen<br \/>\nAn ihrer Heiligkeit zu sonnen.<br \/>\nBesonders fassten fromme Fraun<br \/>\nZu ihnen z\u00e4rtliches Vertraun;<br \/>\nDenn vor der Welt und ihren Garnen<br \/>\nWei\u00df nur der Kundige zu warnen.<br \/>\nDie F\u00fcrsten und die edlen Herrn<br \/>\nVerweilten dort als G\u00e4ste gern<br \/>\nUnd lie\u00dfen gegen reiche Gaben<br \/>\nIn ihrer Kutte sich begraben.<\/p>\n<p>Von diesem neuen Glanz und Heil<br \/>\nErhielt auch Rausch sein gutes Teil.<br \/>\nSein Ruf begann sich auszubreiten<br \/>\nWie kaum in seinen sch\u00f6nsten Zeiten.<br \/>\nWie wichtig ward sein Tun und Lassen!<br \/>\nDie Blinden sangen&#8217;s auf den Gassen.<br \/>\nMan h\u00f6rt&#8217;s mit Wohlgefallen<br \/>\nIn H\u00fctten und in Hallen.<br \/>\nSein Name, der so lang vergessen,<br \/>\nMan rief ihn aus auf Markt und Messen.<br \/>\nDa stand sein lustger Lebenslauf<br \/>\nIm schmucken Reimgedicht zu Kauf;<br \/>\nDas fehlt in keiner B\u00fccherei.<br \/>\nMan malt und schnitzt sein Konterfei<br \/>\nAm Schenkenschild, am Schifferkiel.<br \/>\nEr ward agiert im Fastnachtspiel,<br \/>\nUnd jedes Auge lachte,<br \/>\nWo seiner man gedachte.<\/p>\n<p>Wollt&#8216; einer sp\u00f6tteln \u00fcber ihn,<br \/>\nSein Dasein gar in Zweifel ziehn,<br \/>\nGleich schrie entsetzt ein jeder Christ:<br \/>\n&#8222;H\u00f6rt, was der L\u00e4strer sich vermisst!<br \/>\nDes Geistes Licht, den frommen Glauben<br \/>\nWill er dem armen Volke rauben!&#8220;<br \/>\nVors heilge Tribunal zitiert,<br \/>\nward er zu Boden disputiert<br \/>\nUnd sa\u00df im Turme brunnentief,<br \/>\nBis er den Irrtum widerrief.<\/p>\n<p>So vielbeliebt und allbestaunt,<br \/>\nWard Rausch beg\u00fctigt, bestgelaunt<br \/>\nUnd sprach: &#8222;Der Weise gehe nicht<br \/>\nZu streng mit Menschen ins Gericht!<br \/>\nWenn sie erst wenig uns behagen,<br \/>\nWer tiefer blickt, lernt sie ertragen.<br \/>\nIch nahm die Sache viel zu krumm:<br \/>\nSie scheinen schlecht und sind nur dumm!&#8220;<\/p>\n<p>Doch in des Berges tiefstem Schacht,<br \/>\nDa riefen sich in stummer Nacht,<br \/>\nDie noch von den zersprengten Scharen<br \/>\nDes stillen Volkes \u00fcbrig waren<br \/>\nUnd sich ins Felsgekl\u00fcft der Schroffen,<br \/>\nIns hohle Tropfgestein verschlossen.<br \/>\nBegierig lauschten sie den M\u00e4ren<br \/>\nVon ihres Bruders neuen Ehren.<br \/>\nSie kamen sch\u00fcchtern allgemach<br \/>\nUnd folgten seinen Spuren nach<br \/>\nUnd lebten friedlich da und dort<br \/>\nVermummt im Teufelskleide fort.<\/p>\n<p>Doch wenn in erster Maiennacht<br \/>\nDer alte Heidendrang erwacht,<br \/>\nIn L\u00fcften sich die Geister scharen,<br \/>\nDie Hexen nach dem Brocken fahren,<br \/>\nDann ziehn auch sie zum alten Bund<br \/>\nAuf tiefgeheimen Waldesgrund.<br \/>\nDer fromme Pilger h\u00f6rt mit Grausen<br \/>\nDie zottigen Drachenfl\u00fcgel sausen.<br \/>\nBald wimmelt an der Lichtung Saum<br \/>\nVon kleinen Teufeln Busch und Baum,<br \/>\nDie auf den Zweigen kauern<br \/>\nUnd nach dem Monde lauern.<br \/>\nUnd steigt aus Nacht und Nebelflor<br \/>\nDer Feen Sonne still empor,<br \/>\nDann f\u00e4llt der raue Mummenschanz;<br \/>\nDie Wiese wogt vom Elbentanz.<br \/>\nKommt ein verirrtes Sonntagskind,<br \/>\nEin Spielmann, der auf Lieder sinnt,<br \/>\nDer wird in Huld und Gnaden<br \/>\nZu ihrem Fest geladen.<br \/>\nSie schenken ihm das Laub vom Hag:<br \/>\nDas wird zu Gold am goldnen Tag.<br \/>\nSie aber jubeln hold gepaart;<br \/>\nWie sind die Br\u00e4utlein schlank und zart!<br \/>\nUnd schweben zierlich sie den Reigen,<br \/>\nKaum dass sich da die Gr\u00e4ser neigen;<br \/>\nDer Tropfen Tau im Silberlicht<br \/>\nErzittert, doch zerflie\u00dft er nicht.<br \/>\nUnd haben alle sich begr\u00fc\u00dft,<br \/>\nUnd ist die alte Lust geb\u00fc\u00dft,<br \/>\nDann noch vor Tage ziehn sie gern<br \/>\nNach Haus zu ihren neuen Herrn.<br \/>\nSie sind zufrieden mit dem Tausch<br \/>\nUnd weltvers\u00f6hnt wie Bruder Rausch.<\/p>\n","protected":false},"excerpt":{"rendered":"<p>M\u00fcd&#8216; dieser ganzen Menschenwelt Kam er hinaus ins freie Feld. Blind war die Nacht, wie Blei die Luft; Am Boden flockt sich Nebelduft. Da sah er unfern im Gehege Ein feurig Ding abseits vom Wege, Das \u00fcber Schollen h\u00fcpfte Und durch die Z\u00e4une schl\u00fcpfte, Hintollernd auf dem Ackerpfad. Als er ihm langsam n\u00e4her trat, Fing&#8217;s&#8230; <a class=\"more-link\" href=\"https:\/\/verserzaehler.wababbel.de\/?page_id=860\">Read More <span class=\"screen-reader-text\"> in Zehntes Abenteuer<\/span><\/a><\/p>\n","protected":false},"author":15,"featured_media":0,"parent":838,"menu_order":9,"comment_status":"open","ping_status":"open","template":"","meta":{"footnotes":""},"class_list":["post-860","page","type-page","status-publish","hentry"],"_links":{"self":[{"href":"https:\/\/verserzaehler.wababbel.de\/index.php?rest_route=\/wp\/v2\/pages\/860","targetHints":{"allow":["GET"]}}],"collection":[{"href":"https:\/\/verserzaehler.wababbel.de\/index.php?rest_route=\/wp\/v2\/pages"}],"about":[{"href":"https:\/\/verserzaehler.wababbel.de\/index.php?rest_route=\/wp\/v2\/types\/page"}],"author":[{"embeddable":true,"href":"https:\/\/verserzaehler.wababbel.de\/index.php?rest_route=\/wp\/v2\/users\/15"}],"replies":[{"embeddable":true,"href":"https:\/\/verserzaehler.wababbel.de\/index.php?rest_route=%2Fwp%2Fv2%2Fcomments&post=860"}],"version-history":[{"count":1,"href":"https:\/\/verserzaehler.wababbel.de\/index.php?rest_route=\/wp\/v2\/pages\/860\/revisions"}],"predecessor-version":[{"id":861,"href":"https:\/\/verserzaehler.wababbel.de\/index.php?rest_route=\/wp\/v2\/pages\/860\/revisions\/861"}],"up":[{"embeddable":true,"href":"https:\/\/verserzaehler.wababbel.de\/index.php?rest_route=\/wp\/v2\/pages\/838"}],"wp:attachment":[{"href":"https:\/\/verserzaehler.wababbel.de\/index.php?rest_route=%2Fwp%2Fv2%2Fmedia&parent=860"}],"curies":[{"name":"wp","href":"https:\/\/api.w.org\/{rel}","templated":true}]}}