{"id":9164,"date":"2019-03-17T12:02:52","date_gmt":"2019-03-17T11:02:52","guid":{"rendered":"http:\/\/www.wababbel.de\/ferdi\/?page_id=9164"},"modified":"2020-07-28T23:29:54","modified_gmt":"2020-07-28T22:29:54","slug":"ricarda-huch-einsame-nixe","status":"publish","type":"page","link":"https:\/\/verserzaehler.wababbel.de\/?page_id=9164","title":{"rendered":"Ricarda Huch: Einsame Nixe"},"content":{"rendered":"\n<p>Oft, wenn es dunkelte, hob aus dem Teich sich die reizende Nixe<br>Halben Leibs; es rieselte sacht von den schilfigen Haaren.<br>Mondengleich beschien ihre wei\u00dfe Brust die Geb\u00fcsche,<br>Erlen und Weiden umher, sie leuchteten hell vor den andern,<br><strong>5<\/strong> Und es schimmerten feucht ihre Augen wie Perlen des Meeres.<br>Nichts bek\u00fcmmerte sie, die alles von Anfang gesehen.<br>Wundersam nun erscholl ihre s\u00fc\u00dfe, kristallene Stimme<br>Leicht wie Luft. Und sie sang von den herrlichen Wundern der Sch\u00f6pfung,<br>Sang von des Schicksals Gewalt und dem dunklen Geheimnis des Todes.<br><strong>10<\/strong> Bald wie Akkorde der Harfe ert\u00f6nten die Zauberges\u00e4nge,<br>Bald, wie ihr z\u00e4rtliches Lied die klagende Nachtigall fl\u00f6tet.<br>Aber niemand h\u00f6rte die Einsame; tr\u00e4umerisch lauschte<br>Nur die heilige Nacht, es lauschten die ewigen Sterne.<\/p>\n","protected":false},"excerpt":{"rendered":"<p>Oft, wenn es dunkelte, hob aus dem Teich sich die reizende NixeHalben Leibs; es rieselte sacht von den schilfigen Haaren.Mondengleich beschien ihre wei\u00dfe Brust die Geb\u00fcsche,Erlen und Weiden umher, sie leuchteten hell vor den andern,5 Und es schimmerten feucht ihre Augen wie Perlen des Meeres.Nichts bek\u00fcmmerte sie, die alles von Anfang gesehen.Wundersam nun erscholl ihre&#8230; <a class=\"more-link\" href=\"https:\/\/verserzaehler.wababbel.de\/?page_id=9164\">Read More <span class=\"screen-reader-text\"> in Ricarda Huch: Einsame Nixe<\/span><\/a><\/p>\n","protected":false},"author":15,"featured_media":0,"parent":10226,"menu_order":4,"comment_status":"closed","ping_status":"closed","template":"","meta":{"footnotes":""},"class_list":["post-9164","page","type-page","status-publish","hentry"],"_links":{"self":[{"href":"https:\/\/verserzaehler.wababbel.de\/index.php?rest_route=\/wp\/v2\/pages\/9164","targetHints":{"allow":["GET"]}}],"collection":[{"href":"https:\/\/verserzaehler.wababbel.de\/index.php?rest_route=\/wp\/v2\/pages"}],"about":[{"href":"https:\/\/verserzaehler.wababbel.de\/index.php?rest_route=\/wp\/v2\/types\/page"}],"author":[{"embeddable":true,"href":"https:\/\/verserzaehler.wababbel.de\/index.php?rest_route=\/wp\/v2\/users\/15"}],"replies":[{"embeddable":true,"href":"https:\/\/verserzaehler.wababbel.de\/index.php?rest_route=%2Fwp%2Fv2%2Fcomments&post=9164"}],"version-history":[{"count":2,"href":"https:\/\/verserzaehler.wababbel.de\/index.php?rest_route=\/wp\/v2\/pages\/9164\/revisions"}],"predecessor-version":[{"id":10250,"href":"https:\/\/verserzaehler.wababbel.de\/index.php?rest_route=\/wp\/v2\/pages\/9164\/revisions\/10250"}],"up":[{"embeddable":true,"href":"https:\/\/verserzaehler.wababbel.de\/index.php?rest_route=\/wp\/v2\/pages\/10226"}],"wp:attachment":[{"href":"https:\/\/verserzaehler.wababbel.de\/index.php?rest_route=%2Fwp%2Fv2%2Fmedia&parent=9164"}],"curies":[{"name":"wp","href":"https:\/\/api.w.org\/{rel}","templated":true}]}}