{"id":9226,"date":"2019-07-14T15:52:39","date_gmt":"2019-07-14T14:52:39","guid":{"rendered":"http:\/\/www.wababbel.de\/ferdi\/?page_id=9226"},"modified":"2019-08-19T22:42:56","modified_gmt":"2019-08-19T21:42:56","slug":"triolette","status":"publish","type":"page","link":"https:\/\/verserzaehler.wababbel.de\/?page_id=9226","title":{"rendered":"Triolette"},"content":{"rendered":"\n<p><a href=\"http:\/\/www.wababbel.de\/ferdi\/gesammeltes\/triolette\/hermann-bienenfeld\/\">Hermann Bienenfeld<\/a> (4)<\/p>\n\n\n\n<p><a href=\"http:\/\/www.wababbel.de\/ferdi\/gesammeltes\/triolette\/georg-blum\/\">Georg Blum<\/a> (4)<\/p>\n\n\n\n<p><a href=\"http:\/\/www.wababbel.de\/ferdi\/gesammeltes\/triolette\/bernhard-gottfried-bueren\/\">Bernhard Gottfried B\u00fcren<\/a> (8)<\/p>\n\n\n\n<p><a href=\"http:\/\/www.wababbel.de\/ferdi\/gesammeltes\/triolette\/karl-heinrich-bruger\/\">Karl Heinrich Bruger<\/a> (25)<\/p>\n\n\n\n<p><a href=\"http:\/\/www.wababbel.de\/ferdi\/gesammeltes\/triolette\/adelbert-von-chamisso\/\">Adelbert von Chamisso<\/a> (6)<\/p>\n\n\n\n<p><a href=\"http:\/\/www.wababbel.de\/ferdi\/gesammeltes\/triolette\/heinrich-doering\/\">Heinrich D\u00f6ring<\/a> (2)<\/p>\n\n\n\n<p><a href=\"http:\/\/www.wababbel.de\/ferdi\/gesammeltes\/triolette\/ludwig-giesebrecht\/\">Ludwig Giesebrecht<\/a> (5)<\/p>\n\n\n\n<p><a href=\"http:\/\/www.wababbel.de\/ferdi\/gesammeltes\/triolette\/ludwig-gleim\/\">Ludwig Gleim<\/a> (3)<\/p>\n\n\n\n<p><a href=\"http:\/\/www.wababbel.de\/ferdi\/gesammeltes\/triolette\/nikolaus-goetz\/\">Nikolaus G\u00f6tz<\/a> (2)<\/p>\n\n\n\n<p><a href=\"http:\/\/www.wababbel.de\/ferdi\/gesammeltes\/triolette\/robert-grosewsky\/\">Robert Grosewsky<\/a> (2)<\/p>\n\n\n\n<p><a href=\"http:\/\/www.wababbel.de\/ferdi\/gesammeltes\/triolette\/friedrich-halm\/\">Friedrich Halm<\/a> (12)<\/p>\n\n\n\n<p><a href=\"http:\/\/www.wababbel.de\/ferdi\/gesammeltes\/triolette\/friedrich-haug\/\">Friedrich Haug<\/a> (2)<\/p>\n\n\n\n<p><a href=\"http:\/\/www.wababbel.de\/ferdi\/gesammeltes\/triolette\/georg-joseph-keller\/\">Georg Joseph Keller<\/a> (251)<\/p>\n\n\n\n<p><a href=\"http:\/\/www.wababbel.de\/ferdi\/gesammeltes\/triolette\/heinrich-leuthold\/\">Heinrich Leuthold<\/a> (4)<\/p>\n\n\n\n<p><a href=\"http:\/\/www.wababbel.de\/ferdi\/gesammeltes\/triolette\/detlef-von-liliencron\/\">Detlef von Liliencron<\/a> (1)<\/p>\n\n\n\n<p><a href=\"http:\/\/www.wababbel.de\/ferdi\/gesammeltes\/triolette\/nikolaus-oesterlein\/\">Nikolaus Oesterlein<\/a> (4)<\/p>\n\n\n\n<p><a href=\"http:\/\/www.wababbel.de\/ferdi\/gesammeltes\/triolette\/august-von-platen\/\">August von Platen<\/a> (4)<\/p>\n\n\n\n<p><a href=\"http:\/\/www.wababbel.de\/ferdi\/gesammeltes\/triolette\/jules-chevalier-potier\/\">Jules Chevalier Potier<\/a> (11)<\/p>\n\n\n\n<p><a href=\"http:\/\/www.wababbel.de\/ferdi\/gesammeltes\/triolette\/friedrich-rassmann\/\">Friedrich Rassmann<\/a> (14)<\/p>\n\n\n\n<p><a href=\"http:\/\/www.wababbel.de\/ferdi\/gesammeltes\/triolette\/karl-reinhard\/\">Karl Reinhard<\/a> (3)<\/p>\n\n\n\n<p><a href=\"http:\/\/www.wababbel.de\/ferdi\/gesammeltes\/triolette\/johannes-roeloffs\/\">Johannes Roeloffs<\/a> (21)<\/p>\n\n\n\n<p><a href=\"http:\/\/www.wababbel.de\/ferdi\/gesammeltes\/triolette\/friedrich-wilhelm-rogge\/\">Friedrich Wilhelm Rogge<\/a> (2)<\/p>\n\n\n\n<p><a href=\"http:\/\/www.wababbel.de\/ferdi\/gesammeltes\/triolette\/hermann-roepe\/\">Hermann R\u00f6pe<\/a> (5)<\/p>\n\n\n\n<p><a href=\"http:\/\/www.wababbel.de\/ferdi\/gesammeltes\/triolette\/friedrich-rueckert\/\">Friedrich R\u00fcckert<\/a> (1)<\/p>\n\n\n\n<p><a href=\"http:\/\/www.wababbel.de\/ferdi\/gesammeltes\/triolette\/karl-friedrich-schimper\/\">Karl Friedrich Schimper<\/a> (137)<\/p>\n\n\n\n<p><a href=\"http:\/\/www.wababbel.de\/ferdi\/gesammeltes\/triolette\/august-wilhelm-schlegel\/\">August Wilhelm Schlegel<\/a> (1)<\/p>\n\n\n\n<p><a href=\"http:\/\/www.wababbel.de\/ferdi\/gesammeltes\/triolette\/heinrich-schmidt\/\">Heinrich Schmidt<\/a> (8)<\/p>\n\n\n\n<p><a href=\"http:\/\/www.wababbel.de\/ferdi\/gesammeltes\/triolette\/klamer-schmidt\/\">Klamer Schmidt<\/a> (26)<\/p>\n\n\n\n<p><a href=\"http:\/\/www.wababbel.de\/ferdi\/gesammeltes\/triolette\/ernst-schulze\/\">Ernst Schulze<\/a> (7)<\/p>\n\n\n\n<p><a href=\"http:\/\/www.wababbel.de\/ferdi\/gesammeltes\/triolette\/wilhelm-smets\/\">Wilhelm Smets<\/a> (4)<\/p>\n\n\n\n<p><a href=\"http:\/\/www.wababbel.de\/ferdi\/gesammeltes\/triolette\/ludwig-storch\/\">Ludwig Storch<\/a> (8)<\/p>\n\n\n\n<p><a href=\"http:\/\/www.wababbel.de\/ferdi\/gesammeltes\/triolette\/clotilde-von-vallon-chalys\/\">Clotilde von Vallon-Chalys<\/a> (5)<\/p>\n\n\n\n<p><a href=\"http:\/\/www.wababbel.de\/ferdi\/gesammeltes\/triolette\/heinrich-viehoff\/\">Heinrich Viehoff<\/a> (5)<\/p>\n\n\n\n<p><a href=\"http:\/\/www.wababbel.de\/ferdi\/gesammeltes\/triolette\/philipp-heinrich-welker\/\">Philipp Heinrich Welker<\/a> (4)<\/p>\n","protected":false},"excerpt":{"rendered":"<p>Hermann Bienenfeld (4) Georg Blum (4) Bernhard Gottfried B\u00fcren (8) Karl Heinrich Bruger (25) Adelbert von Chamisso (6) Heinrich D\u00f6ring (2) Ludwig Giesebrecht (5) Ludwig Gleim (3) Nikolaus G\u00f6tz (2) Robert Grosewsky (2) Friedrich Halm (12) Friedrich Haug (2) Georg Joseph Keller (251) Heinrich Leuthold (4) Detlef von Liliencron (1) Nikolaus Oesterlein (4) August von&#8230; <a class=\"more-link\" href=\"https:\/\/verserzaehler.wababbel.de\/?page_id=9226\">Read More <span class=\"screen-reader-text\"> in Triolette<\/span><\/a><\/p>\n","protected":false},"author":15,"featured_media":0,"parent":777,"menu_order":12,"comment_status":"closed","ping_status":"closed","template":"","meta":{"footnotes":""},"class_list":["post-9226","page","type-page","status-publish","hentry"],"_links":{"self":[{"href":"https:\/\/verserzaehler.wababbel.de\/index.php?rest_route=\/wp\/v2\/pages\/9226","targetHints":{"allow":["GET"]}}],"collection":[{"href":"https:\/\/verserzaehler.wababbel.de\/index.php?rest_route=\/wp\/v2\/pages"}],"about":[{"href":"https:\/\/verserzaehler.wababbel.de\/index.php?rest_route=\/wp\/v2\/types\/page"}],"author":[{"embeddable":true,"href":"https:\/\/verserzaehler.wababbel.de\/index.php?rest_route=\/wp\/v2\/users\/15"}],"replies":[{"embeddable":true,"href":"https:\/\/verserzaehler.wababbel.de\/index.php?rest_route=%2Fwp%2Fv2%2Fcomments&post=9226"}],"version-history":[{"count":51,"href":"https:\/\/verserzaehler.wababbel.de\/index.php?rest_route=\/wp\/v2\/pages\/9226\/revisions"}],"predecessor-version":[{"id":9422,"href":"https:\/\/verserzaehler.wababbel.de\/index.php?rest_route=\/wp\/v2\/pages\/9226\/revisions\/9422"}],"up":[{"embeddable":true,"href":"https:\/\/verserzaehler.wababbel.de\/index.php?rest_route=\/wp\/v2\/pages\/777"}],"wp:attachment":[{"href":"https:\/\/verserzaehler.wababbel.de\/index.php?rest_route=%2Fwp%2Fv2%2Fmedia&parent=9226"}],"curies":[{"name":"wp","href":"https:\/\/api.w.org\/{rel}","templated":true}]}}