{"id":9232,"date":"2019-07-14T16:17:15","date_gmt":"2019-07-14T15:17:15","guid":{"rendered":"http:\/\/www.wababbel.de\/ferdi\/?page_id=9232"},"modified":"2019-07-14T16:30:13","modified_gmt":"2019-07-14T15:30:13","slug":"alraunens-kunkelstube","status":"publish","type":"page","link":"https:\/\/verserzaehler.wababbel.de\/?page_id=9232","title":{"rendered":"Alraunens Kunkelstube"},"content":{"rendered":"\n<p><strong>Salon mit f\u00fcnfzig Figuren im Carneval<\/strong><\/p>\n\n\n\n<p><strong>(1)<\/strong> Ihr sch\u00f6nen Erdenkinder,<br>Ihr Wurzeln klein und gro\u00df,<br>Sch\u00f6n lohnt ihr einem Finder<br>Ihr sch\u00f6nen Erdenkinder!<br>Kein Nasestumpf und Blinder<br>kriegt euer Wesen los:<br>Ihr sch\u00f6nen Erdenkinder,<br>Ihr Wurzeln klein und gro\u00df!<\/p>\n\n\n\n<p><strong>(2)<\/strong> Mit gr\u00fcnem Schopf und Hute<br>Kommt Wurzeln allzumal!<br>Hier, wie ich eben tute,<br>Mit gr\u00fcnem Schopf und Hute,<br>Hier zu der W\u00fcnschelrute<br>Kommt ohne Wahl und Qual:<br>Mit gr\u00fcnem Schopf und Hute<br>Kommt Wurzeln allzumal!<\/p>\n\n\n\n<p><strong>(3)<\/strong> Du Zauberwurz Alraune<br>Er\u00f6ffnest sch\u00f6n den Zug:<br>Sch\u00f6n scheuchest du die Faune,<br>Du Zauberwurz Alraune!<br>Du schaltest ganz nach Laune<br>So m\u00e4chtig und so klug;<br>Du Zauberwurz Alraune<br>Er\u00f6ffnest sch\u00f6n den Zug!<\/p>\n\n\n\n<p><strong>(4)<\/strong> \u201eStatt deiner will ich reden,<br>Du Wurzelsucher, still!<br>Ich rede nicht f\u00fcr jeden:<br>Statt deiner will ich reden!<br>Wir kamen all&#8216; aus Eden,<br>Ist, was ich zeigen will &#8211;<br>Statt deiner will ich reden,<br>Du Wurzelsucher, still!\u201c<\/p>\n\n\n\n<p><strong>(5)<\/strong> In meiner Kunkelstube<br>Schau um dich allerw\u00e4rts:<br>Dir deut ich Wurz und Rube<br>In meiner Kunkelstube.<br>Zur Erz- und Silbergrube<br>Bring Herzen, bring ein Herz!<br>In meiner Kunkelstube<br>Schau um dich allerw\u00e4rts!<\/p>\n\n\n\n<p><strong>(6)<\/strong> Fort Rettig und Meerrettig<br>Und all ihr Wurzelherrn!<br>Ich bei\u00dft doch alle, wett ich:<br>Fort Rettig und Meerrettig!<br>Und fettig oder klettig<br>Jetzt haltet ihr euch fern!<br>Fort Rettig unf Meerrettig<br>Und all ihr Wurzelherrn!<\/p>\n\n\n\n<p><strong>(7)<\/strong> Erscheint ihr Wurzeldamen,<br>Ihr Wurzen-W\u00fcrzen gut!<br>Ihr wilden und ihr zahmen,<br>Erscheint, ihr Wurzeldamen!<br>Ja stellt euch zum Examen,<br>Doch ohne viel Disput!<br>Erscheint ihr Wurzeldamen,<br>Ihr Wurzen-W\u00fcrzen gut!<\/p>\n\n\n\n<p><strong>(8)<\/strong> Du zuckers\u00fc\u00dfe M\u00f6hre,<br>Den Kindern bist du lieb!<br>Dass keiner je dich st\u00f6re,<br>Du zuckers\u00fc\u00dfe M\u00f6hre!<br>Du Gold der Wurzelch\u00f6re,<br>Zum Golde schleicht der Dieb &#8211;<br>Du zuckers\u00fc\u00dfe M\u00f6hre,<br>Den Kindern bist du lieb!<\/p>\n\n\n\n<p><strong>(9)<\/strong> Du schlanke Petersilie<br>Bist aller Welt bekannt:<br>Wie sch\u00e4tzt dich die Familie,<br>Du schlanke Petersilie!<br>\u201ePerlmuttige Conchylie<br>Glanzperle, Diamant!\u201c<br>Du schlanke Petersilie<br>Bist aller Welt bekannt!<\/p>\n\n\n\n<p><strong>(10)<\/strong> Du lange Skorzonere,<br>Du bist so schwarz und wei\u00df:<br>Dass jeder dich verehre,<br>Du lange Skorzonere!<br>Dass keiner dich versehre<br>Mit Feuer oder Eis!<br>Du lange Skorzonere,<br>Du bist so schwarz und wei\u00df!<\/p>\n\n\n\n<p><strong>(11)<\/strong> Du dicke Runkelr\u00fcbe,<br>Du Zuckerembryo,<br>Was blickst du heut so tr\u00fcbe,<br>Du dicke Zucker\u00fcbe?<br>Wer aus dem Grund dich h\u00fcbe!<br>Bist weder Rohr noch Stroh,<br>Du dicke Runkelr\u00fcbe,<br>Du Zuckerembryo!<\/p>\n\n\n\n<p><strong>(12)<\/strong> Verwegne Hopfensprosse<br>Streckst drehend her den Hals:<br>Wie kommst du zu der Trosse,<br>Verwegne Hopfensprosse?<br>Herr Langstang, dein Genosse,<br>Vermisst dich ebenfalls!<br>Verwegne Hopfensprosse<br>Streckst drehend her den Hals?<\/p>\n\n\n\n<p><strong>(13)<\/strong> Erdmandel, s\u00fc\u00dfe Mandel,<br>Was brennt dich zu Kaffee?<br>Was ist das f\u00fcr ein Handel,<br>Erdmandel, s\u00fc\u00dfe Mandel!<br>Du seufzest: Zuckerkandel!<br>Vom Kopfe bis zur Zeh&#8216;:<br>Erdmandel, s\u00fc\u00dfe Mandel,<br>Was brennt dich zu Kaffee?<\/p>\n\n\n\n<p><strong>(14)<\/strong> Du aufgeweckte Quecke<br>L\u00e4ufst weit und keck ans Licht!<br>Dass hier ich dich entdecke,<br>Du aufgeweckte Quecke!<br>Nestsitzerin und Schnecke<br>Bleibt solch ein Queckchen nicht!<br>Du aufgeweckte Quecke<br>L\u00e4ufst weit und keck ans Licht!<\/p>\n\n\n\n<p><strong>(15)<\/strong> Ihr \u00fcberroten Rahnen,<br>Was will im Blut die Glut?<br>O scheut die welschen Hahnen,<br>Ihr \u00fcberroten Rahnen!<br>Und sind die Goldfasanen<br>Wohl eine bessre Brut?<br>Ihr \u00fcberroten Rahnen,<br>Was will im Blut die Glut?<\/p>\n\n\n\n<p><strong>(16)<\/strong> Du zartes Engelf\u00fc\u00dfchen<br>Mit schlauen \u00c4ugelein,<br>Du passest auf ein Gr\u00fc\u00dfchen,<br>Du zartes Engelf\u00fc\u00dfchen?<br>Beim Tanz die flinken F\u00fc\u00dfchen<br>Die kleinsten sind ja dein,<br>Du zartes Engelf\u00fc\u00dfchen<br>Mit schlauen \u00c4ugelein!<\/p>\n\n\n\n<p><strong>(17)<\/strong> Herr Calmus ohne Zucker,<br>Herr Satyrus, zur\u00fcck!<br>Er naseweiser Gucker,<br>Herr Calmus ohne Zucker!<br>Mit Zucker w\u00e4r&#8216; er schmucker<br>Und machte wohl sein Gl\u00fcck:<br>Herr Calmus ohne Zucker,<br>Herr Satyrus, zur\u00fcck!<\/p>\n\n\n\n<p><strong>(18)<\/strong> Angelika, du Engel,<br>Was tust auf Erden du?<br>Auf Erden gibt es Bengel,<br>Angelika, du Engel!<br>Zierbengel, Galgenschwengel,<br>Sie setzen all dir zu.<br>Angelika, du Engel,<br>Was tust auf Erden du?<\/p>\n\n\n\n<p><strong>(19)<\/strong> Du schnelle Pompinelle,<br>Du bist ein wahrer Schatz:<br>Du liebliche, du helle,<br>Du schnelle Pimpinelle!<br>Du scheinst an jeder Stelle<br>An deinem besten Platz!<br>Du schnelle Pimpinelle,<br>Du bist ein wahrer Schatz!<\/p>\n\n\n\n<p><strong>(20)<\/strong> Du Caryophyllata,<br>Feinduftge Nelkenwurz,<br>Wir nennen dich Amata,<br>Du Caryophyllata!<br>Wir nennen dich Beata,<br>A, B und C &#8211; wie kurz!<br>Du Caryophyllata,<br>Feinduftge Nelkenwurz!<\/p>\n\n\n\n<p><strong>(21)<\/strong> Frau Aron, siebenfr\u00fcchtig<br>Von allem Volk genannt,<br>Du zeigst dich ewig t\u00fcchtig,<br>Frau Aron, siebenfr\u00fcchtig!<br>Gleich sieben Tagen fl\u00fcchtig<br>Sind siebzig Jahr entrannt &#8211;<br>Frau Aron, siebenfr\u00fcchtig<br>Von allem Volk genannt!<\/p>\n\n\n\n<p><strong>(22)<\/strong> Du B\u00e4renzuckermutter,<br>Grundguter S\u00fc\u00dfholzkern,<br>Reichst gar so liebes Futter,<br>Du B\u00e4renzuckermutter!<br>Und deine Liliputer<br>Besuchen dich so gern!<br>Du B\u00e4renzuckermutter!<br>Grundguter S\u00fc\u00dfholzkern!<\/p>\n\n\n\n<p><strong>(23)<\/strong> Du liebe Dulcamara,<br>Du s\u00fc\u00dfes Bitters\u00fc\u00df,<br>Du tr\u00e4umerische Clara,<br>Du liebe Dulcamara!<br>Gl\u00fcck sei dir hold, o Cara,<br>Dein wahres, immer bl\u00fch&#8217;s!<br>Du liebe Dulcamara!<br>Du s\u00fc\u00dfes Bitters\u00fc\u00df!<\/p>\n\n\n\n<p><strong>(24)<\/strong> Zur\u00fcck, ihr Regenw\u00fcrmer,<br>Ihr falschen Wurzelherrn!<br>Kotpyramident\u00fcrmer,<br>Zur\u00fcck, ihr Regenw\u00fcrmer!<br>Ihr gierigen Wurzelst\u00fcrmer<br>Zerrt und verzehrt nur gern!<br>Zur\u00fcck, ihr Regenw\u00fcrmer,<br>Ihr falschen Wurzelherrn!<\/p>\n\n\n\n<p><strong>(25)<\/strong> Du bittre Sentiane<br>hast manche gute Kraft,<br>Du Tod der Paviane,<br>Du bittre Sentiane!<br>Wie hast die Grobiane<br>Du sauber weggeschafft:<br>Du bittre Sentiane<br>hast manche gute Kraft!<\/p>\n\n\n\n<p><strong>(26)<\/strong> Frau Steinbrech mit den K\u00f6rnern,<br>Du h\u00e4ltst dich brav und klug!<br>Gedeihst in Stein und D\u00f6rnern,<br>Frau Steinbrech mit den K\u00f6rnern,<br>Das Schaf mit Woll&#8216; und H\u00f6rnern<br>L\u00e4sst Wolle dran genug!<br>Frau Steinbrech, mit den K\u00f6rnern!<br>Du h\u00e4ltst dich brav und klug!<\/p>\n\n\n\n<p><strong>(27)<\/strong> Erdbirn der Sonnenblume,<br>Genannt Trobinambour,<br>Du bist die reiche Muhme,<br>Erdbirn der Sonnenblume!<br>Man wei\u00df, du liebst die Krume,<br>Du lobst die Wasserkur &#8211;<br>Erdbirn der Sonnenblume,<br>Genannt Trobinambour!<\/p>\n\n\n\n<p><strong>(28)<\/strong> Du herbe Tromentille,<br>Du gerbst die H\u00e4ute derb!<br>Vor dir wird alles stille,<br>Du herbe Tormentille!<br>Es w\u00e4chst mit jeder Pille<br>Dein Sperberwitzerwerb:<br>Du herbe Tormentille,<br>Du gerbst die H\u00e4ute herb!<\/p>\n\n\n\n<p><strong>(29)<\/strong> Frau Eberwurz Carlina,<br>So stachelvoll umlaubt!<br>Du hie\u00dfest besser Spina,<br>Frau Eberwurz Carlina!<br>Am Boden w\u00e4chst und wie nah<br>Dein Distelstrahlenhaupt!<br>Frau Eberwurz Carlina,<br>So stachelvoll umlaubt?<\/p>\n\n\n\n<p><strong>(30)<\/strong> Du pr\u00e4chtige Schalotte<br>Mit deiner fremden Tracht:<br>Bist eine Kleidermotte,<br>Du pr\u00e4chtige Schalotte!<br>Wie eitel, trotz dem Spotte,<br>Freust du dich, wenn man lacht!<br>Du pr\u00e4chtige Schalotte<br>Mit deiner fremden Tracht!<\/p>\n\n\n\n<p><strong>(31)<\/strong> Du hundertrockige Zwiebel,<br>Du hast wohl keinen Leib?<br>Du Kleid vom Grund zum Giebel,<br>Du hundertrockige Zwiebel!<br>War Tr\u00e4nenreizgekriebel<br>Dein Leib- und Zeitvertreib?<br>Du hundertrockige Zwiebel,<br>Du hast wohl keinen Leib?<\/p>\n\n\n\n<p><strong>(32)<\/strong> Du junge Nebenzwiebel,<br>Du hast gewiss Verstand!<br>Und bist auch so sensibel,<br>Du junge Nebenzwiebel!<br>Links Bibel, rechts Geliebel<br>In Blick und Mund und Hand:<br>Du junge Nebenzwiebel,<br>Du hast gewiss Verstand!<\/p>\n\n\n\n<p><strong>(33)<\/strong> Du hochstudierte Scharte,<br>Geld soll nun alles sein?<br>Du Wurzelgeldgelahrte,<br>Du hochstudierte Scharte:<br>Nie fragst du mehr, du zarte,<br>Nach andern F\u00e4rberein!<br>Du hochstudierte Scharte,<br>Geld soll nun alles sein?<\/p>\n\n\n\n<p><strong>(34)<\/strong> Frau Sellerie so gr\u00fcndlich,<br>Du hast einmal Geschmack,<br>Und zeigst es schrift- und m\u00fcndlich,<br>Frau Sellerie, so gr\u00fcndlich!<br>Wie bist du so entz\u00fcndlich,<br>Du feines Siegellack!<br>Frau Sellerie so gr\u00fcndlich,<br>Du hast einmal Geschmack!<\/p>\n\n\n\n<p><strong>(35)<\/strong> Gewaltige Kohlrabe,<br>Wie blickst du Weh und Heil<br>Mit deiner Dichtergabe,<br>Gewaltige Kohlrabe!<br>Wie neckt der blinde Knabe<br>Dich stets mit neuem Pfeil!<br>Gewaltige Kolrabe;<br>Wie blickst du Weh und Heil!<\/p>\n\n\n\n<p><strong>(36)<\/strong> Du tiefe Pastinake,<br>Wie kamst du denn zu dem,<br>Dem flachen Portulake?<br>Du tiefe Pastinake,<br>Vollbl\u00fctige! Die Schnake<br>War dir wohl angenehm?<br>Due tiefe Pastinake,<br>Wie kamst du denn zu dem?<\/p>\n\n\n\n<p><strong>(37)<\/strong> Du knollige Kartoffel,<br>Du k\u00fchle kugelrund &#8211;<br>Suchst noch nach einem Stoffel,<br>Du knollige Kartoffel?<br>Zu eng ist dein Pantoffel<br>Mit Hand und Mund im Bund!<br>Du knollige Kartoffel,<br>Du k\u00fchle kugelrund!<\/p>\n\n\n\n<p><strong>(38)<\/strong> Du leckerhafte Tr\u00fcffel,<br>Wie bist du so gesucht &#8211;<br>Mit grunzendem Geschn\u00fcffel,<br>Du leckerhafte Tr\u00fcffel!<br>Tr\u00e4umt gar ein Bisamb\u00fcffel<br>Sich dir zum Mann und flucht!<br>Du leckerhafte Tr\u00fcffel,<br>Wie bist du so gesucht!<\/p>\n\n\n\n<p><strong>(39)<\/strong> Du farbige Rhabarber,<br>F\u00fchrst ab und ziehest aus!<br>Dein neuster Freund, he, warb er,<br>Du farbige Rhabarber?<br>Verdarb der Darber, starb er<br>Bei dir in Saus und Braus?<br>Du farbige Rhabarber<br>F\u00fchrst ab und ziehest aus!<\/p>\n\n\n\n<p><strong>(40)<\/strong> Krappw\u00fcrzelchen du rotes,<br>Du dauerst wunderbar!<br>Dein Rotes ist ein Totes,<br>Kappw\u00fcrzelchen du rotes!<br>Un welch Gebot verbot es,<br>Zu f\u00e4rben Wang&#8216; und Haar?<br>Krappw\u00fcrzelchen du rotes,<br>Du dauerst wunderbar!<\/p>\n\n\n\n<p><strong>(41)<\/strong> Herr Allmannsharnisch guter,<br>Heut gilt kein Ordensstern:<br>Zur\u00fcck du wohlgemuter<br>Herr Allmannsharnisch, guter!<br>Ihr Wurzelst\u00f6rch und Puter,<br>Zur\u00fcck, zur\u00fcck, ihr Herrn!<br>Herr Allmannsharnisch guter,<br>Heut gilt kein Ordensstern!<\/p>\n\n\n\n<p><strong>(42)<\/strong> Du tolle Rockenbolle,<br>Was spinnst du wieder aus?<br>Was drillst du jetzt f\u00fcr Wolle,<br>Du tolle Rockenbolle?<br>F\u00fchrst ja die Protokolle<br>Von jedem Nachbarhaus!<br>Du tolle Rockenbolle,<br>Was spinnst du wieder aus?<\/p>\n\n\n\n<p><strong>(43)<\/strong> Frau Baldrian, wie geht es?<br>Was macht der Kater Murr?<br>Das R\u00e4dchen, schnurrt es, dreht es?<br>Frau Baldrian, wie geht es?<br>Gesund erh\u00e4lt ein stetes,<br>Beredtes Schnippschnappschnurr?<br>Frau Baldrian, wie geht es?<br>Was macht der Kater Murr?<\/p>\n\n\n\n<p><strong>(44)<\/strong> Frau Schwalbenwurz und -schnabel,<br>Schnappst alle Fliegen auf,<br>Kennst jede neue Fabel,<br>Frau Schwalbenwurz und -schnabel!<br>Du st\u00e4rkst im neuen Babel<br>Den Welt- und Zungenlauf:<br>Frau Schwalbenwurz und -schnabel,<br>Schnappst alle Fliegen auf!<\/p>\n\n\n\n<p><strong>(45)<\/strong> Du Wurzel Zehn von Hundert<br>Kommst mir hier in die Quer?<br>Wohl bin ich sehr verwundert,<br>Du Wurzel Zehn von Hundert!<br>Du Nase rotburgundert<br>Leihst Geld auf Pf\u00e4nder her!<br>Du Wurzel Zehn von Hundert<br>Kommst hier mir in die Quer!<\/p>\n\n\n\n<p><strong>(46)<\/strong> Du drollige Rapunzel,<br>Wie milchest du so mild!<br>Was sagt denn dein Geschmunzel,<br>Du drollige Rapunzel?<br>F\u00fcgst Runzel \u00fcber Runzel<br>Und neckst dein Spiegelbild!<br>Du drollige Rapunzel,<br>Du milchst so wundermild!<\/p>\n\n\n\n<p><strong>(47)<\/strong> Frau Habermark am Pf\u00e4nnchen<br>Mit Milch und Hirsebrei!<br>Wo blieb das Deckelk\u00e4nnchen,<br>Frau Habermark am Pf\u00e4nnchen?<br>Wie macht das Windelm\u00e4nnchen<br>Zu R\u00fchren ein Geschrei!<br>Frau Habermark am Pf\u00e4nnchen<br>Mit Milch und Hirsebrei!<\/p>\n\n\n\n<p><strong>(48)<\/strong> Erdscheibchen du, Cyclamen,<br>Du Kartenschl\u00e4gerin,<br>Du lebst in Panoramen,<br>Erdscheibchen du, Cyclamen!<br>Die Buben und die Damen<br>Verlegst du her und hin &#8211;<br>Erdscheibchen, du Cyclamen,<br>Du Kartenschl\u00e4gerin!<\/p>\n\n\n\n<p><strong>(49)<\/strong> Du namenlose Knolle,<br>Wie lebst du so bequem &#8211;<br>Denn was ist deine Rolle,<br>Du namenlose Knolle?<br>Du kleibst an deiner Scholle,<br>Was tust du au\u00dferdem?<br>Du namenlose Knolle,<br>Wie lebst du so bequem!<\/p>\n\n\n\n<p><strong>(50)<\/strong> Ihr vielen anderen Wurzeln,<br>Wer ziehet euch noch aus?<br>Ihr lang und kurzen Sturzeln,<br>Ihr vielen andren Wurzeln?<br>Mir m\u00fcsstet ihr munter purzeln,<br>W\u00e4r&#8216; Raum im Reimehaus!<br>Ihr vielen anderen Wurzeln,<br>Wer ziehet euch noch aus?<\/p>\n\n\n\n<p><strong>(51)<\/strong> Es spricht aus mir Alraune<br>Die Spreng- und Zauberwurz:<br>Ist wohl bei schlimmer Laune!<br>Es spricht aus mir Alraune:<br>Die rote, schwarze, braune,<br>Kurz jede kommt zu kurz!<br>Es spricht aus mir Alraune,<br>Die Spreng- und Zauberwurz!<\/p>\n\n\n\n<p><strong>(52)<\/strong> Im Boden ist es dunkel,<br>Man sieht das Beste nicht,<br>Kein tr\u00f6stlich Sterngefunkel:<br>Im Boden ist es dunkel!<br>Alraunenwurzgemunkel<br>Gibt gar ein b\u00f6ses Licht!<br>Im Boden ist es dunkel,<br>Man sieht das Beste nicht!<\/p>\n\n\n\n<p><strong>(53)<\/strong> Wer kann f\u00fcr seinen Namen,<br>Und was sich darauf reimt?<br>Wer kann, ihr sch\u00f6nen Damen:<br>Wer kann f\u00fcr seinen Namen?<br>Ist doch aus zahmsten Samen<br>Oft Wildes aufgekeimt!<br>Wer kann f\u00fcr seinen Namen,<br>Und was sich darauf reimt?<\/p>\n\n\n\n<p><strong>(54)<\/strong> Der Zauber ist verflogen,<br>Nun ist mir wieder gut!<br>Wie hat sie mich betrogen:<br>Der Zauber ist verflogen!<br>Durch hat sie mich gezogen,<br>Mich mit Alraunen Wut!<br>Der Zauber ist verflogen,<br>Nun ist mir wieder gut!<\/p>\n\n\n\n<p><strong>(55)<\/strong> Ihr, die ihr Bl\u00fcten liebet,<br>Zieht nie die Wurzeln aus!<br>Seht, wie ihr das verschiebet,<br>Ihr, die ihr Bl\u00fcten liebet!<br>Ihr wisst nicht, wo ihr bliebet<br>Bei einem Wurzelstrau\u00df!<br>Ihr, die ihr Bl\u00fcten liebet,<br>Zieht nie die Wurzeln aus!<\/p>\n\n\n\n<p><strong>(56)<\/strong> Nur Frieden, keinen Hader<br>Mit s\u00e4mtlicher Natur!<br>Durch Hirn und Herz und Ader<br>Nur Frieden, keinen Hader!<br>Ein Wurzelgeisterlader<br>Kommt leicht auf falsche Spur:<br>Nur Frieden, keinen Hader<br>Mit s\u00e4mtlicher Natur!<\/p>\n\n\n\n<p><strong>(57)<\/strong> Ja Duft und Frucht der Blume<br>Bestehn im eignen Wert!<br>Sch\u00e4tzt bei dem Wurzeltume<br>Ja Duft und Frucht der Blume!<br>Gedeihet nicht zum Ruhme<br>Der Wurzel, was sie n\u00e4hrt?<br>Ja Duft ind Frucht der Blume<br>Bestehn im eignen Wert!<\/p>\n\n\n\n<p><strong>(58)<\/strong> Was wurzelt weit und breit um,<br>Bl\u00fcht immer etwas sp\u00e4t:<br>Es greift nach Sicherheit um,<br>Was wurzelt weit und breit um:<br>Und ist die Sommerzeit um,<br>Wurz&#8216; wird nicht abgem\u00e4ht!<br>Was wurzelt weit und breit um,<br>Bl\u00fcht immer etwas sp\u00e4t!<\/p>\n\n\n\n<p><strong>(59)<\/strong> So kommt der Wurzeldichter<br>Auch ziemlich sp\u00e4t zum Ziel!<br>Stehts dort in Frucht und Lichter,<br>So kommt der Wurzeldichter!<br>Und statt allein Berichter,<br>Wird er der Wurzeln Spiel!<br>So kommt der Wurzeldichter<br>Auch ziemlich sp\u00e4t zum Ziel!<br>F\u00fcr Spiritus und Bier und Wein!<\/p>\n","protected":false},"excerpt":{"rendered":"<p>Salon mit f\u00fcnfzig Figuren im Carneval (1) Ihr sch\u00f6nen Erdenkinder,Ihr Wurzeln klein und gro\u00df,Sch\u00f6n lohnt ihr einem FinderIhr sch\u00f6nen Erdenkinder!Kein Nasestumpf und Blinderkriegt euer Wesen los:Ihr sch\u00f6nen Erdenkinder,Ihr Wurzeln klein und gro\u00df! (2) Mit gr\u00fcnem Schopf und HuteKommt Wurzeln allzumal!Hier, wie ich eben tute,Mit gr\u00fcnem Schopf und Hute,Hier zu der W\u00fcnschelruteKommt ohne Wahl und Qual:Mit&#8230; <a class=\"more-link\" href=\"https:\/\/verserzaehler.wababbel.de\/?page_id=9232\">Read More <span class=\"screen-reader-text\"> in Alraunens Kunkelstube<\/span><\/a><\/p>\n","protected":false},"author":15,"featured_media":0,"parent":9235,"menu_order":0,"comment_status":"closed","ping_status":"closed","template":"","meta":{"footnotes":""},"class_list":["post-9232","page","type-page","status-publish","hentry"],"_links":{"self":[{"href":"https:\/\/verserzaehler.wababbel.de\/index.php?rest_route=\/wp\/v2\/pages\/9232","targetHints":{"allow":["GET"]}}],"collection":[{"href":"https:\/\/verserzaehler.wababbel.de\/index.php?rest_route=\/wp\/v2\/pages"}],"about":[{"href":"https:\/\/verserzaehler.wababbel.de\/index.php?rest_route=\/wp\/v2\/types\/page"}],"author":[{"embeddable":true,"href":"https:\/\/verserzaehler.wababbel.de\/index.php?rest_route=\/wp\/v2\/users\/15"}],"replies":[{"embeddable":true,"href":"https:\/\/verserzaehler.wababbel.de\/index.php?rest_route=%2Fwp%2Fv2%2Fcomments&post=9232"}],"version-history":[{"count":1,"href":"https:\/\/verserzaehler.wababbel.de\/index.php?rest_route=\/wp\/v2\/pages\/9232\/revisions"}],"predecessor-version":[{"id":9233,"href":"https:\/\/verserzaehler.wababbel.de\/index.php?rest_route=\/wp\/v2\/pages\/9232\/revisions\/9233"}],"up":[{"embeddable":true,"href":"https:\/\/verserzaehler.wababbel.de\/index.php?rest_route=\/wp\/v2\/pages\/9235"}],"wp:attachment":[{"href":"https:\/\/verserzaehler.wababbel.de\/index.php?rest_route=%2Fwp%2Fv2%2Fmedia&parent=9232"}],"curies":[{"name":"wp","href":"https:\/\/api.w.org\/{rel}","templated":true}]}}