{"id":9261,"date":"2019-07-18T22:16:57","date_gmt":"2019-07-18T21:16:57","guid":{"rendered":"http:\/\/www.wababbel.de\/ferdi\/?page_id=9261"},"modified":"2019-07-18T22:17:11","modified_gmt":"2019-07-18T21:17:11","slug":"heinrich-viehoff","status":"publish","type":"page","link":"https:\/\/verserzaehler.wababbel.de\/?page_id=9261","title":{"rendered":"Heinrich Viehoff"},"content":{"rendered":"<p><strong>Triolette<\/strong><\/p>\n<p><strong>(1)<\/strong> W\u00e4re Tonkunst mir gegeben,<br \/>\nSchwinge meinem Dichterwort,<br \/>\nMir in Gl\u00fcck und Leid ein Hort,<br \/>\nW\u00e4re Tonkunst mir gegeben,<br \/>\nSelig w\u00fcrd&#8216; ich aufw\u00e4rts schweben<br \/>\nAus der Rede Dunstkreis fort.<br \/>\nW\u00e4re Tonkunst mir gegeben,<br \/>\nSchwinge meinem Dichterwort!<\/p>\n<p><strong>(2)<\/strong> Nicht in Worten, nur in T\u00f6nen<br \/>\nTut sich auf der Seele Grund.<br \/>\nIst das Herz der liebewund,<br \/>\nNIcht in Worten, nur in T\u00f6nen<br \/>\nGibt die sch\u00f6nste der Kamonen<br \/>\nPolyhymnia, es kund.<br \/>\nNicht in Worten, nur in T\u00f6nen<br \/>\nTut sich auf der Seele Grund.<\/p>\n<p><strong>(3)<\/strong> Nur in jubelndem Gesange<br \/>\nK\u00fcndest du, was hoch begl\u00fcckt,<br \/>\nWas begeistert, was entz\u00fcckt.<br \/>\nNur in jubelndem Gesange<br \/>\nMacht das Herz sich frei vom Drange,<br \/>\nWenn der Freude Last es dr\u00fcckt.<br \/>\nNur in jubelndem Gesange<br \/>\nK\u00fcndest du, was hoch begl\u00fcckt.<\/p>\n<p><strong>(4)<\/strong> Wenn im Busen Schmerzen w\u00fchlen,<br \/>\nLindern T\u00f6ne nur die Pein.<br \/>\nMagst du Wort&#8216; an Worte reihn,<br \/>\nWenn im Busen Schmerzen w\u00fchlen,<br \/>\nWorte k\u00f6nnen sie nicht k\u00fchlen,<br \/>\nNicht die Brust vom Gram befrein.<br \/>\nWenn im Busen Schmerzen w\u00fchlen,<br \/>\nLindern T\u00f6ne nur die Pein.<\/p>\n<p><strong>(5)<\/strong> Halbgesang von Trioletten,<br \/>\nStille mir der Seele Drang<br \/>\nAls Ersatz f\u00fcr den Gesang.<br \/>\nHalbgesang von Trioletten,<br \/>\nDem sich T\u00f6n&#8216; an T\u00f6ne ketten,<br \/>\nUnd das Wort verschwimmt im Klang,<br \/>\nHalbgesang von Trioletten<br \/>\nStille mir der Seele Drang.<\/p>\n","protected":false},"excerpt":{"rendered":"<p>Triolette (1) W\u00e4re Tonkunst mir gegeben, Schwinge meinem Dichterwort, Mir in Gl\u00fcck und Leid ein Hort, W\u00e4re Tonkunst mir gegeben, Selig w\u00fcrd&#8216; ich aufw\u00e4rts schweben Aus der Rede Dunstkreis fort. W\u00e4re Tonkunst mir gegeben, Schwinge meinem Dichterwort! (2) Nicht in Worten, nur in T\u00f6nen Tut sich auf der Seele Grund. Ist das Herz der liebewund,&#8230; <a class=\"more-link\" href=\"https:\/\/verserzaehler.wababbel.de\/?page_id=9261\">Read More <span class=\"screen-reader-text\"> in Heinrich Viehoff<\/span><\/a><\/p>\n","protected":false},"author":15,"featured_media":0,"parent":9226,"menu_order":0,"comment_status":"closed","ping_status":"closed","template":"","meta":{"footnotes":""},"class_list":["post-9261","page","type-page","status-publish","hentry"],"_links":{"self":[{"href":"https:\/\/verserzaehler.wababbel.de\/index.php?rest_route=\/wp\/v2\/pages\/9261","targetHints":{"allow":["GET"]}}],"collection":[{"href":"https:\/\/verserzaehler.wababbel.de\/index.php?rest_route=\/wp\/v2\/pages"}],"about":[{"href":"https:\/\/verserzaehler.wababbel.de\/index.php?rest_route=\/wp\/v2\/types\/page"}],"author":[{"embeddable":true,"href":"https:\/\/verserzaehler.wababbel.de\/index.php?rest_route=\/wp\/v2\/users\/15"}],"replies":[{"embeddable":true,"href":"https:\/\/verserzaehler.wababbel.de\/index.php?rest_route=%2Fwp%2Fv2%2Fcomments&post=9261"}],"version-history":[{"count":1,"href":"https:\/\/verserzaehler.wababbel.de\/index.php?rest_route=\/wp\/v2\/pages\/9261\/revisions"}],"predecessor-version":[{"id":9262,"href":"https:\/\/verserzaehler.wababbel.de\/index.php?rest_route=\/wp\/v2\/pages\/9261\/revisions\/9262"}],"up":[{"embeddable":true,"href":"https:\/\/verserzaehler.wababbel.de\/index.php?rest_route=\/wp\/v2\/pages\/9226"}],"wp:attachment":[{"href":"https:\/\/verserzaehler.wababbel.de\/index.php?rest_route=%2Fwp%2Fv2%2Fmedia&parent=9261"}],"curies":[{"name":"wp","href":"https:\/\/api.w.org\/{rel}","templated":true}]}}