{"id":9265,"date":"2019-07-18T22:34:13","date_gmt":"2019-07-18T21:34:13","guid":{"rendered":"http:\/\/www.wababbel.de\/ferdi\/?page_id=9265"},"modified":"2019-07-18T22:34:33","modified_gmt":"2019-07-18T21:34:33","slug":"klamer-schmidt","status":"publish","type":"page","link":"https:\/\/verserzaehler.wababbel.de\/?page_id=9265","title":{"rendered":"Klamer Schmidt"},"content":{"rendered":"<p><strong>(1) Schmerz der Liebe<\/strong><br \/>\nEs ist kein Spa\u00df, ein h\u00fcbsches Kind zu meinen;<br \/>\nIch hab&#8217;s erfahren, glaubt es mir!<br \/>\nIch musste hoffen, f\u00fcrchten, weinen;<br \/>\nEs ist kein Spa\u00df, ein h\u00fcbsches Kind zu meinen!<br \/>\nUnd doch verschont der Pfeil der Liebe keinen;<br \/>\nZu lieben sind wir alle hier.<br \/>\nEs ist kein Spa\u00df, ein h\u00fcbsches Kind zu meinen;<br \/>\nIch hab&#8217;s erfahren, glaubt es mir!<\/p>\n<p><strong>(2) Das Triolett<\/strong><br \/>\n<em>An Elisa von der Recke<\/em><br \/>\nWas ist, was ist ein Triolett?<br \/>\nFragt meine Chloe mich, und h\u00f6rt nicht auf zu fragen:<br \/>\nWas ist, was ist ein Triolett?<br \/>\nWohlan! Ich will es dir, o sch\u00f6ne Chloe, sagen:<br \/>\nAcht Amorn sind es, hold und nett,<br \/>\nVon welchen zwei und drei dieselbe R\u00fcstung tragen!<br \/>\nNun darfst du mich nicht mehr, o sch\u00f6ne Chloe, fragen:<br \/>\nWas ist, was ist ein Triolett?<\/p>\n<p><strong>(3) Das H\u00fcttchen im Gr\u00fcnen<\/strong><br \/>\nMein Halmen-H\u00fcttchen im Gr\u00fcnen,<br \/>\nEs kann, es kann nicht sch\u00f6ner sein!<br \/>\nMan sage nicht, es sei zu klein,<br \/>\nMein Halmen-H\u00fcttchen hier im Gr\u00fcnen:<br \/>\nIch und Luise gehn hinein,<br \/>\nUnd Amor, willig, uns zu dienen.<br \/>\nMein Halmen-H\u00fcttchen hier im Gr\u00fcnen,<br \/>\nEs kann, es kann nicht sch\u00f6ner sein!<\/p>\n<p><strong>(4) An mein Herz und meine Leier<\/strong><br \/>\nMein frohes Herz und meine kleine Leier,<br \/>\nBleibt mir getreu bis hin ins dunkle Tal!<br \/>\nMein frohes Herz und meine kleine Leier,<br \/>\nIhr seid mein Gold, mein Ruhm, mein Ahnensaal,<br \/>\nMacht Freunde mir, und mich den Freunden teuer,<br \/>\nWofern ich bin&#8217;s, bei Schw\u00e4chen sonder Zahl!<br \/>\nMein frohes Herz und meine kleine Leier,<br \/>\nBleibt mir getreu bis hin ins dunkle Tal!<\/p>\n<p><strong>(5) An die Eine<\/strong><br \/>\nDich allein, dich lieb&#8216; ich nur,<br \/>\nM\u00e4dchen mit den schwarzen Haaren!<br \/>\nDich allein, dich lieb ich nur.<br \/>\nDir tat ich der Treue Schwur;<br \/>\nUnd mein Herz soll ihn bewahren,<br \/>\nBis auf Lethes \u00f6de Flur<br \/>\nCharon mich wird \u00fcberfahren!<br \/>\nDich allein, dich lieb ich nur,<br \/>\nM\u00e4dchen mit den schwarzen Haaren!<\/p>\n<p><strong>(6) Blick und Kuss<\/strong><br \/>\nWisst ihr was S\u00fc\u00dferes hienieden<br \/>\nAls Blick und Kuss von Adelheid?<br \/>\nWenn mir das Gl\u00fcck die Ferse beut,<br \/>\nDann spricht den Traurer nichts zufrieden,<br \/>\nAls Blick und Kuss von Adelheid;<br \/>\nDie lindern selbst das schwerste Leid.<br \/>\nWisst ihr was S\u00fc\u00dferes hienieden,<br \/>\nAls Blick und Kuss von Adelheid?<\/p>\n<p><strong>(7) Der vierte Mai<\/strong><br \/>\n<em>An Stamford<\/em><br \/>\nDer liebe, holde vierte Mai<br \/>\nBl\u00fcht purpurhell in meinem Herzen;<br \/>\nDenn meinen Stamford fand er treu,<br \/>\nDer liebe, holde vierte Mai.<br \/>\nNun sei mein Schicksal, wie es sei:<br \/>\nNun mag sich Flur und Himmel schw\u00e4rzen:<br \/>\nDer liebe, holde vierte Mai<br \/>\nBl\u00fcht purpurhell in meinem Herzen!<\/p>\n<p><strong>(-) An Klamer Schmidt<\/strong><br \/>\nDer wahr geliebt, o Schmidt, im Mai,<br \/>\nLiebt auch im sp\u00e4ten Herbst des Lebens;<br \/>\nDrum lieb&#8216; ich dich und bin dir treu<br \/>\nNoch jetzt, wie einst in jenem Mai,<br \/>\nWohl nagt die Zeit auch Stahl entzwei;<br \/>\nAn echter Treu nagt sie vergebens.<br \/>\nDer wahr geleibt, o Schmidt, im Mai,<br \/>\nLiebt auch im sp\u00e4ten Herbst des Lebens!<br \/>\n<em>Stamford<\/em><\/p>\n<p><strong>(8) An Stamford<\/strong><br \/>\nDas Lied der Nachtigall ist s\u00fc\u00df,<br \/>\nNoch s\u00fc\u00dfer meines Stamfords Liebe.<br \/>\nIch sag&#8216; es selbst im Paradies:<br \/>\nDer Lied der Nachtigall ist s\u00fc\u00df.<br \/>\nDoch wenn auch dort mir Stamford schriebe,<br \/>\nSo hie\u00df es dort, wie hier es hie\u00df:<br \/>\nDas Lied der Nachtigall ist s\u00fc\u00df,<br \/>\nNoch s\u00fc\u00dfer meines Stamfords Liebe!<\/p>\n<p><strong>(9) Vergleichung<\/strong><br \/>\n<em>In Stamfords Namen<\/em><br \/>\nAls ich mit Doris Veilchen las,<br \/>\nO welch ein Jubel, welch ein Leben!<br \/>\nWie s\u00fc\u00df ich alle Welt verga\u00df,<br \/>\nAls ich mit Doris Veilchen las!<br \/>\nJetzt ist mir Gold und Ruhm gegeben,<br \/>\nJedoch mit Sorgen ohne Ma\u00df!<br \/>\nAls ich mit Doris Veilchen las,<br \/>\nO welch ein Jubel, welch ein Leben!<\/p>\n<p><strong>(10) Das L\u00e4mmchen<\/strong><br \/>\nDich werd&#8216; ich nimmermehr vergessen,<br \/>\nDu kleines Lamm im kleinen Tal!<br \/>\nIch sa\u00df bei dir zehntausendmal,<br \/>\nDu kleines Lamm im kleinen Tal.<br \/>\nBei F\u00fcrsten hab&#8216; ich oft gesessen,<br \/>\nSeit mir der Wolf mein Alles stahl;<br \/>\nDoch werd&#8216; ich nimmer dich vergessen,<br \/>\nDu kleines Lamm im kleinen Tal!<\/p>\n<p><strong>(11) Das Lieben<\/strong><br \/>\nLieben, Lieben, wie so sch\u00f6n!<br \/>\nO wann lieb&#8216; ich einmal wieder?<br \/>\nAch! Im Taumel sie zu sehen,<br \/>\nLieben, Lieben, wie so sch\u00f6n!<br \/>\nLaub und Bl\u00fcte, Zephyrs Wehn,<br \/>\nNachtigall und M\u00e4dchenlieder,<br \/>\nAlles war noch eins so sch\u00f6n.<br \/>\nO wann lieb ich einmal wieder?<\/p>\n<p><strong>(12) Genuss der Gegenwart<\/strong><br \/>\nRosen bl\u00fchn noch heute fr\u00fch;<br \/>\nAuf, o Freund, und pfl\u00fccke sie!<br \/>\nOb in diesen Huldgestalten<br \/>\nRosen bl\u00fchn noch morgen fr\u00fch,<br \/>\nWissen wir&#8217;s? Das Wann und Wie<br \/>\nHat ein Gott sich vorbehalten.<br \/>\nRosen bl\u00fchn noch heute fr\u00fch;<br \/>\nAuf, o Freund, und pfl\u00fccke sie!<\/p>\n<p><strong>(13) Man liebt nur einmal<\/strong><br \/>\nEinmal, einmal liebt man nur;<br \/>\nZweimal lieben ist vergebens.<br \/>\nEinmal, einmal liebt man nur:<br \/>\nAber dann &#8211; Triumph des Lebens!<br \/>\nAch! Ein Himmel, voll des Gebens,<br \/>\nVoll des Nehmens folgt dem Schwur!<br \/>\nEinmal, einmal liebt man nur;<br \/>\nZweimal lieben ist vergebens!<\/p>\n<p><strong>(14) Ver\u00e4nderung<\/strong><br \/>\nMorgens sah und liebt&#8216; ich sie;<br \/>\nAbends war sie schon vergessen.<br \/>\n\u201eEwigkeiten lieb&#8216; ich die!\u201c<br \/>\nSagt&#8216; ich abends noch vermessen,<br \/>\nAls mit Eins den Busen sie<br \/>\nTrug zur Schau, als sollt&#8216; ich messen.<br \/>\nMorgens sah und liebt&#8216; ich sie;<br \/>\nAbends war sie schon vergessen.<\/p>\n<p><strong>(15) Wie schwer lieben sei<\/strong><br \/>\nO wie schwer, wie schwer ist Lieben,<br \/>\nEh&#8216; Genuss die Posse schlie\u00dft!<br \/>\nWelch ein Schmachten, welch Betr\u00fcben!<br \/>\nO wie schwer, wie schwer ist Lieben,<br \/>\nWenn ein Briefchen ausgeblieben,<br \/>\nOder Liebchen k\u00e4lter gr\u00fc\u00dft!<br \/>\nO wie schwer, wie schwer ist Lieben,<br \/>\nEh&#8216; Genuss die Posse schlie\u00dft!<\/p>\n<p><strong>(16) Das kleine M\u00e4dchen<\/strong><br \/>\nAuf Rosen geh&#8216; ich meinen Pfad,<br \/>\nSeit ich das kleine M\u00e4dchen liebe.<br \/>\nIch, der so lang&#8216; auf Dornen trat,<br \/>\nAuf Rosen geh&#8216; ich meinen Pfad.<br \/>\nDer allerkleiste meiner Triebe<br \/>\nBefl\u00fcgelt sich zu sch\u00f6ner Tat.<br \/>\nAuf Rosen geh&#8216; ich meinen Pfad,<br \/>\nSeit ich das kleine M\u00e4dchen liebe.<\/p>\n<p><strong>(17) An Tiedge<\/strong><br \/>\nNein, nein, ich bleibe, was ich bin,<br \/>\nUnd mag nicht reicher werden!<br \/>\nNein, nein, ich bleibe, was ich bin!<br \/>\nMein Schatz, gerechnet her und hin &#8211;<br \/>\nKein gr\u00f6\u00df&#8217;rer ist auf Erden.<br \/>\nMein kleines Weib, die Zauberin,<br \/>\nMein Volk auf Steckenpferden,<br \/>\nMein Gleim,mein Tiedge sind darin.<br \/>\nNein, nein, ich bleibe, wer ich bin,<br \/>\nUnd mag nicht reicher werden!<\/p>\n<p><strong>(18) Herbsterinnerung<\/strong><br \/>\nWenn das Laub im Todeswirbel kreist,<br \/>\nDenk ich oft an durchgelittne Stunden.<br \/>\nWenn das Laub im Todeswirbel kreist,<br \/>\nDenk&#8216; ich oft: Auch du w\u00e4rst hingeschwunden,<br \/>\nDu mein Leib, auch du vielleicht, mein Geist,<br \/>\nH\u00e4tte nicht ein Gott mich wert gefunden,<br \/>\nNoch einmal f\u00fcr alles zu gefunden.,<br \/>\nWas mich Vater, mich Geliebter hei\u00dft.<br \/>\nWenn das Laub im Todeswirbel kreist,<br \/>\nDenk&#8216; ich oft an durchgelitt&#8217;ne Stunden!<\/p>\n<p><strong>(19) An das Jahr 1793<\/strong><br \/>\nNun lebe wohl, das hingetrautes Jahr;<br \/>\nDein werd&#8216; ich oft, doch nie mit Ruhm erw\u00e4hnen!<br \/>\nNun lebe wohl, du hingetrau&#8217;rtes Jahr,<br \/>\nMit allem Seufzen, H\u00e4nderingen, G\u00e4hnen,<br \/>\nMit allen lauten, dir geweihten Tr\u00e4nen,<br \/>\nMit aller Fehd&#8216;, oft um ein Ziegenjahr!<br \/>\nNun lebe wohl, du hingetrau&#8217;rtes Jahr,<br \/>\nDein werd&#8216; ich oft, doch nie mit Ruhm erw\u00e4hnen!<\/p>\n<p><strong>(20) Das Triolett<\/strong><br \/>\n<em>An Elisa von der Recke<\/em><br \/>\n<em>Piano<\/em><br \/>\nEin Triolett verlangt Elise.<br \/>\nJa leider! St\u00e4nd&#8216; es doch schon hier!<br \/>\nEin Triolett verlangt Elise.<br \/>\nIch Armer, ich verzweifle schier!<br \/>\nHilft aus des Himmels Paradiese<br \/>\nKein Engel holder Weisheit mir,<br \/>\nKein Triolett verlangt Elise!<br \/>\n<em>Presto<\/em><br \/>\nTriumph, Triumph! Es steht schon hier.<\/p>\n<p><strong>(21) Raps, der Triolettenmacher<\/strong><br \/>\nEr macht sein Triolett<br \/>\nNach Winkelma\u00df und Schnur,<br \/>\nUnd von acht Zeilen nur.<br \/>\nEr macht sein Triolett,<br \/>\nSagt Bav, entz\u00fcckend nett.<br \/>\nIch aber sage nur:<br \/>\nEr macht sein Triolett<br \/>\nNach Winkelma\u00df und Schnur.<\/p>\n<p><strong>(22) Die Hirtin<\/strong><br \/>\nHerd&#8216; und Herz zugleich zu h\u00fcten,<br \/>\nIst der Hirtin viel zu schwer.<br \/>\nMeint ihr, dass ein Spiel es w\u00e4r&#8216;,<br \/>\nHerd&#8216; und Herz zugleich zu h\u00fcten,<br \/>\nWenn die Hirten all&#8216; umher<br \/>\nUnd die W\u00f6lfe Krieg ihr bieten? &#8211;<br \/>\nHerd&#8216; und Herz zugleich zu h\u00fcten,<br \/>\nIst der Hirtin viel zu schwer.<\/p>\n<p><strong>(23) Friedenstraktaten des Trinkers. 1814.<\/strong><br \/>\nDu lieblicher Champanger-Wein,<br \/>\nBraus&#8216; immerhin der Nation, der gro\u00dfen!<br \/>\nSie lohne, lernt sie menschlich sein,<br \/>\nDer liebliche Champanger-Wein;<br \/>\nWenn mir mein Landsmann bleibt am Rhein,<br \/>\nAuf Freundes Wohl in Freiheit anzusto\u00dfen:<br \/>\nDann, lieblicher Champanger-Wein,<br \/>\nBraus&#8216; immerhin der Nation, der gro\u00dfen!<\/p>\n<p><strong>(24) Luise<\/strong><br \/>\n<em>Triolett f\u00fcr den 26. September 1818<\/em><br \/>\nEin L, ein U, ein I, ein S, ein E, zusammen<br \/>\nSind meines Lebens sch\u00f6nste Harmonie.<br \/>\nWas Sch\u00f6neres h\u00f6rt ich zeitlebens nie.<br \/>\nEin L, ein U, ein I, ein S, ein E, zusammen,<br \/>\nSie setzten eins des J\u00fcnglings Herz in lichte Flammen,<br \/>\nUnd huldigend preis&#8216; ich noch heute sie!<br \/>\nEin L, ein U, ein I, ein S, ein E, zusammen<br \/>\nSind meines Lebens sch\u00f6nste Melodie!<\/p>\n<p><strong>(25) An Johannes Abel<\/strong><br \/>\nDu reiches Herz, das ich in meinem Herzen trage!<br \/>\nNoch lang&#8216; obsiege jedem Sturm des Lebens,<br \/>\nKaum achtend all&#8216; des d\u00fcstern Parzenwebens!<br \/>\nDein, reiches Herz, das ich in meinem Herzen trage,<br \/>\nGedenk&#8216; ich heut&#8216; an deinem Hekatombentage,<br \/>\nUnd Becher klingt zu Lyra nicht vergebens!<br \/>\nDu aber, Herz, das ich in meinem Herzen trage,<br \/>\nNoch lang&#8216; obsiege jedem Sturm des Lebens!<\/p>\n<p><strong>(26) Fr\u00fchlingsanfang<\/strong><br \/>\n<em>An Friedrich Lautsch<\/em><br \/>\nDer Fr\u00fchling ist kommen, der Fr\u00fchling, o Fritz!<br \/>\nWeg wirf mir die schweren Gep\u00e4cke des Lebens;<br \/>\nDie wachenden Tr\u00e4ume des eitlen Bestrebens!<br \/>\nDer Fr\u00fchling ist kommen, der Fr\u00fchling, o Fritz!<br \/>\nNatur, ihm verb\u00fcndet, voll br\u00e4utlichen Lebens,<br \/>\nDer Himmel voll Bl\u00e4ue, die Erde voll Gebens.<br \/>\nDer Fr\u00fchling ist kommen, der Fr\u00fchling, o Fritz!<br \/>\nWeg wirf mir die schweren Gep\u00e4cke des Lebens!<\/p>\n","protected":false},"excerpt":{"rendered":"<p>(1) Schmerz der Liebe Es ist kein Spa\u00df, ein h\u00fcbsches Kind zu meinen; Ich hab&#8217;s erfahren, glaubt es mir! Ich musste hoffen, f\u00fcrchten, weinen; Es ist kein Spa\u00df, ein h\u00fcbsches Kind zu meinen! Und doch verschont der Pfeil der Liebe keinen; Zu lieben sind wir alle hier. Es ist kein Spa\u00df, ein h\u00fcbsches Kind zu&#8230; <a class=\"more-link\" href=\"https:\/\/verserzaehler.wababbel.de\/?page_id=9265\">Read More <span class=\"screen-reader-text\"> in Klamer Schmidt<\/span><\/a><\/p>\n","protected":false},"author":15,"featured_media":0,"parent":9226,"menu_order":0,"comment_status":"closed","ping_status":"closed","template":"","meta":{"footnotes":""},"class_list":["post-9265","page","type-page","status-publish","hentry"],"_links":{"self":[{"href":"https:\/\/verserzaehler.wababbel.de\/index.php?rest_route=\/wp\/v2\/pages\/9265","targetHints":{"allow":["GET"]}}],"collection":[{"href":"https:\/\/verserzaehler.wababbel.de\/index.php?rest_route=\/wp\/v2\/pages"}],"about":[{"href":"https:\/\/verserzaehler.wababbel.de\/index.php?rest_route=\/wp\/v2\/types\/page"}],"author":[{"embeddable":true,"href":"https:\/\/verserzaehler.wababbel.de\/index.php?rest_route=\/wp\/v2\/users\/15"}],"replies":[{"embeddable":true,"href":"https:\/\/verserzaehler.wababbel.de\/index.php?rest_route=%2Fwp%2Fv2%2Fcomments&post=9265"}],"version-history":[{"count":1,"href":"https:\/\/verserzaehler.wababbel.de\/index.php?rest_route=\/wp\/v2\/pages\/9265\/revisions"}],"predecessor-version":[{"id":9266,"href":"https:\/\/verserzaehler.wababbel.de\/index.php?rest_route=\/wp\/v2\/pages\/9265\/revisions\/9266"}],"up":[{"embeddable":true,"href":"https:\/\/verserzaehler.wababbel.de\/index.php?rest_route=\/wp\/v2\/pages\/9226"}],"wp:attachment":[{"href":"https:\/\/verserzaehler.wababbel.de\/index.php?rest_route=%2Fwp%2Fv2%2Fmedia&parent=9265"}],"curies":[{"name":"wp","href":"https:\/\/api.w.org\/{rel}","templated":true}]}}