{"id":9288,"date":"2019-07-24T00:37:22","date_gmt":"2019-07-23T23:37:22","guid":{"rendered":"http:\/\/www.wababbel.de\/ferdi\/?page_id=9288"},"modified":"2019-07-24T00:37:42","modified_gmt":"2019-07-23T23:37:42","slug":"adelbert-von-chamisso","status":"publish","type":"page","link":"https:\/\/verserzaehler.wababbel.de\/?page_id=9288","title":{"rendered":"Adelbert von Chamisso"},"content":{"rendered":"<p><strong>K\u00fcssen will ich, ich will k\u00fcssen<\/strong><\/p>\n<p><strong>(1)<\/strong> Freund, noch einen Kuss mir gib,<br \/>\nEinen Kuss von deinem Munde,<br \/>\nAch! ich habe dich so lieb!<br \/>\nFreund, noch einen Kuss mir gib.<br \/>\nWerden m\u00f6cht ich sonst zum Dieb,<br \/>\nW\u00e4rst du karg in dieser Stunde;<br \/>\nFreund, noch einen Kuss mir gib,<br \/>\nEinen Kuss von deinem Munde.<\/p>\n<p><strong>(2)<\/strong> K\u00fcssen ist ein s\u00fc\u00dfes Spiel,<br \/>\nMeinst du nicht, mein s\u00fc\u00dfes Leben?<br \/>\nNimmer ward es noch zu viel,<br \/>\nK\u00fcssen ist ein s\u00fc\u00dfes Spiel.<br \/>\nK\u00fcsse, sonder Zahl und Ziel,<br \/>\nGeben, nehmen, wiedergeben,<br \/>\nK\u00fcssen ist ein s\u00fc\u00dfes Spiel,<br \/>\nMeinst du nicht, mein s\u00fc\u00dfes Leben?<\/p>\n<p><strong>(3)<\/strong> Gibst du einen Kuss mir nur,<br \/>\nTausend geb ich dir f\u00fcr einen.<br \/>\nAch wie schnelle l\u00e4uft die Uhr,<br \/>\nGibst du einen Kuss mir nur.<br \/>\nIch verlange keinen Schwur,<br \/>\nWenn es treu die Lippen meinen,<br \/>\nGibst du einen Kuss mir nur,<br \/>\nTausend geb ich dir f\u00fcr einen.<\/p>\n<p><strong>(4)<\/strong> Fl\u00fcchtig, eilig wie der Wind,<br \/>\nIst die Zeit, wann wir uns k\u00fcssen.<br \/>\nStunden, wo wir selig sind,<br \/>\nFl\u00fcchtig, eilig wie der Wind!<br \/>\nScheiden schon, ach so geschwind!<br \/>\nOh, wie werd ich weinen m\u00fcssen!<br \/>\nFl\u00fcchtig, eilig wie der Wind,<br \/>\nIst die Zeit, wann wir uns k\u00fcssen.<\/p>\n<p><strong>(5)<\/strong> Muss es denn geschieden sein,<br \/>\nNoch nur einen Kuss zum Scheiden!<br \/>\nScheiden, meiden, welche Pein!<br \/>\nMuss es denn geschieden sein?<br \/>\nLebe wohl, und denke mein,<br \/>\nMein in Freuden und in Leiden,<br \/>\nMuss es denn geschieden sein,<br \/>\nNoch nur einen Kuss zum Scheiden!<\/p>\n<p><strong>(6) F\u00fcr den Boten der Mittwochsgesellschaft<\/strong><br \/>\n<em>zum Neujahr 1830<\/em><br \/>\nIn dem n\u00e4chsten neuen Jahr<br \/>\nM\u00f6g&#8216; es gute Verse geben,<br \/>\nSei das Geld auch nicht so rar<br \/>\nIn dem n\u00e4chsten neuen Jahr.<br \/>\nGeld ist unpoetisch zwar,<br \/>\nDoch ich muss von Prosa leben.<br \/>\nIn dem n\u00e4chsten neuen Jahr<br \/>\nM\u00f6g&#8216; es gute Verse geben.<\/p>\n","protected":false},"excerpt":{"rendered":"<p>K\u00fcssen will ich, ich will k\u00fcssen (1) Freund, noch einen Kuss mir gib, Einen Kuss von deinem Munde, Ach! ich habe dich so lieb! Freund, noch einen Kuss mir gib. Werden m\u00f6cht ich sonst zum Dieb, W\u00e4rst du karg in dieser Stunde; Freund, noch einen Kuss mir gib, Einen Kuss von deinem Munde. (2) K\u00fcssen&#8230; <a class=\"more-link\" href=\"https:\/\/verserzaehler.wababbel.de\/?page_id=9288\">Read More <span class=\"screen-reader-text\"> in Adelbert von Chamisso<\/span><\/a><\/p>\n","protected":false},"author":15,"featured_media":0,"parent":9226,"menu_order":0,"comment_status":"closed","ping_status":"closed","template":"","meta":{"footnotes":""},"class_list":["post-9288","page","type-page","status-publish","hentry"],"_links":{"self":[{"href":"https:\/\/verserzaehler.wababbel.de\/index.php?rest_route=\/wp\/v2\/pages\/9288","targetHints":{"allow":["GET"]}}],"collection":[{"href":"https:\/\/verserzaehler.wababbel.de\/index.php?rest_route=\/wp\/v2\/pages"}],"about":[{"href":"https:\/\/verserzaehler.wababbel.de\/index.php?rest_route=\/wp\/v2\/types\/page"}],"author":[{"embeddable":true,"href":"https:\/\/verserzaehler.wababbel.de\/index.php?rest_route=\/wp\/v2\/users\/15"}],"replies":[{"embeddable":true,"href":"https:\/\/verserzaehler.wababbel.de\/index.php?rest_route=%2Fwp%2Fv2%2Fcomments&post=9288"}],"version-history":[{"count":1,"href":"https:\/\/verserzaehler.wababbel.de\/index.php?rest_route=\/wp\/v2\/pages\/9288\/revisions"}],"predecessor-version":[{"id":9289,"href":"https:\/\/verserzaehler.wababbel.de\/index.php?rest_route=\/wp\/v2\/pages\/9288\/revisions\/9289"}],"up":[{"embeddable":true,"href":"https:\/\/verserzaehler.wababbel.de\/index.php?rest_route=\/wp\/v2\/pages\/9226"}],"wp:attachment":[{"href":"https:\/\/verserzaehler.wababbel.de\/index.php?rest_route=%2Fwp%2Fv2%2Fmedia&parent=9288"}],"curies":[{"name":"wp","href":"https:\/\/api.w.org\/{rel}","templated":true}]}}