{"id":9305,"date":"2019-08-04T22:52:12","date_gmt":"2019-08-04T21:52:12","guid":{"rendered":"http:\/\/www.wababbel.de\/ferdi\/?page_id=9305"},"modified":"2019-08-04T22:52:30","modified_gmt":"2019-08-04T21:52:30","slug":"friedrich-halm","status":"publish","type":"page","link":"https:\/\/verserzaehler.wababbel.de\/?page_id=9305","title":{"rendered":"Friedrich Halm"},"content":{"rendered":"<p><strong>An das Triolett<\/strong><\/p>\n<p><strong>(1)<\/strong> Vergessnes und verklungnes Triolett,<br \/>Verschm\u00e4ht dich t\u00f6richt auch die Menge,<br \/>Wie lieblich spielten deine Kl\u00e4nge,<br \/>Vergessnes und verklungnes Triolett!<br \/>Erwach&#8216; denn wieder, nicht verdr\u00e4nge<br \/>Ghasel dich mehr, Terzine und Sonett,<br \/>Vergessnes und verklungnes Triolett!<br \/>Verschm\u00e4ht dich t\u00f6richt auch die Menge!<\/p>\n<p><strong>(2)<\/strong> Dein Reim, der immer wiederkehrt,<br \/>Nur Toren d\u00fcnkt er Klangverschwendung!<br \/>Wie reizt nicht neu mit jeder neuen Wendung<br \/>Dein Reim, der immer wiederkehrt!<br \/>Ist Klingen doch dein Amt und deine Sendung,<br \/>Und wenn mit Wohllaut dich verkl\u00e4rt<br \/>Dein Reim, der immer wiederkehrt,<br \/>Nur Toren d\u00fcnkt er Klangverschwendung.<\/p>\n<p><strong>(3)<\/strong> Wo t\u00f6nt dein Lied so weich, so lind,<br \/>Als deine Kl\u00e4nge uns umflie\u00dfen?<br \/>Um Liebesgl\u00fcck in Worte zu ergie\u00dfen,<br \/>Wo t\u00f6nt ein Lied so weich, so lind?<br \/>Und will die m\u00fcden Augen schlie\u00dfen<br \/>Die Mutter dem geliebten Kind,<br \/>Wo t\u00f6nt ein Lied so weich, so lind,<br \/>Als deine Kl\u00e4nge uns umflie\u00dfen?<\/p>\n<p><strong>(4)<\/strong> Du t\u00f6nst und rauschest wie ein Bach,<br \/>Der friedlich hinflie\u00dft unter wilden Rosen;<br \/>Klang folgt dem Klang in schmeichelndem Liebkosen,<br \/>Du t\u00f6nst und rauschest wie ein Bach!<br \/>Lass andre Lieder wie den Bergstrom tosen,<br \/>Wenn seiner D\u00e4mme Haft er brach,<br \/>Du t\u00f6nst und rauschest wie ein Bach,<br \/>Der friedlich hinflie\u00dft unter wilden Rosen!<\/p>\n<p><strong>(5) Kleine Freuden<\/strong><br \/>O Herz, wie willst du gl\u00fccklich sein,<br \/>Wenn kleine Freuden dich nicht r\u00fchren!<br \/>Meinst du, dass gro\u00dfe dir geb\u00fchren,<br \/>O Herz, wie willst du gl\u00fccklich sein?<br \/>Ein gastlich Haus mit offnen T\u00fcren,<br \/>Was da herank\u00f6mmt, wink&#8216; herein;<br \/>O Herz, wie willst du gl\u00fccklich sein,<br \/>Wenn kleine Freuden dich nicht r\u00fchren!<\/p>\n<p><strong>Schlummerlied<\/strong><\/p>\n<p><strong>(6)<\/strong> Schlaf ein, mein s\u00fc\u00dfes Kind, schlaf ein,<br \/>Du spielst und sch\u00e4kerst morgen wieder;<br \/>Der Nachthauch weht schon durch den Flieder,<br \/>Schlaf ein, mein s\u00fc\u00dfes Kind, schlaf ein!<br \/>Neugierig schon vom Himmel nieder<br \/>Guckt Sternelein an Sternelein;<br \/>Schlaf ein, mein s\u00fc\u00dfes Kind, schlaf ein,<br \/>Du spielst und sch\u00e4kerst morgen wieder!<\/p>\n<p><strong>(7)<\/strong> Geschwind, mach deine \u00c4uglein zu,<br \/>Die schelmischen, die hellen, klaren,<br \/>Die leuchtend hin und wiederfahren,<br \/>Geschwind, mach deine \u00c4uglein zu!<br \/>Lass nicht die Sternlein sie gewahren,<br \/>Du h\u00e4ttest Tag und Nacht nicht Ruh,<br \/>Geschwind, mach deine \u00c4uglein zu,<br \/>Die schelmischen, die hellen, klaren!<\/p>\n<p><strong>(8)<\/strong> Die Sternlein w\u00e4ren gleich dabei,<br \/>Und sagten, h\u00e4ttest sie gestohlen,<br \/>Ja, lie\u00dfen den Gendarmen holen,<br \/>Die Sternlein w\u00e4ren gleich dabei!<br \/>Die schw\u00f6ren dir bei beiden Polen,<br \/>Es w\u00e4ren von den ihren zwei;<br \/>Die Sternlein w\u00e4ren gleich dabei,<br \/>Und sagten, h\u00e4ttest sie gestohlen!<\/p>\n<p><strong>(9)<\/strong> Drum schnell die \u00c4uglein zugemacht,<br \/>Dass nich die Sternlein sie entdecken,<br \/>Bis morgens selbst sie sich verstecken;<br \/>Drum schnell die \u00c4uglein zugemacht!<br \/>Wenn morgens dich die V\u00f6glein wecken,<br \/>Dann ist Gefahr vorbei und Nacht;<br \/>Drum schnell die \u00c4uglein zugemacht,<br \/>Dass dich die Sternlein nicht entdecken!<\/p>\n<p><strong>Tr\u00f6stung<\/strong><\/p>\n<p><strong>(10)<\/strong> So ganz verlassen ist kein Herz,<br \/>Dass eine Freunde ihm nicht bl\u00fchte,<br \/>Ein Stern der Hoffnung ihm nicht gl\u00fchte:<br \/>So ganz verlassen ist kein Herz!<br \/>Drum wie in dir Verzweiflung br\u00fcte,<br \/>Ermanne dich; im tiefsten Schmerz<br \/>So ganz verlassen ist kein Herz,<br \/>Dass eine Freude ihm nicht bl\u00fchte!<\/p>\n<p><strong>(11)<\/strong> W\u00e4r&#8217;s auch das Bl\u00fcmlein nur am Rain.<br \/>Nach dem dein Blick sich tr\u00e4umend wendet;<br \/>Wer wei\u00df, was Gott zum Trost dir sendet,<br \/>W\u00e4r&#8217;s auch das Bl\u00fcmlein nur am Rain!<br \/>Was deinem Schmerz Zerstreuung spendet,<br \/>Ist Tr\u00f6stung, w\u00e4r&#8217;s auch noch so klein,<br \/>W\u00e4r&#8217;s auch das Bl\u00fcmlein nur am Rain,<br \/>Nach den dein Blick sich tr\u00e4umend wendet!<\/p>\n<p><strong>(12)<\/strong> Zwei Schwingen f\u00fchrt ja stets die Zeit,<br \/>Sie nimmt mit einer, gibt mit einer;<br \/>Ist heute dein Besitz auch kleiner,<br \/>Zwei Schwingen f\u00fchrt ja stets die Zeit,<br \/>Und kein Geschick ist allgemeiner,<br \/>Als dass uns Gl\u00fcck entsprie\u00dft aus Leid;<br \/>Zwei Schwingen f\u00fchrt ja stets die Zeit,<br \/>Sie nimmt mit einer, gibt mit einer!<\/p>\n\n\n<p><\/p>\n","protected":false},"excerpt":{"rendered":"<p>An das Triolett (1) Vergessnes und verklungnes Triolett,Verschm\u00e4ht dich t\u00f6richt auch die Menge,Wie lieblich spielten deine Kl\u00e4nge,Vergessnes und verklungnes Triolett!Erwach&#8216; denn wieder, nicht verdr\u00e4ngeGhasel dich mehr, Terzine und Sonett,Vergessnes und verklungnes Triolett!Verschm\u00e4ht dich t\u00f6richt auch die Menge! (2) Dein Reim, der immer wiederkehrt,Nur Toren d\u00fcnkt er Klangverschwendung!Wie reizt nicht neu mit jeder neuen WendungDein Reim,&#8230; <a class=\"more-link\" href=\"https:\/\/verserzaehler.wababbel.de\/?page_id=9305\">Read More <span class=\"screen-reader-text\"> in Friedrich Halm<\/span><\/a><\/p>\n","protected":false},"author":15,"featured_media":0,"parent":9226,"menu_order":0,"comment_status":"closed","ping_status":"closed","template":"","meta":{"footnotes":""},"class_list":["post-9305","page","type-page","status-publish","hentry"],"_links":{"self":[{"href":"https:\/\/verserzaehler.wababbel.de\/index.php?rest_route=\/wp\/v2\/pages\/9305","targetHints":{"allow":["GET"]}}],"collection":[{"href":"https:\/\/verserzaehler.wababbel.de\/index.php?rest_route=\/wp\/v2\/pages"}],"about":[{"href":"https:\/\/verserzaehler.wababbel.de\/index.php?rest_route=\/wp\/v2\/types\/page"}],"author":[{"embeddable":true,"href":"https:\/\/verserzaehler.wababbel.de\/index.php?rest_route=\/wp\/v2\/users\/15"}],"replies":[{"embeddable":true,"href":"https:\/\/verserzaehler.wababbel.de\/index.php?rest_route=%2Fwp%2Fv2%2Fcomments&post=9305"}],"version-history":[{"count":1,"href":"https:\/\/verserzaehler.wababbel.de\/index.php?rest_route=\/wp\/v2\/pages\/9305\/revisions"}],"predecessor-version":[{"id":9306,"href":"https:\/\/verserzaehler.wababbel.de\/index.php?rest_route=\/wp\/v2\/pages\/9305\/revisions\/9306"}],"up":[{"embeddable":true,"href":"https:\/\/verserzaehler.wababbel.de\/index.php?rest_route=\/wp\/v2\/pages\/9226"}],"wp:attachment":[{"href":"https:\/\/verserzaehler.wababbel.de\/index.php?rest_route=%2Fwp%2Fv2%2Fmedia&parent=9305"}],"curies":[{"name":"wp","href":"https:\/\/api.w.org\/{rel}","templated":true}]}}