{"id":9312,"date":"2019-08-06T05:20:57","date_gmt":"2019-08-06T04:20:57","guid":{"rendered":"http:\/\/www.wababbel.de\/ferdi\/?page_id=9312"},"modified":"2019-08-06T05:21:21","modified_gmt":"2019-08-06T04:21:21","slug":"ludwig-giesebrecht","status":"publish","type":"page","link":"https:\/\/verserzaehler.wababbel.de\/?page_id=9312","title":{"rendered":"Ludwig Giesebrecht"},"content":{"rendered":"<p><strong>(1)<\/strong> Ob auch die ersten Veilchen nicht,<br \/>\nDie Fr\u00fchling aufgeschlossen,<br \/>\nDoch die dein Freund dir heute bricht,<br \/>\nOb auch die ersten Veilchen nicht,<br \/>\nSei dir mit ihnen Fr\u00fchlingslicht<br \/>\nIns bange Herz ergossen,<br \/>\nOb auch die ersten Veilchen nicht,<br \/>\nDie Fr\u00fchling aufgeschlossen.<\/p>\n<p><strong>(2)<\/strong> Schiffe fahren \u00fcber Meer,<br \/>\nJedes kommt an seine Stelle;<br \/>\nMeine Seele wird mir schwer,<br \/>\nSchiffe fahren \u00fcber Meer,<br \/>\nKommt f\u00fcr mich denn keines her?<br \/>\nTr\u00e4gt mich keine Wasserwelle?<br \/>\nSchiffe fahren \u00fcber mehr,<br \/>\nJedes kommt an seine Stelle.<\/p>\n<p><strong>(3)<\/strong> Und ob die Neigung schnell vergl\u00fcht,<br \/>\nSoll sie mich schnell erfreuen.<br \/>\nOb schnell der Rose Kelch verbl\u00fcht,<br \/>\nUnd ob die Neigung schnell vergl\u00fcht,<br \/>\nUnd schnell das Abendrot vergl\u00fcht,<br \/>\nSoll mich des Sch\u00f6nen reuen?<br \/>\nUnd ob die Neigung schnell vergl\u00fcht,<br \/>\nSoll sie mich schnell erfreuen.<\/p>\n<p><strong>(4)<\/strong> Ein Triolett ist leicht gemacht,<br \/>\nWenn man das Echo nur bemerkt.<br \/>\nDa kommt es! Gibt ein wenig Acht!<br \/>\nEin Triolett ist leicht gemacht;<br \/>\nEs schweigt, und eh du dich bedacht,<br \/>\nSchallt es noch einmal und verst\u00e4rkt:<br \/>\nEin Triolett ist leicht gemacht,<br \/>\nWenn man das Echo nur bemerkt.<\/p>\n<p><strong>(5)<\/strong> <em>Triolett der Sch\u00fclerin *<\/em><br \/>\nEin Triolett ist schwer gemacht,<br \/>\nWenn man das Dichten nicht versteht.<br \/>\nIch habe hin und her gedacht,<br \/>\nEin Triolett ist schwer gemacht:<br \/>\nWas hilft mein Sinnen Tag und Nacht?<br \/>\nDenk ich: Gefunden! Ist&#8217;s verweht.<br \/>\nEin Triolett ist schwer gemacht,<br \/>\nWenn man das Dichten nicht versteht.<\/p>\n<p>* Charlotte Wellmann<\/p>\n","protected":false},"excerpt":{"rendered":"<p>(1) Ob auch die ersten Veilchen nicht, Die Fr\u00fchling aufgeschlossen, Doch die dein Freund dir heute bricht, Ob auch die ersten Veilchen nicht, Sei dir mit ihnen Fr\u00fchlingslicht Ins bange Herz ergossen, Ob auch die ersten Veilchen nicht, Die Fr\u00fchling aufgeschlossen. (2) Schiffe fahren \u00fcber Meer, Jedes kommt an seine Stelle; Meine Seele wird mir&#8230; <a class=\"more-link\" href=\"https:\/\/verserzaehler.wababbel.de\/?page_id=9312\">Read More <span class=\"screen-reader-text\"> in Ludwig Giesebrecht<\/span><\/a><\/p>\n","protected":false},"author":15,"featured_media":0,"parent":9226,"menu_order":0,"comment_status":"closed","ping_status":"closed","template":"","meta":{"footnotes":""},"class_list":["post-9312","page","type-page","status-publish","hentry"],"_links":{"self":[{"href":"https:\/\/verserzaehler.wababbel.de\/index.php?rest_route=\/wp\/v2\/pages\/9312","targetHints":{"allow":["GET"]}}],"collection":[{"href":"https:\/\/verserzaehler.wababbel.de\/index.php?rest_route=\/wp\/v2\/pages"}],"about":[{"href":"https:\/\/verserzaehler.wababbel.de\/index.php?rest_route=\/wp\/v2\/types\/page"}],"author":[{"embeddable":true,"href":"https:\/\/verserzaehler.wababbel.de\/index.php?rest_route=\/wp\/v2\/users\/15"}],"replies":[{"embeddable":true,"href":"https:\/\/verserzaehler.wababbel.de\/index.php?rest_route=%2Fwp%2Fv2%2Fcomments&post=9312"}],"version-history":[{"count":1,"href":"https:\/\/verserzaehler.wababbel.de\/index.php?rest_route=\/wp\/v2\/pages\/9312\/revisions"}],"predecessor-version":[{"id":9313,"href":"https:\/\/verserzaehler.wababbel.de\/index.php?rest_route=\/wp\/v2\/pages\/9312\/revisions\/9313"}],"up":[{"embeddable":true,"href":"https:\/\/verserzaehler.wababbel.de\/index.php?rest_route=\/wp\/v2\/pages\/9226"}],"wp:attachment":[{"href":"https:\/\/verserzaehler.wababbel.de\/index.php?rest_route=%2Fwp%2Fv2%2Fmedia&parent=9312"}],"curies":[{"name":"wp","href":"https:\/\/api.w.org\/{rel}","templated":true}]}}