{"id":9330,"date":"2019-08-12T22:22:16","date_gmt":"2019-08-12T21:22:16","guid":{"rendered":"http:\/\/www.wababbel.de\/ferdi\/?page_id=9330"},"modified":"2019-08-12T22:22:34","modified_gmt":"2019-08-12T21:22:34","slug":"nikolaus-goetz","status":"publish","type":"page","link":"https:\/\/verserzaehler.wababbel.de\/?page_id=9330","title":{"rendered":"Nikolaus G\u00f6tz"},"content":{"rendered":"<p><strong>(1) Auf den Tod einer b\u00f6sen Schuldnerin,<\/strong><br \/>\n<strong>die nicht hinterlie\u00df<\/strong><br \/>\nIhr Gl\u00e4ubiger der Frau von Bohn,<br \/>\nGeduldet euch doch nur!<br \/>\nEuch zahlt gewiss die Frau von Bohn<br \/>\nDie Schulden, wie sie schwur.<br \/>\nSie zahlete ja heute schon<br \/>\nDie schwerste der Natur.<br \/>\nIhr Gl\u00e4ubiger der Frau von Bohn,<br \/>\nGeduldet euch doch nur!<\/p>\n<p><strong>(2) Das Triolett<\/strong><br \/>\nEin gutes Triolett zu machen<br \/>\nGeh\u00f6rt nicht zu den leichten Sachen &#8211;<br \/>\nVergebens bildet der sich ein,<br \/>\nEin gutes Triolett zu machen,<br \/>\nDen nicht die Pierinnen weihn.<br \/>\nEin feiner Satyr muss uns lachen,<br \/>\nUnd Amor selbst Gehilfe sein,<br \/>\nEin gutes Triolett zu machen.<\/p>\n","protected":false},"excerpt":{"rendered":"<p>(1) Auf den Tod einer b\u00f6sen Schuldnerin, die nicht hinterlie\u00df Ihr Gl\u00e4ubiger der Frau von Bohn, Geduldet euch doch nur! Euch zahlt gewiss die Frau von Bohn Die Schulden, wie sie schwur. Sie zahlete ja heute schon Die schwerste der Natur. Ihr Gl\u00e4ubiger der Frau von Bohn, Geduldet euch doch nur! (2) Das Triolett Ein&#8230; <a class=\"more-link\" href=\"https:\/\/verserzaehler.wababbel.de\/?page_id=9330\">Read More <span class=\"screen-reader-text\"> in Nikolaus G\u00f6tz<\/span><\/a><\/p>\n","protected":false},"author":15,"featured_media":0,"parent":9226,"menu_order":0,"comment_status":"closed","ping_status":"closed","template":"","meta":{"footnotes":""},"class_list":["post-9330","page","type-page","status-publish","hentry"],"_links":{"self":[{"href":"https:\/\/verserzaehler.wababbel.de\/index.php?rest_route=\/wp\/v2\/pages\/9330","targetHints":{"allow":["GET"]}}],"collection":[{"href":"https:\/\/verserzaehler.wababbel.de\/index.php?rest_route=\/wp\/v2\/pages"}],"about":[{"href":"https:\/\/verserzaehler.wababbel.de\/index.php?rest_route=\/wp\/v2\/types\/page"}],"author":[{"embeddable":true,"href":"https:\/\/verserzaehler.wababbel.de\/index.php?rest_route=\/wp\/v2\/users\/15"}],"replies":[{"embeddable":true,"href":"https:\/\/verserzaehler.wababbel.de\/index.php?rest_route=%2Fwp%2Fv2%2Fcomments&post=9330"}],"version-history":[{"count":1,"href":"https:\/\/verserzaehler.wababbel.de\/index.php?rest_route=\/wp\/v2\/pages\/9330\/revisions"}],"predecessor-version":[{"id":9331,"href":"https:\/\/verserzaehler.wababbel.de\/index.php?rest_route=\/wp\/v2\/pages\/9330\/revisions\/9331"}],"up":[{"embeddable":true,"href":"https:\/\/verserzaehler.wababbel.de\/index.php?rest_route=\/wp\/v2\/pages\/9226"}],"wp:attachment":[{"href":"https:\/\/verserzaehler.wababbel.de\/index.php?rest_route=%2Fwp%2Fv2%2Fmedia&parent=9330"}],"curies":[{"name":"wp","href":"https:\/\/api.w.org\/{rel}","templated":true}]}}