{"id":9334,"date":"2019-08-12T22:31:53","date_gmt":"2019-08-12T21:31:53","guid":{"rendered":"http:\/\/www.wababbel.de\/ferdi\/?page_id=9334"},"modified":"2019-08-12T22:32:12","modified_gmt":"2019-08-12T21:32:12","slug":"ludwig-gleim","status":"publish","type":"page","link":"https:\/\/verserzaehler.wababbel.de\/?page_id=9334","title":{"rendered":"Ludwig Gleim"},"content":{"rendered":"<p><strong>(1) Am ersten Mai<\/strong><br \/>\nHeut wollen wir beisammen sein,<br \/>\nMein M\u00e4dchen, ich, und meine Nachtigallen,<br \/>\nIm Ahornw\u00e4ldchen ganz allein!<br \/>\nHeut wollen wir beisammen sein;<br \/>\nTief in den Ahornwald hinein<br \/>\nSoll meine Fl\u00f6te heut erschallen!<br \/>\nHeut wollen wir beisammen sein,<br \/>\nMein M\u00e4dchen, ich, und meine Nachtigallen.<\/p>\n<p><strong>(2) Das Triolett<\/strong><br \/>\nEin Triolett soll ich ihr singen?<br \/>\nEin Triolett ist viel zu klein,<br \/>\nIhr gro\u00dfes Lob hineinzubringen!<br \/>\nEin Triolett soll ich ihr singen?<br \/>\nWie sollt&#8216; ich mit der Kleinheit ringen,<br \/>\nEs m\u00fcsst&#8216; ein gro\u00dfer Hymnus sein!<br \/>\nEin Triolett soll ich ihr singen?<br \/>\nEin Triolett ist viel zu klein.<\/p>\n<p><strong>(3)<\/strong> Gebt mir Blumen, gebt mir Kr\u00e4nze,<br \/>\nBin ich gleich ein alter Mann!<br \/>\nBin ich freudig aller T\u00e4nze!<br \/>\nGebt mir Blumen, gebt mir Kr\u00e4nze,<br \/>\nDass ich alle Freudent\u00e4nze<br \/>\nMit den Musen tanzen kann!<br \/>\nGebt mir Blumen, gebt mir Kr\u00e4nze,<br \/>\nBin ich gleich ein alter Mann!<\/p>\n","protected":false},"excerpt":{"rendered":"<p>(1) Am ersten Mai Heut wollen wir beisammen sein, Mein M\u00e4dchen, ich, und meine Nachtigallen, Im Ahornw\u00e4ldchen ganz allein! Heut wollen wir beisammen sein; Tief in den Ahornwald hinein Soll meine Fl\u00f6te heut erschallen! Heut wollen wir beisammen sein, Mein M\u00e4dchen, ich, und meine Nachtigallen. (2) Das Triolett Ein Triolett soll ich ihr singen? Ein&#8230; <a class=\"more-link\" href=\"https:\/\/verserzaehler.wababbel.de\/?page_id=9334\">Read More <span class=\"screen-reader-text\"> in Ludwig Gleim<\/span><\/a><\/p>\n","protected":false},"author":15,"featured_media":0,"parent":9226,"menu_order":0,"comment_status":"closed","ping_status":"closed","template":"","meta":{"footnotes":""},"class_list":["post-9334","page","type-page","status-publish","hentry"],"_links":{"self":[{"href":"https:\/\/verserzaehler.wababbel.de\/index.php?rest_route=\/wp\/v2\/pages\/9334","targetHints":{"allow":["GET"]}}],"collection":[{"href":"https:\/\/verserzaehler.wababbel.de\/index.php?rest_route=\/wp\/v2\/pages"}],"about":[{"href":"https:\/\/verserzaehler.wababbel.de\/index.php?rest_route=\/wp\/v2\/types\/page"}],"author":[{"embeddable":true,"href":"https:\/\/verserzaehler.wababbel.de\/index.php?rest_route=\/wp\/v2\/users\/15"}],"replies":[{"embeddable":true,"href":"https:\/\/verserzaehler.wababbel.de\/index.php?rest_route=%2Fwp%2Fv2%2Fcomments&post=9334"}],"version-history":[{"count":1,"href":"https:\/\/verserzaehler.wababbel.de\/index.php?rest_route=\/wp\/v2\/pages\/9334\/revisions"}],"predecessor-version":[{"id":9335,"href":"https:\/\/verserzaehler.wababbel.de\/index.php?rest_route=\/wp\/v2\/pages\/9334\/revisions\/9335"}],"up":[{"embeddable":true,"href":"https:\/\/verserzaehler.wababbel.de\/index.php?rest_route=\/wp\/v2\/pages\/9226"}],"wp:attachment":[{"href":"https:\/\/verserzaehler.wababbel.de\/index.php?rest_route=%2Fwp%2Fv2%2Fmedia&parent=9334"}],"curies":[{"name":"wp","href":"https:\/\/api.w.org\/{rel}","templated":true}]}}