{"id":9341,"date":"2019-08-14T00:30:17","date_gmt":"2019-08-13T23:30:17","guid":{"rendered":"http:\/\/www.wababbel.de\/ferdi\/?page_id=9341"},"modified":"2019-08-14T00:30:36","modified_gmt":"2019-08-13T23:30:36","slug":"friedrich-rueckert","status":"publish","type":"page","link":"https:\/\/verserzaehler.wababbel.de\/?page_id=9341","title":{"rendered":"Friedrich R\u00fcckert"},"content":{"rendered":"<p><strong>(1)<\/strong> Einen Kreuzer g\u00e4b ich hin,<br \/>\nK\u00f6nnt ich in dein Herz dir sehen!<br \/>\nAber w\u00e4r es nun geschehen,<br \/>\nUnd ich s\u00e4h nichts Gutes drin,<br \/>\nG\u00e4b ich hundert Kreuzer hin,<br \/>\nH\u00e4tt ich lieber nichts gesehen:<br \/>\nDarum dir ins Herz zu sehen,<br \/>\nG\u00e4b ich keinen Kreuzer hin.<\/p>\n","protected":false},"excerpt":{"rendered":"<p>(1) Einen Kreuzer g\u00e4b ich hin, K\u00f6nnt ich in dein Herz dir sehen! Aber w\u00e4r es nun geschehen, Und ich s\u00e4h nichts Gutes drin, G\u00e4b ich hundert Kreuzer hin, H\u00e4tt ich lieber nichts gesehen: Darum dir ins Herz zu sehen, G\u00e4b ich keinen Kreuzer hin.<\/p>\n","protected":false},"author":15,"featured_media":0,"parent":9226,"menu_order":0,"comment_status":"closed","ping_status":"closed","template":"","meta":{"footnotes":""},"class_list":["post-9341","page","type-page","status-publish","hentry"],"_links":{"self":[{"href":"https:\/\/verserzaehler.wababbel.de\/index.php?rest_route=\/wp\/v2\/pages\/9341","targetHints":{"allow":["GET"]}}],"collection":[{"href":"https:\/\/verserzaehler.wababbel.de\/index.php?rest_route=\/wp\/v2\/pages"}],"about":[{"href":"https:\/\/verserzaehler.wababbel.de\/index.php?rest_route=\/wp\/v2\/types\/page"}],"author":[{"embeddable":true,"href":"https:\/\/verserzaehler.wababbel.de\/index.php?rest_route=\/wp\/v2\/users\/15"}],"replies":[{"embeddable":true,"href":"https:\/\/verserzaehler.wababbel.de\/index.php?rest_route=%2Fwp%2Fv2%2Fcomments&post=9341"}],"version-history":[{"count":1,"href":"https:\/\/verserzaehler.wababbel.de\/index.php?rest_route=\/wp\/v2\/pages\/9341\/revisions"}],"predecessor-version":[{"id":9342,"href":"https:\/\/verserzaehler.wababbel.de\/index.php?rest_route=\/wp\/v2\/pages\/9341\/revisions\/9342"}],"up":[{"embeddable":true,"href":"https:\/\/verserzaehler.wababbel.de\/index.php?rest_route=\/wp\/v2\/pages\/9226"}],"wp:attachment":[{"href":"https:\/\/verserzaehler.wababbel.de\/index.php?rest_route=%2Fwp%2Fv2%2Fmedia&parent=9341"}],"curies":[{"name":"wp","href":"https:\/\/api.w.org\/{rel}","templated":true}]}}