{"id":9343,"date":"2019-08-14T00:34:07","date_gmt":"2019-08-13T23:34:07","guid":{"rendered":"http:\/\/www.wababbel.de\/ferdi\/?page_id=9343"},"modified":"2019-08-14T00:34:23","modified_gmt":"2019-08-13T23:34:23","slug":"nikolaus-oesterlein","status":"publish","type":"page","link":"https:\/\/verserzaehler.wababbel.de\/?page_id=9343","title":{"rendered":"Nikolaus Oesterlein"},"content":{"rendered":"<p><strong>(1)<\/strong> Wendest du den klaren Blick von mir:<br \/>\nWird es Nacht auf allen meinen Wegen!<br \/>\nNein, nicht gibt es Licht, noch Luft, noch Segen,<br \/>\nWendest du den klaren Blick von mir!<br \/>\nUnd so seh&#8216; ich gl\u00fchend auf zu dir:<br \/>\nLass, o lass zur Liebe dich bewegen!<br \/>\nWendest du den klaren Blick von mir:<br \/>\nWird es Nacht auf allen meinen Wegen!<\/p>\n<p><strong>(2)<\/strong> Liebe soll der Blick verk\u00fcnden,<br \/>\nWenn die Lippe schweigen muss!<br \/>\nLieb&#8216; verlangt nicht Druck, nicht Kuss,<br \/>\nLiebe soll der Blick verk\u00fcnden!<br \/>\nUnd so muss der Zweifel schwinden<br \/>\nNach des Auges leisem Gru\u00df:<br \/>\nLiebe soll der Blick verk\u00fcnden,<br \/>\nWenn die Lippe schweigen muss.<\/p>\n<p><strong>(3)<\/strong> K\u00fcsse mich und gebe dich zufrieden;<br \/>\nK\u00fcssen ist der S\u00fcnde gr\u00f6\u00dfte nicht!<br \/>\nFrage nicht erst, was die Menge spricht:<br \/>\nK\u00fcsse mich und gebe dich zufrieden.<br \/>\nDem Natur so holden Mund beschieden,<br \/>\nZwang den Kuss sie auf zu hoher Pflicht.<br \/>\nK\u00fcsse mich und gebe dich zufrieden,<br \/>\nK\u00fcssen ist der S\u00fcnde gr\u00f6\u00dfte nicht.<\/p>\n<p><strong>(4)<\/strong> Weh! Kein Zeichen deiner Huld<br \/>\nKann ich Armer mir erflehen!<br \/>\nMag in Sehnsucht ich vergehen:<br \/>\nWeh! kein Zeichen deiner Huld!<br \/>\nUnd so b\u00fc\u00df&#8216; ich schwer die Schuld,<br \/>\nDass ich dir ins Aug&#8216; gesehen.<br \/>\nWeh! Kein Zeichen deiner Huld<br \/>\nKann ich Armer mir erflehen.<\/p>\n","protected":false},"excerpt":{"rendered":"<p>(1) Wendest du den klaren Blick von mir: Wird es Nacht auf allen meinen Wegen! Nein, nicht gibt es Licht, noch Luft, noch Segen, Wendest du den klaren Blick von mir! Und so seh&#8216; ich gl\u00fchend auf zu dir: Lass, o lass zur Liebe dich bewegen! Wendest du den klaren Blick von mir: Wird es&#8230; <a class=\"more-link\" href=\"https:\/\/verserzaehler.wababbel.de\/?page_id=9343\">Read More <span class=\"screen-reader-text\"> in Nikolaus Oesterlein<\/span><\/a><\/p>\n","protected":false},"author":15,"featured_media":0,"parent":9226,"menu_order":0,"comment_status":"closed","ping_status":"closed","template":"","meta":{"footnotes":""},"class_list":["post-9343","page","type-page","status-publish","hentry"],"_links":{"self":[{"href":"https:\/\/verserzaehler.wababbel.de\/index.php?rest_route=\/wp\/v2\/pages\/9343","targetHints":{"allow":["GET"]}}],"collection":[{"href":"https:\/\/verserzaehler.wababbel.de\/index.php?rest_route=\/wp\/v2\/pages"}],"about":[{"href":"https:\/\/verserzaehler.wababbel.de\/index.php?rest_route=\/wp\/v2\/types\/page"}],"author":[{"embeddable":true,"href":"https:\/\/verserzaehler.wababbel.de\/index.php?rest_route=\/wp\/v2\/users\/15"}],"replies":[{"embeddable":true,"href":"https:\/\/verserzaehler.wababbel.de\/index.php?rest_route=%2Fwp%2Fv2%2Fcomments&post=9343"}],"version-history":[{"count":1,"href":"https:\/\/verserzaehler.wababbel.de\/index.php?rest_route=\/wp\/v2\/pages\/9343\/revisions"}],"predecessor-version":[{"id":9344,"href":"https:\/\/verserzaehler.wababbel.de\/index.php?rest_route=\/wp\/v2\/pages\/9343\/revisions\/9344"}],"up":[{"embeddable":true,"href":"https:\/\/verserzaehler.wababbel.de\/index.php?rest_route=\/wp\/v2\/pages\/9226"}],"wp:attachment":[{"href":"https:\/\/verserzaehler.wababbel.de\/index.php?rest_route=%2Fwp%2Fv2%2Fmedia&parent=9343"}],"curies":[{"name":"wp","href":"https:\/\/api.w.org\/{rel}","templated":true}]}}